{"id":285288,"date":"2025-08-07T00:36:16","date_gmt":"2025-08-06T22:36:16","guid":{"rendered":"https:\/\/www.huntersfriend.eu\/product\/svart-tjara-av-boktra-6-flaskor\/"},"modified":"2025-08-26T07:54:59","modified_gmt":"2025-08-26T05:54:59","slug":"svart-tjara-av-boktra-6-flaskor","status":"publish","type":"product","link":"https:\/\/www.huntersfriend.eu\/sv\/produkt\/svart-tjara-av-boktra-6-flaskor\/","title":{"rendered":"Svart tj\u00e4ra av boktr\u00e4, 6 flaskor"},"content":{"rendered":"<p data-start=\"0\" data-end=\"27\"><strong data-start=\"0\" data-end=\"27\">BlackFire tj\u00e4ra 6 \u00d7 0,5 l<\/strong><\/p>\n<p data-start=\"29\" data-end=\"392\">BlackFire Tj\u00e4ra \u00e4r en favorit bland j\u00e4gare n\u00e4r m\u00e5let \u00e4r att locka vildsvin till en utfodringsplats. Denna naturprodukt \u00e4r tillverkad av 100 % ren boktj\u00e4ra och har en stark, l\u00e5ngvarig doft som p\u00e5 ett tillf\u00f6rlitligt s\u00e4tt drar vildsvin tillbaka till tj\u00e4rstolpar g\u00e5ng p\u00e5 g\u00e5ng. Sexpacken med 0,5-litersflaskor s\u00e4kerst\u00e4ller att du har gott om effektivt, p\u00e5litligt lockmedel f\u00f6r hela s\u00e4songen.  <\/p>\n<hr data-start=\"394\" data-end=\"397\">\n<p data-start=\"399\" data-end=\"415\"><strong data-start=\"399\" data-end=\"415\">Viktiga funktioner<\/strong><\/p>\n<ul data-start=\"416\" data-end=\"656\">\n<li data-start=\"416\" data-end=\"446\">\n<p data-start=\"418\" data-end=\"446\">100 % naturlig boktj\u00e4ra<\/p>\n<\/li>\n<li data-start=\"447\" data-end=\"490\">\n<p data-start=\"449\" data-end=\"490\">Extremt stark och l\u00e5ngvarig doft<\/p>\n<\/li>\n<li data-start=\"491\" data-end=\"550\">\n<p data-start=\"493\" data-end=\"550\">Rinnig konsistens \u2013 fungerar \u00e4ven i minusgrader<\/p>\n<\/li>\n<li data-start=\"551\" data-end=\"582\">\n<p data-start=\"553\" data-end=\"582\">L\u00e4mplig f\u00f6r anv\u00e4ndning \u00e5ret runt<\/p>\n<\/li>\n<li data-start=\"583\" data-end=\"626\">\n<p data-start=\"585\" data-end=\"626\">Utvecklad i samarbete med j\u00e4gare<\/p>\n<\/li>\n<li data-start=\"627\" data-end=\"656\">\n<p data-start=\"629\" data-end=\"656\">Praktisk 6 \u00d7 0,5 L-f\u00f6rpackning<\/p>\n<\/li>\n<\/ul>\n<hr data-start=\"658\" data-end=\"661\">\n<p data-start=\"663\" data-end=\"1197\"><strong data-start=\"663\" data-end=\"685\">Anv\u00e4ndning och f\u00f6rdelar<\/strong><br data-start=\"685\" data-end=\"688\">BlackFire Tj\u00e4ra f\u00f6rblir anv\u00e4ndbar i alla v\u00e4derf\u00f6rh\u00e5llanden tack vare sin flytande konsistens, som rinner \u00e4ven i kyla. Dess doft b\u00e4r l\u00e5ngt genom skogen och lockar vildsvin fr\u00e5n l\u00e5nga avst\u00e5nd. Applicera helt enkelt tj\u00e4ran p\u00e5 tr\u00e4dstammar p\u00e5 cirka 20\u2013100 cm h\u00f6jd \u2013 perfekt f\u00f6r vildsvin att n\u00e5 och gnugga sig mot. Produkten f\u00f6rblir effektiv i veckor, vilket inneb\u00e4r att du inte beh\u00f6ver applicera den hela tiden. De kompakta 0,5 L-flaskorna \u00e4r l\u00e4tta att b\u00e4ra, och sexpacken h\u00e5ller dig v\u00e4lf\u00f6rsedd under en l\u00e4ngre tid.    <\/p>\n<hr data-start=\"1199\" data-end=\"1202\">\n<p data-start=\"1204\" data-end=\"1548\"><strong data-start=\"1204\" data-end=\"1232\">Varf\u00f6r v\u00e4lja BlackFire Tj\u00e4ra<\/strong><br data-start=\"1232\" data-end=\"1235\">Denna tj\u00e4ra \u00e4r tillverkad med j\u00e4gares praktiska behov i \u00e5tanke \u2013 inga l\u00f6sningsmedel, bara 100 % naturlig tj\u00e4ra som har testats i f\u00e4lt \u00f6ver hela Europa. Dess effektivitet ligger i dess f\u00f6rm\u00e5ga att inte bara locka vildsvin utan att f\u00e5 dem att \u00e5terv\u00e4nda upprepade g\u00e5nger. Den kan ocks\u00e5 anv\u00e4ndas f\u00f6r att locka mindre rovdjur och andra viltarter.  <\/p>\n<hr data-start=\"1550\" data-end=\"1553\">\n<p data-start=\"1555\" data-end=\"1583\"><strong data-start=\"1555\" data-end=\"1583\">Tekniska specifikationer<\/strong><\/p>\n<ul data-start=\"1584\" data-end=\"1774\">\n<li data-start=\"1584\" data-end=\"1623\">\n<p data-start=\"1586\" data-end=\"1623\"><strong data-start=\"1586\" data-end=\"1599\">Inneh\u00e5ll:<\/strong> 6 \u00d7 0,5 l (totalt 3 l)<\/p>\n<\/li>\n<li data-start=\"1624\" data-end=\"1663\">\n<p data-start=\"1626\" data-end=\"1663\"><strong data-start=\"1626\" data-end=\"1642\">Ingredienser:<\/strong> 100 % boktj\u00e4ra<\/p>\n<\/li>\n<li data-start=\"1664\" data-end=\"1708\">\n<p data-start=\"1666\" data-end=\"1708\"><strong data-start=\"1666\" data-end=\"1676\">F\u00e4rg:<\/strong> Svart, mycket flytande konsistens<\/p>\n<\/li>\n<li data-start=\"1709\" data-end=\"1754\">\n<p data-start=\"1711\" data-end=\"1754\"><strong data-start=\"1711\" data-end=\"1719\">Anv\u00e4ndning:<\/strong> Vildsvinslockmedel, \u00e5ret runt<\/p>\n<\/li>\n<li data-start=\"1755\" data-end=\"1774\">\n<p data-start=\"1757\" data-end=\"1774\"><strong data-start=\"1757\" data-end=\"1769\">Tillverkad i:<\/strong> EU<\/p>\n<\/li>\n<\/ul>\n<hr data-start=\"1776\" data-end=\"1779\">\n<p data-start=\"1781\" data-end=\"2135\" data-is-last-node=\"\" data-is-only-node=\"\"><strong data-start=\"1781\" data-end=\"1792\">Sammanfattning<\/strong><br data-start=\"1792\" data-end=\"1795\">BlackFire Tj\u00e4ra 6 \u00d7 0,5 L \u00e4r ett p\u00e5litligt och effektivt val f\u00f6r att locka vildsvin. Dess naturliga sammans\u00e4ttning, l\u00e5ngvariga effektivitet och anv\u00e4ndarv\u00e4nlighet har gjort den till en respekterad produkt bland b\u00e5de professionella och fritidsj\u00e4gare. Denna sexpack s\u00e4kerst\u00e4ller att du har tillr\u00e4ckligt med tj\u00e4ra f\u00f6r hela s\u00e4songen \u2013 enkelt, p\u00e5litligt och bevisat att fungera.  <\/p>\n","protected":false},"excerpt":{"rendered":"<p>BlackFire tj\u00e4ra 6 \u00d7 0,5 l BlackFire Tj\u00e4ra \u00e4r en favorit bland j\u00e4gare n\u00e4r m\u00e5let \u00e4r att locka vildsvin till en utfodringsplats. Denna naturprodukt \u00e4r tillverkad av 100 % ren boktj\u00e4ra och har en stark, l\u00e5ngvarig doft som p\u00e5 ett tillf\u00f6rlitligt s\u00e4tt drar vildsvin tillbaka till tj\u00e4rstolpar g\u00e5ng p\u00e5 g\u00e5ng. Sexpacken med 0,5-litersflaskor s\u00e4kerst\u00e4ller att [&#8230;]\n","protected":false},"featured_media":285096,"comment_status":"open","ping_status":"closed","template":"","meta":[],"product_brand":[],"product_cat":[2856],"product_tag":[],"class_list":{"0":"post-285288","1":"product","2":"type-product","3":"status-publish","4":"has-post-thumbnail","6":"product_cat-lockmedel-och-mineraler","7":"product_shipping_class-medium-sv","9":"first","10":"instock","11":"taxable","12":"shipping-taxable","13":"purchasable","14":"product-type-simple"},"composite_virtual":false,"composite_layout":"","composite_add_to_cart_form_location":"","composite_editable_in_cart":false,"composite_sold_individually_context":"","composite_shop_price_calc":"","composite_components":[],"composite_scenarios":[],"group_of_quantity":0,"min_quantity":0,"max_quantity":"","exclude_order_quantity_value_rules":"no","exclude_category_quantity_rules":"no","combine_variations":"no","exclude_global_add_ons":[],"addons":[],"_links":{"self":[{"href":"https:\/\/www.huntersfriend.eu\/sv\/wp-json\/wp\/v2\/product\/285288","targetHints":{"allow":["GET"]}}],"collection":[{"href":"https:\/\/www.huntersfriend.eu\/sv\/wp-json\/wp\/v2\/product"}],"about":[{"href":"https:\/\/www.huntersfriend.eu\/sv\/wp-json\/wp\/v2\/types\/product"}],"replies":[{"embeddable":true,"href":"https:\/\/www.huntersfriend.eu\/sv\/wp-json\/wp\/v2\/comments?post=285288"}],"wp:featuredmedia":[{"embeddable":true,"href":"https:\/\/www.huntersfriend.eu\/sv\/wp-json\/wp\/v2\/media\/285096"}],"wp:attachment":[{"href":"https:\/\/www.huntersfriend.eu\/sv\/wp-json\/wp\/v2\/media?parent=285288"}],"wp:term":[{"taxonomy":"product_brand","embeddable":true,"href":"https:\/\/www.huntersfriend.eu\/sv\/wp-json\/wp\/v2\/product_brand?post=285288"},{"taxonomy":"product_cat","embeddable":true,"href":"https:\/\/www.huntersfriend.eu\/sv\/wp-json\/wp\/v2\/product_cat?post=285288"},{"taxonomy":"product_tag","embeddable":true,"href":"https:\/\/www.huntersfriend.eu\/sv\/wp-json\/wp\/v2\/product_tag?post=285288"}],"curies":[{"name":"wp","href":"https:\/\/api.w.org\/{rel}","templated":true}]}}