{"id":285287,"date":"2025-08-06T00:38:15","date_gmt":"2025-08-05T22:38:15","guid":{"rendered":"https:\/\/www.huntersfriend.eu\/product\/mtm-ac15-ammunitionslada\/"},"modified":"2025-08-26T07:54:59","modified_gmt":"2025-08-26T05:54:59","slug":"mtm-ac15-ammunitionslada","status":"publish","type":"product","link":"https:\/\/www.huntersfriend.eu\/sv\/produkt\/mtm-ac15-ammunitionslada\/","title":{"rendered":"MTM AC15 ammunitionsl\u00e5da"},"content":{"rendered":"<p>MTM AC15 \u00e4r en praktisk, vattenavvisande ammunitionsl\u00e5da tillverkad av robust polypropen. Locket har ett sn\u00e4ppf\u00e4ste med \u00f6ppningar f\u00f6r ett eller tv\u00e5 h\u00e4ngl\u00e5s (ing\u00e5r ej) f\u00f6r s\u00e4ker transport. Handtaget f\u00e4lls ner f\u00f6r bekv\u00e4mlighet. Maxlast 6 kg. Stapelbar. M\u00e5tt cirka 21 x 11 x 17 cm. Vikt cirka 275 g. Levereras utan inneh\u00e5ll.       <\/p>\n","protected":false},"excerpt":{"rendered":"<p>MTM AC15 \u00e4r en praktisk, vattenavvisande ammunitionsl\u00e5da tillverkad av robust polypropen. Locket har ett sn\u00e4ppf\u00e4ste med \u00f6ppningar f\u00f6r ett eller tv\u00e5 h\u00e4ngl\u00e5s (ing\u00e5r ej) f\u00f6r s\u00e4ker transport. Handtaget f\u00e4lls ner f\u00f6r bekv\u00e4mlighet. Maxlast 6 kg. Stapelbar. M\u00e5tt cirka 21 x 11 x 17 cm. Vikt cirka 275 g. Levereras utan inneh\u00e5ll.<\/p>\n","protected":false},"featured_media":284685,"comment_status":"open","ping_status":"closed","template":"","meta":[],"product_brand":[],"product_cat":[2627],"product_tag":[],"class_list":{"0":"post-285287","1":"product","2":"type-product","3":"status-publish","4":"has-post-thumbnail","6":"product_cat-verktygslador","8":"first","9":"instock","10":"taxable","11":"shipping-taxable","12":"purchasable","13":"product-type-simple"},"composite_virtual":false,"composite_layout":"","composite_add_to_cart_form_location":"","composite_editable_in_cart":false,"composite_sold_individually_context":"","composite_shop_price_calc":"","composite_components":[],"composite_scenarios":[],"group_of_quantity":0,"min_quantity":0,"max_quantity":"","exclude_order_quantity_value_rules":"no","exclude_category_quantity_rules":"no","combine_variations":"no","exclude_global_add_ons":[],"addons":[],"_links":{"self":[{"href":"https:\/\/www.huntersfriend.eu\/sv\/wp-json\/wp\/v2\/product\/285287","targetHints":{"allow":["GET"]}}],"collection":[{"href":"https:\/\/www.huntersfriend.eu\/sv\/wp-json\/wp\/v2\/product"}],"about":[{"href":"https:\/\/www.huntersfriend.eu\/sv\/wp-json\/wp\/v2\/types\/product"}],"replies":[{"embeddable":true,"href":"https:\/\/www.huntersfriend.eu\/sv\/wp-json\/wp\/v2\/comments?post=285287"}],"wp:featuredmedia":[{"embeddable":true,"href":"https:\/\/www.huntersfriend.eu\/sv\/wp-json\/wp\/v2\/media\/284685"}],"wp:attachment":[{"href":"https:\/\/www.huntersfriend.eu\/sv\/wp-json\/wp\/v2\/media?parent=285287"}],"wp:term":[{"taxonomy":"product_brand","embeddable":true,"href":"https:\/\/www.huntersfriend.eu\/sv\/wp-json\/wp\/v2\/product_brand?post=285287"},{"taxonomy":"product_cat","embeddable":true,"href":"https:\/\/www.huntersfriend.eu\/sv\/wp-json\/wp\/v2\/product_cat?post=285287"},{"taxonomy":"product_tag","embeddable":true,"href":"https:\/\/www.huntersfriend.eu\/sv\/wp-json\/wp\/v2\/product_tag?post=285287"}],"curies":[{"name":"wp","href":"https:\/\/api.w.org\/{rel}","templated":true}]}}