{"id":285286,"date":"2025-08-07T00:36:16","date_gmt":"2025-08-06T22:36:16","guid":{"rendered":"https:\/\/www.huntersfriend.eu\/product\/black-fire-special-6-flaskor\/"},"modified":"2025-08-26T07:54:53","modified_gmt":"2025-08-26T05:54:53","slug":"black-fire-special-6-flaskor","status":"publish","type":"product","link":"https:\/\/www.huntersfriend.eu\/sv\/produkt\/black-fire-special-6-flaskor\/","title":{"rendered":"Black fire Special, 6 flaskor"},"content":{"rendered":"<p data-start=\"0\" data-end=\"31\"><strong data-start=\"0\" data-end=\"31\">BlackFire Special 6 \u00d7 500 g<\/strong><\/p>\n<p data-start=\"33\" data-end=\"438\">BlackFire Special \u00e4r ett extremt effektivt lockmedel, speciellt utformat f\u00f6r vildsvin, men ocks\u00e5 mycket effektivt p\u00e5 r\u00e5djur och andra hjortarter. Den kombinerar salt, filtrerad boktj\u00e4ra och den distinkta aromen av anis f\u00f6r att skapa en oemotst\u00e5ndlig doftblandning som f\u00e5r viltet att \u00e5terv\u00e4nda. Sexpacket med 500 g-flaskor s\u00e4kerst\u00e4ller att du \u00e4r v\u00e4lutrustad f\u00f6r alla situationer under hela jakts\u00e4songen.  <\/p>\n<hr data-start=\"440\" data-end=\"443\">\n<p data-start=\"445\" data-end=\"461\"><strong data-start=\"445\" data-end=\"461\">Viktiga funktioner<\/strong><\/p>\n<ul data-start=\"462\" data-end=\"801\">\n<li data-start=\"462\" data-end=\"547\">\n<p data-start=\"464\" data-end=\"547\">Innovativ formula: 90 % mineralsalt, 10 % filtrerad boktj\u00e4ra, f\u00f6rst\u00e4rkt med anis<\/p>\n<\/li>\n<li data-start=\"548\" data-end=\"600\">\n<p data-start=\"550\" data-end=\"600\">Extremt intensiv och oemotst\u00e5ndlig doftprofil<\/p>\n<\/li>\n<li data-start=\"601\" data-end=\"653\">\n<p data-start=\"603\" data-end=\"653\">100 % naturliga ingredienser \u2013 inga kemiska tillsatser<\/p>\n<\/li>\n<li data-start=\"654\" data-end=\"707\">\n<p data-start=\"656\" data-end=\"707\">Enkel och ren att applicera tack vare fliptop-flaskan<\/p>\n<\/li>\n<li data-start=\"708\" data-end=\"764\">\n<p data-start=\"710\" data-end=\"764\">Attraherar effektivt vildsvin, hjortar och annat vilt<\/p>\n<\/li>\n<li data-start=\"765\" data-end=\"801\">\n<p data-start=\"767\" data-end=\"801\">Praktiskt sexpack \u2013 totalt 3 kg<\/p>\n<\/li>\n<\/ul>\n<hr data-start=\"803\" data-end=\"806\">\n<p data-start=\"808\" data-end=\"1161\"><strong data-start=\"808\" data-end=\"830\">Anv\u00e4ndning och f\u00f6rdelar<\/strong><br data-start=\"830\" data-end=\"833\">BlackFire Special kan str\u00f6s direkt runt tr\u00e4dstammar, stubbar eller p\u00e5 marken d\u00e4r viltet naturligt st\u00f6ter p\u00e5 det. Det \u00e4r ocks\u00e5 idealiskt som en booster f\u00f6r befintliga \u00e5telplatser eller vilt\u00e5krar. Designad f\u00f6r anv\u00e4ndning \u00e5ret runt, aromen f\u00f6rblir potent \u00e4ven i regn eller kyla, vilket s\u00e4kerst\u00e4ller l\u00e5ngvarig attraktion oavsett f\u00f6rh\u00e5llanden.  <\/p>\n<hr data-start=\"1163\" data-end=\"1166\">\n<p data-start=\"1168\" data-end=\"1583\"><strong data-start=\"1168\" data-end=\"1200\">Varf\u00f6r v\u00e4lja BlackFire Special<\/strong><br data-start=\"1200\" data-end=\"1203\">Dess bevisade effektivitet ligger i dess naturliga ingredienser och kombinationen av salt f\u00f6r retention, tj\u00e4ra f\u00f6r l\u00e5ngvarig doft och anis f\u00f6r att f\u00f6rst\u00e4rka attraktionen \u2013 \u00e4ven vid nya \u00e5telplatser. Produkten \u00e4r brett testad \u00f6ver hela Europa och har f\u00e5tt positiva resultat fr\u00e5n b\u00e5de professionella och fritidsj\u00e4gare. Dess kladdfria flaskdesign g\u00f6r den enkel och praktisk att anv\u00e4nda i f\u00e4lt.  <\/p>\n<hr data-start=\"1585\" data-end=\"1588\">\n<p data-start=\"1590\" data-end=\"1618\"><strong data-start=\"1590\" data-end=\"1618\">Tekniska specifikationer<\/strong><\/p>\n<ul data-start=\"1619\" data-end=\"1856\">\n<li data-start=\"1619\" data-end=\"1659\">\n<p data-start=\"1621\" data-end=\"1659\"><strong data-start=\"1621\" data-end=\"1634\">Inneh\u00e5ll:<\/strong> 6 \u00d7 500 g (totalt 3 kg)<\/p>\n<\/li>\n<li data-start=\"1660\" data-end=\"1739\">\n<p data-start=\"1662\" data-end=\"1739\"><strong data-start=\"1662\" data-end=\"1678\">Ingredienser:<\/strong> 90 % mineralsalt, 10 % filtrerad boktj\u00e4ra, med tillsatt anis<\/p>\n<\/li>\n<li data-start=\"1740\" data-end=\"1785\">\n<p data-start=\"1742\" data-end=\"1785\"><strong data-start=\"1742\" data-end=\"1751\">Form:<\/strong> H\u00e4llbar fr\u00e5n en fliptop-flaska<\/p>\n<\/li>\n<li data-start=\"1786\" data-end=\"1836\">\n<p data-start=\"1788\" data-end=\"1836\"><strong data-start=\"1788\" data-end=\"1796\">Anv\u00e4ndning:<\/strong> Attrahera vildsvin och hjortarter<\/p>\n<\/li>\n<li data-start=\"1837\" data-end=\"1856\">\n<p data-start=\"1839\" data-end=\"1856\"><strong data-start=\"1839\" data-end=\"1851\">Tillverkad i:<\/strong> EU<\/p>\n<\/li>\n<\/ul>\n<hr data-start=\"1858\" data-end=\"1861\">\n<p data-start=\"1863\" data-end=\"2235\" data-is-last-node=\"\" data-is-only-node=\"\"><strong data-start=\"1863\" data-end=\"1874\">Sammanfattning<\/strong><br data-start=\"1874\" data-end=\"1877\">BlackFire Special 6 \u00d7 500 g \u00e4r ett kraftfullt, naturligt och anv\u00e4ndarv\u00e4nligt lockmedel som levererar konsekventa resultat. Dess starka, l\u00e5ngvariga doft och bepr\u00f6vade formula g\u00f6r det till ett toppval f\u00f6r j\u00e4gare som vill f\u00f6rb\u00e4ttra \u00e5telplatsens framg\u00e5ng under hela s\u00e4songen. P\u00e5litlig, effektiv och enkel att anv\u00e4nda \u2013 allt du beh\u00f6ver f\u00f6r smart och framg\u00e5ngsrik viltattraktion.  <\/p>\n","protected":false},"excerpt":{"rendered":"<p>BlackFire Special 6 \u00d7 500 g BlackFire Special \u00e4r ett extremt effektivt lockmedel, speciellt utformat f\u00f6r vildsvin, men ocks\u00e5 mycket effektivt p\u00e5 r\u00e5djur och andra hjortarter. Den kombinerar salt, filtrerad boktj\u00e4ra och den distinkta aromen av anis f\u00f6r att skapa en oemotst\u00e5ndlig doftblandning som f\u00e5r viltet att \u00e5terv\u00e4nda. Sexpacket med 500 g-flaskor s\u00e4kerst\u00e4ller att du [&#8230;]\n","protected":false},"featured_media":285116,"comment_status":"open","ping_status":"closed","template":"","meta":[],"product_brand":[],"product_cat":[2856],"product_tag":[],"class_list":{"0":"post-285286","1":"product","2":"type-product","3":"status-publish","4":"has-post-thumbnail","6":"product_cat-lockmedel-och-mineraler","7":"product_shipping_class-medium-sv","9":"first","10":"instock","11":"taxable","12":"shipping-taxable","13":"purchasable","14":"product-type-simple"},"composite_virtual":false,"composite_layout":"","composite_add_to_cart_form_location":"","composite_editable_in_cart":false,"composite_sold_individually_context":"","composite_shop_price_calc":"","composite_components":[],"composite_scenarios":[],"group_of_quantity":0,"min_quantity":0,"max_quantity":"","exclude_order_quantity_value_rules":"no","exclude_category_quantity_rules":"no","combine_variations":"no","exclude_global_add_ons":[],"addons":[],"_links":{"self":[{"href":"https:\/\/www.huntersfriend.eu\/sv\/wp-json\/wp\/v2\/product\/285286","targetHints":{"allow":["GET"]}}],"collection":[{"href":"https:\/\/www.huntersfriend.eu\/sv\/wp-json\/wp\/v2\/product"}],"about":[{"href":"https:\/\/www.huntersfriend.eu\/sv\/wp-json\/wp\/v2\/types\/product"}],"replies":[{"embeddable":true,"href":"https:\/\/www.huntersfriend.eu\/sv\/wp-json\/wp\/v2\/comments?post=285286"}],"wp:featuredmedia":[{"embeddable":true,"href":"https:\/\/www.huntersfriend.eu\/sv\/wp-json\/wp\/v2\/media\/285116"}],"wp:attachment":[{"href":"https:\/\/www.huntersfriend.eu\/sv\/wp-json\/wp\/v2\/media?parent=285286"}],"wp:term":[{"taxonomy":"product_brand","embeddable":true,"href":"https:\/\/www.huntersfriend.eu\/sv\/wp-json\/wp\/v2\/product_brand?post=285286"},{"taxonomy":"product_cat","embeddable":true,"href":"https:\/\/www.huntersfriend.eu\/sv\/wp-json\/wp\/v2\/product_cat?post=285286"},{"taxonomy":"product_tag","embeddable":true,"href":"https:\/\/www.huntersfriend.eu\/sv\/wp-json\/wp\/v2\/product_tag?post=285286"}],"curies":[{"name":"wp","href":"https:\/\/api.w.org\/{rel}","templated":true}]}}