{"id":285284,"date":"2025-08-07T09:30:45","date_gmt":"2025-08-07T07:30:45","guid":{"rendered":"https:\/\/www.huntersfriend.eu\/product\/black-fire-kastanj-6-flaskor\/"},"modified":"2025-08-26T07:54:43","modified_gmt":"2025-08-26T05:54:43","slug":"black-fire-kastanj-6-flaskor","status":"publish","type":"product","link":"https:\/\/www.huntersfriend.eu\/sv\/produkt\/black-fire-kastanj-6-flaskor\/","title":{"rendered":"Black fire kastanj, 6 flaskor"},"content":{"rendered":"<p data-start=\"0\" data-end=\"32\"><strong data-start=\"0\" data-end=\"32\">BlackFire Kastanj 6 \u00d7 500 g<\/strong><\/p>\n<p data-start=\"34\" data-end=\"375\">BlackFire Kastanj \u00e4r ett kraftfullt, s\u00f6tt och n\u00f6taktigt doftande lockmedel speciellt utformat f\u00f6r kl\u00f6vvilt och vildsvin. Dess arom \u00e4r mjukare och s\u00f6tare \u00e4n traditionella n\u00f6t dofter, vilket g\u00f6r den s\u00e4rskilt tilltalande f\u00f6r hjortdjur och vildsvin. Sexpacket med 500 g flaskor ger tillr\u00e4ckligt med produkt f\u00f6r att r\u00e4cka hela jakts\u00e4songen.  <\/p>\n<hr data-start=\"377\" data-end=\"380\">\n<p data-start=\"382\" data-end=\"398\"><strong data-start=\"382\" data-end=\"398\">Viktiga funktioner<\/strong><\/p>\n<ul data-start=\"399\" data-end=\"728\">\n<li data-start=\"399\" data-end=\"471\">\n<p data-start=\"401\" data-end=\"471\">S\u00f6t kastanjearom \u2013 starkare och mjukare \u00e4n vanliga n\u00f6t dofter<\/p>\n<\/li>\n<li data-start=\"472\" data-end=\"517\">\n<p data-start=\"474\" data-end=\"517\">Tillverkad av mineralsalt och kastanjearom<\/p>\n<\/li>\n<li data-start=\"518\" data-end=\"571\">\n<p data-start=\"520\" data-end=\"571\">Lockar vildsvin, r\u00e5djur, kronhjort och \u00e4lg<\/p>\n<\/li>\n<li data-start=\"572\" data-end=\"633\">\n<p data-start=\"574\" data-end=\"633\">Fungerar som ett frist\u00e5ende lockmedel eller blandat med spannm\u00e5l\/majs<\/p>\n<\/li>\n<li data-start=\"634\" data-end=\"681\">\n<p data-start=\"636\" data-end=\"681\">Kan anv\u00e4ndas \u00e5ret runt i alla v\u00e4derf\u00f6rh\u00e5llanden<\/p>\n<\/li>\n<li data-start=\"682\" data-end=\"728\">\n<p data-start=\"684\" data-end=\"728\">Praktiskt sexflaskorspaket \u2013 totalt 3 kg<\/p>\n<\/li>\n<\/ul>\n<hr data-start=\"730\" data-end=\"733\">\n<p data-start=\"735\" data-end=\"1179\"><strong data-start=\"735\" data-end=\"757\">Anv\u00e4ndning och f\u00f6rdelar<\/strong><br data-start=\"757\" data-end=\"760\">BlackFire Kastanj \u00e4r l\u00e4tt att applicera direkt p\u00e5 marken, i foder tr\u00e5g eller som en del av en foderblandning. Det fungerar ocks\u00e5 effektivt n\u00e4r det kombineras med spannm\u00e5l eller majs och sprids ut p\u00e5 betesplatser. Den tilltalande doften och mineralsaltet lockar in vilt och uppmuntrar dem att \u00e5terv\u00e4nda upprepade g\u00e5nger. I Finland har det visat sig vara s\u00e4rskilt effektivt f\u00f6r att locka r\u00e5djur, samtidigt som det lockar in vildsvin och andra hjortdjur.   <\/p>\n<hr data-start=\"1181\" data-end=\"1184\">\n<p data-start=\"1186\" data-end=\"1597\"><strong data-start=\"1186\" data-end=\"1219\">Varf\u00f6r v\u00e4lja BlackFire Kastanj<\/strong><br data-start=\"1219\" data-end=\"1222\">Den s\u00f6ta kastanjedoften \u00e4r mycket attraktiv f\u00f6r vilt, och i kombination med mineralsalt skapar den en oemotst\u00e5ndlig lockelse. Den \u00e4r l\u00e4tt att anv\u00e4nda och m\u00e5ngsidig \u2013 effektiv p\u00e5 egen hand eller som tillsats till andra foder. Sexflaskorspaketet s\u00e4kerst\u00e4ller att du har tillr\u00e4ckligt f\u00f6r hela jakts\u00e4songen, vilket g\u00f6r det till ett praktiskt och kraftfullt val f\u00f6r b\u00e5de proffs och hobbyister.  <\/p>\n<hr data-start=\"1599\" data-end=\"1602\">\n<p data-start=\"1604\" data-end=\"1632\"><strong data-start=\"1604\" data-end=\"1632\">Tekniska specifikationer<\/strong><\/p>\n<ul data-start=\"1633\" data-end=\"1866\">\n<li data-start=\"1633\" data-end=\"1673\">\n<p data-start=\"1635\" data-end=\"1673\"><strong data-start=\"1635\" data-end=\"1648\">Inneh\u00e5ll:<\/strong> 6 \u00d7 500 g (totalt 3 kg)<\/p>\n<\/li>\n<li data-start=\"1674\" data-end=\"1726\">\n<p data-start=\"1676\" data-end=\"1726\"><strong data-start=\"1676\" data-end=\"1692\">Ingredienser:<\/strong> Mineralsalt och kastanjearom<\/p>\n<\/li>\n<li data-start=\"1727\" data-end=\"1776\">\n<p data-start=\"1729\" data-end=\"1776\"><strong data-start=\"1729\" data-end=\"1739\">Doft:<\/strong> S\u00f6t, n\u00f6taktig, mjuk kastanjton<\/p>\n<\/li>\n<li data-start=\"1777\" data-end=\"1846\">\n<p data-start=\"1779\" data-end=\"1846\"><strong data-start=\"1779\" data-end=\"1787\">Anv\u00e4ndning:<\/strong> Viltlockmedel, \u00e5ret runt, frist\u00e5ende eller som fodertillsats<\/p>\n<\/li>\n<li data-start=\"1847\" data-end=\"1866\">\n<p data-start=\"1849\" data-end=\"1866\"><strong data-start=\"1849\" data-end=\"1861\">Tillverkad i:<\/strong> EU<\/p>\n<\/li>\n<\/ul>\n<hr data-start=\"1868\" data-end=\"1871\">\n<p data-start=\"1873\" data-end=\"2214\" data-is-last-node=\"\" data-is-only-node=\"\"><strong data-start=\"1873\" data-end=\"1884\">Sammanfattning<\/strong><br data-start=\"1884\" data-end=\"1887\">BlackFire Kastanj 6 \u00d7 500 g \u00e4r ett naturligt och effektivt lockmedel som erbjuder en stark men behaglig doft och ett praktiskt format f\u00f6r jakt. Det lockar olika vilt och bibeh\u00e5ller sin effektivitet i alla v\u00e4derf\u00f6rh\u00e5llanden. Ett perfekt val f\u00f6r att s\u00e4kerst\u00e4lla att din betesplats f\u00f6rblir aktiv och attraktiv under hela s\u00e4songen.  <\/p>\n","protected":false},"excerpt":{"rendered":"<p>BlackFire Kastanj 6 \u00d7 500 g BlackFire Kastanj \u00e4r ett kraftfullt, s\u00f6tt och n\u00f6taktigt doftande lockmedel speciellt utformat f\u00f6r kl\u00f6vvilt och vildsvin. Dess arom \u00e4r mjukare och s\u00f6tare \u00e4n traditionella n\u00f6t dofter, vilket g\u00f6r den s\u00e4rskilt tilltalande f\u00f6r hjortdjur och vildsvin. Sexpacket med 500 g flaskor ger tillr\u00e4ckligt med produkt f\u00f6r att r\u00e4cka hela jakts\u00e4songen. [&#8230;]\n","protected":false},"featured_media":285072,"comment_status":"open","ping_status":"closed","template":"","meta":[],"product_brand":[],"product_cat":[2856],"product_tag":[],"class_list":{"0":"post-285284","1":"product","2":"type-product","3":"status-publish","4":"has-post-thumbnail","6":"product_cat-lockmedel-och-mineraler","7":"product_shipping_class-medium-sv","9":"first","10":"instock","11":"taxable","12":"shipping-taxable","13":"purchasable","14":"product-type-simple"},"composite_virtual":false,"composite_layout":"","composite_add_to_cart_form_location":"","composite_editable_in_cart":false,"composite_sold_individually_context":"","composite_shop_price_calc":"","composite_components":[],"composite_scenarios":[],"group_of_quantity":0,"min_quantity":0,"max_quantity":"","exclude_order_quantity_value_rules":"no","exclude_category_quantity_rules":"no","combine_variations":"no","exclude_global_add_ons":[],"addons":[],"_links":{"self":[{"href":"https:\/\/www.huntersfriend.eu\/sv\/wp-json\/wp\/v2\/product\/285284","targetHints":{"allow":["GET"]}}],"collection":[{"href":"https:\/\/www.huntersfriend.eu\/sv\/wp-json\/wp\/v2\/product"}],"about":[{"href":"https:\/\/www.huntersfriend.eu\/sv\/wp-json\/wp\/v2\/types\/product"}],"replies":[{"embeddable":true,"href":"https:\/\/www.huntersfriend.eu\/sv\/wp-json\/wp\/v2\/comments?post=285284"}],"wp:featuredmedia":[{"embeddable":true,"href":"https:\/\/www.huntersfriend.eu\/sv\/wp-json\/wp\/v2\/media\/285072"}],"wp:attachment":[{"href":"https:\/\/www.huntersfriend.eu\/sv\/wp-json\/wp\/v2\/media?parent=285284"}],"wp:term":[{"taxonomy":"product_brand","embeddable":true,"href":"https:\/\/www.huntersfriend.eu\/sv\/wp-json\/wp\/v2\/product_brand?post=285284"},{"taxonomy":"product_cat","embeddable":true,"href":"https:\/\/www.huntersfriend.eu\/sv\/wp-json\/wp\/v2\/product_cat?post=285284"},{"taxonomy":"product_tag","embeddable":true,"href":"https:\/\/www.huntersfriend.eu\/sv\/wp-json\/wp\/v2\/product_tag?post=285284"}],"curies":[{"name":"wp","href":"https:\/\/api.w.org\/{rel}","templated":true}]}}