{"id":285282,"date":"2025-08-06T00:38:14","date_gmt":"2025-08-05T22:38:14","guid":{"rendered":"https:\/\/www.huntersfriend.eu\/product\/mtm-ac30t-ammunitionslada\/"},"modified":"2025-08-26T07:54:40","modified_gmt":"2025-08-26T05:54:40","slug":"mtm-ac30t-ammunitionslada","status":"publish","type":"product","link":"https:\/\/www.huntersfriend.eu\/sv\/produkt\/mtm-ac30t-ammunitionslada\/","title":{"rendered":"MTM AC30T ammunitionsl\u00e5da"},"content":{"rendered":"<p>MTM AC30T \u00e4r en medelstor ammunitionsl\u00e5da tillverkad av robust polypropen. Den \u00e4r utrustad med ett f\u00e4llbart lock som kan l\u00e5sas med h\u00e4ngl\u00e5s f\u00f6r att f\u00f6rhindra obeh\u00f6rig \u00e5tkomst (h\u00e4ngl\u00e5s ing\u00e5r ej). Handtaget f\u00e4lls ner vilket g\u00f6r den bekv\u00e4m att stapla. Maxlast 7,5 kg. Stapelbar. M\u00e5tt ca 34 x 13 x 19 cm. Vikt ca 410 g. Levereras utan inneh\u00e5ll.       <\/p>\n","protected":false},"excerpt":{"rendered":"<p>MTM AC30T \u00e4r en medelstor ammunitionsl\u00e5da tillverkad av robust polypropen. Den \u00e4r utrustad med ett f\u00e4llbart lock som kan l\u00e5sas med h\u00e4ngl\u00e5s f\u00f6r att f\u00f6rhindra obeh\u00f6rig \u00e5tkomst (h\u00e4ngl\u00e5s ing\u00e5r ej). Handtaget f\u00e4lls ner vilket g\u00f6r den bekv\u00e4m att stapla. Maxlast 7,5 kg. Stapelbar. M\u00e5tt ca 34 x 13 x 19 cm. Vikt ca 410 g. [&#8230;]\n","protected":false},"featured_media":284664,"comment_status":"open","ping_status":"closed","template":"","meta":[],"product_brand":[],"product_cat":[2627],"product_tag":[],"class_list":{"0":"post-285282","1":"product","2":"type-product","3":"status-publish","4":"has-post-thumbnail","6":"product_cat-verktygslador","8":"first","9":"instock","10":"taxable","11":"shipping-taxable","12":"purchasable","13":"product-type-simple"},"composite_virtual":false,"composite_layout":"","composite_add_to_cart_form_location":"","composite_editable_in_cart":false,"composite_sold_individually_context":"","composite_shop_price_calc":"","composite_components":[],"composite_scenarios":[],"group_of_quantity":0,"min_quantity":0,"max_quantity":"","exclude_order_quantity_value_rules":"no","exclude_category_quantity_rules":"no","combine_variations":"no","exclude_global_add_ons":[],"addons":[],"_links":{"self":[{"href":"https:\/\/www.huntersfriend.eu\/sv\/wp-json\/wp\/v2\/product\/285282","targetHints":{"allow":["GET"]}}],"collection":[{"href":"https:\/\/www.huntersfriend.eu\/sv\/wp-json\/wp\/v2\/product"}],"about":[{"href":"https:\/\/www.huntersfriend.eu\/sv\/wp-json\/wp\/v2\/types\/product"}],"replies":[{"embeddable":true,"href":"https:\/\/www.huntersfriend.eu\/sv\/wp-json\/wp\/v2\/comments?post=285282"}],"wp:featuredmedia":[{"embeddable":true,"href":"https:\/\/www.huntersfriend.eu\/sv\/wp-json\/wp\/v2\/media\/284664"}],"wp:attachment":[{"href":"https:\/\/www.huntersfriend.eu\/sv\/wp-json\/wp\/v2\/media?parent=285282"}],"wp:term":[{"taxonomy":"product_brand","embeddable":true,"href":"https:\/\/www.huntersfriend.eu\/sv\/wp-json\/wp\/v2\/product_brand?post=285282"},{"taxonomy":"product_cat","embeddable":true,"href":"https:\/\/www.huntersfriend.eu\/sv\/wp-json\/wp\/v2\/product_cat?post=285282"},{"taxonomy":"product_tag","embeddable":true,"href":"https:\/\/www.huntersfriend.eu\/sv\/wp-json\/wp\/v2\/product_tag?post=285282"}],"curies":[{"name":"wp","href":"https:\/\/api.w.org\/{rel}","templated":true}]}}