{"id":285280,"date":"2025-08-07T00:44:30","date_gmt":"2025-08-06T22:44:30","guid":{"rendered":"https:\/\/www.huntersfriend.eu\/product\/dex-fingerlight-fodral\/"},"modified":"2025-08-26T07:54:35","modified_gmt":"2025-08-26T05:54:35","slug":"dex-fingerlight-fodral","status":"publish","type":"product","link":"https:\/\/www.huntersfriend.eu\/sv\/produkt\/dex-fingerlight-fodral\/","title":{"rendered":"DEX FingerLight-fodral"},"content":{"rendered":"<p>Endast fodral. Fingerlight s\u00e4ljs separat eller i kombinationsf\u00f6rpackning. <\/p>\n<p>Med den justerbara DEXFLEX-ringen i one-size-fits-most och tre ljusl\u00e4gen ger DEX FingerLight handsfree-belysning f\u00f6r arbete och hobby.<\/p>\n<p>V\u00e4lkommen till framtiden f\u00f6r b\u00e4rbar belysning!<\/p>\n","protected":false},"excerpt":{"rendered":"<p>Endast fodral. Fingerlight s\u00e4ljs separat eller i kombinationsf\u00f6rpackning. Med den justerbara DEXFLEX-ringen i one-size-fits-most och tre ljusl\u00e4gen ger DEX FingerLight handsfree-belysning f\u00f6r arbete och hobby. V\u00e4lkommen till framtiden f\u00f6r b\u00e4rbar belysning!<\/p>\n","protected":false},"featured_media":284389,"comment_status":"open","ping_status":"closed","template":"","meta":[],"product_brand":[],"product_cat":[2567,2765,2568,2525,2563],"product_tag":[],"class_list":{"0":"post-285280","1":"product","2":"type-product","3":"status-publish","4":"has-post-thumbnail","6":"product_cat-campingtillbehor","7":"product_cat-fyndlada-slutrea","8":"product_cat-jakt-tillbehor","9":"product_cat-jaktlampor","10":"product_cat-tillbehor-for-jakt-torn-och-gomslen","12":"first","13":"instock","14":"sale","15":"taxable","16":"shipping-taxable","17":"purchasable","18":"product-type-simple"},"composite_virtual":false,"composite_layout":"","composite_add_to_cart_form_location":"","composite_editable_in_cart":false,"composite_sold_individually_context":"","composite_shop_price_calc":"","composite_components":[],"composite_scenarios":[],"group_of_quantity":0,"min_quantity":0,"max_quantity":"","exclude_order_quantity_value_rules":"no","exclude_category_quantity_rules":"no","combine_variations":"no","exclude_global_add_ons":[],"addons":[],"_links":{"self":[{"href":"https:\/\/www.huntersfriend.eu\/sv\/wp-json\/wp\/v2\/product\/285280","targetHints":{"allow":["GET"]}}],"collection":[{"href":"https:\/\/www.huntersfriend.eu\/sv\/wp-json\/wp\/v2\/product"}],"about":[{"href":"https:\/\/www.huntersfriend.eu\/sv\/wp-json\/wp\/v2\/types\/product"}],"replies":[{"embeddable":true,"href":"https:\/\/www.huntersfriend.eu\/sv\/wp-json\/wp\/v2\/comments?post=285280"}],"wp:featuredmedia":[{"embeddable":true,"href":"https:\/\/www.huntersfriend.eu\/sv\/wp-json\/wp\/v2\/media\/284389"}],"wp:attachment":[{"href":"https:\/\/www.huntersfriend.eu\/sv\/wp-json\/wp\/v2\/media?parent=285280"}],"wp:term":[{"taxonomy":"product_brand","embeddable":true,"href":"https:\/\/www.huntersfriend.eu\/sv\/wp-json\/wp\/v2\/product_brand?post=285280"},{"taxonomy":"product_cat","embeddable":true,"href":"https:\/\/www.huntersfriend.eu\/sv\/wp-json\/wp\/v2\/product_cat?post=285280"},{"taxonomy":"product_tag","embeddable":true,"href":"https:\/\/www.huntersfriend.eu\/sv\/wp-json\/wp\/v2\/product_tag?post=285280"}],"curies":[{"name":"wp","href":"https:\/\/api.w.org\/{rel}","templated":true}]}}