{"id":285277,"date":"2025-08-07T12:19:07","date_gmt":"2025-08-07T10:19:07","guid":{"rendered":"https:\/\/www.huntersfriend.eu\/product\/alps-mountaineering-campingstol\/"},"modified":"2025-08-26T07:54:27","modified_gmt":"2025-08-26T05:54:27","slug":"alps-mountaineering-campingstol","status":"publish","type":"product","link":"https:\/\/www.huntersfriend.eu\/sv\/produkt\/alps-mountaineering-campingstol\/","title":{"rendered":"Alps Mountaineering campingstol"},"content":{"rendered":"<h3 data-start=\"108\" data-end=\"185\"><strong data-start=\"112\" data-end=\"185\">ALPS Mountaineering campingstol \u2013 robust och bekv\u00e4m campingstol<\/strong><\/h3>\n<p data-start=\"187\" data-end=\"477\">ALPS Mountaineering Camp Chair \u00e4r ett utm\u00e4rkt val f\u00f6r alla som v\u00e4rdes\u00e4tter komfort, h\u00e5llbarhet och funktionalitet under campingen. Den h\u00e4r stabila campingstolen \u00e4r perfekt f\u00f6r campingturer, stugor, festivaler, tr\u00e4dg\u00e5rdar eller till och med fiske\u00e4ventyr \u2013 var du \u00e4n beh\u00f6ver en bekv\u00e4m utomhusstol. <\/p>\n<p data-start=\"479\" data-end=\"790\">Stolens struktur \u00e4r byggd f\u00f6r att t\u00e5la tung anv\u00e4ndning. En pulverlackerad st\u00e5lram kombineras med slitstarkt 600D polyestertyg, vilket resulterar i en robust sits som t\u00e5l upp till 136 kg. Det h\u00f6ga ryggst\u00f6det, den breda sittyta och de vadderade armst\u00f6den ger utm\u00e4rkt sittkomfort, \u00e4ven under l\u00e4ngre perioder.  <\/p>\n<p data-start=\"792\" data-end=\"1057\">En praktisk muggh\u00e5llare \u00e4r integrerad i det h\u00f6gra armst\u00f6det, vilket ger dig enkel \u00e5tkomst till din dryck \u2013 oavsett om det \u00e4r en morgonkaffe vid l\u00e4gerelden eller en kall dryck i kv\u00e4llssolen. Camp Chair f\u00e4lls ihop snabbt och \u00e4r l\u00e4tt att b\u00e4ra i den medf\u00f6ljande b\u00e4rv\u00e4skan. <\/p>\n<p data-start=\"1059\" data-end=\"1179\"><strong data-start=\"1059\" data-end=\"1071\">Deep Sea<\/strong> \u00e4r ett lugnt, bl\u00e5tonat alternativ, medan <strong data-start=\"1107\" data-end=\"1117\">Cactus<\/strong> ger en fr\u00e4sch gr\u00f6n nyans som sm\u00e4lter vackert in i naturen.<\/p>\n<hr data-start=\"1181\" data-end=\"1184\">\n<h3 data-start=\"1186\" data-end=\"1203\"><strong data-start=\"1190\" data-end=\"1203\">Funktioner:<\/strong><\/h3>\n<ul data-start=\"1205\" data-end=\"1726\">\n<li data-start=\"1205\" data-end=\"1238\">\n<p data-start=\"1207\" data-end=\"1238\"><strong data-start=\"1207\" data-end=\"1218\">F\u00e4rger:<\/strong> deep Sea \/ cactus<\/p>\n<\/li>\n<li data-start=\"1239\" data-end=\"1279\">\n<p data-start=\"1241\" data-end=\"1279\"><strong data-start=\"1241\" data-end=\"1277\">Robust pulverlackerad st\u00e5lram<\/strong><\/p>\n<\/li>\n<li data-start=\"1280\" data-end=\"1321\">\n<p data-start=\"1282\" data-end=\"1321\"><strong data-start=\"1282\" data-end=\"1319\">Slitstark 600D polyesterkl\u00e4dsel<\/strong><\/p>\n<\/li>\n<li data-start=\"1322\" data-end=\"1345\">\n<p data-start=\"1324\" data-end=\"1345\"><strong data-start=\"1324\" data-end=\"1343\">Vadderade armst\u00f6d<\/strong><\/p>\n<\/li>\n<li data-start=\"1346\" data-end=\"1401\">\n<p data-start=\"1348\" data-end=\"1401\"><strong data-start=\"1348\" data-end=\"1399\">H\u00f6gt ryggst\u00f6d och bred sits \u2013 utm\u00e4rkt komfort<\/strong><\/p>\n<\/li>\n<li data-start=\"1402\" data-end=\"1431\">\n<p data-start=\"1404\" data-end=\"1431\"><strong data-start=\"1404\" data-end=\"1429\">Integrerad muggh\u00e5llare<\/strong><\/p>\n<\/li>\n<li data-start=\"1432\" data-end=\"1476\">\n<p data-start=\"1434\" data-end=\"1476\"><strong data-start=\"1434\" data-end=\"1474\">F\u00e4lls ihop f\u00f6r enkel transport och f\u00f6rvaring<\/strong><\/p>\n<\/li>\n<li data-start=\"1477\" data-end=\"1503\">\n<p data-start=\"1479\" data-end=\"1503\"><strong data-start=\"1479\" data-end=\"1501\">Inkluderar b\u00e4rv\u00e4ska<\/strong><\/p>\n<\/li>\n<li data-start=\"1504\" data-end=\"1544\">\n<p data-start=\"1506\" data-end=\"1544\"><strong data-start=\"1506\" data-end=\"1517\">Vikt:<\/strong> ca 4,4 kg <\/p>\n<\/li>\n<li data-start=\"1545\" data-end=\"1592\">\n<p data-start=\"1547\" data-end=\"1592\"><strong data-start=\"1547\" data-end=\"1567\">Viktkapacitet:<\/strong> upp till 136 kg<\/p>\n<\/li>\n<li data-start=\"1593\" data-end=\"1659\">\n<p data-start=\"1595\" data-end=\"1659\"><strong data-start=\"1595\" data-end=\"1615\">\u00d6ppna m\u00e5tt:<\/strong> ca 61 x 51 x 97 cm <\/p>\n<\/li>\n<li data-start=\"1660\" data-end=\"1726\">\n<p data-start=\"1662\" data-end=\"1726\"><strong data-start=\"1662\" data-end=\"1684\">Packade m\u00e5tt:<\/strong> ca 97 x 20 x 20 cm <\/p>\n<\/li>\n<\/ul>\n<hr data-start=\"1728\" data-end=\"1731\">\n<p data-start=\"1733\" data-end=\"1945\" data-is-last-node=\"\" data-is-only-node=\"\">ALPS Mountaineering Camp Chair erbjuder en robust, bekv\u00e4m och anv\u00e4ndarv\u00e4nlig sittl\u00f6sning f\u00f6r alla dina utomhusstunder. Ett perfekt val n\u00e4r du vill luta dig tillbaka och njuta av utsikten \u2013 var du \u00e4n \u00e4r. <\/p>\n","protected":false},"excerpt":{"rendered":"<p>ALPS Mountaineering campingstol \u2013 robust och bekv\u00e4m campingstol ALPS Mountaineering Camp Chair \u00e4r ett utm\u00e4rkt val f\u00f6r alla som v\u00e4rdes\u00e4tter komfort, h\u00e5llbarhet och funktionalitet under campingen. Den h\u00e4r stabila campingstolen \u00e4r perfekt f\u00f6r campingturer, stugor, festivaler, tr\u00e4dg\u00e5rdar eller till och med fiske\u00e4ventyr \u2013 var du \u00e4n beh\u00f6ver en bekv\u00e4m utomhusstol. Stolens struktur \u00e4r byggd f\u00f6r [&#8230;]\n","protected":false},"featured_media":284424,"comment_status":"open","ping_status":"closed","template":"","meta":[],"product_brand":[],"product_cat":[2567],"product_tag":[],"class_list":{"0":"post-285277","1":"product","2":"type-product","3":"status-publish","4":"has-post-thumbnail","6":"product_cat-campingtillbehor","7":"product_shipping_class-medium-sv","9":"first","10":"instock","11":"sale","12":"taxable","13":"shipping-taxable","14":"purchasable","15":"product-type-variable"},"composite_virtual":false,"composite_layout":"","composite_add_to_cart_form_location":"","composite_editable_in_cart":false,"composite_sold_individually_context":"","composite_shop_price_calc":"","composite_components":[],"composite_scenarios":[],"group_of_quantity":0,"min_quantity":0,"max_quantity":"","exclude_order_quantity_value_rules":"no","exclude_category_quantity_rules":"no","combine_variations":"no","exclude_global_add_ons":[],"addons":[],"_links":{"self":[{"href":"https:\/\/www.huntersfriend.eu\/sv\/wp-json\/wp\/v2\/product\/285277","targetHints":{"allow":["GET"]}}],"collection":[{"href":"https:\/\/www.huntersfriend.eu\/sv\/wp-json\/wp\/v2\/product"}],"about":[{"href":"https:\/\/www.huntersfriend.eu\/sv\/wp-json\/wp\/v2\/types\/product"}],"replies":[{"embeddable":true,"href":"https:\/\/www.huntersfriend.eu\/sv\/wp-json\/wp\/v2\/comments?post=285277"}],"wp:featuredmedia":[{"embeddable":true,"href":"https:\/\/www.huntersfriend.eu\/sv\/wp-json\/wp\/v2\/media\/284424"}],"wp:attachment":[{"href":"https:\/\/www.huntersfriend.eu\/sv\/wp-json\/wp\/v2\/media?parent=285277"}],"wp:term":[{"taxonomy":"product_brand","embeddable":true,"href":"https:\/\/www.huntersfriend.eu\/sv\/wp-json\/wp\/v2\/product_brand?post=285277"},{"taxonomy":"product_cat","embeddable":true,"href":"https:\/\/www.huntersfriend.eu\/sv\/wp-json\/wp\/v2\/product_cat?post=285277"},{"taxonomy":"product_tag","embeddable":true,"href":"https:\/\/www.huntersfriend.eu\/sv\/wp-json\/wp\/v2\/product_tag?post=285277"}],"curies":[{"name":"wp","href":"https:\/\/api.w.org\/{rel}","templated":true}]}}