{"id":285276,"date":"2025-08-07T11:19:01","date_gmt":"2025-08-07T09:19:01","guid":{"rendered":"https:\/\/www.huntersfriend.eu\/product\/black-fire-secret-spray-tryffel\/"},"modified":"2025-08-26T07:54:23","modified_gmt":"2025-08-26T05:54:23","slug":"black-fire-secret-spray-tryffel","status":"publish","type":"product","link":"https:\/\/www.huntersfriend.eu\/sv\/produkt\/black-fire-secret-spray-tryffel\/","title":{"rendered":"Black fire Secret spray, tryffel"},"content":{"rendered":"<article class=\"text-token-text-primary w-full focus:outline-none scroll-mt-[calc(var(--header-height)+min(200px,max(70px,20svh)))]\" dir=\"auto\" tabindex=\"-1\" data-turn-id=\"request-WEB:cf253765-5d36-4bc6-955f-7f3a31ff94f5-11\" data-testid=\"conversation-turn-24\" data-scroll-anchor=\"true\" data-turn=\"assistant\">\n<div class=\"text-base my-auto mx-auto pb-10 [--thread-content-margin:--spacing(4)] @[37rem]:[--thread-content-margin:--spacing(6)] @[72rem]:[--thread-content-margin:--spacing(16)] px-(--thread-content-margin)\">\n<div class=\"[--thread-content-max-width:32rem] @[34rem]:[--thread-content-max-width:40rem] @[64rem]:[--thread-content-max-width:48rem] mx-auto max-w-(--thread-content-max-width) flex-1 group\/turn-messages focus-visible:outline-hidden relative flex w-full min-w-0 flex-col agent-turn\" tabindex=\"-1\">\n<div class=\"flex max-w-full flex-col grow\">\n<div class=\"min-h-8 text-message relative flex w-full flex-col items-end gap-2 text-start break-words whitespace-normal [.text-message+&amp;]:mt-5\" dir=\"auto\" data-message-author-role=\"assistant\" data-message-id=\"9f3ed9e4-c36a-43d0-9fd6-bd906013ab43\" data-message-model-slug=\"gpt-4o\">\n<div class=\"flex w-full flex-col gap-1 empty:hidden first:pt-[3px]\">\n<div class=\"markdown prose dark:prose-invert w-full break-words light markdown-new-styling\">\n<p data-start=\"0\" data-end=\"60\"><strong data-start=\"0\" data-end=\"60\">Black Fire Secret Spray Truffle \u2013 Viltattraherande medel 100 ml<\/strong><\/p>\n<p data-start=\"62\" data-end=\"450\">Black Fire Secret Spray Truffle \u00e4r ett exceptionellt kraftfullt lockmedel som frig\u00f6r en stark, djurlockande tryffeldoft i milj\u00f6n. Den h\u00e4r produkten \u00e4r speciellt utformad f\u00f6r vildsvin och hjortar och ger j\u00e4gare en tydlig f\u00f6rdel n\u00e4r det g\u00e4ller att \u00f6ka framg\u00e5ngsfrekvensen. Den kompakta 100 ml sprayflaskan \u00e4r l\u00e4tt och enkel att b\u00e4ra med sig, vilket g\u00f6r den till en perfekt f\u00f6ljeslagare i alla jaktsituationer.  <\/p>\n<hr data-start=\"452\" data-end=\"455\">\n<h3 data-start=\"457\" data-end=\"477\"><strong data-start=\"461\" data-end=\"477\">Viktiga funktioner<\/strong><\/h3>\n<ul data-start=\"478\" data-end=\"928\">\n<li data-start=\"478\" data-end=\"549\">\n<p data-start=\"480\" data-end=\"549\"><strong data-start=\"480\" data-end=\"505\">Intensiv tryffelarom<\/strong> som starkt lockar vildsvin och hjortar<\/p>\n<\/li>\n<li data-start=\"550\" data-end=\"610\">\n<p data-start=\"552\" data-end=\"610\"><strong data-start=\"552\" data-end=\"572\">Mycket effektiv<\/strong> \u2013 upp till 200 appliceringar per flaska<\/p>\n<\/li>\n<li data-start=\"611\" data-end=\"686\">\n<p data-start=\"613\" data-end=\"686\"><strong data-start=\"613\" data-end=\"650\">Enkel sprayapplikation utan kladd<\/strong> \u2013 inga rester p\u00e5 h\u00e4nder eller kl\u00e4der<\/p>\n<\/li>\n<li data-start=\"687\" data-end=\"768\">\n<p data-start=\"689\" data-end=\"768\"><strong data-start=\"689\" data-end=\"707\">M\u00e5ngsidig anv\u00e4ndning:<\/strong> spraya direkt p\u00e5 bete, foder, tr\u00e4d, stubbar eller marken<\/p>\n<\/li>\n<li data-start=\"769\" data-end=\"860\">\n<p data-start=\"771\" data-end=\"860\"><strong data-start=\"771\" data-end=\"792\">Unik f\u00f6rdel:<\/strong> spraya p\u00e5 dina <strong data-start=\"809\" data-end=\"823\">skosulor<\/strong> f\u00f6r att l\u00e4mna ett doftsp\u00e5r n\u00e4r du g\u00e5r<\/p>\n<\/li>\n<li data-start=\"861\" data-end=\"928\">\n<p data-start=\"863\" data-end=\"928\"><strong data-start=\"863\" data-end=\"881\">Tillverkad i EU<\/strong> med h\u00f6gkvalitativa, l\u00e5ngvariga ingredienser<\/p>\n<\/li>\n<\/ul>\n<hr data-start=\"930\" data-end=\"933\">\n<h3 data-start=\"935\" data-end=\"959\"><strong data-start=\"939\" data-end=\"959\">Anv\u00e4ndning &amp; f\u00f6rdelar<\/strong><\/h3>\n<p data-start=\"961\" data-end=\"1268\">Black Fire Secret Spray Truffle f\u00f6rst\u00e4rker alla typer av viltattraktion med sin starka, naturliga doft som snabbt drar till sig vildsvin och annat vilt. Sprayen kan appliceras direkt p\u00e5 bete, utfodringsplatser, vegetation eller fysiska strukturer som stockar och tr\u00e4dstammar f\u00f6r att sprida aromen \u00f6ver ett stort omr\u00e5de. <\/p>\n<p data-start=\"1270\" data-end=\"1603\">F\u00f6r en taktisk f\u00f6rdel kan du ocks\u00e5 spraya den p\u00e5 skosulorna \u2013 och l\u00e4mna ett doftsp\u00e5r n\u00e4r du r\u00f6r dig genom jaktomr\u00e5det. Detta kan guida djur direkt till betet eller passningsplatsen. 100 ml-flaskan ger upp till 200 appliceringar, vilket g\u00f6r den till ett kostnadseffektivt och praktiskt verktyg f\u00f6r b\u00e5de fritids- och yrkesj\u00e4gare.  <\/p>\n<hr data-start=\"1605\" data-end=\"1608\">\n<h3 data-start=\"1610\" data-end=\"1642\"><strong data-start=\"1614\" data-end=\"1642\">Tekniska specifikationer<\/strong><\/h3>\n<ul data-start=\"1643\" data-end=\"1904\">\n<li data-start=\"1643\" data-end=\"1691\">\n<p data-start=\"1645\" data-end=\"1691\"><strong data-start=\"1645\" data-end=\"1657\">Produkt:<\/strong> black fire Secret spray truffle<\/p>\n<\/li>\n<li data-start=\"1692\" data-end=\"1714\">\n<p data-start=\"1694\" data-end=\"1714\"><strong data-start=\"1694\" data-end=\"1704\">Doft:<\/strong> tryffel<\/p>\n<\/li>\n<li data-start=\"1715\" data-end=\"1753\">\n<p data-start=\"1717\" data-end=\"1753\"><strong data-start=\"1717\" data-end=\"1731\">F\u00f6rpackning:<\/strong> 100 ml sprayflaska<\/p>\n<\/li>\n<li data-start=\"1754\" data-end=\"1805\">\n<p data-start=\"1756\" data-end=\"1805\"><strong data-start=\"1756\" data-end=\"1769\">T\u00e4ckning:<\/strong> Upp till 200 appliceringar per flaska<\/p>\n<\/li>\n<li data-start=\"1806\" data-end=\"1884\">\n<p data-start=\"1808\" data-end=\"1884\"><strong data-start=\"1808\" data-end=\"1824\">Applicering:<\/strong> Spraya p\u00e5 bete, foder, tr\u00e4d, stubbar, mark eller skosulor<\/p>\n<\/li>\n<li data-start=\"1885\" data-end=\"1904\">\n<p data-start=\"1887\" data-end=\"1904\"><strong data-start=\"1887\" data-end=\"1899\">Tillverkad i:<\/strong> EU<\/p>\n<\/li>\n<\/ul>\n<hr data-start=\"1906\" data-end=\"1909\">\n<h3 data-start=\"1911\" data-end=\"1926\"><strong data-start=\"1915\" data-end=\"1926\">Sammanfattning<\/strong><\/h3>\n<p data-start=\"1928\" data-end=\"2344\" data-is-last-node=\"\" data-is-only-node=\"\">Black Fire Secret Spray Truffle \u00e4r ett kompakt men \u00e4nd\u00e5 mycket effektivt lockmedel som ger j\u00e4gare en verklig f\u00f6rdel i f\u00e4lt. Dess potenta doft, anv\u00e4ndarv\u00e4nlighet och l\u00e5ngvariga effekt g\u00f6r den idealisk f\u00f6r passningsjakt, f\u00f6rst\u00e4rkning av betesstationer eller aktiv doftsp\u00e5rning. Oavsett om du jagar vildsvin, hjortar eller annat vilt, s\u00e4kerst\u00e4ller denna tryffelspray att din attraktionsplats blir uppm\u00e4rksammad \u2013 och att djuren forts\u00e4tter att komma tillbaka.  <\/p>\n<\/div>\n<\/div>\n<\/div>\n<\/div>\n<div class=\"flex min-h-[46px] justify-start\"><\/div>\n<\/div>\n<\/div>\n<\/article>\n<div class=\"pointer-events-none h-px w-px\" aria-hidden=\"true\" data-edge=\"true\"><\/div>\n","protected":false},"excerpt":{"rendered":"<p>Black Fire Secret Spray Truffle \u2013 Viltattraherande medel 100 ml Black Fire Secret Spray Truffle \u00e4r ett exceptionellt kraftfullt lockmedel som frig\u00f6r en stark, djurlockande tryffeldoft i milj\u00f6n. Den h\u00e4r produkten \u00e4r speciellt utformad f\u00f6r vildsvin och hjortar och ger j\u00e4gare en tydlig f\u00f6rdel n\u00e4r det g\u00e4ller att \u00f6ka framg\u00e5ngsfrekvensen. Den kompakta 100 ml sprayflaskan [&#8230;]\n","protected":false},"featured_media":285139,"comment_status":"open","ping_status":"closed","template":"","meta":[],"product_brand":[],"product_cat":[2856],"product_tag":[],"class_list":{"0":"post-285276","1":"product","2":"type-product","3":"status-publish","4":"has-post-thumbnail","6":"product_cat-lockmedel-och-mineraler","8":"first","9":"instock","10":"taxable","11":"shipping-taxable","12":"purchasable","13":"product-type-simple"},"composite_virtual":false,"composite_layout":"","composite_add_to_cart_form_location":"","composite_editable_in_cart":false,"composite_sold_individually_context":"","composite_shop_price_calc":"","composite_components":[],"composite_scenarios":[],"group_of_quantity":0,"min_quantity":0,"max_quantity":"","exclude_order_quantity_value_rules":"no","exclude_category_quantity_rules":"no","combine_variations":"no","exclude_global_add_ons":[],"addons":[],"_links":{"self":[{"href":"https:\/\/www.huntersfriend.eu\/sv\/wp-json\/wp\/v2\/product\/285276","targetHints":{"allow":["GET"]}}],"collection":[{"href":"https:\/\/www.huntersfriend.eu\/sv\/wp-json\/wp\/v2\/product"}],"about":[{"href":"https:\/\/www.huntersfriend.eu\/sv\/wp-json\/wp\/v2\/types\/product"}],"replies":[{"embeddable":true,"href":"https:\/\/www.huntersfriend.eu\/sv\/wp-json\/wp\/v2\/comments?post=285276"}],"wp:featuredmedia":[{"embeddable":true,"href":"https:\/\/www.huntersfriend.eu\/sv\/wp-json\/wp\/v2\/media\/285139"}],"wp:attachment":[{"href":"https:\/\/www.huntersfriend.eu\/sv\/wp-json\/wp\/v2\/media?parent=285276"}],"wp:term":[{"taxonomy":"product_brand","embeddable":true,"href":"https:\/\/www.huntersfriend.eu\/sv\/wp-json\/wp\/v2\/product_brand?post=285276"},{"taxonomy":"product_cat","embeddable":true,"href":"https:\/\/www.huntersfriend.eu\/sv\/wp-json\/wp\/v2\/product_cat?post=285276"},{"taxonomy":"product_tag","embeddable":true,"href":"https:\/\/www.huntersfriend.eu\/sv\/wp-json\/wp\/v2\/product_tag?post=285276"}],"curies":[{"name":"wp","href":"https:\/\/api.w.org\/{rel}","templated":true}]}}