{"id":285272,"date":"2025-08-07T12:39:58","date_gmt":"2025-08-07T10:39:58","guid":{"rendered":"https:\/\/www.huntersfriend.eu\/product\/alpinismens-eclipse-bord\/"},"modified":"2025-08-26T07:54:15","modified_gmt":"2025-08-26T05:54:15","slug":"alpinismens-eclipse-bord","status":"publish","type":"product","link":"https:\/\/www.huntersfriend.eu\/sv\/produkt\/alpinismens-eclipse-bord\/","title":{"rendered":"Alpinismens Eclipse-bord"},"content":{"rendered":"<p>Om du letar efter ett bord som \u00e4r snabbt och enkelt att s\u00e4tta upp, har plats f\u00f6r dina drinkar och fortfarande plats f\u00f6r spel, och \u00e4r l\u00e4ttviktigt, \u00e4r Eclipse-bordet det r\u00e4tta f\u00f6r dig. Du sp\u00e4nner helt enkelt fast remmarna i varje h\u00f6rn och justerar dem f\u00f6r att f\u00e5 den sp\u00e4nning du f\u00f6redrar. Eftersom det finns tv\u00e5 niv\u00e5er har den nedre niv\u00e5n 4 inbyggda dryckesh\u00e5llare s\u00e5 att du inte beh\u00f6ver oroa dig f\u00f6r att dina drinkar ska v\u00e4lta medan du \u00e4ter eller spelar spel, och den \u00f6vre niv\u00e5n \u00e4r platt f\u00f6r dina andra aktiviteter. Du beh\u00f6ver inte l\u00e4ngre oroa dig f\u00f6r att dina drinkar ska spillas p\u00e5 dina kort eller vara i v\u00e4gen f\u00f6r ett snabbt spel. N\u00e4r det \u00e4r dags att \u00e5ka hem, lossa sp\u00e4nnena och skjut in bordet i den medf\u00f6ljande b\u00e4rv\u00e4skan s\u00e5 \u00e4r du redo f\u00f6r n\u00e4sta utflykt.    <\/p>\n<ul>\n<li>Tv\u00e5 olika bordsniv\u00e5er<\/li>\n<li>Fyra inbyggda dryckesh\u00e5llare<\/li>\n<li>H\u00f6rnsp\u00e4nnen ger snabb installation<\/li>\n<li>Sp\u00e4nnen g\u00f6r det m\u00f6jligt f\u00f6r anv\u00e4ndaren att justera sp\u00e4nningen<\/li>\n<li>Sidoficka f\u00f6r organisering<\/li>\n<li>600D polyestertyg<\/li>\n<li>Inkluderar 8 \u201cx 36\u201d axelb\u00e4rv\u00e4ska<\/li>\n<\/ul>\n<table>\n<tbody>\n<tr>\n<th scope=\"row\">M\u00e5tt<\/th>\n<td>27&#8243; L x 27&#8243; W x 26&#8243; H<\/td>\n<\/tr>\n<tr>\n<th scope=\"row\">Packad storlek<\/th>\n<td>36.5&#8243; L x 7&#8243; W x 5&#8243; H<\/td>\n<\/tr>\n<tr>\n<th scope=\"row\">Vikt<\/th>\n<td>7 lbs.<\/td>\n<\/tr>\n<\/tbody>\n<\/table>\n","protected":false},"excerpt":{"rendered":"<p>Om du letar efter ett bord som \u00e4r snabbt och enkelt att s\u00e4tta upp, har plats f\u00f6r dina drinkar och fortfarande plats f\u00f6r spel, och \u00e4r l\u00e4ttviktigt, \u00e4r Eclipse-bordet det r\u00e4tta f\u00f6r dig. Du sp\u00e4nner helt enkelt fast remmarna i varje h\u00f6rn och justerar dem f\u00f6r att f\u00e5 den sp\u00e4nning du f\u00f6redrar. Eftersom det finns [&#8230;]\n","protected":false},"featured_media":284454,"comment_status":"open","ping_status":"closed","template":"","meta":[],"product_brand":[],"product_cat":[2567],"product_tag":[],"class_list":{"0":"post-285272","1":"product","2":"type-product","3":"status-publish","4":"has-post-thumbnail","6":"product_cat-campingtillbehor","7":"product_shipping_class-medium-sv","9":"first","10":"instock","11":"sale","12":"taxable","13":"shipping-taxable","14":"purchasable","15":"product-type-variable"},"composite_virtual":false,"composite_layout":"","composite_add_to_cart_form_location":"","composite_editable_in_cart":false,"composite_sold_individually_context":"","composite_shop_price_calc":"","composite_components":[],"composite_scenarios":[],"group_of_quantity":0,"min_quantity":0,"max_quantity":"","exclude_order_quantity_value_rules":"no","exclude_category_quantity_rules":"no","combine_variations":"no","exclude_global_add_ons":[],"addons":[],"_links":{"self":[{"href":"https:\/\/www.huntersfriend.eu\/sv\/wp-json\/wp\/v2\/product\/285272","targetHints":{"allow":["GET"]}}],"collection":[{"href":"https:\/\/www.huntersfriend.eu\/sv\/wp-json\/wp\/v2\/product"}],"about":[{"href":"https:\/\/www.huntersfriend.eu\/sv\/wp-json\/wp\/v2\/types\/product"}],"replies":[{"embeddable":true,"href":"https:\/\/www.huntersfriend.eu\/sv\/wp-json\/wp\/v2\/comments?post=285272"}],"wp:featuredmedia":[{"embeddable":true,"href":"https:\/\/www.huntersfriend.eu\/sv\/wp-json\/wp\/v2\/media\/284454"}],"wp:attachment":[{"href":"https:\/\/www.huntersfriend.eu\/sv\/wp-json\/wp\/v2\/media?parent=285272"}],"wp:term":[{"taxonomy":"product_brand","embeddable":true,"href":"https:\/\/www.huntersfriend.eu\/sv\/wp-json\/wp\/v2\/product_brand?post=285272"},{"taxonomy":"product_cat","embeddable":true,"href":"https:\/\/www.huntersfriend.eu\/sv\/wp-json\/wp\/v2\/product_cat?post=285272"},{"taxonomy":"product_tag","embeddable":true,"href":"https:\/\/www.huntersfriend.eu\/sv\/wp-json\/wp\/v2\/product_tag?post=285272"}],"curies":[{"name":"wp","href":"https:\/\/api.w.org\/{rel}","templated":true}]}}