{"id":285266,"date":"2025-08-07T11:16:15","date_gmt":"2025-08-07T09:16:15","guid":{"rendered":"https:\/\/www.huntersfriend.eu\/product\/kicks-howler-choker\/"},"modified":"2026-03-20T13:32:43","modified_gmt":"2026-03-20T11:32:43","slug":"kicks-howler-choker","status":"publish","type":"product","link":"https:\/\/www.huntersfriend.eu\/sv\/produkt\/kicks-howler-choker\/","title":{"rendered":"Kicks Howler choker"},"content":{"rendered":"<p data-start=\"51\" data-end=\"368\"><strong data-start=\"51\" data-end=\"67\">Kicks Howler<\/strong> \u00e4r en choke som \u00e4r speciellt utformad f\u00f6r att skjuta volframhagel, men den kan ocks\u00e5 anv\u00e4ndas med bly, st\u00e5l, vismut och koppar. Howler lades till v\u00e5rt urval p\u00e5 beg\u00e4ran av kunder. Dessutom m\u00e4tte och testade vi choken i Finland f\u00f6r att bekr\u00e4fta att den verkligen fungerar f\u00f6r detta \u00e4ndam\u00e5l.  <\/p>\n<p data-start=\"370\" data-end=\"602\">Den portade Howler-eftermarknadschoken \u00e4r tillverkad av h\u00f6gkvalitativa material. Den \u00e4r maskinbearbetad fr\u00e5n v\u00e4rmebehandlat 17-4PH rostfritt st\u00e5lst\u00e5ng. Tillverkningsprocessen anv\u00e4nder den senaste datorstyrda tekniken och h\u00f6ga standarder.  <\/p>\n<p data-start=\"604\" data-end=\"674\">Choken \u00e4r speciellt utformad f\u00f6r jakt p\u00e5 sm\u00e5 och stora rovdjur.<\/p>\n<p data-start=\"676\" data-end=\"1025\">Tack vare sin struktur minskar choken rekylen, vilket m\u00f6jligg\u00f6r snabbare uppf\u00f6ljningsskott. Den f\u00f6rb\u00e4ttrar ocks\u00e5 hagelsv\u00e4rmen med upp till 20 % j\u00e4mf\u00f6rt med originalchoken. Kicks eftermarknadschoke \u00e4r gjord f\u00f6r anv\u00e4ndning med fabriksladdad ammunition, s\u00e5 anv\u00e4ndare och laddare av handladdad ammunition \u00e4r ensamma ansvariga f\u00f6r eventuella problem som orsakas av deras patroner.  <\/p>\n<p data-start=\"1027\" data-end=\"1073\">Matt svart bel\u00e4ggning. Kan dras \u00e5t f\u00f6r hand. <\/p>\n<p data-start=\"1075\" data-end=\"1117\">Finns med f\u00f6ljande g\u00e4ngtyper:<\/p>\n<ul data-start=\"1119\" data-end=\"1241\">\n<li data-start=\"1119\" data-end=\"1136\">\n<p data-start=\"1121\" data-end=\"1136\">Benelli crio+<\/p>\n<\/li>\n<li data-start=\"1137\" data-end=\"1167\">\n<p data-start=\"1139\" data-end=\"1167\">Beretta\/benelli mobilchoke<\/p>\n<\/li>\n<li data-start=\"1168\" data-end=\"1187\">\n<p data-start=\"1170\" data-end=\"1187\">Beretta optima+<\/p>\n<\/li>\n<li data-start=\"1188\" data-end=\"1212\">\n<p data-start=\"1190\" data-end=\"1212\">Invector+ (Browning)<\/p>\n<\/li>\n<li data-start=\"1213\" data-end=\"1226\">\n<p data-start=\"1215\" data-end=\"1226\">Remington<\/p>\n<\/li>\n<li data-start=\"1227\" data-end=\"1241\">\n<p data-start=\"1229\" data-end=\"1241\">Winchester<\/p>\n<\/li>\n<\/ul>\n<p data-start=\"1243\" data-end=\"1560\">Kicks Howler levereras med en strypningsniv\u00e5 p\u00e5 Howler H (Hevi-Shot), vilket i princip \u00e4r <strong data-start=\"1338\" data-end=\"1364\">Improved Modified (IM)<\/strong>. Se alltid till att Kicks eftermarknadschokes g\u00e4nga \u00e4r kompatibel med ditt skjutvapen. Du kan verifiera r\u00e4tt choke genom att kontrollera m\u00e4rkningarna p\u00e5 ditt skjutvapens original utbytbara choke.  <\/p>\n<p data-start=\"1562\" data-end=\"1759\"><strong data-start=\"1562\" data-end=\"1571\">OBS:<\/strong> Kicks Howler-choken \u00e4r <strong data-start=\"1598\" data-end=\"1618\">inte tillverkad<\/strong> f\u00f6r skjutvapen med <strong data-start=\"1637\" data-end=\"1658\">Beretta Optima HP<\/strong>-g\u00e4ngning. Ett helt identiskt alternativ \u00e4r <strong data-start=\"1707\" data-end=\"1758\">Kicks Buck Kicker Beretta Optima HP, Light Full<\/strong>. <\/p>\n","protected":false},"excerpt":{"rendered":"<p>Kicks Howler \u00e4r en choke som \u00e4r speciellt utformad f\u00f6r att skjuta volframhagel, men den kan ocks\u00e5 anv\u00e4ndas med bly, st\u00e5l, vismut och koppar. Howler lades till v\u00e5rt urval p\u00e5 beg\u00e4ran av kunder. Dessutom m\u00e4tte och testade vi choken i Finland f\u00f6r att bekr\u00e4fta att den verkligen fungerar f\u00f6r detta \u00e4ndam\u00e5l. Den portade Howler-eftermarknadschoken \u00e4r [&#8230;]\n","protected":false},"featured_media":284397,"comment_status":"open","ping_status":"closed","template":"","meta":[],"product_brand":[],"product_cat":[2762],"product_tag":[],"class_list":{"0":"post-285266","1":"product","2":"type-product","3":"status-publish","4":"has-post-thumbnail","6":"product_cat-choker","8":"first","9":"instock","10":"taxable","11":"shipping-taxable","12":"purchasable","13":"product-type-variable"},"composite_virtual":false,"composite_layout":"","composite_add_to_cart_form_location":"","composite_editable_in_cart":false,"composite_sold_individually_context":"","composite_shop_price_calc":"","composite_components":[],"composite_scenarios":[],"group_of_quantity":0,"min_quantity":0,"max_quantity":"","exclude_order_quantity_value_rules":"no","exclude_category_quantity_rules":"no","combine_variations":"no","exclude_global_add_ons":[],"addons":[],"_links":{"self":[{"href":"https:\/\/www.huntersfriend.eu\/sv\/wp-json\/wp\/v2\/product\/285266","targetHints":{"allow":["GET"]}}],"collection":[{"href":"https:\/\/www.huntersfriend.eu\/sv\/wp-json\/wp\/v2\/product"}],"about":[{"href":"https:\/\/www.huntersfriend.eu\/sv\/wp-json\/wp\/v2\/types\/product"}],"replies":[{"embeddable":true,"href":"https:\/\/www.huntersfriend.eu\/sv\/wp-json\/wp\/v2\/comments?post=285266"}],"wp:featuredmedia":[{"embeddable":true,"href":"https:\/\/www.huntersfriend.eu\/sv\/wp-json\/wp\/v2\/media\/284397"}],"wp:attachment":[{"href":"https:\/\/www.huntersfriend.eu\/sv\/wp-json\/wp\/v2\/media?parent=285266"}],"wp:term":[{"taxonomy":"product_brand","embeddable":true,"href":"https:\/\/www.huntersfriend.eu\/sv\/wp-json\/wp\/v2\/product_brand?post=285266"},{"taxonomy":"product_cat","embeddable":true,"href":"https:\/\/www.huntersfriend.eu\/sv\/wp-json\/wp\/v2\/product_cat?post=285266"},{"taxonomy":"product_tag","embeddable":true,"href":"https:\/\/www.huntersfriend.eu\/sv\/wp-json\/wp\/v2\/product_tag?post=285266"}],"curies":[{"name":"wp","href":"https:\/\/api.w.org\/{rel}","templated":true}]}}