{"id":285265,"date":"2025-08-07T09:31:58","date_gmt":"2025-08-07T07:31:58","guid":{"rendered":"https:\/\/www.huntersfriend.eu\/product\/dex-fingerlight-kombinationspaket\/"},"modified":"2025-08-26T07:54:10","modified_gmt":"2025-08-26T05:54:10","slug":"dex-fingerlight-kombinationspaket","status":"publish","type":"product","link":"https:\/\/www.huntersfriend.eu\/sv\/produkt\/dex-fingerlight-kombinationspaket\/","title":{"rendered":"DEX FingerLight kombinationspaket"},"content":{"rendered":"<p>Fingerlight och b\u00e4rv\u00e4ska ing\u00e5r.<\/p>\n<p>Med den justerbara DEXFLEX-ringen i one-size-fits-most och tre ljusl\u00e4gen ger DEX FingerLight handsfree-ljus f\u00f6r jakt, arbete och hobbyer.<\/p>\n<p>V\u00e4lkommen till framtiden f\u00f6r b\u00e4rbar belysning!<\/p>\n<p>CE-godk\u00e4nd<\/p>\n<div class=\"icon-item\">\n<h3 class=\"portfolio-item__heading text-lg font-bold mt-4\">H\u00c5LL INTE DIN LAMPA. B\u00c4R DEN. <\/h3>\n<div class=\"portfolio-item__description text-base mt-2\">\n<p>H\u00e5ll b\u00e5da h\u00e4nderna fria medan du naturligt riktar ljuset exakt dit du beh\u00f6ver det.<\/p>\n<h3 class=\"portfolio-item__heading text-lg font-bold mt-4\">SNABBT. ENKELT. BEKV\u00c4MT.  <\/h3>\n<div class=\"portfolio-item__description text-base mt-2\">\n<p>Leverera exakt, kontrollerat ljus utan extra anstr\u00e4ngning.<\/p>\n<h3 class=\"portfolio-item__heading text-lg font-bold mt-4\">H\u00c5LLBARA MATERIAL. BYGGD F\u00d6R \u00c4VENTYR. <\/h3>\n<div class=\"portfolio-item__description text-base mt-2\">\n<p>Ultrakompakt, superl\u00e4tt och extremt h\u00e5llbar \u2013 redo f\u00f6r de tuffaste milj\u00f6erna.<\/p>\n<\/div>\n<\/div>\n<\/div>\n<div>\n<h3>UPPLADDNINGSBAR<\/h3>\n<p>H\u00e5ll dig str\u00f6mf\u00f6rs\u00f6rjd n\u00e4r du beh\u00f6ver det som mest<\/p>\n<\/div>\n<\/div>\n<div class=\"icon-item\">\n<div>\n<h3>ANPASSAD RING<\/h3>\n<p>B\u00e4r p\u00e5 valfritt finger i valfri position<\/p>\n<\/div>\n<\/div>\n<div class=\"icon-item\">\n<div>\n<h3>IPX7 VATTENT\u00c4T<\/h3>\n<p>Byggd f\u00f6r de tuffaste milj\u00f6erna<\/p>\n<\/div>\n<\/div>\n<div class=\"icon-item\">\n<div>\n<h3>L\u00c4GESMINNE<\/h3>\n<p>Sl\u00e5 p\u00e5 och av fr\u00e5n valfritt l\u00e4ge utan att g\u00e5 igenom de andra<\/p>\n<\/div>\n<\/div>\n","protected":false},"excerpt":{"rendered":"<p>Fingerlight och b\u00e4rv\u00e4ska ing\u00e5r. Med den justerbara DEXFLEX-ringen i one-size-fits-most och tre ljusl\u00e4gen ger DEX FingerLight handsfree-ljus f\u00f6r jakt, arbete och hobbyer. V\u00e4lkommen till framtiden f\u00f6r b\u00e4rbar belysning! CE-godk\u00e4nd H\u00c5LL INTE DIN LAMPA. B\u00c4R DEN. H\u00e5ll b\u00e5da h\u00e4nderna fria medan du naturligt riktar ljuset exakt dit du beh\u00f6ver det. SNABBT. ENKELT. BEKV\u00c4MT. Leverera exakt, kontrollerat [&#8230;]\n","protected":false},"featured_media":284374,"comment_status":"open","ping_status":"closed","template":"","meta":[],"product_brand":[],"product_cat":[2567,2765,2568,2525,2563],"product_tag":[],"class_list":{"0":"post-285265","1":"product","2":"type-product","3":"status-publish","4":"has-post-thumbnail","6":"product_cat-campingtillbehor","7":"product_cat-fyndlada-slutrea","8":"product_cat-jakt-tillbehor","9":"product_cat-jaktlampor","10":"product_cat-tillbehor-for-jakt-torn-och-gomslen","12":"first","13":"instock","14":"sale","15":"featured","16":"taxable","17":"shipping-taxable","18":"purchasable","19":"product-type-simple"},"composite_virtual":false,"composite_layout":"","composite_add_to_cart_form_location":"","composite_editable_in_cart":false,"composite_sold_individually_context":"","composite_shop_price_calc":"","composite_components":[],"composite_scenarios":[],"group_of_quantity":0,"min_quantity":0,"max_quantity":"","exclude_order_quantity_value_rules":"no","exclude_category_quantity_rules":"no","combine_variations":"no","exclude_global_add_ons":[],"addons":[],"_links":{"self":[{"href":"https:\/\/www.huntersfriend.eu\/sv\/wp-json\/wp\/v2\/product\/285265","targetHints":{"allow":["GET"]}}],"collection":[{"href":"https:\/\/www.huntersfriend.eu\/sv\/wp-json\/wp\/v2\/product"}],"about":[{"href":"https:\/\/www.huntersfriend.eu\/sv\/wp-json\/wp\/v2\/types\/product"}],"replies":[{"embeddable":true,"href":"https:\/\/www.huntersfriend.eu\/sv\/wp-json\/wp\/v2\/comments?post=285265"}],"wp:featuredmedia":[{"embeddable":true,"href":"https:\/\/www.huntersfriend.eu\/sv\/wp-json\/wp\/v2\/media\/284374"}],"wp:attachment":[{"href":"https:\/\/www.huntersfriend.eu\/sv\/wp-json\/wp\/v2\/media?parent=285265"}],"wp:term":[{"taxonomy":"product_brand","embeddable":true,"href":"https:\/\/www.huntersfriend.eu\/sv\/wp-json\/wp\/v2\/product_brand?post=285265"},{"taxonomy":"product_cat","embeddable":true,"href":"https:\/\/www.huntersfriend.eu\/sv\/wp-json\/wp\/v2\/product_cat?post=285265"},{"taxonomy":"product_tag","embeddable":true,"href":"https:\/\/www.huntersfriend.eu\/sv\/wp-json\/wp\/v2\/product_tag?post=285265"}],"curies":[{"name":"wp","href":"https:\/\/api.w.org\/{rel}","templated":true}]}}