{"id":285262,"date":"2025-08-07T12:25:47","date_gmt":"2025-08-07T10:25:47","guid":{"rendered":"https:\/\/www.huntersfriend.eu\/product\/alps-mountaineering-campingbord\/"},"modified":"2025-11-11T13:55:01","modified_gmt":"2025-11-11T11:55:01","slug":"alps-mountaineering-campingbord","status":"publish","type":"product","link":"https:\/\/www.huntersfriend.eu\/sv\/produkt\/alps-mountaineering-campingbord\/","title":{"rendered":"Alps mountaineering campingbord"},"content":{"rendered":"<h3 data-start=\"108\" data-end=\"185\"><strong data-start=\"112\" data-end=\"185\">ALPS mountaineering campingbord \u2013 l\u00e4tt och robust campingbord<\/strong><\/h3>\n<p data-start=\"187\" data-end=\"535\">ALPS Mountaineering Camp Table \u00e4r ett kompakt, l\u00e4tt och exceptionellt robust campingbord \u2013 det perfekta tillbeh\u00f6ret f\u00f6r camping, stuganv\u00e4ndning, fisketurer eller till och med din tr\u00e4dg\u00e5rd. Dess praktiska hopf\u00e4llbara design m\u00f6jligg\u00f6r snabb installation och nedtagning utan verktyg, vilket g\u00f6r det till ett utm\u00e4rkt val n\u00e4r du beh\u00f6ver en stabil yta utomhus. <\/p>\n<p data-start=\"537\" data-end=\"811\">Bordsramen \u00e4r tillverkad av starkt men l\u00e4tt aluminium, vilket ger utm\u00e4rkt v\u00e4derbest\u00e4ndighet och h\u00e5llbarhet. Korsst\u00f6djande ben ger extra stabilitet, \u00e4ven p\u00e5 oj\u00e4mnt underlag. Den rullbara aluminiumbordsskivan \u00e4r l\u00e4tt att reng\u00f6ra och packas ner litet i den medf\u00f6ljande b\u00e4rv\u00e4skan.  <\/p>\n<p data-start=\"813\" data-end=\"1041\">N\u00e4r bordet \u00e4r hopf\u00e4llt tar det minimalt med plats, vilket g\u00f6r det enkelt att transportera i bilens bagageutrymme eller b\u00e4ra korta str\u00e4ckor. V\u00e4lj f\u00e4rgen <strong data-start=\"943\" data-end=\"951\">Clay<\/strong> f\u00f6r ett naturinspirerat utseende eller <strong data-start=\"988\" data-end=\"998\">Silver<\/strong> f\u00f6r ett modernt, fr\u00e4scht tillskott till din utrustning. <\/p>\n<hr data-start=\"1043\" data-end=\"1046\">\n<h3 data-start=\"1048\" data-end=\"1065\"><strong data-start=\"1052\" data-end=\"1065\">Funktioner:<\/strong><\/h3>\n<ul data-start=\"1067\" data-end=\"1595\">\n<li data-start=\"1067\" data-end=\"1098\">\n<p data-start=\"1069\" data-end=\"1098\"><strong data-start=\"1069\" data-end=\"1080\">F\u00e4rger:<\/strong> Clay och Silver<\/p>\n<\/li>\n<li data-start=\"1099\" data-end=\"1144\">\n<p data-start=\"1101\" data-end=\"1144\"><strong data-start=\"1101\" data-end=\"1142\">Robust och l\u00e4tt aluminiumram<\/strong><\/p>\n<\/li>\n<li data-start=\"1145\" data-end=\"1179\">\n<p data-start=\"1147\" data-end=\"1179\"><strong data-start=\"1147\" data-end=\"1177\">Rullbar aluminiumbordsskiva<\/strong><\/p>\n<\/li>\n<li data-start=\"1180\" data-end=\"1228\">\n<p data-start=\"1182\" data-end=\"1228\"><strong data-start=\"1182\" data-end=\"1226\">Stabil struktur med korsst\u00f6djande ben<\/strong><\/p>\n<\/li>\n<li data-start=\"1229\" data-end=\"1259\">\n<p data-start=\"1231\" data-end=\"1259\"><strong data-start=\"1231\" data-end=\"1257\">Verktygsfri, snabb installation<\/strong><\/p>\n<\/li>\n<li data-start=\"1260\" data-end=\"1311\">\n<p data-start=\"1262\" data-end=\"1311\"><strong data-start=\"1262\" data-end=\"1309\">V\u00e4derbest\u00e4ndig och l\u00e4ttrengjord yta<\/strong><\/p>\n<\/li>\n<li data-start=\"1312\" data-end=\"1374\">\n<p data-start=\"1314\" data-end=\"1374\"><strong data-start=\"1314\" data-end=\"1372\">Inkluderar en slitstark b\u00e4rv\u00e4ska f\u00f6r f\u00f6rvaring och transport<\/strong><\/p>\n<\/li>\n<li data-start=\"1375\" data-end=\"1413\">\n<p data-start=\"1377\" data-end=\"1413\"><strong data-start=\"1377\" data-end=\"1388\">Vikt:<\/strong> ca 4,1 kg <\/p>\n<\/li>\n<li data-start=\"1414\" data-end=\"1461\">\n<p data-start=\"1416\" data-end=\"1461\"><strong data-start=\"1416\" data-end=\"1436\">Viktkapacitet:<\/strong> ca 45 kg <\/p>\n<\/li>\n<li data-start=\"1462\" data-end=\"1528\">\n<p data-start=\"1464\" data-end=\"1528\"><strong data-start=\"1464\" data-end=\"1484\">\u00d6ppna m\u00e5tt:<\/strong> ca 71 x 71 x 71 cm <\/p>\n<\/li>\n<li data-start=\"1529\" data-end=\"1595\">\n<p data-start=\"1531\" data-end=\"1595\"><strong data-start=\"1531\" data-end=\"1553\">Packade m\u00e5tt:<\/strong> ca 91 x 18 x 10 cm <\/p>\n<\/li>\n<\/ul>\n<hr data-start=\"1597\" data-end=\"1600\">\n<p data-start=\"1602\" data-end=\"1890\" data-is-last-node=\"\" data-is-only-node=\"\"><strong data-start=\"1606\" data-end=\"1640\">ALPS Mountaineering Camp Table<\/strong> \u00e4r ett m\u00e5ngsidigt och l\u00e4ttburet utomhusbord som g\u00f6r alla \u00e4ventyr bekv\u00e4mare \u2013 oavsett om du \u00e4ter, spelar spel eller organiserar utrustning vid l\u00e4gret. H\u00e5llbart, kompakt och snabbt att montera \u2013 ett p\u00e5litligt val f\u00f6r alla dina utomhusdestinationer.<\/p>\n","protected":false},"excerpt":{"rendered":"<p>ALPS mountaineering campingbord \u2013 l\u00e4tt och robust campingbord ALPS Mountaineering Camp Table \u00e4r ett kompakt, l\u00e4tt och exceptionellt robust campingbord \u2013 det perfekta tillbeh\u00f6ret f\u00f6r camping, stuganv\u00e4ndning, fisketurer eller till och med din tr\u00e4dg\u00e5rd. Dess praktiska hopf\u00e4llbara design m\u00f6jligg\u00f6r snabb installation och nedtagning utan verktyg, vilket g\u00f6r det till ett utm\u00e4rkt val n\u00e4r du beh\u00f6ver [&#8230;]\n","protected":false},"featured_media":284431,"comment_status":"open","ping_status":"closed","template":"","meta":[],"product_brand":[],"product_cat":[2567],"product_tag":[],"class_list":{"0":"post-285262","1":"product","2":"type-product","3":"status-publish","4":"has-post-thumbnail","6":"product_cat-campingtillbehor","7":"product_shipping_class-medium-sv","9":"first","10":"instock","11":"sale","12":"taxable","13":"shipping-taxable","14":"purchasable","15":"product-type-variable"},"composite_virtual":false,"composite_layout":"","composite_add_to_cart_form_location":"","composite_editable_in_cart":false,"composite_sold_individually_context":"","composite_shop_price_calc":"","composite_components":[],"composite_scenarios":[],"group_of_quantity":0,"min_quantity":0,"max_quantity":"","exclude_order_quantity_value_rules":"no","exclude_category_quantity_rules":"no","combine_variations":"no","exclude_global_add_ons":[],"addons":[],"_links":{"self":[{"href":"https:\/\/www.huntersfriend.eu\/sv\/wp-json\/wp\/v2\/product\/285262","targetHints":{"allow":["GET"]}}],"collection":[{"href":"https:\/\/www.huntersfriend.eu\/sv\/wp-json\/wp\/v2\/product"}],"about":[{"href":"https:\/\/www.huntersfriend.eu\/sv\/wp-json\/wp\/v2\/types\/product"}],"replies":[{"embeddable":true,"href":"https:\/\/www.huntersfriend.eu\/sv\/wp-json\/wp\/v2\/comments?post=285262"}],"wp:featuredmedia":[{"embeddable":true,"href":"https:\/\/www.huntersfriend.eu\/sv\/wp-json\/wp\/v2\/media\/284431"}],"wp:attachment":[{"href":"https:\/\/www.huntersfriend.eu\/sv\/wp-json\/wp\/v2\/media?parent=285262"}],"wp:term":[{"taxonomy":"product_brand","embeddable":true,"href":"https:\/\/www.huntersfriend.eu\/sv\/wp-json\/wp\/v2\/product_brand?post=285262"},{"taxonomy":"product_cat","embeddable":true,"href":"https:\/\/www.huntersfriend.eu\/sv\/wp-json\/wp\/v2\/product_cat?post=285262"},{"taxonomy":"product_tag","embeddable":true,"href":"https:\/\/www.huntersfriend.eu\/sv\/wp-json\/wp\/v2\/product_tag?post=285262"}],"curies":[{"name":"wp","href":"https:\/\/api.w.org\/{rel}","templated":true}]}}