{"id":285249,"date":"2025-08-20T11:44:07","date_gmt":"2025-08-20T09:44:07","guid":{"rendered":"https:\/\/www.huntersfriend.eu\/product\/hunter-hundmatskal-vattenskal\/"},"modified":"2025-09-17T13:11:12","modified_gmt":"2025-09-17T11:11:12","slug":"hunter-hundmatskal-vattenskal","status":"publish","type":"product","link":"https:\/\/www.huntersfriend.eu\/sv\/produkt\/hunter-hundmatskal-vattenskal\/","title":{"rendered":"Hunter hundmatsk\u00e5l\/vattensk\u00e5l"},"content":{"rendered":"<p data-start=\"0\" data-end=\"56\"><strong data-start=\"0\" data-end=\"56\">Hunter Hundmatsk\u00e5l\/Vattensk\u00e5l \u2013 Storlekar 550 ml &amp; 1 100 ml<\/strong><\/p>\n<p data-start=\"58\" data-end=\"446\">Hunter hundsk\u00e5l \u00e4r en stilren och t\u00e5lig matsk\u00e5l som passar b\u00e5de f\u00f6r mat och vatten. Dess enkla, tidl\u00f6sa design g\u00f6r den till ett attraktivt tillskott i alla hem. En bred silikonring p\u00e5 basen f\u00f6rhindrar att den glider, vilket hj\u00e4lper \u00e4ven de mest entusiastiska \u00e4tarna att h\u00e5lla sig lugna under m\u00e5ltiden. Sk\u00e5len \u00e4r tillverkad av h\u00f6gkvalitativt rostfritt st\u00e5l, \u00e4r l\u00e4tt att reng\u00f6ra och byggd f\u00f6r att klara daglig anv\u00e4ndning.   <\/p>\n<hr data-start=\"448\" data-end=\"451\">\n<p data-start=\"453\" data-end=\"469\"><strong data-start=\"453\" data-end=\"469\">Viktiga funktioner<\/strong><\/p>\n<ul data-start=\"470\" data-end=\"718\">\n<li data-start=\"470\" data-end=\"519\">\n<p data-start=\"472\" data-end=\"519\">Tidl\u00f6s, elegant design med HUNTER-logotypen<\/p>\n<\/li>\n<li data-start=\"520\" data-end=\"578\">\n<p data-start=\"522\" data-end=\"578\">Halkfri silikonring p\u00e5 basen f\u00f6r \u00f6kad stabilitet<\/p>\n<\/li>\n<li data-start=\"579\" data-end=\"626\">\n<p data-start=\"581\" data-end=\"626\">Tillverkad av slitstarkt, hygieniskt rostfritt st\u00e5l<\/p>\n<\/li>\n<li data-start=\"627\" data-end=\"662\">\n<p data-start=\"629\" data-end=\"662\">L\u00e4tt att reng\u00f6ra \u2013 t\u00e5l maskindisk<\/p>\n<\/li>\n<li data-start=\"663\" data-end=\"718\">\n<p data-start=\"665\" data-end=\"718\">Rept\u00e5lig och slagt\u00e5lig konstruktion<\/p>\n<\/li>\n<\/ul>\n<hr data-start=\"720\" data-end=\"723\">\n<p data-start=\"725\" data-end=\"749\"><strong data-start=\"725\" data-end=\"749\">Storlekar och dimensioner<\/strong><\/p>\n<ul data-start=\"750\" data-end=\"879\">\n<li data-start=\"750\" data-end=\"813\">\n<p data-start=\"752\" data-end=\"813\"><strong data-start=\"752\" data-end=\"767\">550 ml (M):<\/strong> Diameter ca 14 cm, h\u00f6jd ca 5 cm  <\/p>\n<\/li>\n<li data-start=\"814\" data-end=\"879\">\n<p data-start=\"816\" data-end=\"879\"><strong data-start=\"816\" data-end=\"833\">1 100 ml (L):<\/strong> Diameter ca 17 cm, h\u00f6jd ca 7 cm  <\/p>\n<\/li>\n<\/ul>\n<hr data-start=\"881\" data-end=\"884\">\n<p data-start=\"886\" data-end=\"1328\"><strong data-start=\"886\" data-end=\"908\">Anv\u00e4ndning och f\u00f6rdelar<\/strong><br data-start=\"908\" data-end=\"911\">Hunter-sk\u00e5len \u00e4r ett utm\u00e4rkt val f\u00f6r b\u00e5de mat och vatten. Den kombinerar praktisk anv\u00e4ndning med elegans: silikonringen h\u00e5ller sk\u00e5len stabil under m\u00e5ltiderna, rostfritt st\u00e5l s\u00e4kerst\u00e4ller h\u00e5llbarhet och hygien, och den \u00e4r l\u00e4tt att reng\u00f6ra \u2013 \u00e4ven i diskmaskinen \u2013 vilket sparar tid. Tv\u00e5 storleksalternativ (550 ml och 1 100 ml) g\u00f6r att du kan v\u00e4lja r\u00e4tt passform f\u00f6r olika husdjur, vilket ger gener\u00f6s kapacitet utan on\u00f6dig bulk.  <\/p>\n<hr data-start=\"1330\" data-end=\"1333\">\n<p data-start=\"1335\" data-end=\"1363\"><strong data-start=\"1335\" data-end=\"1363\">Tekniska specifikationer<\/strong><\/p>\n<ul data-start=\"1364\" data-end=\"1632\">\n<li data-start=\"1364\" data-end=\"1396\">\n<p data-start=\"1366\" data-end=\"1396\"><strong data-start=\"1366\" data-end=\"1378\">Produkt:<\/strong> Hunter hundsk\u00e5l<\/p>\n<\/li>\n<li data-start=\"1397\" data-end=\"1455\">\n<p data-start=\"1399\" data-end=\"1455\"><strong data-start=\"1399\" data-end=\"1413\">Material:<\/strong> Rostfritt st\u00e5l med silikonbasring<\/p>\n<\/li>\n<li data-start=\"1456\" data-end=\"1536\">\n<p data-start=\"1458\" data-end=\"1470\"><strong data-start=\"1458\" data-end=\"1468\">Storlekar:<\/strong><\/p>\n<ul data-start=\"1473\" data-end=\"1536\">\n<li data-start=\"1473\" data-end=\"1502\">\n<p data-start=\"1475\" data-end=\"1502\">550 ml (\u00d8 14 cm \u00d7 H 5 cm)<\/p>\n<\/li>\n<li data-start=\"1505\" data-end=\"1536\">\n<p data-start=\"1507\" data-end=\"1536\">1 100 ml (\u00d8 17 cm \u00d7 H 7 cm)<\/p>\n<\/li>\n<\/ul>\n<\/li>\n<li data-start=\"1537\" data-end=\"1570\">\n<p data-start=\"1539\" data-end=\"1570\"><strong data-start=\"1539\" data-end=\"1552\">Reng\u00f6ring:<\/strong> T\u00e5l maskindisk<\/p>\n<\/li>\n<li data-start=\"1571\" data-end=\"1632\">\n<p data-start=\"1573\" data-end=\"1632\"><strong data-start=\"1573\" data-end=\"1596\">F\u00f6rb\u00e4ttrad anv\u00e4ndbarhet:<\/strong> Halkfri, slitstark, elegant design<\/p>\n<\/li>\n<\/ul>\n<hr data-start=\"1634\" data-end=\"1637\">\n<p data-start=\"1639\" data-end=\"1833\" data-is-last-node=\"\" data-is-only-node=\"\">Hunter hundsk\u00e5l \u00e4r ett smart och funktionellt val f\u00f6r vardagen: slitstark, l\u00e4ttsk\u00f6tt och visuellt tilltalande \u2013 vilket erbjuder praktisk, l\u00e5ngvarig kvalitet f\u00f6r b\u00e5de \u00e4lskade husdjur och deras \u00e4gare.<\/p>\n","protected":false},"excerpt":{"rendered":"<p>Hunter Hundmatsk\u00e5l\/Vattensk\u00e5l \u2013 Storlekar 550 ml &amp; 1 100 ml Hunter hundsk\u00e5l \u00e4r en stilren och t\u00e5lig matsk\u00e5l som passar b\u00e5de f\u00f6r mat och vatten. Dess enkla, tidl\u00f6sa design g\u00f6r den till ett attraktivt tillskott i alla hem. En bred silikonring p\u00e5 basen f\u00f6rhindrar att den glider, vilket hj\u00e4lper \u00e4ven de mest entusiastiska \u00e4tarna att [&#8230;]\n","protected":false},"featured_media":285060,"comment_status":"open","ping_status":"closed","template":"","meta":[],"product_brand":[],"product_cat":[2517],"product_tag":[],"class_list":{"0":"post-285249","1":"product","2":"type-product","3":"status-publish","4":"has-post-thumbnail","6":"product_cat-hundpersienner-vastar-och-diverse","8":"first","9":"instock","10":"taxable","11":"shipping-taxable","12":"purchasable","13":"product-type-variable"},"composite_virtual":false,"composite_layout":"","composite_add_to_cart_form_location":"","composite_editable_in_cart":false,"composite_sold_individually_context":"","composite_shop_price_calc":"","composite_components":[],"composite_scenarios":[],"group_of_quantity":0,"min_quantity":0,"max_quantity":"","exclude_order_quantity_value_rules":"no","exclude_category_quantity_rules":"no","combine_variations":"no","exclude_global_add_ons":[],"addons":[],"_links":{"self":[{"href":"https:\/\/www.huntersfriend.eu\/sv\/wp-json\/wp\/v2\/product\/285249","targetHints":{"allow":["GET"]}}],"collection":[{"href":"https:\/\/www.huntersfriend.eu\/sv\/wp-json\/wp\/v2\/product"}],"about":[{"href":"https:\/\/www.huntersfriend.eu\/sv\/wp-json\/wp\/v2\/types\/product"}],"replies":[{"embeddable":true,"href":"https:\/\/www.huntersfriend.eu\/sv\/wp-json\/wp\/v2\/comments?post=285249"}],"wp:featuredmedia":[{"embeddable":true,"href":"https:\/\/www.huntersfriend.eu\/sv\/wp-json\/wp\/v2\/media\/285060"}],"wp:attachment":[{"href":"https:\/\/www.huntersfriend.eu\/sv\/wp-json\/wp\/v2\/media?parent=285249"}],"wp:term":[{"taxonomy":"product_brand","embeddable":true,"href":"https:\/\/www.huntersfriend.eu\/sv\/wp-json\/wp\/v2\/product_brand?post=285249"},{"taxonomy":"product_cat","embeddable":true,"href":"https:\/\/www.huntersfriend.eu\/sv\/wp-json\/wp\/v2\/product_cat?post=285249"},{"taxonomy":"product_tag","embeddable":true,"href":"https:\/\/www.huntersfriend.eu\/sv\/wp-json\/wp\/v2\/product_tag?post=285249"}],"curies":[{"name":"wp","href":"https:\/\/api.w.org\/{rel}","templated":true}]}}