{"id":273742,"date":"2024-02-28T00:57:26","date_gmt":"2024-02-27T22:57:26","guid":{"rendered":"https:\/\/www.huntersfriend.eu\/product\/horselskydd-peltor-sport-tac\/"},"modified":"2026-03-19T15:48:17","modified_gmt":"2026-03-19T13:48:17","slug":"horselskydd-peltor-sport-tac","status":"publish","type":"product","link":"https:\/\/www.huntersfriend.eu\/sv\/produkt\/horselskydd-peltor-sport-tac\/","title":{"rendered":"3M Peltor SportTac h\u00f6rselskydd"},"content":{"rendered":"<p><span class=\"jCAhz ChMk0b\"><span class=\"ryNqvb\">Aktivt h\u00f6rselskydd speciellt utformat f\u00f6r j\u00e4gare och skyttar.<\/span><\/span> <span class=\"jCAhz ChMk0b\"><span class=\"ryNqvb\">Peltor SportTac h\u00f6rselskydd kan enkelt anslutas till en jaktradio.<\/span><\/span><\/p>\n<p><span class=\"jCAhz ChMk0b\"><span class=\"ryNqvb\">3M Peltor SportTac h\u00f6rselskydd \u00e4r ett aktivt h\u00f6rselskydd speciellt utvecklat f\u00f6r jakt och skytte.<\/span><\/span> <span class=\"jCAhz ChMk0b\"><span class=\"ryNqvb\">Unik digital ljudbehandling f\u00f6rst\u00e4rker svaga ljud och eliminerar effektivt skarpa ljud.<\/span><\/span> <span class=\"jCAhz ChMk0b\"><span class=\"ryNqvb\">Den nya elektroniken i Peltor SportTac h\u00f6rselskydd reagerar omedelbart och skyddar h\u00f6rseln fr\u00e5n h\u00f6ga impulsljud och buller.<\/span><\/span> <span class=\"jCAhz ChMk0b\"><span class=\"ryNqvb\">Kan anslutas till en jaktradio.<\/span><\/span> <span class=\"jCAhz ChMk0b\"><span class=\"ryNqvb\">SNR.<\/span><\/span><\/p>\n<p><span class=\"jCAhz ChMk0b\"><span class=\"ryNqvb\">Utformad speciellt f\u00f6r jakt och skytte<\/span><\/span><br \/>\n<span class=\"jCAhz ChMk0b\"><span class=\"ryNqvb\">Utbytbara ytterh\u00f6ljen till\u00e5ter anv\u00e4ndning av fem olika f\u00e4rger<\/span><\/span><br \/>\n<span class=\"jCAhz ChMk0b\"><span class=\"ryNqvb\">Automatisk avst\u00e4ngning<\/span><\/span> <span class=\"jCAhz ChMk0b\"><span class=\"ryNqvb\">Hopf\u00e4llbart huvudband<\/span><\/span><br \/>\n<span class=\"jCAhz ChMk0b\"><span class=\"ryNqvb\">Batteritid ca 600 timmar <\/span><\/span><br \/>\n<span class=\"jCAhz ChMk0b\"><span class=\"ryNqvb\">Ljudanslutning f\u00f6r t.ex. jaktradio<\/span><\/span><br \/>\n<span class=\"jCAhz ChMk0b\"><span class=\"ryNqvb\">Orangea ers\u00e4ttningsk\u00e5por ing\u00e5r i paketet<\/span><\/span><\/p>\n<p><span class=\"jCAhz ChMk0b\"><span class=\"ryNqvb\">Teknisk information<\/span><\/span><br \/>\n<span class=\"jCAhz ChMk0b\"><span class=\"ryNqvb\">Batteritid 600 timmar<\/span><\/span><br \/>\n<span class=\"jCAhz ChMk0b\"><span class=\"ryNqvb\">D\u00e4mpning 26 dB<\/span><\/span><br \/>\n<span class=\"jCAhz ChMk0b\"><span class=\"ryNqvb\">Anslutningstyp J22 ljuding\u00e5ng<\/span><\/span><br \/>\n<span class=\"jCAhz ChMk0b\"><span class=\"ryNqvb\">Nettovikt 318 g<\/span><\/span><br \/>\n<span class=\"jCAhz ChMk0b\"><span class=\"ryNqvb\">Standarder\/godk\u00e4nnanden: CE-godk\u00e4nd<\/span><\/span><br \/>\n<span class=\"jCAhz ChMk0b\"><span class=\"ryNqvb\">D\u00e4mpningsklass (HML) H=29 M=23 L=16<\/span><\/span><br \/>\n<span class=\"jCAhz ChMk0b\"><span class=\"ryNqvb\">Str\u00f6mk\u00e4lla: 2 st 1,5 V AAA-batterier.<\/span><\/span> <span class=\"jCAhz ChMk0b\"><span class=\"ryNqvb\">(ing\u00e5r i paketet)<\/span><\/span><\/p>\n","protected":false},"excerpt":{"rendered":"<p>Aktivt h\u00f6rselskydd speciellt utformat f\u00f6r j\u00e4gare och skyttar. Peltor SportTac h\u00f6rselskydd kan enkelt anslutas till en jaktradio. 3M Peltor SportTac h\u00f6rselskydd \u00e4r ett aktivt h\u00f6rselskydd speciellt utvecklat f\u00f6r jakt och skytte. Unik digital ljudbehandling f\u00f6rst\u00e4rker svaga ljud och eliminerar effektivt skarpa ljud. Den nya elektroniken i Peltor SportTac h\u00f6rselskydd reagerar omedelbart och skyddar h\u00f6rseln fr\u00e5n [&#8230;]\n","protected":false},"featured_media":265039,"comment_status":"open","ping_status":"closed","template":"","meta":[],"product_brand":[],"product_cat":[2692],"product_tag":[],"class_list":{"0":"post-273742","1":"product","2":"type-product","3":"status-publish","4":"has-post-thumbnail","6":"product_cat-ogon-och-horselskydd","8":"first","9":"instock","10":"taxable","11":"shipping-taxable","12":"purchasable","13":"product-type-simple"},"composite_virtual":false,"composite_layout":"","composite_add_to_cart_form_location":"","composite_editable_in_cart":false,"composite_sold_individually_context":"","composite_shop_price_calc":"","composite_components":[],"composite_scenarios":[],"group_of_quantity":0,"min_quantity":0,"max_quantity":"","exclude_order_quantity_value_rules":"no","exclude_category_quantity_rules":"no","combine_variations":"no","exclude_global_add_ons":[],"addons":[],"_links":{"self":[{"href":"https:\/\/www.huntersfriend.eu\/sv\/wp-json\/wp\/v2\/product\/273742","targetHints":{"allow":["GET"]}}],"collection":[{"href":"https:\/\/www.huntersfriend.eu\/sv\/wp-json\/wp\/v2\/product"}],"about":[{"href":"https:\/\/www.huntersfriend.eu\/sv\/wp-json\/wp\/v2\/types\/product"}],"replies":[{"embeddable":true,"href":"https:\/\/www.huntersfriend.eu\/sv\/wp-json\/wp\/v2\/comments?post=273742"}],"wp:featuredmedia":[{"embeddable":true,"href":"https:\/\/www.huntersfriend.eu\/sv\/wp-json\/wp\/v2\/media\/265039"}],"wp:attachment":[{"href":"https:\/\/www.huntersfriend.eu\/sv\/wp-json\/wp\/v2\/media?parent=273742"}],"wp:term":[{"taxonomy":"product_brand","embeddable":true,"href":"https:\/\/www.huntersfriend.eu\/sv\/wp-json\/wp\/v2\/product_brand?post=273742"},{"taxonomy":"product_cat","embeddable":true,"href":"https:\/\/www.huntersfriend.eu\/sv\/wp-json\/wp\/v2\/product_cat?post=273742"},{"taxonomy":"product_tag","embeddable":true,"href":"https:\/\/www.huntersfriend.eu\/sv\/wp-json\/wp\/v2\/product_tag?post=273742"}],"curies":[{"name":"wp","href":"https:\/\/api.w.org\/{rel}","templated":true}]}}