{"id":231781,"date":"2022-05-25T15:42:19","date_gmt":"2022-05-25T13:42:19","guid":{"rendered":"https:\/\/www.huntersfriend.eu\/product\/meindl-island-mfs-active-rock\/"},"modified":"2026-04-16T07:30:03","modified_gmt":"2026-04-16T05:30:03","slug":"meindl-island-mfs-active-rock","status":"publish","type":"product","link":"https:\/\/www.huntersfriend.eu\/sv\/produkt\/meindl-island-mfs-active-rock\/","title":{"rendered":"Meindl Island MFS Active Rock"},"content":{"rendered":"<p>Der Meindl Island MFS Active Rock Wanderschuh ist f\u00fcr lange Touren und anspruchsvolles Terrain gemacht. Dieser beliebte Wanderschuh bietet hervorragenden Halt, Komfort und Haltbarkeit. Der starke, hohe Kn\u00f6chelbereich st\u00fctzt gut und bietet auch an den schwierigsten Stellen guten Halt. Stabile und ausgewogene Sohle. Das Memory Foam System des Schuhs passt sich der Fu\u00dfform des Tr\u00e4gers an. Die wasserdichte Gore-Tex-Membran h\u00e4lt Ihre F\u00fc\u00dfe zu 100% trocken. Der Unterschied zwischen dem Meindl Island Active Rock und bisherigen Sohlenmaterialien: Die orangefarbene Mitte der Meindl Multigrip\u00ae ROCK-Sohle besteht aus Gummimaterial, um eine bessere Griffigkeit auf rutschigen Untergr\u00fcnden wie nassem Holz und Felsen zu gew\u00e4hrleisten. Verbessertes Design und langlebigere Konstruktion. Durch diese Neuerungen ist die Sohle deutlich fester und gleichzeitig flexibler f\u00fcr den Anwender.<\/p>\n<p>Farbe: orange | braun<\/p>\n<p>Obermaterial: Ge\u00f6ltes Seiden &#8211; Nubukleder<\/p>\n<p>Innenfutter: GORE-TEX<\/p>\n<p>Fu\u00dfbett: AIR-ACTIVE\u00ae SOFT PRINT Trockensohle<\/p>\n<p>Sohle: Meindl Multigrip\u00ae ROCK mit PU-Sto\u00dfd\u00e4mpfer und Frame Technology<\/p>\n<p>Gewicht: 890g<\/p>\n<p>Gr\u00f6\u00dfentabelle:<\/p>\n<table class=\"table table-striped table-bordered\">\n<thead>\n<tr>\n<th>EU<\/th>\n<th>US<\/th>\n<th>UK<\/th>\n<th>HEEL TO TOE<\/th>\n<\/tr>\n<\/thead>\n<tbody>\n<tr>\n<td>36<\/td>\n<td>4.5<\/td>\n<td>3.5<\/td>\n<td>23 cm<\/td>\n<\/tr>\n<tr>\n<td>37<\/td>\n<td>5<\/td>\n<td>4<\/td>\n<td>23.5 cm<\/td>\n<\/tr>\n<tr>\n<td>37.5<\/td>\n<td>5.5<\/td>\n<td>4.5<\/td>\n<td>24 cm<\/td>\n<\/tr>\n<tr>\n<td>38<\/td>\n<td>6<\/td>\n<td>5<\/td>\n<td>24.5 cm<\/td>\n<\/tr>\n<tr>\n<td>39<\/td>\n<td>6.5<\/td>\n<td>5.5<\/td>\n<td>25 cm<\/td>\n<\/tr>\n<tr>\n<td>39.5<\/td>\n<td>7<\/td>\n<td>6<\/td>\n<td>25.25 cm<\/td>\n<\/tr>\n<tr>\n<td>40<\/td>\n<td>7.5<\/td>\n<td>6.5<\/td>\n<td>25.5 cm<\/td>\n<\/tr>\n<tr>\n<td>41<\/td>\n<td>8<\/td>\n<td>7<\/td>\n<td>26 cm<\/td>\n<\/tr>\n<tr>\n<td>41.5<\/td>\n<td>8.5<\/td>\n<td>7.5<\/td>\n<td>26.5 cm<\/td>\n<\/tr>\n<tr>\n<td>42<\/td>\n<td>9<\/td>\n<td>8<\/td>\n<td>27 cm<\/td>\n<\/tr>\n<tr>\n<td>42.5<\/td>\n<td>9.5<\/td>\n<td>8.5<\/td>\n<td>27.5 cm<\/td>\n<\/tr>\n<tr>\n<td>43<\/td>\n<td>10<\/td>\n<td>9<\/td>\n<td>28 cm<\/td>\n<\/tr>\n<tr>\n<td>44<\/td>\n<td>10.5<\/td>\n<td>9.5<\/td>\n<td>28.25 cm<\/td>\n<\/tr>\n<tr>\n<td>44.5<\/td>\n<td>11<\/td>\n<td>10<\/td>\n<td>28.5 cm<\/td>\n<\/tr>\n<tr>\n<td>45<\/td>\n<td>11.5<\/td>\n<td>10.5<\/td>\n<td>29 cm<\/td>\n<\/tr>\n<tr>\n<td>46<\/td>\n<td>12<\/td>\n<td>11<\/td>\n<td>29.5 cm<\/td>\n<\/tr>\n<tr>\n<td>46.5<\/td>\n<td>12.5<\/td>\n<td>11.5<\/td>\n<td>30 cm<\/td>\n<\/tr>\n<tr>\n<td>47<\/td>\n<td>13<\/td>\n<td>12<\/td>\n<td>30.5 cm<\/td>\n<\/tr>\n<tr>\n<td>48<\/td>\n<td>13.5<\/td>\n<td>12.5<\/td>\n<td>30.75 cm<\/td>\n<\/tr>\n<tr>\n<td>48.5<\/td>\n<td>14<\/td>\n<td>13<\/td>\n<td>31 cm<\/td>\n<\/tr>\n<tr>\n<td>49<\/td>\n<td>14.5<\/td>\n<td>13.5<\/td>\n<td>31.5 cm<\/td>\n<\/tr>\n<tr>\n<td>49.5<\/td>\n<td>15<\/td>\n<td>14<\/td>\n<td>32 cm<\/td>\n<\/tr>\n<tr>\n<td>50.5<\/td>\n<td>15.5<\/td>\n<td>14.5<\/td>\n<td>32.5 cm<\/td>\n<\/tr>\n<tr>\n<td>51<\/td>\n<td>16<\/td>\n<td>15<\/td>\n<td>33 cm<\/td>\n<\/tr>\n<\/tbody>\n<\/table>\n","protected":false},"excerpt":{"rendered":"<p>Top quality GORE-TEX Wanderschuh<\/p>\n","protected":false},"featured_media":0,"comment_status":"open","ping_status":"closed","template":"","meta":[],"product_brand":[],"product_cat":[16],"product_tag":[],"class_list":{"0":"post-231781","1":"product","2":"type-product","3":"status-publish","5":"product_cat-uncategorized","7":"first","8":"instock","9":"taxable","10":"shipping-taxable","11":"purchasable","12":"product-type-variable"},"composite_virtual":false,"composite_layout":"","composite_add_to_cart_form_location":"","composite_editable_in_cart":false,"composite_sold_individually_context":"","composite_shop_price_calc":"","composite_components":[],"composite_scenarios":[],"group_of_quantity":0,"min_quantity":0,"max_quantity":"","exclude_order_quantity_value_rules":"no","exclude_category_quantity_rules":"no","combine_variations":"no","exclude_global_add_ons":[],"addons":[],"_links":{"self":[{"href":"https:\/\/www.huntersfriend.eu\/sv\/wp-json\/wp\/v2\/product\/231781","targetHints":{"allow":["GET"]}}],"collection":[{"href":"https:\/\/www.huntersfriend.eu\/sv\/wp-json\/wp\/v2\/product"}],"about":[{"href":"https:\/\/www.huntersfriend.eu\/sv\/wp-json\/wp\/v2\/types\/product"}],"replies":[{"embeddable":true,"href":"https:\/\/www.huntersfriend.eu\/sv\/wp-json\/wp\/v2\/comments?post=231781"}],"wp:attachment":[{"href":"https:\/\/www.huntersfriend.eu\/sv\/wp-json\/wp\/v2\/media?parent=231781"}],"wp:term":[{"taxonomy":"product_brand","embeddable":true,"href":"https:\/\/www.huntersfriend.eu\/sv\/wp-json\/wp\/v2\/product_brand?post=231781"},{"taxonomy":"product_cat","embeddable":true,"href":"https:\/\/www.huntersfriend.eu\/sv\/wp-json\/wp\/v2\/product_cat?post=231781"},{"taxonomy":"product_tag","embeddable":true,"href":"https:\/\/www.huntersfriend.eu\/sv\/wp-json\/wp\/v2\/product_tag?post=231781"}],"curies":[{"name":"wp","href":"https:\/\/api.w.org\/{rel}","templated":true}]}}