{"id":294078,"date":"2026-01-30T14:33:53","date_gmt":"2026-01-30T12:33:53","guid":{"rendered":"https:\/\/www.huntersfriend.eu\/tack\/"},"modified":"2026-01-30T14:35:41","modified_gmt":"2026-01-30T12:35:41","slug":"tack","status":"publish","type":"page","link":"https:\/\/www.huntersfriend.eu\/sv\/tack\/","title":{"rendered":"Tack"},"content":{"rendered":"<h1 data-start=\"214\" data-end=\"261\"><img decoding=\"async\" class=\"alignnone size-large wp-image-279356\" src=\"https:\/\/www.huntersfriend.eu\/app\/uploads\/2025\/06\/hfe-newsletter-page-vortex-1024x311.jpg\" alt=\"\" width=\"1020\" height=\"310\" srcset=\"https:\/\/www.huntersfriend.eu\/app\/uploads\/2025\/06\/hfe-newsletter-page-vortex-1024x311.jpg 1024w, https:\/\/www.huntersfriend.eu\/app\/uploads\/2025\/06\/hfe-newsletter-page-vortex-600x182.jpg 600w, https:\/\/www.huntersfriend.eu\/app\/uploads\/2025\/06\/hfe-newsletter-page-vortex-768x233.jpg 768w, https:\/\/www.huntersfriend.eu\/app\/uploads\/2025\/06\/hfe-newsletter-page-vortex-1536x467.jpg 1536w, https:\/\/www.huntersfriend.eu\/app\/uploads\/2025\/06\/hfe-newsletter-page-vortex-2048x622.jpg 2048w, https:\/\/www.huntersfriend.eu\/app\/uploads\/2025\/06\/hfe-newsletter-page-vortex-300x91.jpg 300w, https:\/\/www.huntersfriend.eu\/app\/uploads\/2025\/06\/hfe-newsletter-page-vortex-200x61.jpg 200w\" sizes=\"(max-width: 1020px) 100vw, 1020px\" \/><\/h1>\n<h1><strong data-start=\"1248\" data-end=\"1286\">Tack \u2013 dina uppgifter \u00e4r uppdaterade!<\/strong><\/h1>\n<p>Dina preferenser \u00e4r nu uppdaterade, s\u00e5 vi kan dela med oss av de mest relevanta tipsen, produktnyheterna och erbjudandena. Kul att ha dig i Hunters Friend-g\u00e4nget. <\/p>\n","protected":false},"excerpt":{"rendered":"<p>Tack \u2013 dina uppgifter \u00e4r uppdaterade! Dina preferenser \u00e4r nu uppdaterade, s\u00e5 vi kan dela med oss av de mest relevanta tipsen, produktnyheterna och erbjudandena. Kul att ha dig i Hunters Friend-g\u00e4nget.<\/p>\n","protected":false},"author":50,"featured_media":0,"parent":0,"menu_order":0,"comment_status":"closed","ping_status":"closed","template":"","meta":{"footnotes":""},"class_list":["post-294078","page","type-page","status-publish","hentry"],"_links":{"self":[{"href":"https:\/\/www.huntersfriend.eu\/sv\/wp-json\/wp\/v2\/pages\/294078","targetHints":{"allow":["GET"]}}],"collection":[{"href":"https:\/\/www.huntersfriend.eu\/sv\/wp-json\/wp\/v2\/pages"}],"about":[{"href":"https:\/\/www.huntersfriend.eu\/sv\/wp-json\/wp\/v2\/types\/page"}],"author":[{"embeddable":true,"href":"https:\/\/www.huntersfriend.eu\/sv\/wp-json\/wp\/v2\/users\/50"}],"replies":[{"embeddable":true,"href":"https:\/\/www.huntersfriend.eu\/sv\/wp-json\/wp\/v2\/comments?post=294078"}],"version-history":[{"count":1,"href":"https:\/\/www.huntersfriend.eu\/sv\/wp-json\/wp\/v2\/pages\/294078\/revisions"}],"predecessor-version":[{"id":294111,"href":"https:\/\/www.huntersfriend.eu\/sv\/wp-json\/wp\/v2\/pages\/294078\/revisions\/294111"}],"wp:attachment":[{"href":"https:\/\/www.huntersfriend.eu\/sv\/wp-json\/wp\/v2\/media?parent=294078"}],"curies":[{"name":"wp","href":"https:\/\/api.w.org\/{rel}","templated":true}]}}