{"id":285241,"date":"2025-08-25T11:33:55","date_gmt":"2025-08-25T09:33:55","guid":{"rendered":"https:\/\/www.huntersfriend.eu\/vi-kan-hjalpa-till\/var-pro-shop\/"},"modified":"2025-08-25T11:33:56","modified_gmt":"2025-08-25T09:33:56","slug":"var-pro-shop","status":"publish","type":"page","link":"https:\/\/www.huntersfriend.eu\/sv\/vi-kan-hjalpa-till\/var-pro-shop\/","title":{"rendered":"V\u00e5r pro-shop"},"content":{"rendered":"\n\t<section class=\"section\" id=\"section_1602261127\">\n\t\t<div class=\"section-bg fill\" >\n\t\t\t\t\t\t\t\t\t\n\t\t\t\n\n\t\t<\/div>\n\n\t\t\n\n\t\t<div class=\"section-content relative\">\n\t\t\t\n\t<div id=\"gap-1301441783\" class=\"gap-element clearfix\" style=\"display:block; height:auto;\">\n\t\t\n<style>\n#gap-1301441783 {\n  padding-top: 20px;\n}\n<\/style>\n\t<\/div>\n\t\n<div class=\"container section-title-container\" ><h1 class=\"section-title section-title-center\"><b aria-hidden=\"true\"><\/b><span class=\"section-title-main\" >Compoundb\u00e5gepaket<\/span><b aria-hidden=\"true\"><\/b><\/h1><\/div>\n<div class=\"row align-center\"  id=\"row-1904735420\">\n\n\t<div id=\"col-1771980369\" class=\"col medium-12 small-12 large-8\"  >\n\t\t\t\t<div class=\"col-inner\"  >\n\t\t\t\n\t\t\t\n<h2>Mycket mer \u00e4n ett grundl\u00e4ggande b\u00e5gepaket<\/h2>\n<h3><img decoding=\"async\" src=\"https:\/\/www.huntersfriend.com\/assets\/images\/program1.jpg\" alt=\"om v\u00e5rt compoundb\u00e5gepaket foto 1\" align=\"right\" border=\"0\">VAD \u00c4R ETT PRO-SHOP-PAKET?<\/h3>\n<p>V\u00e5ra pro-shop-paket skiljer sig markant fr\u00e5n compoundb\u00e5ge-&#8221;kit&#8221; eller &#8221;outfitter&#8221;-b\u00e5gar som du hittar i stormarknaderna. V\u00e5ra compoundb\u00e5gepaket \u00e4r KOMPLETTA F\u00c4LTKLARA b\u00e5gjaktssystem som har blivit professionellt f\u00f6rberedda, justerade, testade, intrimmade och f\u00f6rsiktade i v\u00e5r pro-shop av en riktig tekniker. Det \u201c\u00e4r ingen gimmick eller f\u00e4rdig l\u00f6sning. N\u00e4r vi s\u00e4ger att en b\u00e5ge \u00e4r skjutklar \u00e4r det f\u00f6r att v\u00e5ra tekniker faktiskt har st\u00e4llt in och skjutit med b\u00e5gen f\u00f6r hand. Vi har verkligen trimmat in den. Vi har till och med chronograferat den. Den \u00e4r redo f\u00f6r action! V\u00e5ra pro-shop-paket kr\u00e4ver inga ytterligare delar eller montering. De\u201d\u201cre redo att anv\u00e4ndas direkt. N\u00e4r du tar ut din nya b\u00e5ge ur fodralet \u00e4r den klar att skjuta. Vi menar det verkligen. V\u00e5ra pro-shop compoundb\u00e5gesystem kommer REDO OCH LADDADE med allt: b\u00e5ge, sikte, pilhylla, koger, stabilisator, sele, fodral, specialpilar, jaktspetsar, mekanisk release, kikarsikte, nockl\u00e4ge och mer! Alla tj\u00e4nster har utf\u00f6rts \u2013 alla tekniska fr\u00e5gor har hanterats. Allt du beh\u00f6ver g\u00f6ra \u00e4r att slutf\u00f6ra insiktningen. Om du \u00e4r ny inom sporten &#8211; oroa dig inte. V\u00e5r Kom ig\u00e5ng-guide tar dig genom hela processen, fr\u00e5n grundl\u00e4ggande grepp och st\u00e4llning, till inst\u00e4llning av l\u00e5ngdistanspinnar och utveckling av repeterbar skjutteknik. Ta din tid &#8211; njut av processen &#8211; s\u00e5 kommer det att g\u00e5 bra.                <\/p>\n<p><img decoding=\"async\" src=\"https:\/\/www.huntersfriend.com\/assets\/images\/program2.jpg\" alt=\"om v\u00e5rt compoundb\u00e5gepaket foto 2\" align=\"right\" border=\"0\"><\/p>\n<h3>KALLAS DETTA ETT \u201c&#8221;JAKTKLART&#8221;\u201d B\u00c5GEPAKET?<\/h3>\n<p>Ja \u2013 det gjorde det. Vi skapade det \u201cReady-to-Hunt\u201d b\u00e5gepaketet f\u00f6r n\u00e4stan femton \u00e5r sedan. Frasen var v\u00e5rt unika k\u00e4nnetecken i m\u00e5nga \u00e5r. Tyv\u00e4rr har termen l\u00e5ngsamt tagits \u00f6ver av hela branschen, fr\u00e4mst av de stora b\u00e5gtillverkarna. Idag finns det m\u00e5nga grundl\u00e4ggande &#8221;kit&#8221; och &#8221;outfitter&#8221;-b\u00e5gar som marknadsf\u00f6rs som &#8221;Jaktklara&#8221; b\u00e5gar. Skrattretande nog \u00e4r <strong>en fabriksf\u00f6rpackad compoundb\u00e5ge allt annat \u00e4n &#8221;klar&#8221;<\/strong>, om du inte bara menar klar att <strong>s\u00e4lja<\/strong>. Det \u00e4r vad \u00f6vertagandet har handlat om. B\u00e5gmarknaden drivs allt mer av stormarknadernas efterfr\u00e5gan, och b\u00e5gtillverkarna har varit under \u00f6kande press att tillhandah\u00e5lla f\u00e4rdigf\u00f6rpackade l\u00f6sningar till masshandeln. S\u00e5 ett antal compoundb\u00e5gar, s\u00e4rskilt nyb\u00f6rjarb\u00e5gar, f\u00f6rpackas nu med billiga p\u00e5skruvade delar och en handfull pilar s\u00e5 att de kan marknadsf\u00f6ras som &#8221;Jaktklara&#8221; och s\u00e4ljas i masshandeln som nyckelf\u00e4rdiga b\u00e5gjaktsl\u00f6sningar (vilket de definitivt inte \u00e4r). Det \u00e4r ett olyckligt bedr\u00e4geri mot konsumenterna och en sorglig utveckling f\u00f6r v\u00e5r bransch, men det \u00e4r verkligheten i storf\u00f6retagens v\u00e4rld. Trots v\u00e5r f\u00f6rk\u00e4rlek och nostalgi f\u00f6r termen &#8221;Ready-to-Hunt&#8221;, har den nu blivit urvattnad bortom sin anv\u00e4ndbarhet hos Hunter&#8217;s Friend. Fr\u00e5n och med 2017 har vi pensionerat termen. Vi beskriver nu v\u00e5ra fullservicepaket som &#8221;Pro-Shop-paket&#8221;. Vi f\u00e5r se hur l\u00e5ng tid det tar innan de tar \u00f6ver denna term. Naturligtvis tillhandah\u00e5ller vi fortfarande samma pro-shop-tj\u00e4nster som vi alltid har gjort. Inget har f\u00f6r\u00e4ndrats h\u00e4r f\u00f6rutom logotypen.               <\/p>\n<p><img decoding=\"async\" src=\"https:\/\/www.huntersfriend.com\/assets\/images\/program3.jpg\" alt=\"om v\u00e5rt compoundb\u00e5gepaket foto 3\" align=\"right\" border=\"0\"><\/p>\n<h3>VARF\u00d6R VI G\u00d6R DET P\u00c5 DETTA S\u00c4TT  VARF\u00d6R ANDRA INTE G\u00d6R DET:<\/h3>\n<p>Vi \u00e4r en B\u00e5gskytte Pro-Shop. Vi \u00e4r inte en stormarknad eller ett lagerordercenter. V\u00e5r styrka \u00e4r hantverk och service, inte massf\u00f6rs\u00e4ljning. S\u00e5 att s\u00e4lja v\u00e5r utrustning baserat p\u00e5 en servicemodell \u00e4r helt logiskt f\u00f6r oss. V\u00e5rt team b\u00f6rjar bygga b\u00e5gar och fl\u00e4ta pilar klockan 6:30 varje morgon, s\u00e5 det \u00e4r ingen s\u00e4rskild b\u00f6rda f\u00f6r oss att st\u00e4lla in, testa, trimma och sikta in en b\u00e5ge f\u00f6r v\u00e5ra kunder. Det \u00e4r vad vi g\u00f6r. Vi \u00e4lskar det! Faktiskt \u00e4r b\u00e5gskytte i princip ALLT vi g\u00f6r. Vi s\u00e4ljer inte trollingmotorer, kajaker eller golfv\u00e4skor &#8211; och v\u00e5r utst\u00e4llningslokal har inte ens ett akvarium. Naturligtvis \u00e4r det mycket jobb att s\u00e4lja b\u00e5gar p\u00e5 detta s\u00e4tt, och det kr\u00e4ver ett betydande \u00e5tagande av resurser (anl\u00e4ggningar, verktyg, personal, etc.). De flesta online-b\u00e5g\u00e5terf\u00f6rs\u00e4ljare skulle springa skrikande fr\u00e5n v\u00e5r aff\u00e4rsmodell. Faktiskt undviker de flesta online-\u00e5terf\u00f6rs\u00e4ljare medvetet att tillhandah\u00e5lla pro-shop-tj\u00e4nster och f\u00f6redrar den \u201c&#8221;ber\u00f6ringsfria&#8221;\u201d metoden f\u00f6r b\u00e5gf\u00f6rs\u00e4ljning. Kunderna f\u00e5r helt enkelt vad som finns i l\u00e5dan och alla hoppas bara p\u00e5 det b\u00e4sta. Vissa b\u00e5g\u00e5terf\u00f6rs\u00e4ljare f\u00f6rlitar sig till och med p\u00e5 drop-ship-metoden &#8211; d\u00e4r en fabrik eller ett distributionscenter skickar delar till kunder p\u00e5 s\u00e4ljarens v\u00e4gnar. \u201c&#8221;Butiken&#8221;\u201d ser aldrig ens delarna de s\u00e4ljer. Kanske finns det snabba pengar att tj\u00e4na p\u00e5 det s\u00e4ttet, men det \u00e4r bara inte v\u00e5r stil. Kalla oss gammaldags om du vill, men vi gillar att arbeta med utrustningen. Och om det inneb\u00e4r att vi aldrig blir en eBay Power Seller &#8230; tja, vi f\u00e5r ta den risken.                 <\/p>\n<p><img decoding=\"async\" src=\"https:\/\/www.huntersfriend.com\/assets\/images\/program4.jpg\" alt=\"om v\u00e5rt compoundb\u00e5gepaket foto 4\" align=\"right\" border=\"0\"><\/p>\n<h3>BYGGS B\u00c5GARNA P\u00c5 BEST\u00c4LLNING F\u00d6R VARJE ENSKILD KUND?<\/h3>\n<p>Ja! Det \u00e4r det enda s\u00e4ttet vi g\u00f6r det p\u00e5. V\u00e5r pro-shop bygger ett b\u00e5gsystem F\u00d6R DIG &#8211; enligt dina specifikationer, storlekar och preferenser. Vi g\u00f6r inga monteringar i f\u00f6rv\u00e4g och vi litar inte p\u00e5 n\u00e5gon specifikation f\u00f6rr\u00e4n vi verifierar den sj\u00e4lva. S\u00e5 varje order \u00e4r ett specialjobb. Om du \u00e4r en erfaren b\u00e5gj\u00e4gare och redan k\u00e4nner till dina storlekar och preferenser, ber\u00e4tta bara vad du gillar s\u00e5 s\u00e4tter vi ig\u00e5ng. Om du \u00e4r ny inom b\u00e5gjakt och beh\u00f6ver hj\u00e4lp med storlekar och val av alternativ, g\u00e5r vi igenom processen steg f\u00f6r steg. En stor del av v\u00e5rt program fokuserar p\u00e5 att utbilda och ge kunder m\u00f6jlighet att g\u00f6ra bra utrustningsval. S\u00e5 oroa dig inte. Vi har utrustat tiotusentals nya b\u00e5gj\u00e4gare genom \u00e5ren, och vi tar oss tid att se till att DIN utrustning blir r\u00e4tt.         <\/p>\n<p><img decoding=\"async\" src=\"https:\/\/www.huntersfriend.com\/assets\/images\/program5.jpg\" alt=\"om v\u00e5rt compoundb\u00e5gepaket foto 5\" align=\"right\" border=\"0\"><\/p>\n<h3>PROFESSIONELL HJ\u00c4LP L\u00c4NGS V\u00c4GEN:<\/h3>\n<p>N\u00e4r du handlar p\u00e5 v\u00e5r webbplats kommer du s\u00e4kert att m\u00e4rka att varje b\u00e5gepaket inneh\u00e5ller l\u00e4ttf\u00f6rst\u00e5eliga hj\u00e4lpavsnitt, m\u00e4tguider och tekniska r\u00e5d. Vi l\u00e5ter dig inte vada genom all branschjargong ensam och vi f\u00f6rs\u00f6ker ALDRIG f\u00e5 nyb\u00f6rjare att k\u00e4nna sig dumma (av n\u00e5gon anledning g\u00f6r m\u00e5nga pro-shops det). Vi vill att du ska k\u00e4nna dig n\u00f6jd med det du \u201ck\u00f6per och vi vill att du ska f\u00f6rst\u00e5 vad\u201d som \u00e4r viktigt och vad du inte beh\u00f6ver oroa dig f\u00f6r. Vi kan hj\u00e4lpa till. Om du gillar online-guiderna, anv\u00e4nd dem g\u00e4rna. Men vi har riktiga m\u00e4nniskor h\u00e4r om du hellre vill prata med en levande person. Ring bara v\u00e5r hj\u00e4lpdesk p\u00e5 877-410-7811 s\u00e5 g\u00e5r vi igenom grunderna p\u00e5 gammaldags vis. Oavsett vilket \u00e4r det v\u00e5rt jobb att se till att du v\u00e4ljer r\u00e4tt utrustning f\u00f6r ditt syfte, budget och erfarenhetsniv\u00e5. Vi vill att du ska tr\u00e4ffa prick redan f\u00f6rsta dagen. Vi \u201chj\u00e4lper dig att b\u00f6rja med smarta val och ger det st\u00f6d du beh\u00f6ver f\u00f6r att lyckas. Det\u201d s vad vi g\u00f6r.<br \/>\n\t\t<\/div>\n\t\t\t\t\t<\/div>\n\n\t\n\n<style>\n#row-1904735420 > .col > .col-inner {\n  padding: 0px 0px 0px 0px;\n}\n@media (min-width:850px) {\n  #row-1904735420 > .col > .col-inner {\n    padding: 0px 0px 50px 0px;\n  }\n}\n<\/style>\n<\/div>\n<div class=\"row align-center\"  id=\"row-282120557\">\n\n\t<div id=\"col-247072600\" class=\"col medium-12 small-12 large-8\"  >\n\t\t\t\t<div class=\"col-inner\"  >\n\t\t\t\n\t\t\t\n<h2>\u00c4kta servicearbete. Det \u00e4r vad vi g\u00f6r. <\/h2>\n<p><img decoding=\"async\" src=\"https:\/\/www.huntersfriend.com\/assets\/images\/program6.jpg\" alt=\"om v\u00e5rt compoundb\u00e5gepaket foto 6\" align=\"right\" border=\"0\"><\/p>\n<h3>V\u00c5R PRO-SHOP S\u00c4TTER IG\u00c5NG:<\/h3>\n<p>N\u00e4r du har best\u00e4mt dig f\u00f6r en utrustning &#8211; \u00e4r det dags f\u00f6r oss att s\u00e4tta ig\u00e5ng. Vi b\u00f6rjar med den nakna b\u00e5gen, justerar den till den exakta dragvikten, dragl\u00e4ngden och let-off-inst\u00e4llningarna du v\u00e4ljer. Vi kontrollerar varje b\u00e5ge f\u00f6r korrekt kamtiming\/synkronisering och korrigerar vanliga fabriksbrister (dragl\u00e4ngdsfel, kamvinkel, slarviga axelmellanl\u00e4gg, ov\u00e5rdade servningar, etc.). Sedan installerar vi professionellt alla dina tillbeh\u00f6r, str\u00e4ngtillbeh\u00f6r och ytterligare enheter. V\u00e5r verkstad \u00e4r utrustad med moderna fingerstyrda b\u00e5gpressar f\u00f6r att hantera dagens parallella (och bortom parallella) b\u00e5gstilar. Vi anv\u00e4nder ocks\u00e5 helt digitala viktskalor och Eastons Digital Bow Force Mapping System f\u00f6r att s\u00e4kerst\u00e4lla korrekta chronografavl\u00e4sningar.     <\/p>\n<p><img decoding=\"async\" src=\"https:\/\/www.huntersfriend.com\/assets\/images\/program7.jpg\" alt=\"om v\u00e5rt compoundb\u00e5gepaket foto 7\" align=\"right\" border=\"0\"><\/p>\n<h3>GRUNDL\u00c4GGANDE PILBANA:<\/h3>\n<p>Varje b\u00e5gepaket kommer med pilar, men vi anv\u00e4nder ALDRIG maskinfl\u00e4tade pilar fr\u00e5n hyllan &#8230; EVER. De \u00e4r helt enkelt inte tillr\u00e4ckligt bra. Ist\u00e4llet bygger vi specialanpassade pilar specifikt f\u00f6r att fungera med din specifika b\u00e5ge &#8211; matchande pilspine, vikt, l\u00e4ngd och FOC till din b\u00e5ges uteffektegenskaper. N\u00e4r pilarna \u00e4r klara och v\u00e5r inledande delmonteringsprocess \u00e4r klar, f\u00f6rcyklas b\u00e5gen f\u00f6r str\u00e4ngstr\u00e4ckning, och flyttas sedan in i v\u00e5r \u201c&#8221;skjuttunnel&#8221;\u201d d\u00e4r vi utf\u00f6r v\u00e5ra grundl\u00e4ggande papperstrimningsprocesser f\u00f6r att unders\u00f6ka grundl\u00e4ggande pilbana och chronograftesta riggen. De flesta pro-shops stannar h\u00e4r vid \u201c&#8221;relativ trimning&#8221;\u201d, men denna procedur \u00e4r bara b\u00f6rjan f\u00f6r oss.     <\/p>\n<p><img decoding=\"async\" src=\"https:\/\/www.huntersfriend.com\/assets\/images\/program8.jpg\" alt=\"om v\u00e5rt compoundb\u00e5gepaket foto 8\" align=\"right\" border=\"0\"><\/p>\n<h3>GRUPPTRIMNING\/SKJUTBANETESTNING:<\/h3>\n<p>N\u00e4r vi har b\u00e5gen i relativ trimning och den g\u00f6r ett rent kulh\u00e5l genom pappret, skjutbanetester (grupptrimmar) vi sedan varje Pro-Shop-b\u00e5ge f\u00f6r precision och g\u00f6r mindre justeringar efter behov tills varje pil flyger laserstr\u00e5lerakt och pilarna landar i ett t\u00e4tt repeterbart m\u00f6nster. Vi testskjuter varje compoundb\u00e5ge, bokstavligen dussintals g\u00e5nger, tills vi \u00e4r n\u00f6jda med att b\u00e5gen presterar korrekt. Denna procedur ger oss ocks\u00e5 m\u00f6jlighet att fels\u00f6ka eventuella ljudproblem, kikarsiktes- eller str\u00e4ngproblem, fj\u00e4derkontaktproblem, etc. Vissa riggar trimmas snabbt och enkelt, andra inte. Det \u00e4r d\u00e4rf\u00f6r varje b\u00e5ge \u00e4r ett specialfall som f\u00e5r praktisk uppm\u00e4rksamhet fr\u00e5n en enda tekniker (inget l\u00f6pande band-system h\u00e4r). Teknikern slutar inte f\u00f6rr\u00e4n allt \u00e4r r\u00e4tt. Om han inte \u00e4r n\u00f6jd, vet vi att du inte kommer att bli n\u00f6jd.      <\/p>\n<p><img decoding=\"async\" src=\"https:\/\/www.huntersfriend.com\/assets\/images\/program9.jpg\" alt=\"om v\u00e5rt compoundb\u00e5gepaket foto 9\" align=\"right\" border=\"0\"><\/p>\n<h3>F\u00d6RSIKTNING AV \u00d6VERSTA PINNEN:<\/h3>\n<p>N\u00e4r b\u00e5gen grupperar pilarna korrekt \u00e4r det \u201cdags att f\u00e5 dessa grupper p\u00e5 m\u00e5let. Din tekniker grovst\u00e4ller din \u00f6versta siktpinne f\u00f6r ett 20 yards skott. \u00c5terigen g\u00f6rs denna process f\u00f6r hand p\u00e5 v\u00e5r skjutbana. Vi skjuter \u2013 justerar \u2013 skjuter igen \u2013 och s\u00e5 vidare, tills den\u201d \u00e4r inst\u00e4lld p\u00e5 20. Naturligtvis \u00e4r varje skytt lite annorlunda \u2013 tv\u00e5 personer skjuter s\u00e4llan en b\u00e5ge exakt likadant. \u00c4nd\u00e5 s\u00e4kerst\u00e4ller denna process att dina allra f\u00f6rsta skott sannolikt hamnar inom n\u00e5gra tum fr\u00e5n mitten, och sedan \u00e4r de fina pinjusteringarna upp till dig (tydliga instruktioner finns i den r\u00f6da broschyren). V\u00e5r process f\u00e5r dig bekv\u00e4mt \u201c&#8221;p\u00e5 pappret&#8221;\u201d, s\u00e5 du inte beh\u00f6ver b\u00f6rja sikta in fr\u00e5n b\u00f6rjan och skjuta pilar i marken. Vi \u201ckommer att f\u00e5 dig riktigt n\u00e4ra &#8211; redan fr\u00e5n f\u00f6rsta skottet. Det f\u00e5r du definitivt inte fr\u00e5n ett stormarknadspaket.\u201d        <\/p>\n<p><img decoding=\"async\" src=\"https:\/\/www.huntersfriend.com\/assets\/images\/program10.jpg\" alt=\"om v\u00e5rt compoundb\u00e5gepaket foto 10\" align=\"right\" border=\"0\"><\/p>\n<h3>SPECIFIKATION AV COMPOUNDB\u00c5GESYSTEMET:<\/h3>\n<p>N\u00e4r prestandatestning och f\u00f6rsiktningsprocesser \u00e4r klara, f\u00f6rbereder vi en omfattande rapport f\u00f6r dig. Vi v\u00e4ger och specificerar specialpilarna och ber\u00e4knar b\u00e5gsystemets faktiska kinetiska energiuteffekt (r\u00e5a chronografdata ing\u00e5r ocks\u00e5). Vi dokumenterar till och med b\u00e5gens slutliga inst\u00e4llningar, nyckelspecifikationer och serienummer. Vi beh\u00e5ller en kopia av rapporten h\u00e4r och skickar originalet till dig med din b\u00e5ge. Vi bifogar \u00e4ven det fysiska papperstrimningsbeviset. Varje Pro-Shop-paket vi f\u00f6rbereder f\u00e5r denna unika Verkstadsorder Monterings-  Testrapport &#8211; bokstavligen b\u00e5gens individuella betyg. Vi f\u00f6resl\u00e5r att du beh\u00e5ller denna rapport f\u00f6r framtida referens och f\u00f6r f\u00f6rs\u00e4krings\u00e4ndam\u00e5l.      <\/p>\n<p><img decoding=\"async\" src=\"https:\/\/www.huntersfriend.com\/assets\/images\/program11.jpg\" alt=\"om v\u00e5rt compoundb\u00e5gepaket foto 11\" align=\"right\" border=\"0\"><\/p>\n<h3>RIKTIGA M\u00c4NNISKOR P\u00c5 KVALITETSKONTROLL:<\/h3>\n<p>Vi vet att det \u00e4r de sm\u00e5 sakerna som kan g\u00f6ra eller f\u00f6rst\u00f6ra en kunds upplevelse. S\u00e5 ett andra (och tredje) par \u00f6gon g\u00e5r igenom allt igen \u2013 bara f\u00f6r att vara s\u00e4ker. Vi g\u00f6r inte bara \u201c&#8221;stickprov&#8221;\u201d. N\u00e4r v\u00e5r inst\u00e4llningsprocess \u00e4r klar, l\u00e4mnar teknikern in b\u00e5gepaketet till QC-inspekt\u00f6ren f\u00f6r godk\u00e4nnande. Allt dubbelkontrolleras, inklusive \u00e5tdragningsmoment och kritiska spelrum. Kikarrotation f\u00e5r en ny titt, liksom f\u00f6rsiktningsarbetet, trimningsbeviset och den \u00f6vergripande prestandan f\u00f6r hela riggen. N\u00e4r b\u00e5ginst\u00e4llningen klarar inspektionen g\u00e5r den slutligen vidare till packning d\u00e4r inst\u00e4llningar, specifikationer och tillbeh\u00f6r kontrolleras en sista g\u00e5ng. Sedan lastas den f\u00e4rdiga b\u00e5gen, pilarna och alla l\u00f6sa komponenter in i ditt b\u00e5gfodral f\u00f6r att s\u00e4kerst\u00e4lla s\u00e4ker transport till din d\u00f6rr. F\u00e4rdiga b\u00e5gbest\u00e4llningar skickas vanligtvis via FedEx Ground till platser i de nedre 48 staterna (gratis). Vi skickar ocks\u00e5 \u00f6ver hela v\u00e4rlden via USPS Airmail och FedEx International Express. V\u00e4nligen maila v\u00e5r f\u00f6rs\u00e4ljningsavdelning f\u00f6r andra destinationsavgifter och internationella best\u00e4llningsdetaljer.          <\/p>\n\t\t<\/div>\n\t\t\t\t\t<\/div>\n\n\t\n\n<style>\n#row-282120557 > .col > .col-inner {\n  padding: 0px 0px 0px 0px;\n}\n@media (min-width:850px) {\n  #row-282120557 > .col > .col-inner {\n    padding: 0px 0px 50px 0px;\n  }\n}\n<\/style>\n<\/div>\n<div class=\"row align-center\"  id=\"row-1376154526\">\n\n\t<div id=\"col-408493912\" class=\"col medium-12 small-12 large-8\"  >\n\t\t\t\t<div class=\"col-inner\"  >\n\t\t\t\n\t\t\t\n<h2>L\u00e5t dig inte luras att betala mer och f\u00e5 mindre.<\/h2>\n<p><img decoding=\"async\" src=\"https:\/\/www.huntersfriend.com\/assets\/images\/program12.jpg\" alt=\"om v\u00e5rt compoundb\u00e5gepaket foto 12\" align=\"right\" border=\"0\"><\/p>\n<h3>V\u00c5RA B\u00c5GEPAKET KOSTAR FAKTISKT MINDRE:<\/h3>\n<p>F\u00f6rutom att ge oss en mer omfattande produkt att s\u00e4lja till v\u00e5ra kunder, har populariteten hos v\u00e5rt Pro-Shop-paketkoncept gett en ov\u00e4ntad f\u00f6rdel. Genom \u00e5ren har v\u00e5ra b\u00e5gepaket blivit mer och mer prisv\u00e4rda. N\u00e4r v\u00e5rt b\u00e5gpaketprogram har v\u00e4xt har vi kunnat g\u00f6ra s\u00e4rskilda arrangemang med ett antal tillverkare f\u00f6r att k\u00f6pa popul\u00e4ra delar som bulk\/OEM-leveranser, f\u00f6r att s\u00e4nka styckpriset p\u00e5 paketkomponenterna. V\u00e5ra b\u00e5gepaket inneh\u00e5ller dussintals separata delar, s\u00e5 att spara n\u00e5gra dollar h\u00e4r och n\u00e5gra dollar d\u00e4r summerar verkligen i slut\u00e4ndan. I de flesta fall kan vi erbjuda ett komplett Pro-Shop-paket, fullt utrustat med n\u00e5gra av de b\u00e4sta tillbeh\u00f6ren p\u00e5 marknaden, till ett detaljhandelspris som \u00e4r 10-30% l\u00e4gre \u00e4n priset f\u00f6r samma delar k\u00f6pta separat.    <\/p>\n<p><img decoding=\"async\" src=\"https:\/\/www.huntersfriend.com\/assets\/images\/program13.jpg\" alt=\"om v\u00e5rt compoundb\u00e5gepaket foto 13\" align=\"right\" border=\"0\"><\/p>\n<h3>RIKTAD INK\u00d6PSSTRATEGI:<\/h3>\n<p>Du kanske m\u00e4rker att m\u00e5nga av v\u00e5ra b\u00e5gepaket har n\u00e5gra av samma delar och tillbeh\u00f6rsval (Whisker Biscuit-pilhyllor, TruFire-releaser, Easton-pilar, NAP-jaktspetsar, Plano-b\u00e5gfodral, etc.). Detta \u00e4r inte av en slump. Vi vet att kvalitet \u00e4r viktigt. S\u00e5 vi v\u00e4ljer dessa delar noggrant f\u00f6r att s\u00e4kerst\u00e4lla att v\u00e5ra b\u00e5gepaket \u00e4r utrustade med p\u00e5litliga komponenter som kommer att prestera bra i f\u00e4lt. Men vi vet ocks\u00e5 att priset \u00e4r viktigt. Vad \u00e4r vitsen med en fantastisk b\u00e5gutrustning som ingen har r\u00e5d med? S\u00e5 vi anv\u00e4nder en riktad ink\u00f6psstrategi, d\u00e4r vi fokuserar p\u00e5 n\u00e5gra utvalda produktlinjer, ist\u00e4llet f\u00f6r att f\u00f6rs\u00f6ka erbjuda ett blandat sortiment av delar fr\u00e5n hela marknaden. Detta g\u00f6r att vi kan k\u00f6pa viktiga artiklar i st\u00f6rre bulkkvantiteter &#8211; till ett mycket b\u00e4ttre styckpris.       <\/p>\n<h3><img decoding=\"async\" src=\"https:\/\/www.huntersfriend.com\/assets\/images\/program14.jpg\" alt=\"om v\u00e5rt compoundb\u00e5gepaket foto 14\" align=\"right\" border=\"0\"><br \/>\nATT F\u00d6RA VIDARE F\u00d6RDELARNA:<\/h3>\n<p>\u00c4ven om det kan l\u00e5ta klyschigt, f\u00f6r vi verkligen vidare dessa besparingar till v\u00e5ra compoundb\u00e5gepaket-kunder. Vi m\u00e5ste det. Vi kan inte samla dessa besparingar f\u00f6r oss sj\u00e4lva &#8211; det \u00e4r inte s\u00e5 denna prisfilosofi fungerar. Vi beh\u00f6ver enhetsvolymen f\u00f6r att utnyttja bulkpriser och speciella delsavtal. S\u00e5 i grund och botten &#8230; om vi f\u00e5r det billigare &#8211; f\u00e5r du det billigare. I slut\u00e4ndan, n\u00e4r du j\u00e4mf\u00f6r slutsummor, \u00e4r detaljhandelspriset f\u00f6r ett Pro-Shop-paket ofta v\u00e4l under en lokal \u00e5terf\u00f6rs\u00e4ljares grossistpris f\u00f6r samma lista med komponenter, och betydligt mindre \u00e4n vad du skulle kunna k\u00f6pa samma delar f\u00f6r fr\u00e5n en ber\u00f6md stormarknad.     <\/p>\n<p><img decoding=\"async\" src=\"https:\/\/www.huntersfriend.com\/assets\/images\/program15.jpg\" alt=\"om v\u00e5rt compoundb\u00e5gepaket foto 15\" align=\"right\" border=\"0\"><\/p>\n<h3>BRA SERVICE OCH ETT R\u00c4TTVIST PRIS:<\/h3>\n<p>Du beh\u00f6ver verkligen inte v\u00e4lja mellan att f\u00e5 bra teknisk service och f\u00e5 ett r\u00e4ttvist pris. Du kan f\u00e5 b\u00e5da med ett Pro-Shop-b\u00e5gepaket fr\u00e5n Hunter&#8217;s Friend. Vi har arbetat h\u00e5rt f\u00f6r att \u00f6verbrygga klyftan mellan de lokala och postorderkoncepten. Vi s\u00e4ljer inte b\u00e5gar som de flesta internetleverant\u00f6rer. Mindre \u00e4n 2% av b\u00e5garna vi s\u00e4ljer \u00e4r nakna b\u00e5gar. Strax \u00f6ver 98% av v\u00e5r compoundb\u00e5geverksamhet genereras genom v\u00e5rt Pro-Shop-paketprogram, d\u00e4r varje b\u00e5ge och dess nya \u00e4gare f\u00e5r den service de f\u00f6rtj\u00e4nar. Vi skulle \u00e4lska en chans att bevisa det f\u00f6r dig.<\/p>\n\t\t<\/div>\n\t\t\t\t\t<\/div>\n\n\t\n\n<style>\n#row-1376154526 > .col > .col-inner {\n  padding: 0px 0px 0px 0px;\n}\n@media (min-width:850px) {\n  #row-1376154526 > .col > .col-inner {\n    padding: 0px 0px 50px 0px;\n  }\n}\n<\/style>\n<\/div>\n\t\t<\/div>\n\n\t\t\n<style>\n#section_1602261127 {\n  padding-top: 20px;\n  padding-bottom: 20px;\n}\n@media (min-width:550px) {\n  #section_1602261127 {\n    padding-top: 20px;\n    padding-bottom: 20px;\n  }\n}\n<\/style>\n\t<\/section>\n\t\n","protected":false},"excerpt":{"rendered":"","protected":false},"author":50,"featured_media":0,"parent":285210,"menu_order":0,"comment_status":"closed","ping_status":"closed","template":"","meta":{"footnotes":""},"class_list":["post-285241","page","type-page","status-publish","hentry"],"_links":{"self":[{"href":"https:\/\/www.huntersfriend.eu\/sv\/wp-json\/wp\/v2\/pages\/285241","targetHints":{"allow":["GET"]}}],"collection":[{"href":"https:\/\/www.huntersfriend.eu\/sv\/wp-json\/wp\/v2\/pages"}],"about":[{"href":"https:\/\/www.huntersfriend.eu\/sv\/wp-json\/wp\/v2\/types\/page"}],"author":[{"embeddable":true,"href":"https:\/\/www.huntersfriend.eu\/sv\/wp-json\/wp\/v2\/users\/50"}],"replies":[{"embeddable":true,"href":"https:\/\/www.huntersfriend.eu\/sv\/wp-json\/wp\/v2\/comments?post=285241"}],"version-history":[{"count":2,"href":"https:\/\/www.huntersfriend.eu\/sv\/wp-json\/wp\/v2\/pages\/285241\/revisions"}],"predecessor-version":[{"id":285243,"href":"https:\/\/www.huntersfriend.eu\/sv\/wp-json\/wp\/v2\/pages\/285241\/revisions\/285243"}],"up":[{"embeddable":true,"href":"https:\/\/www.huntersfriend.eu\/sv\/wp-json\/wp\/v2\/pages\/285210"}],"wp:attachment":[{"href":"https:\/\/www.huntersfriend.eu\/sv\/wp-json\/wp\/v2\/media?parent=285241"}],"curies":[{"name":"wp","href":"https:\/\/api.w.org\/{rel}","templated":true}]}}