{"id":285238,"date":"2025-08-25T11:27:34","date_gmt":"2025-08-25T09:27:34","guid":{"rendered":"https:\/\/www.huntersfriend.eu\/vi-kan-hjalpa-till\/bag-hjalp\/"},"modified":"2025-08-25T11:27:35","modified_gmt":"2025-08-25T09:27:35","slug":"bag-hjalp","status":"publish","type":"page","link":"https:\/\/www.huntersfriend.eu\/sv\/vi-kan-hjalpa-till\/bag-hjalp\/","title":{"rendered":"B\u00e5g-hj\u00e4lp"},"content":{"rendered":"\n\t<section class=\"section\" id=\"section_1866019103\">\n\t\t<div class=\"section-bg fill\" >\n\t\t\t\t\t\t\t\t\t\n\t\t\t\n\n\t\t<\/div>\n\n\t\t\n\n\t\t<div class=\"section-content relative\">\n\t\t\t\n\t<div id=\"gap-172261289\" class=\"gap-element clearfix\" style=\"display:block; height:auto;\">\n\t\t\n<style>\n#gap-172261289 {\n  padding-top: 20px;\n}\n<\/style>\n\t<\/div>\n\t\n<div class=\"container section-title-container\" ><h1 class=\"section-title section-title-center\"><b aria-hidden=\"true\"><\/b><span class=\"section-title-main\" >Guide f\u00f6r anpassning av compoundb\u00e5ge<\/span><b aria-hidden=\"true\"><\/b><\/h1><\/div>\n<div class=\"row align-center\"  id=\"row-223854636\">\n\n\t<div id=\"col-989786842\" class=\"col medium-12 small-12 large-8\"  >\n\t\t\t\t<div class=\"col-inner\"  >\n\t\t\t\n\t\t\t\n<h2>Det h\u00e4r \u00e4r personligt: dragl\u00e4ngd<\/h2>\n<p><strong>Vad \u00e4r en dragl\u00e4ngd? <\/strong>Compoundb\u00e5gar skiljer sig fr\u00e5n traditionella recurve- och l\u00e5ngb\u00e5gar. Till skillnad fr\u00e5n traditionella b\u00e5gar som kan dras tillbaka i princip hur l\u00e5ngt som helst, \u00e4r compoundb\u00e5gar konstruerade f\u00f6r att dras tillbaka endast en viss str\u00e4cka &#8211; och sedan stanna. Detta avst\u00e5nd kallas b\u00e5gens \u201cdragl\u00e4ngd\u201d &#8211; och styrs av de mekaniska systemen p\u00e5 b\u00e5gen. Knepet \u00e4r &#8230; att b\u00e5gens mekaniska inst\u00e4llning och skyttens fysiska storlek m\u00e5ste matcha. Om din fysiska storlek kr\u00e4ver en b\u00e5ge med en dragl\u00e4ngdsinst\u00e4llning p\u00e5, s\u00e4g, 29 tum, kan man s\u00e4ga att \u201cdin dragl\u00e4ngd\u201d \u00e4r 29 tum. S\u00e5 b\u00e5de DU och B\u00c5GEN har en dragl\u00e4ngd som ska matchas. Att best\u00e4mma dragl\u00e4ngdspassformen b\u00f6rjar med att m\u00e4ta personen (mer om det strax) och sedan hitta en b\u00e5ge som kan justeras f\u00f6r att passa den personen &#8211; inte tv\u00e4rtom.      <\/p>\n<p><strong>Vad \u00e4r fullt drag? <\/strong>Det \u00e4r viktigt att notera att compoundb\u00e5gar \u00e4r designade f\u00f6r att endast skjutas fr\u00e5n fulldragsposition &#8211; det vill s\u00e4ga, med b\u00e5gen dragen hela v\u00e4gen tillbaka (tills den stannar). Om en compoundb\u00e5ge \u00e4r inst\u00e4lld p\u00e5 29 \u201ctums dragl\u00e4ngd, till exempel, b\u00f6r den alltid dras tillbaka till fulla 29\u201d och sedan skjutas fr\u00e5n den positionen. Du b\u00f6r aldrig f\u00f6rs\u00f6ka skjuta fr\u00e5n mitten av kraftslaget. Du skjuter endast efter att du n\u00e5tt fullt drag. Om du inte har skjutit en compoundb\u00e5ge f\u00f6rut, oroa dig inte. Det \u00e4r mycket l\u00e4ttare att \u201ck\u00e4nna\u201d \u00e4n att f\u00f6rklara. Det \u00e4r n\u00e4stan som att \u00f6ppna en bild\u00f6rr. Du vet bara n\u00e4r d\u00f6rren \u00e4r helt \u00f6ppen och n\u00e4r du ska sluta trycka, eller hur? Samma sak med en b\u00e5ge. Du kommer att veta n\u00e4r du \u00e4r i fullt drag; det \u00e4r helt uppenbart. Du drar b\u00e5gen tillbaka tills du k\u00e4nner det mekaniska stoppet &#8211; sedan siktar du &#8211; sedan skjuter du! Enkelt.           <\/p>\n<p><strong>\u00d6verdra b\u00e5gen? <\/strong>P\u00e5 de flesta compoundb\u00e5gar \u00e4r det mekaniska stoppet vid fullt drag ganska fast. N\u00e4r du n\u00e5r stoppet \u00e4r det extremt sv\u00e5rt att dra b\u00e5gen tillbaka ytterligare (och du b\u00f6r inte f\u00f6rs\u00f6ka). En b\u00e5ge som \u00e4r inst\u00e4lld f\u00f6r 29&#8243; drag kan inte dras tillbaka till 30&#8243; eller 31&#8243; utan att modifiera b\u00e5gens mekaniska inst\u00e4llning. F\u00f6rs\u00f6k aldrig att med kraft \u00f6verdra en b\u00e5ge f\u00f6rbi det mekaniska stoppet. Dra din b\u00e5ge p\u00e5 ett l\u00e5ngsamt och kontrollerat s\u00e4tt. Strax efter att din b\u00e5ge uppn\u00e5r full let-off kommer du att k\u00e4nna nedslaget vid &#8221;v\u00e4ggen&#8221;. Det var det. Du \u00e4r redo att skjuta. De flesta moderna compoundb\u00e5gar kr\u00e4ver mindre \u00e4n 9 kg tryck f\u00f6r att h\u00e5lla tillbaka vid fullt drag. S\u00e5 om du fortfarande st\u00f6nar och anstr\u00e4nger dig vid fullt drag f\u00f6rs\u00f6ker du med kraft \u00f6verdra b\u00e5gen (vilket kan skada b\u00e5de dig och b\u00e5gen). S\u00e5 var bara cool. N\u00e4r du kommer till fullt drag, slappna av. Du klarade det.<\/p>\n<p><strong>Vad \u00e4r en \u201ckorrekt\u201d dragl\u00e4ngd? <\/strong>Fr\u00e5ga tio olika b\u00e5gskytteexperter om r\u00e5d ang\u00e5ende din dragl\u00e4ngd, och du kommer troligen f\u00e5 tio olika svar. Det finns ett antal metoder och verktyg som vanligtvis anv\u00e4nds f\u00f6r att best\u00e4mma en \u201ckorrekt\u201d dragl\u00e4ngd &#8211; f\u00e5 av dem \u00f6verensst\u00e4mmer. Sanningen \u00e4r &#8230; din \u201ckorrekta\u201d dragl\u00e4ngd \u00e4r den dragl\u00e4ngd d\u00e4r du \u00e4r mest bekv\u00e4m och mest tr\u00e4ffs\u00e4ker. Oavsett vad ett diagram eller verktyg (eller expert) s\u00e4ger, om du skjuter b\u00e4st vid en viss dragl\u00e4ngd &#8230; DET \u00e4r din perfekta dragl\u00e4ngd. Vissa skyttar experimenterar lite och \u201cfinjusterar\u201d sina dragl\u00e4ngder upp eller ner n\u00e4r deras teknik utvecklas, men de flesta vuxna hittar bara en bekv\u00e4m dragl\u00e4ngd och h\u00e5ller sig till den. Om du \u00e4r ny inom sporten, oroa dig inte. Vi hj\u00e4lper dig att uppskatta en bra startpunkt.       <\/p>\n<p><img decoding=\"async\" class=\"aligncenter\" src=\"https:\/\/www.huntersfriend.com\/assets\/images\/armspan1.jpg\" alt=\"hur man m\u00e4ter sin dragl\u00e4ngd f\u00f6r en compoundb\u00e5ge\" align=\"right\" border=\"1\"><strong>Armspannsmetoden fungerar! <\/strong>H\u00e4r \u00e4r en p\u00e5litlig m\u00e4tmetod som vi har anv\u00e4nt i femton \u00e5r &#8230; den p\u00e5litliga Armspann\/2,5-metoden. F\u00f6r att m\u00e4ta din dragl\u00e4ngd, best\u00e4m l\u00e4ngden p\u00e5 din armspann i tum. St\u00e5 med armarna utstr\u00e4ckta och handflatorna fram\u00e5t. Str\u00e4ck dig inte n\u00e4r du m\u00e4ter. St\u00e5 bara naturligt. L\u00e5t n\u00e5gon annan hj\u00e4lpa dig och m\u00e4t fr\u00e5n spetsen p\u00e5 ena l\u00e5ngfingret till det andra. Dela sedan helt enkelt det talet med 2,5. Kvoten \u00e4r din ungef\u00e4rliga dragl\u00e4ngd (i tum) f\u00f6r din kroppsstorlek. Om du \u00e4r en person med genomsnittliga proportioner kommer din armspann att vara ungef\u00e4r lika med din l\u00e4ngd (i tum). S\u00e5 det finns ofta en direkt korrelation mellan en persons l\u00e4ngd och deras dragl\u00e4ngd, s\u00e5 du kan anv\u00e4nda skalan nedan om du vill. Men om du \u00e4r s\u00e4rskilt g\u00e4nglig, kraftig, etc., kommer armspann\/2,5-metoden f\u00f6rmodligen ge den mest p\u00e5litliga uppskattningen.          <\/p>\n<p><img decoding=\"async\" class=\"aligncenter\" src=\"https:\/\/www.huntersfriend.com\/assets\/images\/scale5.jpg\" alt=\"l\u00e4ngd vs dragl\u00e4ngd f\u00f6r en compoundb\u00e5ge\" align=\"middle\" border=\"0\"><\/p>\n<p><strong>Varning f\u00f6r fartd\u00e5rar! <\/strong>De flesta skyttar tenderar att st\u00e4lla in sina b\u00e5gar f\u00f6r l\u00e5ng dragl\u00e4ngd &#8211; s\u00e4rskilt m\u00e4n. Detta kan vara en bieffekt av manlig machismo (vi tror alla att vi \u00e4r lite l\u00e4ngre \u00e4n vi faktiskt \u00e4r), men ibland \u00e4r det ett medvetet beslut f\u00f6r att f\u00e5 mer fart och kraft. Ju l\u00e4ngre din dragl\u00e4ngd \u00e4r, desto l\u00e4ngre blir b\u00e5gens kraftslag &#8211; och desto snabbare kommer din b\u00e5ge att skjuta. Som en generell regel \u00e4r 1&#8243; dragl\u00e4ngd v\u00e4rd ungef\u00e4r 10 fps pilhastighet. B\u00e5gar \u00e4r IBO-hastighetsm\u00e4rkta vid 30&#8243; dragl\u00e4ngd. S\u00e5 om din specifika b\u00e5ge har en IBO-hastighet p\u00e5 340 fps, och du t\u00e4nker skjuta b\u00e5gen vid 27&#8243; dragl\u00e4ngd &#8211; b\u00f6r du f\u00f6rv\u00e4nta dig en ungef\u00e4rlig 30 fps hastighetsf\u00f6rlust direkt (310 fps max). Detta \u00e4r en av anledningarna till att s\u00e5 m\u00e5nga b\u00e5gskyttar &#8211; s\u00e4rskilt kortare killar &#8211; v\u00e4ljer ol\u00e4mpligt l\u00e5nga dragl\u00e4ngder. Vi avr\u00e5der starkt fr\u00e5n denna praxis, eftersom den extra hastigheten \u00e4r en d\u00e5lig kompromiss f\u00f6r f\u00f6rlusten av komfort och kontroll. En snabb pil \u00e4r inte bra om du inte kan tr\u00e4ffa m\u00e5let p\u00e5litligt. Skaffa den d\u00e4r taggtr\u00e5dstatueringen om du m\u00e5ste, men g\u00f6r inte det macho misstaget att skjuta med mer dragl\u00e4ngd \u00e4n du beh\u00f6ver.        <\/p>\n<p><strong>L\u00e4gger en str\u00e4ngloop till dragl\u00e4ngd? <\/strong>Det verkar vara allm\u00e4n kunskap bland b\u00e5gskytteentusiaster att en str\u00e4ngloop motsvarar en extra 1\/2&#8243; dragl\u00e4ngd. F\u00f6r att vara \u00e4rlig skulle det vara enklare att bara h\u00e5lla med och g\u00e5 vidare, men det \u00e4r inte tekniskt korrekt. F\u00f6rl\u00e5t oss f\u00f6r att vi spr\u00e4cker branschbubblan h\u00e4r, men h\u00e4r \u00e4r grejen &#8230; AMO\/ATA-specifikationerna f\u00f6r att m\u00e4ta dragl\u00e4ngd refererar till den faktiska b\u00e5gstr\u00e4ngen vid dess nockningspunkt &#8211; inte n\u00f6dv\u00e4ndigtvis f\u00e4stpunkten fr\u00e5n vilken den dras. Om du drar en compoundb\u00e5ge tillbaka till fullt drag, hittas den officiella dragl\u00e4ngden genom att m\u00e4ta avst\u00e5ndet fr\u00e5n nockningspunkten p\u00e5 str\u00e4ngen, i en linje vinkelr\u00e4t mot b\u00e5gens centrumlinje, till en imagin\u00e4r punkt ovanf\u00f6r greppets vridpunkt, plus 1,75 tum. F\u00f6rstod du det? Om inte kan du f\u00f6rdjupa dig i mer compoundb\u00e5gs-teknobitar genom att l\u00e4sa v\u00e5r Guide f\u00f6r Val av Compoundb\u00e5ge senare. Men faktum \u00e4r att en str\u00e4ngloop &#8211; eller avsaknaden av en str\u00e4ngloop &#8211; inte har n\u00e5got att g\u00f6ra med den (officiella) mekaniska dragl\u00e4ngden p\u00e5 en compoundb\u00e5ge &#8230; men &#8230;      <\/p>\n<p><strong>F\u00f6r\u00e4ndrar en str\u00e4ngloop \u201ck\u00e4nslan\u201d av min dragl\u00e4ngd? <\/strong>Aha! Det \u00e4r den b\u00e4ttre fr\u00e5gan. Svaret \u00e4r kanske. Vid fullt drag b\u00f6r din ankarpunkt best\u00e5 av flera viktiga referenspunkter (fysiska kopplingar mellan dig och b\u00e5gen), vilka dessa kopplingar \u00e4n m\u00e5 vara som du f\u00f6redrar. Vanliga referenspunkter \u00e4r n\u00e4sa mot str\u00e4ng, pilnock mot mungipa, kisserknapp som r\u00f6r l\u00e4ppen, hand mot kinden, knoge i \u00f6rat, etc. En str\u00e4ngloop kommer INTE att p\u00e5verka hur str\u00e4ngen r\u00f6r din n\u00e4sa, eller hur pilens nock r\u00f6r din mungipa, men en str\u00e4ngloop kommer att placera din sl\u00e4pphand cirka 1\/2&#8243; l\u00e4ngre bak p\u00e5 din kind. Om det f\u00e5r dig att &#8221;k\u00e4nna&#8221; som om du har en l\u00e4ngre dragl\u00e4ngd, d\u00e5 ja. Annars nej.      <\/p>\n<p><strong>En sista tanke om dragl\u00e4ngder: <\/strong>Om du \u00e4r ny inom sporten, l\u00e4gg inte f\u00f6r mycket energi p\u00e5 att dissekera dig sj\u00e4lv ner till mikronniv\u00e5. Du kommer att ha b\u00e4ttre tur om du bara f\u00f6ljer genomsnitten och v\u00e4ljer en initial dragl\u00e4ngd som liknar andras med samma storlek och kroppsbyggnad. Som tur \u00e4r \u00e4r det ganska enkelt att g\u00f6ra en mindre dragl\u00e4ngds\u00e4ndring p\u00e5 de flesta b\u00e5gar. S\u00e5 det \u00e4r inte riktigt ett liv eller d\u00f6d-beslut att b\u00f6rja med. Men n\u00e4r du blir mer insatt i sporten och b\u00f6rjar \u201cfinjustera\u201d ditt spel, kanske du vill experimentera lite med din dragl\u00e4ngd.    <\/p>\n<h2>Ett tungt beslut: dragvikt<\/h2>\n<p><strong>Vad \u00e4r dragvikt? <\/strong>Dragvikten p\u00e5 en compoundb\u00e5ge \u00e4r den dragkraft som kr\u00e4vs f\u00f6r att dra tillbaka str\u00e4ngen &#8211; enkelt nog. Men kom ih\u00e5g att dragvikten p\u00e5 en compoundb\u00e5ge varken \u00e4r statisk eller linj\u00e4r. Det vill s\u00e4ga, det \u00e4r inte som att dra i ett rep med en d\u00f6d vikt i \u00e4nden &#8211; och dragvikten blir inte progressivt tyngre ju l\u00e4ngre tillbaka du drar b\u00e5gen (som en l\u00e5ngb\u00e5ge). Dragvikten p\u00e5 en compoundb\u00e5ge styrs av camsystemets geometri, s\u00e5 den kr\u00e4vda anstr\u00e4ngningen stiger och faller under dragcykeln. Det \u00e4r p\u00e5 s\u00e4tt och vis det som g\u00f6r en compoundb\u00e5ge \u201ccompound\u201d. Dragcykeln manipuleras mekaniskt f\u00f6r att maximera energilagring och ge oss ergonomiska f\u00f6rdelar som traditionell utrustning inte kan. Som en generell regel kr\u00e4vs dock mindre anstr\u00e4ngning i b\u00f6rjan och slutet av compoundb\u00e5gens dragslag, och n\u00e5gonstans i mitten n\u00e5r du den fruktade \u201ctoppvikten\u201d &#8211; puckeln &#8211; punkten d\u00e4r din maximala anstr\u00e4ngning kr\u00e4vs. Det \u00e4r h\u00e4r en compoundb\u00e5ges dragvikt m\u00e4ts &#8211; vid den tyngsta punkten i cykeln. N\u00e4r du v\u00e4ljer dragvikt \u00e4r det detta m\u00e4rke du b\u00f6r vara uppm\u00e4rksam p\u00e5.        <\/p>\n<p><strong>Komfort \u00e4r nyckeln: <\/strong>Det finns flera faktorer att \u00f6verv\u00e4ga h\u00e4r, bortom ren styrka. F\u00f6rst och fr\u00e4mst rekommenderar vi starkt att du v\u00e4ljer en dragvikt som \u00e4r BEKV\u00c4M f\u00f6r dig och l\u00e4mplig f\u00f6r ditt specifika syfte. I rekreativt b\u00e5gskytte kommer en b\u00e5ge med f\u00f6r h\u00f6g dragvikt helt enkelt att g\u00f6ra dig mindre framg\u00e5ngsrik och g\u00f6ra sporten mindre njutbar f\u00f6r dig. En bra tumregel \u00e4r att v\u00e4lja en dragvikt som kr\u00e4ver cirka 75% av din \u201cmaximala\u201d styrka. Om din b\u00e5ge \u00e4r f\u00f6r tung att dra tillbaka (\u00f6verb\u00e5gad), och du bara kan skjuta n\u00e5gra g\u00e5nger innan du blir tr\u00f6tt, kommer du att vara motvillig att tr\u00e4na och f\u00f6rb\u00e4ttra ditt spel. Med det sagt vill du ocks\u00e5 att din b\u00e5ge ska skjuta med s\u00e5 mycket kraft som m\u00f6jligt, s\u00e4rskilt om du jagar storvilt, s\u00e5 du b\u00f6r inte heller v\u00e4lja f\u00f6r lite vikt (underb\u00e5gad). \u00c5terigen, den r\u00e4tta balansen mellan komfort och prestanda kommer f\u00f6rmodligen att ligga vid din \u201c75%\u201d-markering.      <\/p>\n<p><img decoding=\"async\" src=\"https:\/\/www.huntersfriend.com\/assets\/images\/macho1.jpg\" alt=\"\u00f6verb\u00e5gad med f\u00f6r h\u00f6g dragvikt\" align=\"right\" border=\"1\"><strong>Hell machomannen! <\/strong>Vi b\u00e5gj\u00e4gare tenderar att vara tuffa killar &#8211; och vissa av oss kan bara inte motst\u00e5 att v\u00e4lja tungviktsb\u00e5gar (+75 lb topp). Tyv\u00e4rr visar sig ett tungviktsb\u00e5gsval oftast vara ett misstag. Bara f\u00f6r att du avslutade din P90X DVD-set och ditt pipsk\u00e4gg har vuxit ut, betyder det inte n\u00f6dv\u00e4ndigtvis att du har rygg- och \u00f6verkroppsstyrkan f\u00f6r att bekv\u00e4mt hantera en 80# h\u00e5rd camb\u00e5ge. F\u00e5 killar har det. Om du inte har skjutit hundratals och \u00e5ter hundratals pilar per vecka, och specifikt har konditionerat dig sj\u00e4lv f\u00f6r att anv\u00e4nda en tungviktsb\u00e5ge, f\u00f6resl\u00e5r vi att du l\u00e4mnar tungviktarna ifred. Att skjuta med en kraftfull dragvikt l\u00e5ter glamor\u00f6st, men kommer troligen bara f\u00f6rst\u00f6ra din upplevelse. Om du aldrig har anv\u00e4nt en compoundb\u00e5ge f\u00f6rut och inte har n\u00e5gon aning om var du ska b\u00f6rja, h\u00e4r \u00e4r n\u00e5gra allm\u00e4nna riktlinjer. Du b\u00f6r anv\u00e4nda ditt sunda f\u00f6rnuft h\u00e4r och tolka detta diagram med vederb\u00f6rlig respekt f\u00f6r din egen \u00e5lder och allm\u00e4nna fysiska kondition.       <\/p>\n<p>65-75#: Stora m\u00e4n (180+ kg)<br \/>\n55-65#: Medelstora m\u00e4n (150-180 kg)<br \/>\n45-55#: Stora kvinnor (160+ kg)<br \/>\n45-55#: Mindre m\u00e4n (120-150 kg)<br \/>\n40-50#: Atletiska \u00e4ldre pojkar (130-150 kg)<br \/>\n30-40#: Medelstora kvinnor (130-160 kg)<br \/>\n25-35#: Mindre kvinnor (100-130 kg)<br \/>\n25-35#: St\u00f6rre barn (100-130 kg)<br \/>\n15-25#: Sm\u00e5 barn (70-100 kg)  <\/p>\n<p><strong>Vad med hastigheten? <\/strong>I motsats till vad m\u00e5nga tror ger mer dragvikt inte automatiskt en betydande \u00f6kning av jaktpilshastigheter &#8211; s\u00e4rskilt f\u00f6r dragvikter \u00f6ver 60 lb topp. Eftersom branschstandarder kr\u00e4ver minst 5 grain pilmassa per pund dragvikt, kr\u00e4ver en 60# toppb\u00e5ge bara en 300 grain (5 x 60) pil. En 70# toppb\u00e5ge kr\u00e4ver en 350 grain (5 x 70) pil, och en 80# toppb\u00e5ge kr\u00e4ver en 400 grain (5 x 80) pil. S\u00e5 \u00e4ven om den tyngre b\u00e5gen kommer att generera mer KE (penetration) vid m\u00e5let, tenderar de \u00f6kade pilmasskraven att motverka de potentiella hastighets\u00f6kningarna av att skjuta med mer dragvikt. S\u00e5 om du best\u00e4mmer dig f\u00f6r att dra 20% mer dragvikt kommer du f\u00f6rmodligen inte f\u00e5 20% mer pilhastighet. En ansvarsfull pro-shop s\u00e4tter aldrig upp en b\u00e5ge f\u00f6r att skjuta underviktiga pilar. 5 grain per pund-regeln m\u00e5ste alltid f\u00f6ljas av s\u00e4kerhetssk\u00e4l.       <\/p>\n<p><strong>Farligt vilt! <\/strong>Med allt det sagt kan det finnas n\u00e5gra specifika till\u00e4mpningar d\u00e4r tungviktsb\u00e5gar verkligen \u00e4r n\u00f6dv\u00e4ndiga (Afrikansk Elefant, Svart Nosh\u00f6rning, Kapbuffel, Nilkrokodil, etc.). Naturligtvis, om du ska jaga DESSA djur med en b\u00e5ge, b\u00f6r du verkligen vara en Macho Man. Om du ska p\u00e5 en speciell farligt vilt-jakt, ta d\u00e5 med all den eldkraft din outfitter kr\u00e4ver. Men f\u00f6r nordamerikanskt storvilt \u00e4r en tungviktsb\u00e5ge helt on\u00f6dig, \u00e4ven om vi b\u00f6r notera att vissa stater kr\u00e4ver att en compoundb\u00e5ge ska uppfylla vissa dragviktsminimum (vanligtvis runt 40#) f\u00f6r att jaga stort vilt som Vitsvanshjort. Kontrollera med dina statliga myndigheter och f\u00f6lj alltid reglerna och f\u00f6rordningarna f\u00f6r lagligt sk\u00f6rdande av vilt i din stat.    <\/p>\n<p><strong>Pumpa upp den! <\/strong>Om du fortfarande inte k\u00e4nner dig bra med din niv\u00e5 av b\u00e5gj\u00e4garstyrka och buffhet, oroa dig inte. \u201cB\u00e5gskyttemusklerna\u201d som anv\u00e4nds f\u00f6r att dra en b\u00e5ge \u00e4r fr\u00e4mst stora muskelgrupper i din \u00f6vre rygg (samma muskler du anv\u00e4nder f\u00f6r att ro en b\u00e5t eller dra ig\u00e5ng en gr\u00e4sklippare). De flesta m\u00e4nniskor tr\u00e4nar inte specifikt dessa muskler. S\u00e5 du kommer f\u00f6rmodligen att uppt\u00e4cka att n\u00e4r du v\u00e4l s\u00e4tter dem i arbete kommer dina \u201cb\u00e5gskytte muskler\u201d att snabbt \u00f6ka i styrka och det blir l\u00e4ttare att dra din b\u00e5ge \u00f6ver tid. Som tur \u00e4r kommer de flesta b\u00e5gar med minst 10 lbs dragviktsjustering. S\u00e5 om du \u00e4r en ny skytt kanske du vill b\u00f6rja med din b\u00e5ge inst\u00e4lld p\u00e5 en l\u00e4gre dragvikt &#8211; och gradvis \u201cskruva upp\u201d dragvikten n\u00e4r du blir mer konditionerad.      <\/p>\n\t\t<\/div>\n\t\t\t\t\t<\/div>\n\n\t\n\n<style>\n#row-223854636 > .col > .col-inner {\n  padding: 0px 0px 0px 0px;\n}\n@media (min-width:850px) {\n  #row-223854636 > .col > .col-inner {\n    padding: 0px 0px 50px 0px;\n  }\n}\n<\/style>\n<\/div>\n\t\t<\/div>\n\n\t\t\n<style>\n#section_1866019103 {\n  padding-top: 20px;\n  padding-bottom: 20px;\n}\n@media (min-width:550px) {\n  #section_1866019103 {\n    padding-top: 20px;\n    padding-bottom: 20px;\n  }\n}\n<\/style>\n\t<\/section>\n\t\n","protected":false},"excerpt":{"rendered":"","protected":false},"author":1,"featured_media":0,"parent":285210,"menu_order":0,"comment_status":"closed","ping_status":"closed","template":"","meta":{"footnotes":""},"class_list":["post-285238","page","type-page","status-publish","hentry"],"_links":{"self":[{"href":"https:\/\/www.huntersfriend.eu\/sv\/wp-json\/wp\/v2\/pages\/285238","targetHints":{"allow":["GET"]}}],"collection":[{"href":"https:\/\/www.huntersfriend.eu\/sv\/wp-json\/wp\/v2\/pages"}],"about":[{"href":"https:\/\/www.huntersfriend.eu\/sv\/wp-json\/wp\/v2\/types\/page"}],"author":[{"embeddable":true,"href":"https:\/\/www.huntersfriend.eu\/sv\/wp-json\/wp\/v2\/users\/1"}],"replies":[{"embeddable":true,"href":"https:\/\/www.huntersfriend.eu\/sv\/wp-json\/wp\/v2\/comments?post=285238"}],"version-history":[{"count":2,"href":"https:\/\/www.huntersfriend.eu\/sv\/wp-json\/wp\/v2\/pages\/285238\/revisions"}],"predecessor-version":[{"id":285240,"href":"https:\/\/www.huntersfriend.eu\/sv\/wp-json\/wp\/v2\/pages\/285238\/revisions\/285240"}],"up":[{"embeddable":true,"href":"https:\/\/www.huntersfriend.eu\/sv\/wp-json\/wp\/v2\/pages\/285210"}],"wp:attachment":[{"href":"https:\/\/www.huntersfriend.eu\/sv\/wp-json\/wp\/v2\/media?parent=285238"}],"curies":[{"name":"wp","href":"https:\/\/api.w.org\/{rel}","templated":true}]}}