{"id":285231,"date":"2025-08-25T11:26:26","date_gmt":"2025-08-25T09:26:26","guid":{"rendered":"https:\/\/www.huntersfriend.eu\/vi-kan-hjalpa-till\/leveranstider\/"},"modified":"2025-08-25T11:26:28","modified_gmt":"2025-08-25T09:26:28","slug":"leveranstider","status":"publish","type":"page","link":"https:\/\/www.huntersfriend.eu\/sv\/vi-kan-hjalpa-till\/leveranstider\/","title":{"rendered":"Leveranstider"},"content":{"rendered":"\n\t<section class=\"section\" id=\"section_296612455\">\n\t\t<div class=\"section-bg fill\" >\n\t\t\t\t\t\t\t\t\t\n\t\t\t\n\n\t\t<\/div>\n\n\t\t\n\n\t\t<div class=\"section-content relative\">\n\t\t\t\n\t<div id=\"gap-1146389465\" class=\"gap-element clearfix\" style=\"display:block; height:auto;\">\n\t\t\n<style>\n#gap-1146389465 {\n  padding-top: 20px;\n}\n<\/style>\n\t<\/div>\n\t\n<div class=\"container section-title-container\" ><h1 class=\"section-title section-title-center\"><b aria-hidden=\"true\"><\/b><span class=\"section-title-main\" >Compound bow-paketprogram<\/span><b aria-hidden=\"true\"><\/b><\/h1><\/div>\n<div class=\"row align-center\"  id=\"row-426523241\">\n\n\t<div id=\"col-888993699\" class=\"col medium-12 small-12 large-8\"  >\n\t\t\t\t<div class=\"col-inner\"  >\n\t\t\t\n\t\t\t\n<h2>Det korta svaret<\/h2>\n<p><strong><img decoding=\"async\" class=\"alignright\" src=\"https:\/\/www.huntersfriend.com\/assets\/images\/leadtime1.jpg\" alt=\"\" border=\"0px\">EN TILL FEM ARBETSDAGAR:<\/strong> Majoriteten (cirka 94%) av v\u00e5ra anpassade pro-shop-best\u00e4llningar bearbetas, byggs, inspekteras och skickas inom 2-4 arbetsdagar. Under de lugnare m\u00e5naderna (jan-maj) brukar vi sl\u00e5 det genomsnittet med en dag. Under de mer hektiska m\u00e5naderna (juni-december) tenderar vi att ta en extra dag.   S\u00e5 allt sammantaget \u00e4r en officiell leveranstid p\u00e5 1-5 dagar den mest \u00e4rliga uppskattning vi kan erbjuda. Vi vet att v\u00e5ra kunder \u00e4r ivriga att f\u00e5 tag p\u00e5 varorna och komma ig\u00e5ng, s\u00e5 vi h\u00e5ller huvudet nere och f\u00e5r ut v\u00e5ra best\u00e4llningar s\u00e5 snabbt vi m\u00f6jligen kan. \u00c4nd\u00e5 st\u00f6ter vi ibland p\u00e5 problem (en och annan restorder, d\u00e5ligt v\u00e4der, utrustningsfel, zombieattacker, etc.). Om vi g\u00f6r det kommer vi att meddela dig. Annars \u00e4r det s\u00e4kert att anta att din anpassade pro-shop-best\u00e4llning kommer att vara p\u00e5 v\u00e4g inom n\u00e5gra arbetsdagar.     V\u00e5rt e-postsystem f\u00f6r kundservice kommer att h\u00e5lla dig uppdaterad om din best\u00e4llningsstatus l\u00e4ngs v\u00e4gen. Det \u00e4r det korta svaret. <\/p>\n<h2>Det l\u00e5nga svaret<\/h2>\n<p><strong><img decoding=\"async\" class=\"alignright\" src=\"https:\/\/www.huntersfriend.com\/assets\/images\/leadtime2.jpg\" alt=\"\" border=\"0px\">SERVICEARBETE \u00c4R V\u00c5R VERKSAMHET:<\/strong> Vi s\u00e4ljer inte b\u00e5gar som de flesta internet- och postorderleverant\u00f6rer av b\u00e5gskytte. Vi servar praktiskt taget allt vi s\u00e4ljer innan det l\u00e4mnar v\u00e5r anl\u00e4ggning. Mindre \u00e4n 1% av b\u00e5garna vi s\u00e4ljer \u00e4r \u201cnakna b\u00e5gar\u201d i en f\u00f6rseglad l\u00e5da. Vi tycker att det \u00e4r ett lat och ansvarsl\u00f6st s\u00e4tt att s\u00e4lja den h\u00e4r typen av utrustning. V\u00e5r pro-shop st\u00e4ller in \u00f6ver 4 000 anpassade compound bow-paket och \u00f6ver 10 000 upps\u00e4ttningar anpassade pilar varje \u00e5r, och varje enskild b\u00e5ge och anpassad pilupps\u00e4ttning vi f\u00f6rbereder &#8211; fr\u00e5n den billigaste till den dyraste &#8211; f\u00e5r v\u00e5r allra b\u00e4sta service och support. Du kommer aldrig att se oss agera som en \u201cstormarknadsbutik\u201d. Vi \u00e4r inte ett distributionscenter, en masshandlare, en lageroperation eller n\u00e5gon slags \u201cPower Seller\u201d. Vi \u00e4r helt enkelt en ivrig Archery Pro-Shop, och vi f\u00f6rs\u00f6ker mycket h\u00e5rt att g\u00f6ra saker r\u00e4tt f\u00f6rsta g\u00e5ngen. Naturligtvis g\u00f6r vi allt f\u00f6r att vara snabba ocks\u00e5, men att g\u00f6ra kvalitetsarbete kommer f\u00f6rst.        <\/p>\n<p><strong><img decoding=\"async\" class=\"alignright\" src=\"https:\/\/www.huntersfriend.com\/assets\/images\/leadtime3.jpg\" alt=\"\" border=\"0px\">BYGGD P\u00c5 BEST\u00c4LLNING, ALDRIG PREFAB:<\/strong> V\u00e5r pro-shop bygger ett b\u00e5gsystem F\u00d6R DIG &#8211; enligt dina specifikationer, storlekar och preferenser. Vi g\u00f6r inga monteringar i f\u00f6rv\u00e4g. Som du kommer att se involverar v\u00e5r process m\u00e5nga steg och den kan inte g\u00f6ras slarvigt om vi f\u00f6rv\u00e4ntar oss att f\u00e5 bra resultat. Vi har utrustat tiotusentals nya b\u00e5gj\u00e4gare genom \u00e5ren, och vi kommer att ta oss tid att se till att DIN rigg \u00e4r gjord r\u00e4tt. N\u00e4r du har gjort dina val &#8211; \u00e4r det dags f\u00f6r oss att s\u00e4tta ig\u00e5ng. Vi b\u00f6rjar med den nakna b\u00e5gen och justerar din b\u00e5ge till den exakta dragvikt och dragl\u00e4ngd du v\u00e4ljer. Vi kontrollerar varje b\u00e5ge f\u00f6r korrekt kamtiming\/synkronisering och korrigerar de vanliga fabriksf\u00f6rbiseendena (kamlutning, slarviga axeldistanser, opydliga lindningar, etc.). Vi installerar sedan professionellt alla dina tillbeh\u00f6r, str\u00e4nginklusioner och ytterligare enheter. V\u00e5r verkstad \u00e4r utrustad med moderna fingertyp-b\u00e5gpressar f\u00f6r att hantera dagens parallella och bortom parallella b\u00e5gtyper. Vi anv\u00e4nder bara kalibrerade digitala viktskalor och vi specificerar varje dragl\u00e4ngd enligt den officiella AMO-metoden. Vi gissar inte bara eller \u201cg\u00e5r p\u00e5\u201d vad som st\u00e5r p\u00e5 fabrikens armklisterm\u00e4rke. VI M\u00c4TER OCH VERIFIERAR FAKTISKT VARJE INST\u00c4LLNING.           <\/p>\n<p><strong>ANPASSADE PILAR OCH GRUNDL\u00c4GGANDE PILFLYGNING:<\/strong> Varje b\u00e5gpaket kommer med pilar. Vi handbygger de flesta pilar specifikt f\u00f6r att fungera med din speciella b\u00e5ge &#8211; matchar pilens ryggrad, vikt, l\u00e4ngd och FOC till din b\u00e5ges utmatningsegenskaper. N\u00e4r pilarna \u00e4r klara och v\u00e5r initiala delmonteringsprocess \u00e4r klar, f\u00f6rcyklas b\u00e5gen f\u00f6r str\u00e4ngstr\u00e4ckning och flyttas sedan till v\u00e5rt justeringsrum d\u00e4r vi genomf\u00f6r v\u00e5ra grundl\u00e4ggande papperjusteringsprocesser f\u00f6r att unders\u00f6ka vilst\u00f6djets inriktning och grundl\u00e4ggande pilflygning. Om ett b\u00e5gsystem inte kan uppn\u00e5 en ren \u201ckulh\u00e5lsreva\u201d \u00e4r det inte redo att g\u00e5 vidare. Vi slutar inte f\u00f6rr\u00e4n vi f\u00e5r det. Faktiskt klipper vi bokstavligen ut och skickar varje kund det faktiska kulh\u00e5lspappersbeviset fr\u00e5n v\u00e5rt justeringsrum &#8211; vi \u00e4r s\u00e5 seri\u00f6sa med v\u00e5r justeringsprocess. Men tro det eller ej, papperjustering \u00e4r bara b\u00f6rjan.     <\/p>\n<p><strong><img decoding=\"async\" class=\"alignright\" src=\"https:\/\/www.huntersfriend.com\/assets\/images\/leadtime4.jpg\" alt=\"\" border=\"0px\">SKJUTBANETESTNING:<\/strong> Papperjustering f\u00e5r oss bara ig\u00e5ng. Med b\u00e5gen nu i relativ justering testar vi sedan p\u00e5 skjutbana (gruppjusterar) varje b\u00e5gsystem f\u00f6r noggrannhet p\u00e5 distans &#8211; g\u00f6r mindre justeringar vid behov tills varje pil flyger laserstr\u00e5le-rakt. Vi testskjuter varje nytt system, bokstavligen dussintals g\u00e5nger, tills vi \u00e4r n\u00f6jda med att b\u00e5gen grupperar pilar bra och presterar korrekt. Detta ger oss ocks\u00e5 en m\u00f6jlighet att fels\u00f6ka bullerproblem, kikarsiktsjusteringsproblem, l\u00f6sa mindre fj\u00e4derkontakt och fixa alla andra sm\u00e5 irritationsmoment som driver b\u00e5gskytte till vansinne. Vi tar hand om dem \u00e5t dig. Vi tror inte p\u00e5 \u201ctillr\u00e4ckligt bra\u201d-modellen. Vi forts\u00e4tter att arbeta tills det \u00e4r r\u00e4tt, s\u00e5 du kan spendera din tid p\u00e5 att njuta av sporten ist\u00e4llet f\u00f6r att meka med din utrustning.      <\/p>\n<p><strong>F\u00d6RINST\u00c4LLNING OCH SPECIFIKATION AV SYSTEMET:<\/strong> N\u00e4r b\u00e5gen grupperar korrekt p\u00e5 distans st\u00e4ller v\u00e5ra personalskyttar in din \u00f6versta siktn\u00e5l f\u00f6r ett 20-yards skott (f\u00f6r hand). Naturligtvis \u00e4r varje skytt lite annorlunda. Vad som \u00e4r helt r\u00e4tt f\u00f6r en person kan vara lite fel f\u00f6r en annan &#8211; s\u00e5 dina fina n\u00e5linst\u00e4llningar kommer att vara upp till dig (tydliga instruktioner inkluderade). Men v\u00e5r process placerar dig bekv\u00e4mt \u201cp\u00e5 papperet\u201d, s\u00e5 du beh\u00f6ver inte b\u00f6rja sikta in fr\u00e5n b\u00f6rjan. M\u00e5nga av v\u00e5ra kunder flyttar aldrig sina siktn\u00e5lar fr\u00e5n d\u00e4r vi initialt st\u00e4ller in dem, och n\u00e4stan alla andra rapporterar sina f\u00f6rsta skott inom n\u00e5gra centimeter fr\u00e5n bullseye. Hur som helst kan du bekv\u00e4mt f\u00f6rv\u00e4nta dig att dina f\u00f6rsta skott tr\u00e4ffar m\u00e5let. N\u00e4r prestandatestningen \u00e4r klar v\u00e4ger och specificerar vi de anpassade pilarna, kronograferar de faktiska pilhastigheterna f\u00f6r systemet, ber\u00e4knar den verifierade KE-utmatningen; och vi dokumenterar b\u00e5gsystemets inst\u00e4llningar, slutspecifikationer och serienummer. Du kommer att f\u00e5 en kopia av denna Shop Order Assembly &amp; Test Report &#8211; bokstavligen din b\u00e5ges \u201ctekniska betygsrapport\u201d &#8211; s\u00e5 du vet exakt hur allt blev. Vi f\u00f6resl\u00e5r att du beh\u00e5ller denna rapport f\u00f6r framtida referens och f\u00f6r f\u00f6rs\u00e4krings\u00e4ndam\u00e5l.        <\/p>\n<p><strong><img decoding=\"async\" class=\"alignright\" src=\"https:\/\/www.huntersfriend.com\/assets\/images\/leadtime5.jpg\" alt=\"\" border=\"0px\">QC-INSPEKTION OCH F\u00d6RPACKNING:<\/strong> N\u00e4r v\u00e5r installationsprocess \u00e4r klar l\u00e4mnar teknikern b\u00e5gpaketet till QC-inspekt\u00f6ren f\u00f6r avkryssning. Allt dubbelkontrolleras, inklusive f\u00e4stmoment och kritiska clearances. Om b\u00e5gen klarar inspektionen g\u00e5r den vidare till packning d\u00e4r inst\u00e4llningarna, specifikationerna och tillbeh\u00f6rsinklusionerna kontrolleras en sista g\u00e5ng. Sedan lastas den f\u00e4rdiga b\u00e5griggen, pilarna och alla l\u00f6sa komponenter i ett b\u00e5gfodral f\u00f6r att s\u00e4kerst\u00e4lla s\u00e4ker transport till din d\u00f6rr.   <\/p>\n<p><strong>TILLFREDSST\u00c4LLELSE? JA. OMEDELBAR? NEJ:   <\/strong> Vi har anv\u00e4nt denna process i \u00f6ver ett decennium. Den fungerar, men den tar lite tid. Och om det finns n\u00e5gon enskild fr\u00e5ga som st\u00e4ndigt f\u00e5r oss i trubbel med v\u00e5ra kunder, s\u00e5 \u00e4r det tid. Folk hatar att v\u00e4nta. Det \u00e4r en marknad f\u00f6r omedelbar tillfredsst\u00e4llelse d\u00e4r ute &#8211; vi f\u00f6rst\u00e5r. Kunder vill ha det ig\u00e5r. \u00c4nd\u00e5 kommer vi att forts\u00e4tta s\u00e4tta bra hantverk f\u00f6rst &#8211; eftersom det \u00e4r grundprincipen f\u00f6r v\u00e5r butik. Vi har en exceptionellt l\u00e5g returfrekvens (under 1%) och ett utm\u00e4rkt rykte f\u00f6r kundn\u00f6jdhet (plus ett A+-betyg hos Better Business Bureau). \u00c5terigen \u00e4r vi engagerade i att f\u00f6rbereda och skicka din best\u00e4llning till dig s\u00e5 snabbt som m\u00f6jligt, men vi f\u00f6rs\u00f6ker inte vara snabbast. Vi vill bara vara b\u00e4st. Vi ber respektfullt om ditt t\u00e5lamod och vi hoppas att du till\u00e5ter oss den tid vi beh\u00f6ver f\u00f6r att f\u00f6rbereda din utrustning r\u00e4tt f\u00f6rsta g\u00e5ngen. I l\u00e4ngden tror vi att du kommer att h\u00e5lla med. Det \u00e4r det klokaste valet f\u00f6r alla.            <\/p>\n\t\t<\/div>\n\t\t\t\t\t<\/div>\n\n\t\n\n<style>\n#row-426523241 > .col > .col-inner {\n  padding: 0px 0px 0px 0px;\n}\n@media (min-width:850px) {\n  #row-426523241 > .col > .col-inner {\n    padding: 0px 0px 50px 0px;\n  }\n}\n<\/style>\n<\/div>\n\t\t<\/div>\n\n\t\t\n<style>\n#section_296612455 {\n  padding-top: 20px;\n  padding-bottom: 20px;\n}\n@media (min-width:550px) {\n  #section_296612455 {\n    padding-top: 20px;\n    padding-bottom: 20px;\n  }\n}\n<\/style>\n\t<\/section>\n\t\n","protected":false},"excerpt":{"rendered":"","protected":false},"author":50,"featured_media":0,"parent":285210,"menu_order":0,"comment_status":"closed","ping_status":"closed","template":"","meta":{"footnotes":""},"class_list":["post-285231","page","type-page","status-publish","hentry"],"_links":{"self":[{"href":"https:\/\/www.huntersfriend.eu\/sv\/wp-json\/wp\/v2\/pages\/285231","targetHints":{"allow":["GET"]}}],"collection":[{"href":"https:\/\/www.huntersfriend.eu\/sv\/wp-json\/wp\/v2\/pages"}],"about":[{"href":"https:\/\/www.huntersfriend.eu\/sv\/wp-json\/wp\/v2\/types\/page"}],"author":[{"embeddable":true,"href":"https:\/\/www.huntersfriend.eu\/sv\/wp-json\/wp\/v2\/users\/50"}],"replies":[{"embeddable":true,"href":"https:\/\/www.huntersfriend.eu\/sv\/wp-json\/wp\/v2\/comments?post=285231"}],"version-history":[{"count":1,"href":"https:\/\/www.huntersfriend.eu\/sv\/wp-json\/wp\/v2\/pages\/285231\/revisions"}],"predecessor-version":[{"id":285234,"href":"https:\/\/www.huntersfriend.eu\/sv\/wp-json\/wp\/v2\/pages\/285231\/revisions\/285234"}],"up":[{"embeddable":true,"href":"https:\/\/www.huntersfriend.eu\/sv\/wp-json\/wp\/v2\/pages\/285210"}],"wp:attachment":[{"href":"https:\/\/www.huntersfriend.eu\/sv\/wp-json\/wp\/v2\/media?parent=285231"}],"curies":[{"name":"wp","href":"https:\/\/api.w.org\/{rel}","templated":true}]}}