{"id":285220,"date":"2025-08-25T11:25:25","date_gmt":"2025-08-25T09:25:25","guid":{"rendered":"https:\/\/www.huntersfriend.eu\/integritetspolicy\/"},"modified":"2025-08-25T11:26:28","modified_gmt":"2025-08-25T09:26:28","slug":"integritetspolicy","status":"publish","type":"page","link":"https:\/\/www.huntersfriend.eu\/sv\/integritetspolicy\/","title":{"rendered":"Integritetspolicy"},"content":{"rendered":"\n\t<section class=\"section\" id=\"section_1237702588\">\n\t\t<div class=\"section-bg fill\" >\n\t\t\t\t\t\t\t\t\t\n\t\t\t\n\n\t\t<\/div>\n\n\t\t\n\n\t\t<div class=\"section-content relative\">\n\t\t\t\n\t<div id=\"gap-21148325\" class=\"gap-element clearfix\" style=\"display:block; height:auto;\">\n\t\t\n<style>\n#gap-21148325 {\n  padding-top: 20px;\n}\n<\/style>\n\t<\/div>\n\t\n<div class=\"container section-title-container\" ><h1 class=\"section-title section-title-center\"><b aria-hidden=\"true\"><\/b><span class=\"section-title-main\" >Integritetspolicy<\/span><b aria-hidden=\"true\"><\/b><\/h1><\/div>\n<div class=\"row align-center\"  id=\"row-2117443413\">\n\n\t<div id=\"col-466715671\" class=\"col medium-12 small-12 large-8\"  >\n\t\t\t\t<div class=\"col-inner\"  >\n\t\t\t\n\t\t\t\n<h2>Vilka vi \u00e4r<\/h2>\n<p>V\u00e5r webbadress \u00e4r: https:\/\/www.huntersfriend.eu.<\/p>\n<h2>Vilka personuppgifter vi samlar in och varf\u00f6r vi samlar in dem<\/h2>\n<p><strong>Kommentarer<\/strong><\/p>\n<p>N\u00e4r bes\u00f6kare l\u00e4mnar kommentarer p\u00e5 webbplatsen samlar vi in de data som visas i kommentarsformul\u00e4ret, samt bes\u00f6karens IP-adress och webbl\u00e4sarens anv\u00e4ndaragentstr\u00e4ng f\u00f6r att hj\u00e4lpa till med spamdetektering.<\/p>\n<p><strong>Media<\/strong><\/p>\n<p>Om du laddar upp bilder till webbplatsen b\u00f6r du undvika att ladda upp bilder med inb\u00e4ddad platsdata (EXIF GPS). Bes\u00f6kare p\u00e5 webbplatsen kan ladda ner och extrahera eventuell platsdata fr\u00e5n bilder p\u00e5 webbplatsen. <\/p>\n<p><strong>Cookies<\/strong><\/p>\n<p>Om du l\u00e4mnar en kommentar p\u00e5 v\u00e5r webbplats kan du v\u00e4lja att spara ditt namn, e-postadress och webbplats i cookies. Dessa \u00e4r f\u00f6r din bekv\u00e4mlighet s\u00e5 att du inte beh\u00f6ver fylla i dina uppgifter igen n\u00e4r du l\u00e4mnar en annan kommentar. Dessa cookies varar i ett \u00e5r.  <\/p>\n<p>Om du har ett konto och loggar in p\u00e5 den h\u00e4r webbplatsen kommer vi att skapa en tillf\u00e4llig cookie f\u00f6r att kontrollera om din webbl\u00e4sare accepterar cookies. Denna cookie inneh\u00e5ller inga personuppgifter och tas bort n\u00e4r du st\u00e4nger din webbl\u00e4sare. <\/p>\n<p>N\u00e4r du loggar in kommer vi ocks\u00e5 att skapa flera cookies f\u00f6r att spara din inloggningsinformation och dina sk\u00e4rmvisningsval. Inloggningscookies varar i tv\u00e5 dagar och cookies f\u00f6r sk\u00e4rmalternativ varar i ett \u00e5r. Om du v\u00e4ljer \u201cKom ih\u00e5g mig\u201d kommer din inloggning att best\u00e5 i tv\u00e5 veckor. Om du loggar ut fr\u00e5n ditt konto kommer inloggningscookies att tas bort.   <\/p>\n<p>Om du redigerar eller publicerar en artikel kommer ytterligare en cookie att sparas i din webbl\u00e4sare. Denna cookie inneh\u00e5ller inga personuppgifter och anger endast ID:t f\u00f6r inl\u00e4gget du just redigerade. Den upph\u00f6r att g\u00e4lla efter 1 dag.  <\/p>\n<p><strong>Inb\u00e4ddat inneh\u00e5ll fr\u00e5n andra webbplatser<\/strong><\/p>\n<p>Artiklar p\u00e5 den h\u00e4r webbplatsen kan inneh\u00e5lla inb\u00e4ddat inneh\u00e5ll (t.ex. videor, bilder, artiklar osv.). Inb\u00e4ddat inneh\u00e5ll fr\u00e5n andra webbplatser beter sig p\u00e5 exakt samma s\u00e4tt som om bes\u00f6karen har bes\u00f6kt den andra webbplatsen. <\/p>\n<p>Dessa webbplatser kan samla in data om dig, anv\u00e4nda cookies, b\u00e4dda in ytterligare tredjepartssp\u00e5rning och \u00f6vervaka din interaktion med det inb\u00e4ddade inneh\u00e5llet, inklusive sp\u00e5rning av din interaktion med det inb\u00e4ddade inneh\u00e5llet om du har ett konto och \u00e4r inloggad p\u00e5 den webbplatsen.<\/p>\n<h2>Analys<\/h2>\n<p>Vem vi delar dina uppgifter med och hur l\u00e4nge vi beh\u00e5ller dina uppgifter<\/p>\n<p>Om du l\u00e4mnar en kommentar sparas kommentaren och dess metadata p\u00e5 obest\u00e4md tid. Detta \u00e4r s\u00e5 att vi kan k\u00e4nna igen och godk\u00e4nna eventuella uppf\u00f6ljningskommentarer automatiskt ist\u00e4llet f\u00f6r att h\u00e5lla dem i en moderationsk\u00f6. <\/p>\n<p>F\u00f6r anv\u00e4ndare som registrerar sig p\u00e5 v\u00e5r webbplats (om n\u00e5gra) lagrar vi \u00e4ven den personliga information de anger i sin anv\u00e4ndarprofil. Alla anv\u00e4ndare kan se, redigera eller radera sin personliga information n\u00e4r som helst (f\u00f6rutom att de inte kan \u00e4ndra sitt anv\u00e4ndarnamn). Webbplatsadministrat\u00f6rer kan ocks\u00e5 se och redigera denna information.  <\/p>\n<p><strong>Vilka r\u00e4ttigheter du har \u00f6ver din data<\/strong><\/p>\n<p>Om du har ett konto p\u00e5 den h\u00e4r webbplatsen eller har l\u00e4mnat kommentarer kan du beg\u00e4ra att f\u00e5 en exporterad fil med de personuppgifter vi har om dig, inklusive alla uppgifter du har l\u00e4mnat till oss. Du kan ocks\u00e5 beg\u00e4ra att vi raderar alla personuppgifter vi har om dig. Detta inkluderar inte uppgifter som vi \u00e4r skyldiga att beh\u00e5lla f\u00f6r administrativa, juridiska eller s\u00e4kerhets\u00e4ndam\u00e5l.  <\/p>\n<p><strong>Vart vi skickar dina uppgifter<\/strong><\/p>\n<p>Bes\u00f6karkommentarer kan kontrolleras genom en automatiserad spamdetekteringstj\u00e4nst.<\/p>\n<h2>Onlinebest\u00e4llningar<\/h2>\n<p>Att best\u00e4lla hos Hunter&#8217;s Friend \u00e4r s\u00e4kert. V\u00e5rt PCI-kompatibla SSL-onlinebest\u00e4llningssystem fungerar i realtid, vilket inneb\u00e4r att best\u00e4llningar som g\u00f6rs online auktoriseras (debiteras) n\u00e4r ordern l\u00e4ggs. Detta s\u00e4kerst\u00e4ller att kritiska kortuppgifter inte ligger kvar p\u00e5 en server eller i ett kassasystem. Dina kortuppgifter \u00e4r kraftigt krypterade och s\u00e4krade hela tiden. S\u00e4kra betalningsl\u00f6sningar tillhandah\u00e5lls av Paypal. Obeh\u00f6riga tredje parter kommer inte att f\u00e5 tillg\u00e5ng till ditt kreditkortsnummer eller annan personlig information som ett resultat av dina onlinek\u00f6p hos Hunter&#8217;s Friend Europe.     <\/p>\n<p><strong>INTEGRITET:<\/strong><\/p>\n<p>Hunter&#8217;s Friend Europe respekterar din integritet. Vi kommer INTE att s\u00e4lja, dela, hyra ut eller leasa n\u00e5gon del av v\u00e5ra kunddata, e-postlistor, kund-e-postadresser eller annan personlig information till andra institutioner. Kort sagt kommer du inte att f\u00e5 spam, skr\u00e4ppost eller telefonsamtal fr\u00e5n telemarketing som ett resultat av att du anger din information p\u00e5 v\u00e5r webbplats. Vi anv\u00e4nder informationen du tillhandah\u00e5ller ENDAST f\u00f6r att fylla din order. Vi \u00e4r i branschen f\u00f6r att s\u00e4lja b\u00e5gskytteutrustning &#8211; inte information. Du har v\u00e5rt ord p\u00e5 det.     <\/p>\n<p><strong>INFORMATION VI SAMLAR IN:<\/strong><\/p>\n<p>Vi kan be dig att frivilligt l\u00e4mna personlig information i vissa delar av webbplatsen, och du m\u00e5ste l\u00e4mna personlig information n\u00e4r du skapar ett konto och\/eller g\u00f6r k\u00f6p p\u00e5 webbplatsen. Den typ av personlig information som vi kan beg\u00e4ra kan inkludera ditt namn, adress, e-postadress, telefonnummer, faxnummer och kreditkortsinformation. All s\u00e5dan information kommer att behandlas i enlighet med villkoren i denna integritetspolicy och skyddas fr\u00e5n obeh\u00f6rig \u00e5tkomst.  <\/p>\n<p data-start=\"51\" data-end=\"79\"><strong data-start=\"51\" data-end=\"79\">Registrets inneh\u00e5ll<\/strong><\/p>\n<p data-start=\"81\" data-end=\"373\">Registret inneh\u00e5ller personuppgifter om Hunter&#8217;s Friend (Uittokalusto Oy) kunder. Detta inkluderar till exempel f\u00f6rnamn, efternamn, e-postadress, telefonnummer och indikatordata relaterad till anv\u00e4ndning av produkter, samt information som frivilligt tillhandah\u00e5lls av kunder och intressenter till Hunter&#8217;s Friend (Uittokalusto Oy). <\/p>\n<p data-start=\"375\" data-end=\"414\"><strong data-start=\"375\" data-end=\"414\">1) Information som tillhandah\u00e5lls av anv\u00e4ndaren<\/strong><\/p>\n<ul data-start=\"416\" data-end=\"789\">\n<li data-start=\"416\" data-end=\"453\">\n<p data-start=\"418\" data-end=\"453\">Identifieringsuppgifter, s\u00e5som namn<\/p>\n<\/li>\n<li data-start=\"454\" data-end=\"530\">\n<p data-start=\"456\" data-end=\"530\">Kontaktuppgifter, s\u00e5som telefonnummer, e-postadress och postadress<\/p>\n<\/li>\n<li data-start=\"531\" data-end=\"603\">\n<p data-start=\"533\" data-end=\"603\">Betalningsinformation, s\u00e5som faktureringsuppgifter och betalningsmetoddata<\/p>\n<\/li>\n<li data-start=\"604\" data-end=\"623\">\n<p data-start=\"606\" data-end=\"623\">Produktrecensioner<\/p>\n<\/li>\n<li data-start=\"624\" data-end=\"660\">\n<p data-start=\"626\" data-end=\"660\">Samtycken f\u00f6r marknadsf\u00f6ringskommunikation<\/p>\n<\/li>\n<li data-start=\"661\" data-end=\"770\">\n<p data-start=\"663\" data-end=\"770\">Personanpassad information som tillhandah\u00e5lls med kundens separata samtycke, s\u00e5som svar p\u00e5 kundunders\u00f6kningar<\/p>\n<\/li>\n<li data-start=\"771\" data-end=\"789\">\n<p data-start=\"773\" data-end=\"789\">\u00d6nskelisteobjekt<\/p>\n<\/li>\n<\/ul>\n<p data-start=\"791\" data-end=\"830\"><strong data-start=\"791\" data-end=\"830\">2) Data som observeras fr\u00e5n tj\u00e4nsteanv\u00e4ndning<\/strong><\/p>\n<ul data-start=\"832\" data-end=\"1124\">\n<li data-start=\"832\" data-end=\"908\">\n<p data-start=\"834\" data-end=\"908\">Leveransinformation, s\u00e5som leveransadress och vald betalningsmetod<\/p>\n<\/li>\n<li data-start=\"909\" data-end=\"978\">\n<p data-start=\"911\" data-end=\"978\">K\u00f6phistorik, s\u00e5som best\u00e4llda produkter, returer och betalningar<\/p>\n<\/li>\n<li data-start=\"979\" data-end=\"1028\">\n<p data-start=\"981\" data-end=\"1028\">Surfnings- och anv\u00e4ndningsdata fr\u00e5n webbbutiken<\/p>\n<\/li>\n<li data-start=\"1029\" data-end=\"1059\">\n<p data-start=\"1031\" data-end=\"1059\">Enhetsidentifieringsdata<\/p>\n<\/li>\n<li data-start=\"1060\" data-end=\"1124\">\n<p data-start=\"1062\" data-end=\"1124\">Webbbutikens sessionsh\u00e4ndelser, s\u00e5som till\u00e4gg i kundvagnen<\/p>\n<\/li>\n<\/ul>\n<p data-start=\"1126\" data-end=\"1164\"><strong data-start=\"1126\" data-end=\"1164\">3) Data som h\u00e4rleds genom analys<\/strong><\/p>\n<ul data-start=\"1166\" data-end=\"1302\">\n<li data-start=\"1166\" data-end=\"1234\">\n<p data-start=\"1168\" data-end=\"1234\">Produktrekommendationer som h\u00e4rleds fr\u00e5n surfnings- och k\u00f6pdata<\/p>\n<\/li>\n<li data-start=\"1235\" data-end=\"1302\">\n<p data-start=\"1237\" data-end=\"1302\">Kundsegmentering och intressen som h\u00e4rleds fr\u00e5n k\u00f6pdata<\/p>\n<\/li>\n<\/ul>\n<p data-start=\"1304\" data-end=\"1636\">Den prim\u00e4ra datak\u00e4llan \u00e4r webbplatsanv\u00e4ndaren\/kunden sj\u00e4lv. Dessutom kan vi f\u00e5 kompletterande information fr\u00e5n v\u00e5ra partners, s\u00e5som kreditserviceleverant\u00f6rer f\u00f6r faktureringssyften. Du kan se dina uppgifter genom ditt kundkonto, och om du \u00f6nskar har du m\u00f6jlighet att radera dina personliga identifieringsuppgifter.  <\/p>\n\t\t<\/div>\n\t\t\t\t\t<\/div>\n\n\t\n\n<style>\n#row-2117443413 > .col > .col-inner {\n  padding: 0px 0px 0px 0px;\n}\n@media (min-width:850px) {\n  #row-2117443413 > .col > .col-inner {\n    padding: 0px 0px 0 0px;\n  }\n}\n<\/style>\n<\/div>\n\t\t<\/div>\n\n\t\t\n<style>\n#section_1237702588 {\n  padding-top: 20px;\n  padding-bottom: 20px;\n}\n@media (min-width:550px) {\n  #section_1237702588 {\n    padding-top: 20px;\n    padding-bottom: 20px;\n  }\n}\n<\/style>\n\t<\/section>\n\t\n","protected":false},"excerpt":{"rendered":"","protected":false},"author":1,"featured_media":0,"parent":0,"menu_order":0,"comment_status":"closed","ping_status":"open","template":"","meta":{"footnotes":""},"class_list":["post-285220","page","type-page","status-publish","hentry"],"_links":{"self":[{"href":"https:\/\/www.huntersfriend.eu\/sv\/wp-json\/wp\/v2\/pages\/285220","targetHints":{"allow":["GET"]}}],"collection":[{"href":"https:\/\/www.huntersfriend.eu\/sv\/wp-json\/wp\/v2\/pages"}],"about":[{"href":"https:\/\/www.huntersfriend.eu\/sv\/wp-json\/wp\/v2\/types\/page"}],"author":[{"embeddable":true,"href":"https:\/\/www.huntersfriend.eu\/sv\/wp-json\/wp\/v2\/users\/1"}],"replies":[{"embeddable":true,"href":"https:\/\/www.huntersfriend.eu\/sv\/wp-json\/wp\/v2\/comments?post=285220"}],"version-history":[{"count":10,"href":"https:\/\/www.huntersfriend.eu\/sv\/wp-json\/wp\/v2\/pages\/285220\/revisions"}],"predecessor-version":[{"id":285236,"href":"https:\/\/www.huntersfriend.eu\/sv\/wp-json\/wp\/v2\/pages\/285220\/revisions\/285236"}],"wp:attachment":[{"href":"https:\/\/www.huntersfriend.eu\/sv\/wp-json\/wp\/v2\/media?parent=285220"}],"curies":[{"name":"wp","href":"https:\/\/api.w.org\/{rel}","templated":true}]}}