{"id":285216,"date":"2025-08-25T11:21:03","date_gmt":"2025-08-25T09:21:03","guid":{"rendered":"https:\/\/www.huntersfriend.eu\/vi-kan-hjalpa-till\/returpolicy\/"},"modified":"2025-08-25T11:21:03","modified_gmt":"2025-08-25T09:21:03","slug":"returpolicy","status":"publish","type":"page","link":"https:\/\/www.huntersfriend.eu\/sv\/vi-kan-hjalpa-till\/returpolicy\/","title":{"rendered":"Returpolicy"},"content":{"rendered":"\n\t<section class=\"section\" id=\"section_1587765330\">\n\t\t<div class=\"section-bg fill\" >\n\t\t\t\t\t\t\t\t\t\n\t\t\t\n\n\t\t<\/div>\n\n\t\t\n\n\t\t<div class=\"section-content relative\">\n\t\t\t\n\t<div id=\"gap-1875845228\" class=\"gap-element clearfix\" style=\"display:block; height:auto;\">\n\t\t\n<style>\n#gap-1875845228 {\n  padding-top: 20px;\n}\n<\/style>\n\t<\/div>\n\t\n<div class=\"container section-title-container\" ><h1 class=\"section-title section-title-center\"><b aria-hidden=\"true\"><\/b><span class=\"section-title-main\" >Allm\u00e4n returpolicy<\/span><b aria-hidden=\"true\"><\/b><\/h1><\/div>\n<div class=\"row align-center\"  id=\"row-957099414\">\n\n\t<div id=\"col-1503220649\" class=\"col medium-12 small-12 large-8\"  >\n\t\t\t\t<div class=\"col-inner\"  >\n\t\t\t\n\t\t\t\n<p><strong>VI UPPSKATTAR DIN AFF\u00c4R:<\/strong> Hunter&#8217;s Friend Europe vet att du har ett val och vi v\u00e4rdes\u00e4tter din aff\u00e4r. Om du inte \u00e4r n\u00f6jd med din best\u00e4llning vill vi veta det och vi ska g\u00f6ra det r\u00e4tt! Om du har problem med n\u00e5gon utrustning du har k\u00f6pt, <strong>V\u00c4NLIGEN RING ELLER MAILA OSS F\u00d6RST<\/strong> p\u00e5 info@huntersfriend.eu eller +358 15 555 0402. Alla Hunter&#8217;s Friend Europe-best\u00e4llningar packas noggrant och inspekteras grundligt, och vi hoppas att du blir n\u00f6jd med varan\/varorna du har valt. Vid leverans, kontrollera kartongens inneh\u00e5ll omedelbart mot artiklarna p\u00e5 framsidan av din faktura. Om du saknar artiklar, meddela oss omedelbart. Observera att vissa skrymmande och specialartiklar kan levereras separat och kanske inte kommer samma dag (eller via samma transport\u00f6r). Denna information anges p\u00e5 fakturan som medf\u00f6ljer ditt paket. Om du inte \u00e4r n\u00f6jd med ditt k\u00f6p kan du returnera ber\u00e4ttigade artiklar f\u00f6r \u00e5terbetalning, kredit eller byte inom 30 dagar efter mottagandet av din best\u00e4llning. Se instruktioner och detaljer nedan.         <\/p>\n<p><strong>SKADADE PAKET:<\/strong> Om du uppt\u00e4cker att din f\u00f6rs\u00e4ndelse har skadats under transporten, kontakta v\u00e5r kundtj\u00e4nst omedelbart s\u00e5 att vi kan ordna en ers\u00e4ttningsleverans eller l\u00e4mplig reparation. Ta g\u00e4rna och tillhandah\u00e5ll fotografier p\u00e5 skadan f\u00f6r att hj\u00e4lpa till med eventuella anspr\u00e5k. Anspr\u00e5k p\u00e5 transportskador m\u00e5ste g\u00f6ras inom 5 arbetsdagar efter mottagandet av ditt paket och m\u00e5ste l\u00f6sas innan man g\u00e5r vidare med returer eller byten.  <\/p>\n<p><strong>BEH\u00c5LL DITT F\u00d6RPACKNINGSMATERIAL:<\/strong> Kasta inte bort l\u00e5dorna som dina ink\u00f6p levererades i. Om ditt k\u00f6p har godk\u00e4nts f\u00f6r retur, byte, reparation eller ers\u00e4ttning av Hunter&#8217;s Friend Europe och du har f\u00e5tt ett returauktoriseringsnummer, anv\u00e4nd dessa originall\u00e5dor och f\u00f6rpackningsmaterial f\u00f6r att returnera ditt k\u00f6p. Om dessa instruktioner inte f\u00f6ljs kommer det att resultera i en f\u00f6rsening i behandlingen av din kredit, en minskning av kreditbeloppet eller v\u00e5r v\u00e4gran att acceptera den returnerade produkten.  <\/p>\n<h3>F\u00d6R ATT RETURNERA EN VARA INOM 30 DAGAR<\/h3>\n<p><strong>KONTAKTA KUNDTJ\u00c4NST F\u00d6RST:<\/strong> Kontakta kundtj\u00e4nst p\u00e5 info@huntersfriend.eu eller +358 15 555 0402.<\/p>\n<p><strong>RETURNERA ALLA VAROR I ORIGINALSKICK:<\/strong> Returnerade varor f\u00e5r inte visa tecken p\u00e5 slitage, missbruk eller \u00e4ndringar. Inkludera all originalf\u00f6rpackning, tillbeh\u00f6r, dokumentation (bruksanvisningar, garantikort etc.). Skriv inte p\u00e5 varans f\u00f6rpackning, manual eller garantikort f\u00f6rr\u00e4n du \u00e4r s\u00e4ker p\u00e5 att du kommer att beh\u00e5lla alla varor du har k\u00f6pt. Returnerade varor som INTE \u00e4r i originalskick kan nekas eller bli f\u00f6rem\u00e5l f\u00f6r reparationskostnader och\/eller en \u00e5terst\u00e4llningsavgift.   <\/p>\n<p><strong>\u00c5TERF\u00d6RPACKA OCH F\u00d6RS\u00c4KRA:<\/strong> Du ansvarar f\u00f6r varorna tills de s\u00e4kert n\u00e5r v\u00e5rt lager. F\u00f6r att skydda din retur, v\u00e4nligen (a) \u00e5terf\u00f6rpacka varorna med allt originalf\u00f6rpackningsmaterial, (b) tejpa din l\u00e5da s\u00e4kert med godk\u00e4nd f\u00f6rpackningstejp, (c) f\u00f6rs\u00e4kra ditt paket f\u00f6r det fulla v\u00e4rdet av ditt k\u00f6p.    <\/p>\n<p><strong>SKICKA RETUREN OCH BEH\u00c5LL DITT SP\u00c5RNINGSNUMMER:<\/strong> Hunter&#8217;s Friend Europe Webshops internationella returer hanteras av GLS, DHL eller Posti Parcel Return Connect-tj\u00e4nsten. Posti Parcel Return Connect-returer finns tillg\u00e4ngliga fr\u00e5n alla deltagande Parcel Connect-l\u00e4nder. Kontakta v\u00e5r kundtj\u00e4nst direkt f\u00f6r att f\u00e5 en returauktorisering och ett returkort via e-post som kan anv\u00e4ndas som fraktsedel. Vi ber dig returnera varan med eventuella instruktioner och produktf\u00f6rpackningsmaterial som f\u00f6ljde med den.   <\/p>\n<p><strong>RETURADRESS:<\/strong><\/p>\n<p>Uittokalusto Oy<br \/>\n(d.b.a. Hunters Friend Europe)<br \/>\nTaitajantie 2<br \/>\n57210 SAVONLINNA<br \/>\nFINLAND<\/p>\n<p><strong>RETURFRAKT:<\/strong> Vi erbjuder gratis returer <strong><em>endast<\/em> <\/strong>n\u00e4r returen g\u00e4ller garantireparation, skada under frakt eller v\u00e5rt misstag i ordern. Andra returer som sena avbokningar, misstag i ordern gjorda av kunden eller att man helt enkelt inte vill ha produkten l\u00e4ngre \u00e4r inte gratis och omfattas ocks\u00e5 av villkoren nedan. <\/p>\n<p><strong>Observera<\/strong> att om du befinner dig i Storbritannien (eller utanf\u00f6r EU) och v\u00e4grar att ta emot ett paket som du best\u00e4llt, kommer paketet att returneras automatiskt till oss. I s\u00e5 fall \u00f6verf\u00f6rs tull- och returportoavgifterna till oss av kuriren. Om du v\u00e4grar ta emot paketet och det returneras p\u00e5 det s\u00e4ttet, kommer dessa avgifter att dras av fr\u00e5n eventuell \u00e5terbetalning som du kan ha r\u00e4tt till n\u00e4r produkterna kommer tillbaka till v\u00e5rt lager.  <\/p>\n<h3>TORRSKOTT  STR\u00c4NGURKOPPLINGAR<\/h3>\n<p><strong>L\u00c4S ALL INFORMATION SOM MEDF\u00d6LJER DIN B\u00c5GE:<\/strong> Innan du b\u00f6rjar hantera din nya compoundb\u00e5ge, ta dig tid att l\u00e4sa all litteratur som medf\u00f6ljer b\u00e5gen. F\u00f6rst\u00e5 termerna \u201ctorrskott\u201d och \u201cstr\u00e4ngurkoppling\u201d INNAN du drar din b\u00e5ge f\u00f6r f\u00f6rsta g\u00e5ngen. Vi inser att detta \u00e4r ett k\u00e4nsligt \u00e4mne, men skador fr\u00e5n torrskott och str\u00e4ngurkoppling t\u00e4cks aldrig av fabriksgarantin. V\u00e4nligen \u2013 V\u00c4NLIGEN \u2013 l\u00e4s och f\u00f6rst\u00e5 hur du hanterar din compoundb\u00e5ge s\u00e4kert och ansvarsfullt, s\u00e4rskilt om du \u00e4r ny inom sporten. Om ett oavsiktligt torrskott eller str\u00e4ngurkoppling skulle intr\u00e4ffa, kontakta oss s\u00e5 kommer vi att g\u00f6ra allt vi kan f\u00f6r att hj\u00e4lpa till att ordna r\u00e4ttvisa och snabba reparationer.    <\/p>\n<h3>SPECIALTILLVERKADE PILAR<\/h3>\n<p><strong>SPECIALTILLVERKADE PILAR TILLVERKAS P\u00c5 BEST\u00c4LLNING:<\/strong> N\u00e4r dina nya pilskaft har f\u00f6rsetts med styrfj\u00e4drar, kapats eller f\u00f6rsetts med insatser kan de inte returneras till lager. Om du uppt\u00e4cker att vi har gjort ett misstag i tillverkningen av dina specialtillverkade pilar ers\u00e4tter vi g\u00e4rna pilarna. Men av s\u00e4kerhetssk\u00e4l kan pilskaft som har f\u00f6rsetts med styrfj\u00e4drar, kapats eller f\u00f6rsetts med insatser inte accepteras f\u00f6r retur. L\u00e4r dig r\u00e4tt kolpilss\u00e4kerhet och kom alltid ih\u00e5g att flex-testa varje pil f\u00f6re skjutning.   <\/p>\n<p><strong>PILSKAFT UTAN STYRFJ\u00c4DRAR:<\/strong> Pilskaft i full l\u00e4ngd utan styrfj\u00e4drar kan returneras i nyskick med alla tillbeh\u00f6r f\u00f6r \u00e5terbetalning, kredit eller byte.<\/p>\n<h3>VILLKOR<\/h3>\n<p><strong>\u00c5TERBETALNINGAR:<\/strong> \u00c5terbetalningar p\u00e5 kredit- och PayPal-k\u00f6p krediteras ditt konto (minus de faktiska till\u00e4mpliga fraktkostnaderna, \u00e4ven om paketet skickades gratis) inom 7 dagar efter mottagandet av returer.<\/p>\n<p><strong>AVBOKNINGAR:<\/strong> Kontrollera dina orderuppgifter noggrant innan du skickar in dem till v\u00e5r butik. I vissa fall behandlas och packas best\u00e4llningar f\u00f6r leverans inom bara n\u00e5gra timmar. S\u00e5 tiden f\u00f6r avbokningar \u00e4r begr\u00e4nsad. Om du l\u00e4gger en best\u00e4llning men senare best\u00e4mmer dig f\u00f6r att avboka, kontakta kundtj\u00e4nst s\u00e5 snabbt som m\u00f6jligt. Om din order \u00e4nnu inte har verkst\u00e4llts kommer vi att g\u00f6ra allt f\u00f6r att tillm\u00f6tesg\u00e5 avbokningsbeg\u00e4ran. Sena avbokningar som betalats med kreditkort\/Paypal \u00e4r f\u00f6rem\u00e5l f\u00f6r en 3 % behandlingsavgift och fraktkostnader kan eller kan inte \u00e5tervinnas (beroende p\u00e5 n\u00e4r en avbokningsbeg\u00e4ran tas emot). Den faktiska fraktkostnaden kan debiteras \u00e4ven om ingen avgift togs ut vid k\u00f6ptillf\u00e4llet eftersom vi \u00e4nd\u00e5 var tvungna att betala dessa avgifter till kuriren ur egen ficka. Returporto \u00e4r returnerarens ansvar f\u00f6r sena avbokningar. Observera ocks\u00e5 att avbokningar \u00e4r begr\u00e4nsade f\u00f6r specialarbeten (trimning och justering av b\u00e5gar, montering av styrfj\u00e4drar och kapning av pilar etc.) eftersom dessa artiklar inte kan s\u00e4ljas som nya n\u00e4r v\u00e5rt arbete har p\u00e5b\u00f6rjats.        <\/p>\n<p>F\u00f6rbetalda special-\/specialbest\u00e4llda b\u00e5gar fr\u00e5n en tillverkare kan inte avbokas om b\u00e5gen redan har skickats till oss och vi inte kan avboka specialbest\u00e4llningen hos leverant\u00f6ren, eller efter att arbetet har p\u00e5b\u00f6rjats med att bygga\/trimma n\u00e5gon b\u00e5ge i v\u00e5rt lager. Tillverkarens garantivillkor g\u00e4ller dock. <\/p>\n<p><strong>EJ LEVERERADE PRODUKTER:<\/strong> Om din best\u00e4llning inte h\u00e4mtas p\u00e5 din plats, eller leveransen v\u00e4gras, ansvarar inte HFE f\u00f6r kostnaden f\u00f6r returporto till v\u00e5r butik. Ursprunglig porto faktiska kostnader (\u00e4ven om det var gratis vid best\u00e4llningstillf\u00e4llet) och dessa returkostnader skulle dras av fr\u00e5n eventuell \u00e5terbetalning som beg\u00e4rts, om s\u00e5 var fallet. Detta inkluderar \u00e4ven v\u00e4gran att betala eventuella importtullar eller avgifter f\u00f6r best\u00e4llningar utanf\u00f6r Europeiska unionen som kan debiteras tillbaka till v\u00e5rt konto. Kostnaden f\u00f6r \u00e5ters\u00e4ndning \u00e4r kundens ansvar. Kontakta oss s\u00e5 kommer vi att l\u00f6sa det p\u00e5 b\u00e4sta m\u00f6jliga s\u00e4tt f\u00f6r dig om n\u00e5got olyckligt h\u00e4nder.    <\/p>\n<p>F\u00f6lj din paketsp\u00e5rningsinformation och ta kontakt med ditt lokala postkontor om paketet verkar f\u00f6rsenat lokalt. HFE ansvarar inte heller f\u00f6r felaktig adress-\/kontaktinformation som kunden l\u00e4mnat vid best\u00e4llningstillf\u00e4llet. <\/p>\n<p>HFE skickar paketsp\u00e5rningsinformation via e-post f\u00f6r varje leverans. Ibland f\u00f6rbises e-postmeddelanden eller hamnar i skr\u00e4ppostfiler. Om du inte f\u00e5r din sp\u00e5rning, kontakta oss p\u00e5 info@huntersfriend.eu s\u00e5 hj\u00e4lper vi g\u00e4rna till att f\u00e5 informationen till dig igen.  <\/p>\n<p><strong>TYPOGRAFISKA FEL:<\/strong> \u00c4ven om alla anstr\u00e4ngningar g\u00f6rs f\u00f6r att s\u00e4kerst\u00e4lla att priser, beskrivningar och bilder p\u00e5 v\u00e5r webbplats \u00e4r korrekta och aktuella kan typografiska fel och visningsfel f\u00f6rekomma. Om du har n\u00e5gra fr\u00e5gor om den exakta produkten p\u00e5 webbplatsen, kontakta oss direkt och fr\u00e5ga. I ett s\u00e5dant fall f\u00f6rbeh\u00e5ller sig Hunter&#8217;s Friend Europe r\u00e4tten att v\u00e4gra eller avbryta en best\u00e4llning. Om ett s\u00e5dant fel skulle intr\u00e4ffa kommer vi att meddela dig om felet, be om urs\u00e4kt och ge dig m\u00f6jlighet att v\u00e4lja hur du vill g\u00e5 vidare. N\u00e4r det finns skillnader i spr\u00e5kversioner kommer den engelska versionen att vara styrande i alla fall.    <\/p>\n<h3>V\u00c5RT L\u00d6FTE<\/h3>\n<p><strong>TACK K\u00c4RA J\u00c4GARE:<\/strong> Vi hoppas att du kommer att \u00e5terv\u00e4nda till huntersfriend.eu f\u00f6r dina jaktbehov under m\u00e5nga s\u00e4songer fram\u00f6ver. Det \u00e4r v\u00e5rt m\u00e5l att alltid tillhandah\u00e5lla b\u00e5gskytteprodukter och tj\u00e4nster av h\u00f6gsta m\u00f6jliga kvalitet. Men om n\u00e5got g\u00e5r fel ska vi g\u00f6ra v\u00e5rt b\u00e4sta f\u00f6r att r\u00e4tta till det.  <\/p>\n\t\t<\/div>\n\t\t\t\t\t<\/div>\n\n\t\n\n<style>\n#row-957099414 > .col > .col-inner {\n  padding: 0px 0px 0px 0px;\n}\n@media (min-width:850px) {\n  #row-957099414 > .col > .col-inner {\n    padding: 0px 0px 0 0px;\n  }\n}\n<\/style>\n<\/div>\n\t\t<\/div>\n\n\t\t\n<style>\n#section_1587765330 {\n  padding-top: 20px;\n  padding-bottom: 20px;\n}\n@media (min-width:550px) {\n  #section_1587765330 {\n    padding-top: 20px;\n    padding-bottom: 20px;\n  }\n}\n<\/style>\n\t<\/section>\n\t\n","protected":false},"excerpt":{"rendered":"","protected":false},"author":1,"featured_media":0,"parent":285210,"menu_order":0,"comment_status":"closed","ping_status":"closed","template":"","meta":{"footnotes":""},"class_list":["post-285216","page","type-page","status-publish","hentry"],"_links":{"self":[{"href":"https:\/\/www.huntersfriend.eu\/sv\/wp-json\/wp\/v2\/pages\/285216","targetHints":{"allow":["GET"]}}],"collection":[{"href":"https:\/\/www.huntersfriend.eu\/sv\/wp-json\/wp\/v2\/pages"}],"about":[{"href":"https:\/\/www.huntersfriend.eu\/sv\/wp-json\/wp\/v2\/types\/page"}],"author":[{"embeddable":true,"href":"https:\/\/www.huntersfriend.eu\/sv\/wp-json\/wp\/v2\/users\/1"}],"replies":[{"embeddable":true,"href":"https:\/\/www.huntersfriend.eu\/sv\/wp-json\/wp\/v2\/comments?post=285216"}],"version-history":[{"count":2,"href":"https:\/\/www.huntersfriend.eu\/sv\/wp-json\/wp\/v2\/pages\/285216\/revisions"}],"predecessor-version":[{"id":285218,"href":"https:\/\/www.huntersfriend.eu\/sv\/wp-json\/wp\/v2\/pages\/285216\/revisions\/285218"}],"up":[{"embeddable":true,"href":"https:\/\/www.huntersfriend.eu\/sv\/wp-json\/wp\/v2\/pages\/285210"}],"wp:attachment":[{"href":"https:\/\/www.huntersfriend.eu\/sv\/wp-json\/wp\/v2\/media?parent=285216"}],"curies":[{"name":"wp","href":"https:\/\/api.w.org\/{rel}","templated":true}]}}