{"id":285211,"date":"2025-08-25T11:19:09","date_gmt":"2025-08-25T09:19:09","guid":{"rendered":"https:\/\/www.huntersfriend.eu\/om-oss\/"},"modified":"2025-08-25T11:19:09","modified_gmt":"2025-08-25T09:19:09","slug":"om-oss","status":"publish","type":"page","link":"https:\/\/www.huntersfriend.eu\/sv\/om-oss\/","title":{"rendered":"Om oss"},"content":{"rendered":"<div class=\"row row-full-width align-center\"  id=\"row-123962557\">\n\n\t<div id=\"col-309572414\" class=\"col medium-8 small-12 large-8\"  >\n\t\t\t\t<div class=\"col-inner text-left\"  >\n\t\t\t\n\t\t\t\n<h1>Om oss<\/h1>\n<p><strong>Huvudkontakt: Dana Worster, Jr. <\/strong><br \/>\ne-post: dana@huntersfriend.eu<\/p>\n<div class=\"is-divider divider clearfix\" style=\"margin-top:2.0em;margin-bottom:2.0em;max-width:100%;height:1px;\"><\/div>\n<div class=\"row row-large\"  id=\"row-1806181212\">\n\n\t<div id=\"col-665211626\" class=\"col medium-6 small-12 large-6\"  >\n\t\t\t\t<div class=\"col-inner\"  >\n\t\t\t\n\t\t\t\n<p><strong>Huvudbutik och lager:<\/strong><br \/>\nHunter&#8217;s Friend Europe \/ Uittokalusto Oy<\/p>\n<p>+358 15 555 0402 \/ Kundservice<br \/>\n+358 45 208 6292 \/ Dana<br \/>\ninfo@huntersfriend.eu<\/p>\n<p>Taitajantie 2<br \/>\n57210 Savonlinna, Finland<br \/>\nMOMSREG.NR FI01082378<\/p>\n<p>M\u00e5n\u2013fre 8.00 &#8211; 16.00 (CET +1 timme)<\/p>\n\t\t<\/div>\n\t\t\t\t\t<\/div>\n\n\t\n\n\t<div id=\"col-1368419975\" class=\"col medium-6 small-12 large-6\"  >\n\t\t\t\t<div class=\"col-inner\"  >\n\t\t\t\n\t\t\t\n\t\t<\/div>\n\t\t\t\t\t<\/div>\n\n\t\n<\/div>\n<div class=\"is-divider divider clearfix\" style=\"margin-top:2.0em;margin-bottom:2.0em;max-width:100%;height:1px;\"><\/div>\n<p>Hunter&#8217;s Friend LLC grundades 1999 i Kentucky, USA och v\u00e4xte snabbt till en av Amerikas st\u00f6rsta frist\u00e5ende b\u00e5gskyttebutiker. De har betj\u00e4nat b\u00e5gj\u00e4gare och b\u00e5gskytteentusiaster i alla delstater och i de flesta l\u00e4nder runt om i v\u00e4rlden. <\/p>\n<p>Hunter&#8217;s Friend Europe Oy grundades 2010 och \u00e4r ett f\u00f6retag baserat i det b\u00e5gjaktgalna Finland. Nyckelpersonalen p\u00e5 HFE har tillsammans \u00f6ver 60 \u00e5rs erfarenhet inom b\u00e5gbranschen och livsl\u00e5ng erfarenhet av jakt i Europas och Nordamerikas skogar. Vi valdes speciellt ut av Hunter&#8217;s Friend USA f\u00f6r att f\u00f6ra Hunter&#8217;s Friend-konceptet till Europa och f\u00f6r att tillgodose de specifika behoven hos europeiska b\u00e5gj\u00e4garkunder. Hunter&#8217;s Friend Europe (HFE) \u00e4r nu ett oberoende f\u00f6retag som \u00e4r n\u00e4ra kopplat till Hunter&#8217;s Friend LLC.   <\/p>\n<p>Hunter&#8217;s Friend Europe \u00e4gs nu av Uittokalusto Oy med st\u00f6rre delen av samma personal fortfarande p\u00e5 jobbet. F\u00f6rv\u00e4rvet av HFE av Uittokalusto tar oss till n\u00e4sta niv\u00e5 inom ink\u00f6p, logistik och kundservice. Samtidigt som vi beh\u00e5ller den \u00e4kta b\u00e5gskyttebutikupplevelsen.  <\/p>\n<p>Vi forts\u00e4tter att f\u00f6lja samma grundkoncept och det \u00e4r enkelt: <strong>B\u00e5gskytte-konsumenter ska inte beh\u00f6va v\u00e4lja mellan att f\u00e5 bra service och att f\u00e5 ett rimligt pris.<\/strong> Inte heller ska europ\u00e9er beh\u00f6va \u00e5ka hela v\u00e4gen \u00f6ver havet bara f\u00f6r att f\u00e5 en b\u00e4ttre aff\u00e4r. B\u00e5gskytte-konsumenter har traditionellt haft tv\u00e5 val: betala mycket pengar f\u00f6r att k\u00f6pa fr\u00e5n en lokal proffbutik d\u00e4r du kan f\u00e5 teknisk service, eller f\u00f6rs\u00f6ka spara pengar genom att k\u00f6pa fr\u00e5n en rabattpostorderbutik som l\u00e4mnar dig \u201cp\u00e5 egen hand\u201d n\u00e4r det g\u00e4ller installation och justering. Vi tror att b\u00e5gj\u00e4gare och b\u00e5gskytteentusiaster inte ska beh\u00f6va v\u00e4lja det ena eller det andra. Du ska kunna f\u00e5 b\u00e5de bra teknisk service och ett rimligt pris. Det \u00e4r v\u00e5rt m\u00e5l.    <\/p>\n<p>S\u00e5 vi har arbetat h\u00e5rt f\u00f6r att \u00f6verbrygga klyftan mellan lokala och postorderkoncepten. Vi s\u00e4ljer inte b\u00e5gar som de flesta internet- och postorderleverant\u00f6rer av b\u00e5gskytteutrustning. Mindre \u00e4n 5% av b\u00e5garna vi s\u00e4ljer via v\u00e5ra webbsidor \u00e4r \u201cbara b\u00e5gar\u201d. De andra 95% \u00e4r \u201cReady-to-Hunt\u201d-b\u00e5gar som vi f\u00f6rst installerar och servar i v\u00e5r proffbutik. Och tack vare v\u00e5r anpassade installations- och m\u00e4tmetodik har vi till stor del skingrat myten att du fysiskt m\u00e5ste g\u00e5 in i en butik f\u00f6r att s\u00e4kerst\u00e4lla att din b\u00e5gskytteutrustning \u00e4r anpassad och installerad korrekt. Hunter&#8217;s Friend USA har utrustat tusentals b\u00e5gj\u00e4gare i Europa via Ready-to-Hunt-programmet fr\u00e5n Amerika, och sedan 2010 har Hunter&#8217;s Friend Europe gjort det inifr\u00e5n EU med samma framg\u00e5ngsniv\u00e5. Vi skulle g\u00e4rna vilja f\u00e5 en chans att bevisa f\u00f6r dig att nu n\u00e4r vi finns i Europa kan vi g\u00f6ra ett \u00e4nnu b\u00e4ttre jobb genom att tillhandah\u00e5lla tillg\u00e4nglig kundservice tillsammans med v\u00e5ra h\u00f6gkvalitativa produkter och rimliga priser.      <\/p>\n<p>Idag \u00e4r vi redan en av de mest trafikerade b\u00e5gskyttebutikerna i hela Europa och vi \u00e4r stolta \u00f6ver att vara den p\u00e5litliga partnern till Hunter&#8217;s Friend USA. S\u00e5 under de senaste \u00e5ren har v\u00e5r proffbutik blivit en livlig plats och vi kommer att \u00f6ppna nya platser runt om i Europa i sinom tid f\u00f6r att h\u00e5lla dessa standarder uppe. <\/p>\n<h2 class=\"lead\">Tack!<\/h2>\n<p>\u00c4ven om vi aldrig dr\u00f6mde om att v\u00e5r enda proffbutik kunde bli s\u00e5 framg\u00e5ngsrik och f\u00f6rvandlas till vad den \u00e4r idag, \u00e4r vi uppriktigt tacksamma till alla b\u00e5gj\u00e4gare som har tagit en chans p\u00e5 Hunter&#8217;s Friend &#8211; och f\u00f6r de m\u00e5nga lojala och \u00e5terkommande kunder som k\u00f6per sina nya compoundb\u00e5gar fr\u00e5n Hunter&#8217;s Friend i Amerika och i Europa.<\/p>\n<p>V\u00e5r webbplats finns bara p\u00e5 n\u00e5gra f\u00e5 spr\u00e5k f\u00f6r tillf\u00e4llet. Vi arbetar h\u00e5rt med att l\u00e4gga till fler spr\u00e5km\u00f6jligheter p\u00e5 v\u00e5r webbplats. Ha t\u00e5lamod med oss.  <\/p>\n<p>Hunter&#8217;s Friend Europe Oy \u00e4r medlem i Archery Trade Association (ATA).<\/p>\n\t\t<\/div>\n\t\t\t\t\t<\/div>\n\n\t\n<\/div>\n","protected":false},"excerpt":{"rendered":"","protected":false},"author":1,"featured_media":0,"parent":0,"menu_order":0,"comment_status":"closed","ping_status":"closed","template":"","meta":{"footnotes":""},"class_list":["post-285211","page","type-page","status-publish","hentry"],"_links":{"self":[{"href":"https:\/\/www.huntersfriend.eu\/sv\/wp-json\/wp\/v2\/pages\/285211","targetHints":{"allow":["GET"]}}],"collection":[{"href":"https:\/\/www.huntersfriend.eu\/sv\/wp-json\/wp\/v2\/pages"}],"about":[{"href":"https:\/\/www.huntersfriend.eu\/sv\/wp-json\/wp\/v2\/types\/page"}],"author":[{"embeddable":true,"href":"https:\/\/www.huntersfriend.eu\/sv\/wp-json\/wp\/v2\/users\/1"}],"replies":[{"embeddable":true,"href":"https:\/\/www.huntersfriend.eu\/sv\/wp-json\/wp\/v2\/comments?post=285211"}],"version-history":[{"count":2,"href":"https:\/\/www.huntersfriend.eu\/sv\/wp-json\/wp\/v2\/pages\/285211\/revisions"}],"predecessor-version":[{"id":285213,"href":"https:\/\/www.huntersfriend.eu\/sv\/wp-json\/wp\/v2\/pages\/285211\/revisions\/285213"}],"wp:attachment":[{"href":"https:\/\/www.huntersfriend.eu\/sv\/wp-json\/wp\/v2\/media?parent=285211"}],"curies":[{"name":"wp","href":"https:\/\/api.w.org\/{rel}","templated":true}]}}