{"id":285208,"date":"2025-08-25T11:19:04","date_gmt":"2025-08-25T09:19:04","guid":{"rendered":"https:\/\/www.huntersfriend.eu\/policy-for-aterbetalning-och-returer\/"},"modified":"2025-08-25T11:19:04","modified_gmt":"2025-08-25T09:19:04","slug":"policy-for-aterbetalning-och-returer","status":"publish","type":"page","link":"https:\/\/www.huntersfriend.eu\/sv\/policy-for-aterbetalning-och-returer\/","title":{"rendered":"Policy f\u00f6r \u00e5terbetalning och returer"},"content":{"rendered":"\n<p><b>Detta \u00e4r en exempelsida.<\/b><\/p>\n\n<h3>Overview<\/h3>\n\n<p>V\u00e5r policy f\u00f6r \u00e5terbetalning och returer g\u00e4ller i 30 dagar. Om det har g\u00e5tt mer \u00e4n 30 dagar sedan ditt k\u00f6p kan vi inte erbjuda full \u00e5terbetalning eller byte. <\/p>\n\n<p>F\u00f6r att vara ber\u00e4ttigad till retur m\u00e5ste varan vara oanv\u00e4nd och i samma skick som n\u00e4r du mottog den. Den m\u00e5ste ocks\u00e5 vara i originalf\u00f6rpackningen. <\/p>\n\n<p>Flera typer av varor \u00e4r undantagna fr\u00e5n retur. F\u00e4rskvaror som mat, blommor, tidningar eller magasin kan inte returneras. Vi accepterar inte heller produkter som \u00e4r intima eller hygienartiklar, farligt material eller brandfarliga v\u00e4tskor eller gaser.  <\/p>\n\n<p>Ytterligare varor som inte kan returneras:<\/p>\n\n<ul class=\"wp-block-list\">\n<li>Presentkort<\/li>\n<li>Nedladdningsbara mjukvaruprodukter<\/li>\n<li>Vissa h\u00e4lso- och hygienartiklar<\/li>\n<\/ul>\n\n<p>F\u00f6r att genomf\u00f6ra din retur kr\u00e4ver vi ett kvitto eller k\u00f6pbevis.<\/p>\n\n<p>V\u00e4nligen skicka inte tillbaka ditt k\u00f6p till tillverkaren.<\/p>\n\n<p>Det finns vissa situationer d\u00e4r endast delvis \u00e5terbetalning beviljas:<\/p>\n\n<ul class=\"wp-block-list\">\n<li>Bok med uppenbara anv\u00e4ndningssp\u00e5r<\/li>\n<li>CD, DVD, VHS-band, programvara, videospel, kassettband eller vinylskiva som har \u00f6ppnats.<\/li>\n<li>Vara som inte \u00e4r i originalskick, \u00e4r skadad eller saknar delar av orsaker som inte beror p\u00e5 v\u00e5rt fel.<\/li>\n<li>Vara som returneras mer \u00e4n 30 dagar efter leverans<\/li>\n<\/ul>\n\n<h2>\u00c5terbetalningar<\/h2>\n\n<p>N\u00e4r din retur har mottagits och inspekterats kommer vi att skicka ett e-postmeddelande f\u00f6r att meddela dig att vi har mottagit din returnerade vara. Vi kommer ocks\u00e5 att meddela dig om godk\u00e4nnande eller avslag av din \u00e5terbetalning. <\/p>\n\n<p>Om du blir godk\u00e4nd kommer din \u00e5terbetalning att behandlas och en kredit kommer automatiskt att appliceras p\u00e5 ditt kreditkort eller ursprungliga betalningsmetod inom ett visst antal dagar.<\/p>\n\n<b>Late or missing refunds<\/b>\n\n<p>Om du inte har f\u00e5tt n\u00e5gon \u00e5terbetalning \u00e4n, kontrollera f\u00f6rst ditt bankkonto igen.<\/p>\n\n<p>Kontakta sedan ditt kreditkortsf\u00f6retag, det kan ta lite tid innan din \u00e5terbetalning officiellt registreras.<\/p>\n\n<p>Kontakta d\u00e4refter din bank. Det tar ofta lite tid innan en \u00e5terbetalning registreras. <\/p>\n\n<p>Om du har gjort allt detta och fortfarande inte har f\u00e5tt din \u00e5terbetalning, v\u00e4nligen kontakta oss p\u00e5 {e-postadress}.<\/p>\n\n<b>Sale items<\/b>\n\n<p>Endast varor till ordinarie pris kan \u00e5terbetalas. Reavaror kan inte \u00e5terbetalas. <\/p>\n\n<h2>Byten<\/h2>\n\n<p>Vi byter endast ut varor om de \u00e4r defekta eller skadade. Om du beh\u00f6ver byta till samma vara, skicka ett e-postmeddelande till {e-postadress} och skicka din vara till: {fysisk adress}. <\/p>\n\n<h2>G\u00e5vor<\/h2>\n\n<p>Om varan markerades som en g\u00e5va vid k\u00f6pet och skickades direkt till dig kommer du att f\u00e5 ett presentkreditv\u00e4rde f\u00f6r v\u00e4rdet av din retur. N\u00e4r den returnerade varan har mottagits kommer ett presentkort att skickas till dig. <\/p>\n\n<p>Om varan inte markerades som en g\u00e5va vid k\u00f6pet, eller om g\u00e5vogivaren fick ordern skickad till sig sj\u00e4lv f\u00f6r att ge den till dig senare, kommer vi att skicka \u00e5terbetalningen till g\u00e5vogivaren och de kommer att f\u00e5 veta om din retur.<\/p>\n\n<h2>Returfrakt<\/h2>\n\n<p>F\u00f6r att returnera din produkt ska du skicka din produkt till: {fysisk adress}.<\/p>\n\n<p>Du ansvarar sj\u00e4lv f\u00f6r fraktkostnaderna vid retur av din vara. Fraktkostnader \u00e5terbetalas inte. Om du f\u00e5r en \u00e5terbetalning kommer kostnaden f\u00f6r returfrakten att dras av fr\u00e5n din \u00e5terbetalning.  <\/p>\n\n<p>Beroende p\u00e5 var du bor kan tiden det tar f\u00f6r din utbytesvara att n\u00e5 dig variera.<\/p>\n\n<p>Om du returnerar dyrare varor b\u00f6r du \u00f6verv\u00e4ga att anv\u00e4nda en sp\u00e5rbar frakttj\u00e4nst eller k\u00f6pa fraktf\u00f6rs\u00e4kring. Vi garanterar inte att vi kommer att ta emot din returnerade vara. <\/p>\n\n<h2>Beh\u00f6ver du hj\u00e4lp?<\/h2>\n\n<p>Kontakta oss p\u00e5 {email} f\u00f6r fr\u00e5gor om \u00e5terbetalningar och returer.<\/p>\n","protected":false},"excerpt":{"rendered":"<p>Detta \u00e4r en exempelsida. Overview V\u00e5r policy f\u00f6r \u00e5terbetalning och returer g\u00e4ller i 30 dagar. Om det har g\u00e5tt mer \u00e4n 30 dagar sedan ditt k\u00f6p kan vi inte erbjuda full \u00e5terbetalning eller byte. F\u00f6r att vara ber\u00e4ttigad till retur m\u00e5ste varan vara oanv\u00e4nd och i samma skick som n\u00e4r du mottog den. Den m\u00e5ste [&#8230;]\n","protected":false},"author":1,"featured_media":0,"parent":0,"menu_order":0,"comment_status":"closed","ping_status":"closed","template":"","meta":{"footnotes":""},"class_list":["post-285208","page","type-page","status-publish","hentry"],"_links":{"self":[{"href":"https:\/\/www.huntersfriend.eu\/sv\/wp-json\/wp\/v2\/pages\/285208","targetHints":{"allow":["GET"]}}],"collection":[{"href":"https:\/\/www.huntersfriend.eu\/sv\/wp-json\/wp\/v2\/pages"}],"about":[{"href":"https:\/\/www.huntersfriend.eu\/sv\/wp-json\/wp\/v2\/types\/page"}],"author":[{"embeddable":true,"href":"https:\/\/www.huntersfriend.eu\/sv\/wp-json\/wp\/v2\/users\/1"}],"replies":[{"embeddable":true,"href":"https:\/\/www.huntersfriend.eu\/sv\/wp-json\/wp\/v2\/comments?post=285208"}],"version-history":[{"count":1,"href":"https:\/\/www.huntersfriend.eu\/sv\/wp-json\/wp\/v2\/pages\/285208\/revisions"}],"predecessor-version":[{"id":285209,"href":"https:\/\/www.huntersfriend.eu\/sv\/wp-json\/wp\/v2\/pages\/285208\/revisions\/285209"}],"wp:attachment":[{"href":"https:\/\/www.huntersfriend.eu\/sv\/wp-json\/wp\/v2\/media?parent=285208"}],"curies":[{"name":"wp","href":"https:\/\/api.w.org\/{rel}","templated":true}]}}