{"id":61982,"date":"2019-10-24T02:40:29","date_gmt":"2019-10-24T00:40:29","guid":{"rendered":"https:\/\/www.huntersfriend.eu\/product\/mtm-ultra-compact-arrow-case-pfeilkoffer\/"},"modified":"2025-09-02T09:06:41","modified_gmt":"2025-09-02T07:06:41","slug":"mtm-nuolilaukku-ultra-compact-2","status":"publish","type":"product","link":"https:\/\/www.huntersfriend.eu\/de\/produkt\/mtm-nuolilaukku-ultra-compact-2\/","title":{"rendered":"MTM kompakter Pfeilkoffer"},"content":{"rendered":"<ul>\n<li>Fasst 16 Pfeile gestapelt oder 12 sicher und von einander getrennt<\/li>\n<li>Durch die bewegliche Schaumstoffpolsterung bleiben Ihre Pfeile gesch\u00fctzt und getrennt<\/li>\n<li>Hergestellt aus robustem Polypropylen mit einer starken Dreifachscharnierkonstruktion f\u00fcr einfache Stapelbarkeit<\/li>\n<li>Schnappverschluss-Konstruktion mit zwei Vorh\u00e4ngeschloss-Laschen f\u00fcr gr\u00f6\u00dftm\u00f6gliche Sicherheit<\/li>\n<li>F\u00fcr Pfeile bis zu einer Gesamtl\u00e4nge von 36,25 Zoll \u2013 Ma\u00dfe: 36,25&#8243; x 7,5 x 3&#8243; \u2013 5 Jahre Garantie \u2013 Hergestellt in den USA<\/li>\n<\/ul>\n<p>Zum Transportieren und Lagern sch\u00fctzt diese ultrakompakte Pfeilh\u00fclle bis zu 16 Pfeile gestapelt oder 12 getrennt. Der Koffer bietet soliden Schutz f\u00fcr eines der wichtigsten Ausr\u00fcstungsgegenst\u00e4nde, die Sie mit sich f\u00fchren. So entworfen um in die neueren k\u00fcrzeren Pfeiltaschen der weichen und harten Bogenkoffer zu passen. Das Ultra Compact Arrow Case ist stapelbar. Beim Kauf in &#8222;clear smoke&#8220; bieten die gro\u00dfen Fenster an beiden Enden einen ungehinderten Blick auf Pfeilspitzen oder Befiederungen im Inneren. Die beweglichen Schaumstoffeinlagen halten die Pfeile sicher und getrennt. Zwei Schnappverschl\u00fcsse und doppelte Vorh\u00e4ngeschlosslaschen bieten ein H\u00f6chstma\u00df an Sicherheit. Keine Pfeile im Lieferumfang enthalten.       <\/p>\n<p>F\u00fcr Armbrustj\u00e4ger haben durch den Koffer mehr Platz f\u00fcr l\u00e4ngere Bolzen und Jagdausr\u00fcstung. Mit dem beweglichen Schaum k\u00f6nnen Sie den Bolzen oder die k\u00fcrzeren Pfeile zur Seite schieben. <\/p>\n<p>BHUC- Fasst bis zu 16 gestapelte oder 12 getrennte Pfeile bis zu einer Gesamtl\u00e4nge von 36,25 Zoll.<\/p>\n<p>Der Pfeilkoffer wird ohne Pfeile geliefert, es sei denn, Sie bestellen diese gesondert.<\/p>\n","protected":false},"excerpt":{"rendered":"<p>92 x 19 x 7,6 cm \u2013 Transparent<\/p>\n","protected":false},"featured_media":221367,"comment_status":"open","ping_status":"closed","template":"","meta":[],"product_brand":[],"product_cat":[1086],"product_tag":[],"class_list":{"0":"post-61982","1":"product","2":"type-product","3":"status-publish","4":"has-post-thumbnail","6":"product_cat-pfeil-rohre-und-taschen","8":"first","9":"instock","10":"taxable","11":"shipping-taxable","12":"purchasable","13":"product-type-simple"},"composite_virtual":false,"composite_layout":"","composite_add_to_cart_form_location":"","composite_editable_in_cart":false,"composite_sold_individually_context":"","composite_shop_price_calc":"","composite_components":[],"composite_scenarios":[],"group_of_quantity":0,"min_quantity":0,"max_quantity":"","exclude_order_quantity_value_rules":"no","exclude_category_quantity_rules":"no","combine_variations":"no","exclude_global_add_ons":[],"addons":[],"_links":{"self":[{"href":"https:\/\/www.huntersfriend.eu\/de\/wp-json\/wp\/v2\/product\/61982","targetHints":{"allow":["GET"]}}],"collection":[{"href":"https:\/\/www.huntersfriend.eu\/de\/wp-json\/wp\/v2\/product"}],"about":[{"href":"https:\/\/www.huntersfriend.eu\/de\/wp-json\/wp\/v2\/types\/product"}],"replies":[{"embeddable":true,"href":"https:\/\/www.huntersfriend.eu\/de\/wp-json\/wp\/v2\/comments?post=61982"}],"wp:featuredmedia":[{"embeddable":true,"href":"https:\/\/www.huntersfriend.eu\/de\/wp-json\/wp\/v2\/media\/221367"}],"wp:attachment":[{"href":"https:\/\/www.huntersfriend.eu\/de\/wp-json\/wp\/v2\/media?parent=61982"}],"wp:term":[{"taxonomy":"product_brand","embeddable":true,"href":"https:\/\/www.huntersfriend.eu\/de\/wp-json\/wp\/v2\/product_brand?post=61982"},{"taxonomy":"product_cat","embeddable":true,"href":"https:\/\/www.huntersfriend.eu\/de\/wp-json\/wp\/v2\/product_cat?post=61982"},{"taxonomy":"product_tag","embeddable":true,"href":"https:\/\/www.huntersfriend.eu\/de\/wp-json\/wp\/v2\/product_tag?post=61982"}],"curies":[{"name":"wp","href":"https:\/\/api.w.org\/{rel}","templated":true}]}}