{"id":57060,"date":"2019-10-24T22:20:29","date_gmt":"2019-10-24T20:20:29","guid":{"rendered":"https:\/\/www.huntersfriend.eu\/product\/hawk-gogadget-arm-zum-aufhangen-des-bogens\/"},"modified":"2025-09-02T09:06:53","modified_gmt":"2025-09-02T07:06:53","slug":"hawk-gogadget-bow-arm-2","status":"publish","type":"product","link":"https:\/\/www.huntersfriend.eu\/de\/produkt\/hawk-gogadget-bow-arm-2\/","title":{"rendered":"Hawk GoGadget &#8211; Arm zum Aufh\u00e4ngen des Bogens"},"content":{"rendered":"<p><strong><em>EIN ARM, DER GENAU DORTHIN REICHT, WO SIE IHN BRAUCHEN<\/em><\/strong><\/p>\n<p>Der am besten einstellbare Baumarm auf dem Markt, der GoGadget, erm\u00f6glicht es Ihnen, Ihre Waffe und Ausr\u00fcstung genau dort zu platzieren, wo Sie sie haben m\u00f6chten. Er verf\u00fcgt \u00fcber eine horizontale Links-\/Rechts-Einstellung und eine vertikale Auf-\/Ab-Einstellung sowie einen taktischen Bogenhaken mit geformtem Griff, der sich um 360 Grad drehen l\u00e4sst. Der mitgelieferte doppelt schwenkbare Krallenhaken bietet zus\u00e4tzlichen Stauraum f\u00fcr Ausr\u00fcstung, w\u00e4hrend HAWKs exklusive Tree-Cam\u2122 in die Baumrinde greift und unerw\u00fcnschtes Verdrehen verhindert. Der Arm l\u00e4sst sich von einer Packl\u00e4nge von 14,5 Zoll auf 35 Zoll ausziehen, wiegt 1,5 Pfund und tr\u00e4gt bis zu 15 Pfund.   <\/p>\n","protected":false},"excerpt":{"rendered":"<p>Vielseitige Federhalterung f\u00fcr den Bogen<\/p>\n","protected":false},"featured_media":210709,"comment_status":"open","ping_status":"closed","template":"","meta":[],"product_brand":[],"product_cat":[1171],"product_tag":[],"class_list":{"0":"post-57060","1":"product","2":"type-product","3":"status-publish","4":"has-post-thumbnail","6":"product_cat-sitz-und-schirm-zubehoer","8":"first","9":"instock","10":"taxable","11":"shipping-taxable","12":"purchasable","13":"product-type-simple"},"composite_virtual":false,"composite_layout":"","composite_add_to_cart_form_location":"","composite_editable_in_cart":false,"composite_sold_individually_context":"","composite_shop_price_calc":"","composite_components":[],"composite_scenarios":[],"group_of_quantity":0,"min_quantity":0,"max_quantity":"","exclude_order_quantity_value_rules":"no","exclude_category_quantity_rules":"no","combine_variations":"no","exclude_global_add_ons":[],"addons":[],"_links":{"self":[{"href":"https:\/\/www.huntersfriend.eu\/de\/wp-json\/wp\/v2\/product\/57060","targetHints":{"allow":["GET"]}}],"collection":[{"href":"https:\/\/www.huntersfriend.eu\/de\/wp-json\/wp\/v2\/product"}],"about":[{"href":"https:\/\/www.huntersfriend.eu\/de\/wp-json\/wp\/v2\/types\/product"}],"replies":[{"embeddable":true,"href":"https:\/\/www.huntersfriend.eu\/de\/wp-json\/wp\/v2\/comments?post=57060"}],"wp:featuredmedia":[{"embeddable":true,"href":"https:\/\/www.huntersfriend.eu\/de\/wp-json\/wp\/v2\/media\/210709"}],"wp:attachment":[{"href":"https:\/\/www.huntersfriend.eu\/de\/wp-json\/wp\/v2\/media?parent=57060"}],"wp:term":[{"taxonomy":"product_brand","embeddable":true,"href":"https:\/\/www.huntersfriend.eu\/de\/wp-json\/wp\/v2\/product_brand?post=57060"},{"taxonomy":"product_cat","embeddable":true,"href":"https:\/\/www.huntersfriend.eu\/de\/wp-json\/wp\/v2\/product_cat?post=57060"},{"taxonomy":"product_tag","embeddable":true,"href":"https:\/\/www.huntersfriend.eu\/de\/wp-json\/wp\/v2\/product_tag?post=57060"}],"curies":[{"name":"wp","href":"https:\/\/api.w.org\/{rel}","templated":true}]}}