{"id":57058,"date":"2019-10-24T22:20:30","date_gmt":"2019-10-24T20:20:30","guid":{"rendered":"https:\/\/www.huntersfriend.eu\/product\/muddy-hunt-hard-kamera-arm\/"},"modified":"2026-03-18T22:00:15","modified_gmt":"2026-03-18T20:00:15","slug":"muddy-hunt-hard-camera-arm-2","status":"publish","type":"product","link":"https:\/\/www.huntersfriend.eu\/de\/produkt\/muddy-hunt-hard-camera-arm-2\/","title":{"rendered":"Muddy Hunt Hard Kamera Arm"},"content":{"rendered":"<p>PRODUKTMERKMALE: Einfach zu verpacken und in Sekundenschnelle einzurichten! Griffiger Kamera-Feststellknopf Wasserwaage Ratschenriemen PRODUKTDATENGR\u00d6SSE: 35cm B x 30cm H x 60cm L (mit ausgestreckter Armverl\u00e4ngerung). <\/p>\n<h2>PRODUKT MERKMALE<\/h2>\n<ul>\n<li>Einfach zu Verstauen und Aufzubauen<\/li>\n<li>Griffiger Kamera-Feststellknopf<\/li>\n<li>Wasserwaage<\/li>\n<li>Ratschenriemen<\/li>\n<\/ul>\n<h2>PRODUKTEIGENSCHAFTEN<\/h2>\n<ul>\n<li>GR\u00d6\u00dfE: 35cm B x 30cm H x 60cm L (mit ausgestreckter Armverl\u00e4ngerung).<\/li>\n<li>KONSTRUKTION: Aluminum, leise Gelenke und Drehachsen<\/li>\n<li>MECHANIK: 60cm L\u00e4nge mit 5 Einstellachsen<\/li>\n<li>GEWICHT: 2,26kg<\/li>\n<li>MAXIMALE ZULADUNG: 2,7kg<\/li>\n<\/ul>\n","protected":false},"excerpt":{"rendered":"<p>Pro-model Kamera Arm<\/p>\n","protected":false},"featured_media":211160,"comment_status":"open","ping_status":"closed","template":"","meta":[],"product_brand":[],"product_cat":[1171,1222],"product_tag":[],"class_list":{"0":"post-57058","1":"product","2":"type-product","3":"status-publish","4":"has-post-thumbnail","6":"product_cat-sitz-und-schirm-zubehoer","7":"product_cat-sonderangebote","9":"first","10":"instock","11":"sale","12":"featured","13":"taxable","14":"shipping-taxable","15":"purchasable","16":"product-type-simple"},"composite_virtual":false,"composite_layout":"","composite_add_to_cart_form_location":"","composite_editable_in_cart":false,"composite_sold_individually_context":"","composite_shop_price_calc":"","composite_components":[],"composite_scenarios":[],"group_of_quantity":0,"min_quantity":0,"max_quantity":"","exclude_order_quantity_value_rules":"no","exclude_category_quantity_rules":"no","combine_variations":"no","exclude_global_add_ons":[],"addons":[],"_links":{"self":[{"href":"https:\/\/www.huntersfriend.eu\/de\/wp-json\/wp\/v2\/product\/57058","targetHints":{"allow":["GET"]}}],"collection":[{"href":"https:\/\/www.huntersfriend.eu\/de\/wp-json\/wp\/v2\/product"}],"about":[{"href":"https:\/\/www.huntersfriend.eu\/de\/wp-json\/wp\/v2\/types\/product"}],"replies":[{"embeddable":true,"href":"https:\/\/www.huntersfriend.eu\/de\/wp-json\/wp\/v2\/comments?post=57058"}],"wp:featuredmedia":[{"embeddable":true,"href":"https:\/\/www.huntersfriend.eu\/de\/wp-json\/wp\/v2\/media\/211160"}],"wp:attachment":[{"href":"https:\/\/www.huntersfriend.eu\/de\/wp-json\/wp\/v2\/media?parent=57058"}],"wp:term":[{"taxonomy":"product_brand","embeddable":true,"href":"https:\/\/www.huntersfriend.eu\/de\/wp-json\/wp\/v2\/product_brand?post=57058"},{"taxonomy":"product_cat","embeddable":true,"href":"https:\/\/www.huntersfriend.eu\/de\/wp-json\/wp\/v2\/product_cat?post=57058"},{"taxonomy":"product_tag","embeddable":true,"href":"https:\/\/www.huntersfriend.eu\/de\/wp-json\/wp\/v2\/product_tag?post=57058"}],"curies":[{"name":"wp","href":"https:\/\/api.w.org\/{rel}","templated":true}]}}