{"id":57057,"date":"2019-10-24T22:20:30","date_gmt":"2019-10-24T20:20:30","guid":{"rendered":"https:\/\/www.huntersfriend.eu\/product\/hawk-4mm-geflochtenes-hubseil\/"},"modified":"2026-03-26T13:44:06","modified_gmt":"2026-03-26T11:44:06","slug":"hawk-4mm-braided-hoist","status":"publish","type":"product","link":"https:\/\/www.huntersfriend.eu\/de\/produkt\/hawk-4mm-braided-hoist\/","title":{"rendered":"Hawk 4mm Geflochtenes Hubseil"},"content":{"rendered":"<p><strong>GEFLOCHTENES TARNSEIL<\/strong><br \/>\nEin unverzichtbares Accessoire. Das 7,6m lange, 4 mm dicke, geflochtene Diamond Camo-Polyseil verf\u00fcgt \u00fcber einen praktischen Aufbewahrungsgriff, der eine verwicklungsfreie Verwendung erm\u00f6glicht, und einen Alum-Tech-Karabiner f\u00fcr die schnelle und sichere Befestigung von Ausr\u00fcstung.<\/p>\n<p>&#8211; <strong>7,6m L\u00c4NGE<\/strong><\/p>\n<p>&#8211; <strong>22,6kg TRAGGEWICHT<\/strong><\/p>\n<p>&#8211; <strong>ALU-KARABINER<\/strong> Schnelles Einhaken der Ausr\u00fcstung<\/p>\n<p>&#8211; <strong>VERWICKLUNGSFREIER GEBRAUCH<\/strong> Angenehme Handschlaufe<\/p>\n","protected":false},"excerpt":{"rendered":"<p>mehr als 7m lang<\/p>\n","protected":false},"featured_media":221715,"comment_status":"open","ping_status":"closed","template":"","meta":[],"product_brand":[],"product_cat":[1145],"product_tag":[],"class_list":{"0":"post-57057","1":"product","2":"type-product","3":"status-publish","4":"has-post-thumbnail","6":"product_cat-sonstiges","8":"first","9":"outofstock","10":"taxable","11":"shipping-taxable","12":"purchasable","13":"product-type-simple"},"composite_virtual":false,"composite_layout":"","composite_add_to_cart_form_location":"","composite_editable_in_cart":false,"composite_sold_individually_context":"","composite_shop_price_calc":"","composite_components":[],"composite_scenarios":[],"group_of_quantity":0,"min_quantity":0,"max_quantity":"","exclude_order_quantity_value_rules":"no","exclude_category_quantity_rules":"no","combine_variations":"no","exclude_global_add_ons":[],"addons":[],"_links":{"self":[{"href":"https:\/\/www.huntersfriend.eu\/de\/wp-json\/wp\/v2\/product\/57057","targetHints":{"allow":["GET"]}}],"collection":[{"href":"https:\/\/www.huntersfriend.eu\/de\/wp-json\/wp\/v2\/product"}],"about":[{"href":"https:\/\/www.huntersfriend.eu\/de\/wp-json\/wp\/v2\/types\/product"}],"replies":[{"embeddable":true,"href":"https:\/\/www.huntersfriend.eu\/de\/wp-json\/wp\/v2\/comments?post=57057"}],"wp:featuredmedia":[{"embeddable":true,"href":"https:\/\/www.huntersfriend.eu\/de\/wp-json\/wp\/v2\/media\/221715"}],"wp:attachment":[{"href":"https:\/\/www.huntersfriend.eu\/de\/wp-json\/wp\/v2\/media?parent=57057"}],"wp:term":[{"taxonomy":"product_brand","embeddable":true,"href":"https:\/\/www.huntersfriend.eu\/de\/wp-json\/wp\/v2\/product_brand?post=57057"},{"taxonomy":"product_cat","embeddable":true,"href":"https:\/\/www.huntersfriend.eu\/de\/wp-json\/wp\/v2\/product_cat?post=57057"},{"taxonomy":"product_tag","embeddable":true,"href":"https:\/\/www.huntersfriend.eu\/de\/wp-json\/wp\/v2\/product_tag?post=57057"}],"curies":[{"name":"wp","href":"https:\/\/api.w.org\/{rel}","templated":true}]}}