{"id":54158,"date":"2019-09-26T14:20:34","date_gmt":"2019-09-26T12:20:34","guid":{"rendered":"https:\/\/www.huntersfriend.eu\/product\/final-approach-express-liege\/"},"modified":"2026-04-15T11:47:38","modified_gmt":"2026-04-15T09:47:38","slug":"final-approach-express-layout-blind-2","status":"publish","type":"product","link":"https:\/\/www.huntersfriend.eu\/de\/produkt\/final-approach-express-layout-blind-2\/","title":{"rendered":"Final Approach Express Liege-Tarnzelt"},"content":{"rendered":"<p>Das Express-Tarnzelt ist f\u00fcr J\u00e4ger gedacht, die schnell den Standort wechseln, kein gro\u00dfes Tarnzelt mit Rahmen verwenden k\u00f6nnen und leicht packen m\u00f6chten. Unsere beschichteten Stoffe halten Sie im Feld garantiert trocken und widerstehen den Strapazen eines passionierten J\u00e4gers. <\/p>\n<ul>\n<li>Extrem schnell und einfach, in Sekundenschnelle aufgebaut<\/li>\n<li>Leichter, rostfreier Aluminiumrahmen<\/li>\n<li>Komplett mit Stoppelriemen f\u00fcr zus\u00e4tzliche Tarnung<\/li>\n<li>Unser originales geteiltes Deckelsystem f\u00fcr schnellen und einfachen Schusszugang<\/li>\n<li>Isolierte R\u00fcckenlehne und Boden f\u00fcr Komfort<\/li>\n<li>Strapazierf\u00e4higes 600D Camouflage-Gewebe mit wasserdichter PVC-Beschichtung<\/li>\n<li>Praktische doppelseitige Flaggenl\u00f6cher<\/li>\n<li>Bequeme gepolsterte Kopfst\u00fctze<\/li>\n<li>Wiegt nur 5,2 kg<\/li>\n<li>63,5 cm B x 198,1 cm L x 35,6 cm H<\/li>\n<li>Farbe: Shadow Grass Blades<\/li>\n<\/ul>\n<p><strong>Achtung: Online-Bestellungen sind auf eine Box pro Bestellung begrenzt. F\u00fcr gr\u00f6\u00dfere Mengen kontaktieren Sie bitte direkt den Kundenservice bez\u00fcglich der Lieferkosten <\/strong><\/p>\n","protected":false},"excerpt":{"rendered":"<p><strong>Achtung: Online-Bestellungen sind auf eine Box pro Bestellung begrenzt. F\u00fcr gr\u00f6\u00dfere Mengen kontaktieren Sie bitte direkt den Kundenservice bez\u00fcglich der Lieferkosten <\/strong><\/p>\n","protected":false},"featured_media":208640,"comment_status":"open","ping_status":"closed","template":"","meta":[],"product_brand":[],"product_cat":[1392],"product_tag":[],"class_list":{"0":"post-54158","1":"product","2":"type-product","3":"status-publish","4":"has-post-thumbnail","6":"product_cat-tarnschirme-fur-wasserjagd","7":"product_shipping_class-big-de","9":"first","10":"instock","11":"taxable","12":"shipping-taxable","13":"purchasable","14":"product-type-simple"},"composite_virtual":false,"composite_layout":"","composite_add_to_cart_form_location":"","composite_editable_in_cart":false,"composite_sold_individually_context":"","composite_shop_price_calc":"","composite_components":[],"composite_scenarios":[],"group_of_quantity":0,"min_quantity":0,"max_quantity":"","exclude_order_quantity_value_rules":"no","exclude_category_quantity_rules":"no","combine_variations":"no","exclude_global_add_ons":[],"addons":[],"_links":{"self":[{"href":"https:\/\/www.huntersfriend.eu\/de\/wp-json\/wp\/v2\/product\/54158","targetHints":{"allow":["GET"]}}],"collection":[{"href":"https:\/\/www.huntersfriend.eu\/de\/wp-json\/wp\/v2\/product"}],"about":[{"href":"https:\/\/www.huntersfriend.eu\/de\/wp-json\/wp\/v2\/types\/product"}],"replies":[{"embeddable":true,"href":"https:\/\/www.huntersfriend.eu\/de\/wp-json\/wp\/v2\/comments?post=54158"}],"wp:featuredmedia":[{"embeddable":true,"href":"https:\/\/www.huntersfriend.eu\/de\/wp-json\/wp\/v2\/media\/208640"}],"wp:attachment":[{"href":"https:\/\/www.huntersfriend.eu\/de\/wp-json\/wp\/v2\/media?parent=54158"}],"wp:term":[{"taxonomy":"product_brand","embeddable":true,"href":"https:\/\/www.huntersfriend.eu\/de\/wp-json\/wp\/v2\/product_brand?post=54158"},{"taxonomy":"product_cat","embeddable":true,"href":"https:\/\/www.huntersfriend.eu\/de\/wp-json\/wp\/v2\/product_cat?post=54158"},{"taxonomy":"product_tag","embeddable":true,"href":"https:\/\/www.huntersfriend.eu\/de\/wp-json\/wp\/v2\/product_tag?post=54158"}],"curies":[{"name":"wp","href":"https:\/\/api.w.org\/{rel}","templated":true}]}}