{"id":54156,"date":"2019-09-26T14:20:42","date_gmt":"2019-09-26T12:20:42","guid":{"rendered":"https:\/\/www.huntersfriend.eu\/product\/final-approach-mutt-hutt-blind-fur-hunde\/"},"modified":"2026-04-15T11:47:39","modified_gmt":"2026-04-15T09:47:39","slug":"final-approach-mutt-hutt-dog-blind-2","status":"publish","type":"product","link":"https:\/\/www.huntersfriend.eu\/de\/produkt\/final-approach-mutt-hutt-dog-blind-2\/","title":{"rendered":"Final Approach Mutt Hutt Hunde-Tarnzelt"},"content":{"rendered":"<p>Final Approach Mutt Hutt Hunde-Tarnzelt<\/p>\n<p>Viel Platz f\u00fcr Ihren vierbeinigen Jagdbegleiter, ohne V\u00f6gel durch ein hohes Profil in Ihrem Lockbild zu verschrecken.<\/p>\n<ul>\n<li>Unauff\u00e4lliges Tarnprofil<\/li>\n<li>Erm\u00f6glicht 360\u00b0-Markieren, ohne das Tarnzelt teilweise verlassen zu m\u00fcssen<\/li>\n<li>Erm\u00f6glicht Hunden das Jagen in nat\u00fcrlicher, aufrechter Position durch die nach hinten geneigte Front\u00f6ffnung<\/li>\n<li>Design reduziert das bei vertikalen \u00d6ffnungen \u00fcbliche \u201eHerauskriechen\u201c des Hundes<\/li>\n<li>Schneller Auf- und Abbau<\/li>\n<li>4 Erdn\u00e4gel inklusive<\/li>\n<li>Flach und kompakt zusammenfaltbar (31\u201d B x 21\u201d L x 2,5\u201d H)<\/li>\n<li>31\u201d B x 39\u201d L x 20\u201d H \u2022 Wiegt nur 5 lbs.<\/li>\n<\/ul>\n","protected":false},"excerpt":{"rendered":"<p>Hunde-Tarnzelt<\/p>\n","protected":false},"featured_media":226522,"comment_status":"open","ping_status":"closed","template":"","meta":[],"product_brand":[],"product_cat":[1389],"product_tag":[],"class_list":{"0":"post-54156","1":"product","2":"type-product","3":"status-publish","4":"has-post-thumbnail","6":"product_cat-tarnschirme-fur-hunde","7":"product_shipping_class-big-de","9":"first","10":"instock","11":"taxable","12":"shipping-taxable","13":"purchasable","14":"product-type-simple"},"composite_virtual":false,"composite_layout":"","composite_add_to_cart_form_location":"","composite_editable_in_cart":false,"composite_sold_individually_context":"","composite_shop_price_calc":"","composite_components":[],"composite_scenarios":[],"group_of_quantity":0,"min_quantity":0,"max_quantity":"","exclude_order_quantity_value_rules":"no","exclude_category_quantity_rules":"no","combine_variations":"no","exclude_global_add_ons":[],"addons":[],"_links":{"self":[{"href":"https:\/\/www.huntersfriend.eu\/de\/wp-json\/wp\/v2\/product\/54156","targetHints":{"allow":["GET"]}}],"collection":[{"href":"https:\/\/www.huntersfriend.eu\/de\/wp-json\/wp\/v2\/product"}],"about":[{"href":"https:\/\/www.huntersfriend.eu\/de\/wp-json\/wp\/v2\/types\/product"}],"replies":[{"embeddable":true,"href":"https:\/\/www.huntersfriend.eu\/de\/wp-json\/wp\/v2\/comments?post=54156"}],"wp:featuredmedia":[{"embeddable":true,"href":"https:\/\/www.huntersfriend.eu\/de\/wp-json\/wp\/v2\/media\/226522"}],"wp:attachment":[{"href":"https:\/\/www.huntersfriend.eu\/de\/wp-json\/wp\/v2\/media?parent=54156"}],"wp:term":[{"taxonomy":"product_brand","embeddable":true,"href":"https:\/\/www.huntersfriend.eu\/de\/wp-json\/wp\/v2\/product_brand?post=54156"},{"taxonomy":"product_cat","embeddable":true,"href":"https:\/\/www.huntersfriend.eu\/de\/wp-json\/wp\/v2\/product_cat?post=54156"},{"taxonomy":"product_tag","embeddable":true,"href":"https:\/\/www.huntersfriend.eu\/de\/wp-json\/wp\/v2\/product_tag?post=54156"}],"curies":[{"name":"wp","href":"https:\/\/api.w.org\/{rel}","templated":true}]}}