{"id":54153,"date":"2019-09-26T14:20:49","date_gmt":"2019-09-26T12:20:49","guid":{"rendered":"https:\/\/www.huntersfriend.eu\/product\/final-approach-12-slot-duck-floater-tasche\/"},"modified":"2026-04-15T11:47:40","modified_gmt":"2026-04-15T09:47:40","slug":"final-approach-12-slot-duck-floater-bag","status":"publish","type":"product","link":"https:\/\/www.huntersfriend.eu\/de\/produkt\/final-approach-12-slot-duck-floater-bag\/","title":{"rendered":"Final Approach 12-Slot-Tasche f\u00fcr schwimmende Lockenten"},"content":{"rendered":"<p>Final Approach 12-Slot-Tasche f\u00fcr schwimmende Lockenten<\/p>\n<p>12 F\u00e4cher sch\u00fctzen Ihre Lockv\u00f6gel.<\/p>\n<p><b>MERKMALE<\/b><\/p>\n<ul>\n<li>Oben offen f\u00fcr einfachen Zugriff<\/li>\n<li>Inklusive Tragegurten und Netzboden<\/li>\n<li>Seitliche Tasche f\u00fcr Zubeh\u00f6r<\/li>\n<li>Strapazierf\u00e4higes Material<\/li>\n<li>Fachma\u00dfe sind 7&#8243; x 7&#8243; x 16,5&#8243; tief<\/li>\n<\/ul>\n","protected":false},"excerpt":{"rendered":"<p>12 -lokeroinen, sorsakaaveille<\/p>\n","protected":false},"featured_media":208658,"comment_status":"open","ping_status":"closed","template":"","meta":[],"product_brand":[],"product_cat":[1145],"product_tag":[],"class_list":{"0":"post-54153","1":"product","2":"type-product","3":"status-publish","4":"has-post-thumbnail","6":"product_cat-sonstiges","7":"product_shipping_class-medium-de","9":"first","10":"outofstock","11":"taxable","12":"shipping-taxable","13":"purchasable","14":"product-type-simple"},"composite_virtual":false,"composite_layout":"","composite_add_to_cart_form_location":"","composite_editable_in_cart":false,"composite_sold_individually_context":"","composite_shop_price_calc":"","composite_components":[],"composite_scenarios":[],"group_of_quantity":0,"min_quantity":0,"max_quantity":"","exclude_order_quantity_value_rules":"no","exclude_category_quantity_rules":"no","combine_variations":"no","exclude_global_add_ons":[],"addons":[],"_links":{"self":[{"href":"https:\/\/www.huntersfriend.eu\/de\/wp-json\/wp\/v2\/product\/54153","targetHints":{"allow":["GET"]}}],"collection":[{"href":"https:\/\/www.huntersfriend.eu\/de\/wp-json\/wp\/v2\/product"}],"about":[{"href":"https:\/\/www.huntersfriend.eu\/de\/wp-json\/wp\/v2\/types\/product"}],"replies":[{"embeddable":true,"href":"https:\/\/www.huntersfriend.eu\/de\/wp-json\/wp\/v2\/comments?post=54153"}],"wp:featuredmedia":[{"embeddable":true,"href":"https:\/\/www.huntersfriend.eu\/de\/wp-json\/wp\/v2\/media\/208658"}],"wp:attachment":[{"href":"https:\/\/www.huntersfriend.eu\/de\/wp-json\/wp\/v2\/media?parent=54153"}],"wp:term":[{"taxonomy":"product_brand","embeddable":true,"href":"https:\/\/www.huntersfriend.eu\/de\/wp-json\/wp\/v2\/product_brand?post=54153"},{"taxonomy":"product_cat","embeddable":true,"href":"https:\/\/www.huntersfriend.eu\/de\/wp-json\/wp\/v2\/product_cat?post=54153"},{"taxonomy":"product_tag","embeddable":true,"href":"https:\/\/www.huntersfriend.eu\/de\/wp-json\/wp\/v2\/product_tag?post=54153"}],"curies":[{"name":"wp","href":"https:\/\/api.w.org\/{rel}","templated":true}]}}