{"id":52783,"date":"2019-09-26T14:20:56","date_gmt":"2019-09-26T12:20:56","guid":{"rendered":"https:\/\/www.huntersfriend.eu\/product\/final-approach-standard-floating-canada-ganse\/"},"modified":"2025-08-27T14:14:28","modified_gmt":"2025-08-27T12:14:28","slug":"final-approach-standard-floating-canada-goo-2","status":"publish","type":"product","link":"https:\/\/www.huntersfriend.eu\/de\/produkt\/final-approach-standard-floating-canada-goo-2\/","title":{"rendered":"Final Approach Standard Floating Canada G\u00e4nse"},"content":{"rendered":"<p>Final Approach Standard Floating Canada G\u00e4nse<\/p>\n<ul>\n<li>ROBUSTE FA-KONSTRUKTION UND TOP HALTBARKEIT WIE IMMER!<\/li>\n<li>Konstruktion aus einem Teil f\u00fcr zus\u00e4tzliche Haltbarkeit<\/li>\n<li>Gewichteter Kiel mit Cord Lock System<\/li>\n<li>6 St\u00fcck<\/li>\n<\/ul>\n","protected":false},"excerpt":{"rendered":"<p>Final Approach Standard Floating Canada G\u00e4nse ROBUSTE FA-KONSTRUKTION UND TOP HALTBARKEIT WIE IMMER! Konstruktion aus einem Teil f\u00fcr zus\u00e4tzliche Haltbarkeit Gewichteter Kiel mit Cord Lock System 6 St\u00fcck<\/p>\n","protected":false},"featured_media":208676,"comment_status":"open","ping_status":"closed","template":"","meta":[],"product_brand":[],"product_cat":[1394],"product_tag":[],"class_list":{"0":"post-52783","1":"product","2":"type-product","3":"status-publish","4":"has-post-thumbnail","6":"product_cat-ganse-lockvogel","7":"product_shipping_class-big-de","9":"first","10":"instock","11":"sale","12":"taxable","13":"shipping-taxable","14":"purchasable","15":"product-type-simple"},"composite_virtual":false,"composite_layout":"","composite_add_to_cart_form_location":"","composite_editable_in_cart":false,"composite_sold_individually_context":"","composite_shop_price_calc":"","composite_components":[],"composite_scenarios":[],"group_of_quantity":0,"min_quantity":0,"max_quantity":"","exclude_order_quantity_value_rules":"no","exclude_category_quantity_rules":"no","combine_variations":"no","exclude_global_add_ons":[],"addons":[],"_links":{"self":[{"href":"https:\/\/www.huntersfriend.eu\/de\/wp-json\/wp\/v2\/product\/52783","targetHints":{"allow":["GET"]}}],"collection":[{"href":"https:\/\/www.huntersfriend.eu\/de\/wp-json\/wp\/v2\/product"}],"about":[{"href":"https:\/\/www.huntersfriend.eu\/de\/wp-json\/wp\/v2\/types\/product"}],"replies":[{"embeddable":true,"href":"https:\/\/www.huntersfriend.eu\/de\/wp-json\/wp\/v2\/comments?post=52783"}],"wp:featuredmedia":[{"embeddable":true,"href":"https:\/\/www.huntersfriend.eu\/de\/wp-json\/wp\/v2\/media\/208676"}],"wp:attachment":[{"href":"https:\/\/www.huntersfriend.eu\/de\/wp-json\/wp\/v2\/media?parent=52783"}],"wp:term":[{"taxonomy":"product_brand","embeddable":true,"href":"https:\/\/www.huntersfriend.eu\/de\/wp-json\/wp\/v2\/product_brand?post=52783"},{"taxonomy":"product_cat","embeddable":true,"href":"https:\/\/www.huntersfriend.eu\/de\/wp-json\/wp\/v2\/product_cat?post=52783"},{"taxonomy":"product_tag","embeddable":true,"href":"https:\/\/www.huntersfriend.eu\/de\/wp-json\/wp\/v2\/product_tag?post=52783"}],"curies":[{"name":"wp","href":"https:\/\/api.w.org\/{rel}","templated":true}]}}