{"id":51170,"date":"2019-10-01T14:20:42","date_gmt":"2019-10-01T12:20:42","guid":{"rendered":"https:\/\/www.huntersfriend.eu\/product\/hamskea-trinity-hunter-pro-pfeilauflage\/"},"modified":"2026-03-18T22:00:53","modified_gmt":"2026-03-18T20:00:53","slug":"hamskea-trinity-hunter-pro-rh-nuolihylly","status":"publish","type":"product","link":"https:\/\/www.huntersfriend.eu\/de\/produkt\/hamskea-trinity-hunter-pro-rh-nuolihylly\/","title":{"rendered":"Hamskea Trinity Hunter Pro Pfeilauflage"},"content":{"rendered":"<p>Die Trinity Hunter Pro ist die n\u00e4chste Generation der stabilsten und genauesten Pfeilauflagen auf dem Markt.<\/p>\n<p>Die Pfeilauflage Trinity Hunter Pro \u00fcbertrifft einfach alle anderen! Urspr\u00fcnglich aus der VersaRest entwickelt in Kombination mit den leichten Konstruktionselementen der Pfeilauflagen der Hybrid-Serie. Mit einem sehr glatten und stabilen Drei-Edelstahl-Lagerfundament, das die rotierende Tr\u00e4gerstange tr\u00e4gt, bewegen wir uns hier im Null-Toleranz-Bereich.  <\/p>\n<p>Die Trinity Hunter Pro besitzt auch die unglaublich erfolgreiche Zero-Stop-Technologie f\u00fcr die Auf- und Ab-Positionen des Werfers, die f\u00fcr eine absolut wiederholbare Werferposition f\u00fcr maximale Genauigkeit sorgt. Die patentierte Inline-D\u00e4mpfungsspule bildet auch die Grundlage f\u00fcr diese branchenweit f\u00fchrende ultrastabile Pfeilauflage. <\/p>\n<p>Die Trinity Hunter Pro wird mit unserem bew\u00e4hrten \u00fcberformten Aufleger mit einem verbesserten und haltbareren, aber dennoch leisen \u00dcbermaterial geliefert. Die Auflage garantiert einen sehr ruhigen Auszug bei gleichzeitig verbesserter Haltbarkeit. <\/p>\n<p>Die Trinity Hunter Pro erleichtert eine schnelle Installation durch die Einf\u00fchrung der Easy Glide-Schnurverstellung und des Spanners. L\u00f6sen Sie einfach den Sicherungs-O-Ring und schieben Sie die Platte in die gew\u00fcnschte Position um die gew\u00fcnschte Kabelspannung zu erreichen. Danach bringen Sie den O-Ring wieder an. Es ist wirklich kinderleicht. Die Tage des Herumfummelns mit kleinen Verschl\u00fcssen und Stellschrauben sind vorbei.   <\/p>\n<p>Die Trinity Hunter Pro erm\u00f6glicht eine Abstimmbarkeit die f\u00fcr alle Bogensch\u00fctzen von entscheidender Bedeutung ist. Alle Trinity-Pfeilauflagen verf\u00fcgen standardm\u00e4\u00dfig \u00fcber Funktionen die Seiten- \/ H\u00f6heneinstellung als Mikrotuning vorzunehmen. Der strukturierte Federknopf bietet mehrere Einstellpositionen, um die Rotationsspannung der Auflage zu \u00e4ndern. In Verbindung mit der 8-seitigen, rutschfesten Kompressionsklemme f\u00fcr den Hebelarm und der r\u00fcckprallhemmenden D\u00e4mpfungsspule bietet diese Pfeilauflage alles, was Sie zur Maximierung Ihrer Genauigkeit ben\u00f6tigen.   <\/p>\n","protected":false},"excerpt":{"rendered":"<p>Drop Away, RH, micro tune, black<\/p>\n","protected":false},"featured_media":183186,"comment_status":"open","ping_status":"closed","template":"","meta":[],"product_brand":[],"product_cat":[1228],"product_tag":[],"class_list":{"0":"post-51170","1":"product","2":"type-product","3":"status-publish","4":"has-post-thumbnail","6":"product_cat-compound","8":"first","9":"instock","10":"taxable","11":"shipping-taxable","12":"purchasable","13":"product-type-variable"},"composite_virtual":false,"composite_layout":"","composite_add_to_cart_form_location":"","composite_editable_in_cart":false,"composite_sold_individually_context":"","composite_shop_price_calc":"","composite_components":[],"composite_scenarios":[],"group_of_quantity":0,"min_quantity":0,"max_quantity":"","exclude_order_quantity_value_rules":"no","exclude_category_quantity_rules":"no","combine_variations":"no","exclude_global_add_ons":[],"addons":[],"_links":{"self":[{"href":"https:\/\/www.huntersfriend.eu\/de\/wp-json\/wp\/v2\/product\/51170","targetHints":{"allow":["GET"]}}],"collection":[{"href":"https:\/\/www.huntersfriend.eu\/de\/wp-json\/wp\/v2\/product"}],"about":[{"href":"https:\/\/www.huntersfriend.eu\/de\/wp-json\/wp\/v2\/types\/product"}],"replies":[{"embeddable":true,"href":"https:\/\/www.huntersfriend.eu\/de\/wp-json\/wp\/v2\/comments?post=51170"}],"wp:featuredmedia":[{"embeddable":true,"href":"https:\/\/www.huntersfriend.eu\/de\/wp-json\/wp\/v2\/media\/183186"}],"wp:attachment":[{"href":"https:\/\/www.huntersfriend.eu\/de\/wp-json\/wp\/v2\/media?parent=51170"}],"wp:term":[{"taxonomy":"product_brand","embeddable":true,"href":"https:\/\/www.huntersfriend.eu\/de\/wp-json\/wp\/v2\/product_brand?post=51170"},{"taxonomy":"product_cat","embeddable":true,"href":"https:\/\/www.huntersfriend.eu\/de\/wp-json\/wp\/v2\/product_cat?post=51170"},{"taxonomy":"product_tag","embeddable":true,"href":"https:\/\/www.huntersfriend.eu\/de\/wp-json\/wp\/v2\/product_tag?post=51170"}],"curies":[{"name":"wp","href":"https:\/\/api.w.org\/{rel}","templated":true}]}}