{"id":49601,"date":"2019-10-01T13:21:13","date_gmt":"2019-10-08T10:22:14","guid":{"rendered":"https:\/\/www.huntersfriend.eu\/product\/spot-hogg-wise-guy-release\/"},"modified":"2026-03-02T14:48:07","modified_gmt":"2026-03-02T12:48:07","slug":"spot-hogg-wise-guy-laukaisulaite-2","status":"publish","type":"product","link":"https:\/\/www.huntersfriend.eu\/de\/produkt\/spot-hogg-wise-guy-laukaisulaite-2\/","title":{"rendered":"Spot-Hogg Wise Guy Release"},"content":{"rendered":"<p><span style=\"text-align: left; color: #333333; text-transform: none; text-indent: 0px; letter-spacing: normal; font-family: 'Amazon Ember',Arial,sans-serif; font-size: 13.33px; font-style: normal; font-variant: normal; font-weight: 400; text-decoration: none; word-spacing: 0px; float: none; display: inline !important; white-space: normal; orphans: 2; background-color: transparent; -webkit-text-stroke-width: 0px;\">Das Spot Hogg Wise Guy Release hat den leichtesten Ausl\u00f6ser aller Jagdreleases, die jemals mit einem selbst nachladenden Vorw\u00e4rtsausl\u00f6sermechanismus entwickelt wurden. Es gibt eine starre Konstruktion die sich nach hinten falten l\u00e4sst, eine mikroverstellbare L\u00e4nge, eine magnetisch atmungsaktive Schnalle am Handgelenk und einen offenen Greifer um schnell in das D-Loop einhaken zu k\u00f6nnen. Der leichte Abzug l\u00e4sst sich ohne Abzugsweg einstellen, der starre K\u00f6rper macht es einfach, das Release einzuhaken. Damit wird das Release zu einem der besten auf dem Markt. <\/span><\/p>\n","protected":false},"excerpt":{"rendered":"<p>Starres Geh\u00e4use, Schnallenriemen<\/p>\n","protected":false},"featured_media":208567,"comment_status":"open","ping_status":"closed","template":"","meta":[],"product_brand":[],"product_cat":[1095],"product_tag":[],"class_list":{"0":"post-49601","1":"product","2":"type-product","3":"status-publish","4":"has-post-thumbnail","6":"product_cat-handgelenks-release","8":"first","9":"instock","10":"taxable","11":"shipping-taxable","12":"purchasable","13":"product-type-simple"},"composite_virtual":false,"composite_layout":"","composite_add_to_cart_form_location":"","composite_editable_in_cart":false,"composite_sold_individually_context":"","composite_shop_price_calc":"","composite_components":[],"composite_scenarios":[],"group_of_quantity":0,"min_quantity":0,"max_quantity":"","exclude_order_quantity_value_rules":"no","exclude_category_quantity_rules":"no","combine_variations":"no","exclude_global_add_ons":[],"addons":[],"_links":{"self":[{"href":"https:\/\/www.huntersfriend.eu\/de\/wp-json\/wp\/v2\/product\/49601","targetHints":{"allow":["GET"]}}],"collection":[{"href":"https:\/\/www.huntersfriend.eu\/de\/wp-json\/wp\/v2\/product"}],"about":[{"href":"https:\/\/www.huntersfriend.eu\/de\/wp-json\/wp\/v2\/types\/product"}],"replies":[{"embeddable":true,"href":"https:\/\/www.huntersfriend.eu\/de\/wp-json\/wp\/v2\/comments?post=49601"}],"wp:featuredmedia":[{"embeddable":true,"href":"https:\/\/www.huntersfriend.eu\/de\/wp-json\/wp\/v2\/media\/208567"}],"wp:attachment":[{"href":"https:\/\/www.huntersfriend.eu\/de\/wp-json\/wp\/v2\/media?parent=49601"}],"wp:term":[{"taxonomy":"product_brand","embeddable":true,"href":"https:\/\/www.huntersfriend.eu\/de\/wp-json\/wp\/v2\/product_brand?post=49601"},{"taxonomy":"product_cat","embeddable":true,"href":"https:\/\/www.huntersfriend.eu\/de\/wp-json\/wp\/v2\/product_cat?post=49601"},{"taxonomy":"product_tag","embeddable":true,"href":"https:\/\/www.huntersfriend.eu\/de\/wp-json\/wp\/v2\/product_tag?post=49601"}],"curies":[{"name":"wp","href":"https:\/\/api.w.org\/{rel}","templated":true}]}}