{"id":44853,"date":"2019-05-08T08:57:25","date_gmt":"2019-05-08T06:57:25","guid":{"rendered":"https:\/\/www.huntersfriend.eu\/product\/sitka-jetstream-ws-mutze-optifade-subalpine\/"},"modified":"2025-09-17T08:17:30","modified_gmt":"2025-09-17T06:17:30","slug":"sitka-jetstream-ws-beanie-optifade-subalpine-2","status":"publish","type":"product","link":"https:\/\/www.huntersfriend.eu\/de\/produkt\/sitka-jetstream-ws-beanie-optifade-subalpine-2\/","title":{"rendered":"SITKA Jetstream WS M\u00fctze Optifade Subalpine"},"content":{"rendered":"<p><span class=\"getshortdesc\"><b>Sitka Jetstream WS Beanie &#8211; Optifade Subalpine One Size Fits All<\/b><\/span><br \/>\nAus demselben Material wie die Jetstream Jacke gefertigt, ist die Jetstream Beanie ideal f\u00fcr das Erklimmen steiler H\u00e4nge bei bitterer K\u00e4lte oder das bewegungslose Verharren auf einem windigen Bergr\u00fccken. Ein hochgezogenes Micro-Grid-Fleece sorgt f\u00fcr W\u00e4rme, w\u00e4hrend die WINDSTOPPER\u00ae-Membran Zugluft vom Hinterkopf und der Stirn abh\u00e4lt. Ein luftdurchl\u00e4ssiges Vier-Wege-Stretchband w\u00e4rmt Nacken und Ohren, ohne das Geh\u00f6r zu beeintr\u00e4chtigen.<\/p>\n<p><strong>Eigenschaften:<\/strong><\/p>\n<ul>\n<li>Soft Shell<\/li>\n<li>Stretch-gewebtes Polyester<\/li>\n<li>Stretch Panel<\/li>\n<li>Micro-Grid Fleece<\/li>\n<li>Technologie- WINDSTOPPER\u00ae Laminate<\/li>\n<li>Gewicht: 45,4gr<\/li>\n<\/ul>\n<div class=\"Grid-cell u-lg-size6of12 u-space--bottomLarge\"><\/div>\n<div class=\"Grid-cell u-size6of12 u-textRight\">\n<div class=\"Specs\">\n<div class=\"Specs__item\"><\/div>\n<\/div>\n<\/div>\n","protected":false},"excerpt":{"rendered":"<p>Gore Wind Stopper mit Membran<\/p>\n","protected":false},"featured_media":213927,"comment_status":"open","ping_status":"closed","template":"","meta":[],"product_brand":[],"product_cat":[1145],"product_tag":[],"class_list":{"0":"post-44853","1":"product","2":"type-product","3":"status-publish","4":"has-post-thumbnail","6":"product_cat-sonstiges","8":"first","9":"outofstock","10":"taxable","11":"shipping-taxable","12":"purchasable","13":"product-type-simple"},"composite_virtual":false,"composite_layout":"","composite_add_to_cart_form_location":"","composite_editable_in_cart":false,"composite_sold_individually_context":"","composite_shop_price_calc":"","composite_components":[],"composite_scenarios":[],"group_of_quantity":0,"min_quantity":0,"max_quantity":"","exclude_order_quantity_value_rules":"no","exclude_category_quantity_rules":"no","combine_variations":"no","exclude_global_add_ons":[],"addons":[],"_links":{"self":[{"href":"https:\/\/www.huntersfriend.eu\/de\/wp-json\/wp\/v2\/product\/44853","targetHints":{"allow":["GET"]}}],"collection":[{"href":"https:\/\/www.huntersfriend.eu\/de\/wp-json\/wp\/v2\/product"}],"about":[{"href":"https:\/\/www.huntersfriend.eu\/de\/wp-json\/wp\/v2\/types\/product"}],"replies":[{"embeddable":true,"href":"https:\/\/www.huntersfriend.eu\/de\/wp-json\/wp\/v2\/comments?post=44853"}],"wp:featuredmedia":[{"embeddable":true,"href":"https:\/\/www.huntersfriend.eu\/de\/wp-json\/wp\/v2\/media\/213927"}],"wp:attachment":[{"href":"https:\/\/www.huntersfriend.eu\/de\/wp-json\/wp\/v2\/media?parent=44853"}],"wp:term":[{"taxonomy":"product_brand","embeddable":true,"href":"https:\/\/www.huntersfriend.eu\/de\/wp-json\/wp\/v2\/product_brand?post=44853"},{"taxonomy":"product_cat","embeddable":true,"href":"https:\/\/www.huntersfriend.eu\/de\/wp-json\/wp\/v2\/product_cat?post=44853"},{"taxonomy":"product_tag","embeddable":true,"href":"https:\/\/www.huntersfriend.eu\/de\/wp-json\/wp\/v2\/product_tag?post=44853"}],"curies":[{"name":"wp","href":"https:\/\/api.w.org\/{rel}","templated":true}]}}