{"id":44852,"date":"2019-05-08T08:57:34","date_gmt":"2019-09-18T12:09:26","guid":{"rendered":"https:\/\/www.huntersfriend.eu\/product\/x-spot-digital-bogenwaage\/"},"modified":"2026-03-04T12:52:59","modified_gmt":"2026-03-04T10:52:59","slug":"x-spot-vaaka-2","status":"publish","type":"product","link":"https:\/\/www.huntersfriend.eu\/de\/produkt\/x-spot-vaaka-2\/","title":{"rendered":"Digitale Bogenwaage von Carbon Express"},"content":{"rendered":"<h2><strong>Bogenwaage von Carbon Express<\/strong><\/h2>\n<h3><strong>Eigenschaften:<\/strong><\/h3>\n<div>\n<ul>\n<li>Kompakte elektronische Bogenwaage<\/li>\n<li>Funktion f\u00fcr Spitzengewicht und Haltekraft<\/li>\n<li>Pr\u00e4zise Messung in Pfund, Unzen und Kilogramm<\/li>\n<li>LED Anzeigebildschirm<\/li>\n<li>Robust und belastbar bis \u00fcber 90 Pfund<\/li>\n<li>Batterien inklusive<\/li>\n<\/ul>\n<p>Das ideale Werkzeug f\u00fcr zu Hause oder die Werkstatt: Die digitale Bogenwaage von CX misst Spitzengewicht und Haltekraft in Unzen, Pfund und Kilogramm. Einfach zu bedienen, mit einem gro\u00dfen LED Anzeigebildschirm und einer robusten, langlebigen Konstruktion, die einen Stahlhaken aufweist, der an einer D-Schlaufe oder Sehne befestigt werden kann, um Bogengewichte bis zu 90 Pfund zu messen <\/p>\n<\/div>\n","protected":false},"excerpt":{"rendered":"<p>Bogenwaage von Carbon Express Eigenschaften: Kompakte elektronische Bogenwaage Funktion f\u00fcr Spitzengewicht und Haltekraft Pr\u00e4zise Messung in Pfund, Unzen und Kilogramm LED Anzeigebildschirm Robust und belastbar bis \u00fcber 90 Pfund Batterien inklusive Das ideale Werkzeug f\u00fcr zu Hause oder die Werkstatt: Die digitale Bogenwaage von CX misst Spitzengewicht und Haltekraft in Unzen, Pfund und Kilogramm. Einfach [&#8230;]\n","protected":false},"featured_media":240865,"comment_status":"open","ping_status":"closed","template":"","meta":[],"product_brand":[],"product_cat":[2632,827],"product_tag":[],"class_list":{"0":"post-44852","1":"product","2":"type-product","3":"status-publish","4":"has-post-thumbnail","6":"product_cat-vagar-och-kronografer","7":"product_cat-scales-and-chronographs","9":"first","10":"instock","11":"taxable","12":"shipping-taxable","13":"purchasable","14":"product-type-simple"},"composite_virtual":false,"composite_layout":"","composite_add_to_cart_form_location":"","composite_editable_in_cart":false,"composite_sold_individually_context":"","composite_shop_price_calc":"","composite_components":[],"composite_scenarios":[],"group_of_quantity":0,"min_quantity":0,"max_quantity":"","exclude_order_quantity_value_rules":"no","exclude_category_quantity_rules":"no","combine_variations":"no","exclude_global_add_ons":[],"addons":[],"_links":{"self":[{"href":"https:\/\/www.huntersfriend.eu\/de\/wp-json\/wp\/v2\/product\/44852","targetHints":{"allow":["GET"]}}],"collection":[{"href":"https:\/\/www.huntersfriend.eu\/de\/wp-json\/wp\/v2\/product"}],"about":[{"href":"https:\/\/www.huntersfriend.eu\/de\/wp-json\/wp\/v2\/types\/product"}],"replies":[{"embeddable":true,"href":"https:\/\/www.huntersfriend.eu\/de\/wp-json\/wp\/v2\/comments?post=44852"}],"wp:featuredmedia":[{"embeddable":true,"href":"https:\/\/www.huntersfriend.eu\/de\/wp-json\/wp\/v2\/media\/240865"}],"wp:attachment":[{"href":"https:\/\/www.huntersfriend.eu\/de\/wp-json\/wp\/v2\/media?parent=44852"}],"wp:term":[{"taxonomy":"product_brand","embeddable":true,"href":"https:\/\/www.huntersfriend.eu\/de\/wp-json\/wp\/v2\/product_brand?post=44852"},{"taxonomy":"product_cat","embeddable":true,"href":"https:\/\/www.huntersfriend.eu\/de\/wp-json\/wp\/v2\/product_cat?post=44852"},{"taxonomy":"product_tag","embeddable":true,"href":"https:\/\/www.huntersfriend.eu\/de\/wp-json\/wp\/v2\/product_tag?post=44852"}],"curies":[{"name":"wp","href":"https:\/\/api.w.org\/{rel}","templated":true}]}}