{"id":44846,"date":"2019-05-08T08:57:45","date_gmt":"2019-09-18T09:36:59","guid":{"rendered":"https:\/\/www.huntersfriend.eu\/product\/bohning-befiederungsklebeband\/"},"modified":"2025-08-27T14:13:14","modified_gmt":"2025-08-27T12:13:14","slug":"bohning-fletching-tape-2","status":"publish","type":"product","link":"https:\/\/www.huntersfriend.eu\/de\/produkt\/bohning-fletching-tape-2\/","title":{"rendered":"Bohning Befiederungsklebeband"},"content":{"rendered":"<ul>\n<li><span style=\"display: inline !important; float: none; background-color: transparent; color: #3e3629; font-family: 'Arial',Helvetica,sans-serif; font-size: 13px; font-style: normal; font-variant: normal; font-weight: 400; letter-spacing: normal; line-height: 20px; orphans: 2; text-align: left; text-decoration: none; text-indent: 0px; text-transform: none; -webkit-text-stroke-width: 0px; white-space: normal; word-spacing: 0px;\">Speziell f\u00fcr Mylar Befiederung<\/span><\/li>\n<li><span style=\"display: inline !important; float: none; background-color: transparent; color: #3e3629; font-family: 'Arial',Helvetica,sans-serif; font-size: 13px; font-style: normal; font-variant: normal; font-weight: 400; letter-spacing: normal; line-height: 20px; orphans: 2; text-align: left; text-decoration: none; text-indent: 0px; text-transform: none; -webkit-text-stroke-width: 0px; white-space: normal; word-spacing: 0px;\">Funktioniert auf allen Schaft-Oberfl\u00e4chen.<\/span><\/li>\n<li><span style=\"display: inline !important; float: none; background-color: transparent; color: #3e3629; font-family: 'Arial',Helvetica,sans-serif; font-size: 13px; font-style: normal; font-variant: normal; font-weight: 400; letter-spacing: normal; line-height: 20px; orphans: 2; text-align: left; text-decoration: none; text-indent: 0px; text-transform: none; -webkit-text-stroke-width: 0px; white-space: normal; word-spacing: 0px;\">L\u00e4nge &#8211; 18,2m <\/span><\/li>\n<li><span style=\"display: inline !important; float: none; background-color: transparent; color: #3e3629; font-family: 'Arial',Helvetica,sans-serif; font-size: 13px; font-style: normal; font-variant: normal; font-weight: 400; letter-spacing: normal; line-height: 20px; orphans: 2; text-align: left; text-decoration: none; text-indent: 0px; text-transform: none; -webkit-text-stroke-width: 0px; white-space: normal; word-spacing: 0px;\">Breite &#8211; 0,47cm<\/span><\/li>\n<li><span style=\"display: inline !important; float: none; background-color: transparent; color: #3e3629; font-family: 'Arial',Helvetica,sans-serif; font-size: 13px; font-style: normal; font-variant: normal; font-weight: 400; letter-spacing: normal; line-height: 20px; orphans: 2; text-align: left; text-decoration: none; text-indent: 0px; text-transform: none; -webkit-text-stroke-width: 0px; white-space: normal; word-spacing: 0px;\">Maschinenschnitt ohne Schmiermittel, damit keine Totr\u00e4ume in der Rolle entstehen.<\/span><\/li>\n<li><span style=\"display: inline !important; float: none; background-color: transparent; color: #3e3629; font-family: 'Arial',Helvetica,sans-serif; font-size: 13px; font-style: normal; font-variant: normal; font-weight: 400; letter-spacing: normal; line-height: 20px; orphans: 2; text-align: left; text-decoration: none; text-indent: 0px; text-transform: none; -webkit-text-stroke-width: 0px; white-space: normal; word-spacing: 0px;\">Eine Rolle befiedert ungef\u00e4hr 3 Dutzend Pfeile mit 5 Zoll Federn oder 9 Dutzend Pfeile mit 2 Zoll Federn.<\/span><\/li>\n<\/ul>\n","protected":false},"excerpt":{"rendered":"<p>Speziell f\u00fcr Mylar Befiederung Funktioniert auf allen Schaft-Oberfl\u00e4chen. L\u00e4nge &#8211; 18,2m Breite &#8211; 0,47cm Maschinenschnitt ohne Schmiermittel, damit keine Totr\u00e4ume in der Rolle entstehen. Eine Rolle befiedert ungef\u00e4hr 3 Dutzend Pfeile mit 5 Zoll Federn oder 9 Dutzend Pfeile mit 2 Zoll Federn.<\/p>\n","protected":false},"featured_media":211016,"comment_status":"open","ping_status":"closed","template":"","meta":[],"product_brand":[],"product_cat":[1178],"product_tag":[],"class_list":{"0":"post-44846","1":"product","2":"type-product","3":"status-publish","4":"has-post-thumbnail","6":"product_cat-kleber","8":"first","9":"instock","10":"taxable","11":"shipping-taxable","12":"purchasable","13":"product-type-simple"},"composite_virtual":false,"composite_layout":"","composite_add_to_cart_form_location":"","composite_editable_in_cart":false,"composite_sold_individually_context":"","composite_shop_price_calc":"","composite_components":[],"composite_scenarios":[],"group_of_quantity":0,"min_quantity":0,"max_quantity":"","exclude_order_quantity_value_rules":"no","exclude_category_quantity_rules":"no","combine_variations":"no","exclude_global_add_ons":[],"addons":[],"_links":{"self":[{"href":"https:\/\/www.huntersfriend.eu\/de\/wp-json\/wp\/v2\/product\/44846","targetHints":{"allow":["GET"]}}],"collection":[{"href":"https:\/\/www.huntersfriend.eu\/de\/wp-json\/wp\/v2\/product"}],"about":[{"href":"https:\/\/www.huntersfriend.eu\/de\/wp-json\/wp\/v2\/types\/product"}],"replies":[{"embeddable":true,"href":"https:\/\/www.huntersfriend.eu\/de\/wp-json\/wp\/v2\/comments?post=44846"}],"wp:featuredmedia":[{"embeddable":true,"href":"https:\/\/www.huntersfriend.eu\/de\/wp-json\/wp\/v2\/media\/211016"}],"wp:attachment":[{"href":"https:\/\/www.huntersfriend.eu\/de\/wp-json\/wp\/v2\/media?parent=44846"}],"wp:term":[{"taxonomy":"product_brand","embeddable":true,"href":"https:\/\/www.huntersfriend.eu\/de\/wp-json\/wp\/v2\/product_brand?post=44846"},{"taxonomy":"product_cat","embeddable":true,"href":"https:\/\/www.huntersfriend.eu\/de\/wp-json\/wp\/v2\/product_cat?post=44846"},{"taxonomy":"product_tag","embeddable":true,"href":"https:\/\/www.huntersfriend.eu\/de\/wp-json\/wp\/v2\/product_tag?post=44846"}],"curies":[{"name":"wp","href":"https:\/\/api.w.org\/{rel}","templated":true}]}}