{"id":44815,"date":"2019-05-22T11:20:16","date_gmt":"2019-09-18T07:03:30","guid":{"rendered":"https:\/\/www.huntersfriend.eu\/product\/ams-tidal-wave-pfeilauflage\/"},"modified":"2025-08-27T14:13:44","modified_gmt":"2025-08-27T12:13:44","slug":"ams-tidal-wave-nuolihylly-2","status":"publish","type":"product","link":"https:\/\/www.huntersfriend.eu\/de\/produkt\/ams-tidal-wave-nuolihylly-2\/","title":{"rendered":"AMS Tidal Wave Pfeilauflage"},"content":{"rendered":"<p>Alle Funktionen, die Sie zum Bogenfischen ben\u00f6tigen, in der ultimativen Pfeilauflage! Die meistverkaufte Tidal Wave-Auflage von AMS ist so robust wie sie nur sein kann. Es spielt keine Rolle, ob Sie auf einen sich schnell bewegenden Fisch schie\u00dfen, das Design der Tidal Wave h\u00e4lt Ihren Pfeil bei jedem Schuss an Ort und Stelle.<\/p>\n<p>Der Pfeil kann durch die Pfeilauflage geladen oder von der Seite eingerastet werden. Eine interne Spinnrolle sorgt f\u00fcr zus\u00e4tzliche Pfeilkontrolle w\u00e4hrend des Schusses und verringert den Verschlei\u00df der Pfeilwelle. Die Tidal Wave-Auflage kann von Rechts- oder Linkssch\u00fctzen verwendet werden.<\/p>\n","protected":false},"excerpt":{"rendered":"<p>Nur f\u00fcr die Jagd zum Bogenfischen geeignet<\/p>\n","protected":false},"featured_media":211021,"comment_status":"open","ping_status":"closed","template":"","meta":[],"product_brand":[],"product_cat":[1113],"product_tag":[],"class_list":{"0":"post-44815","1":"product","2":"type-product","3":"status-publish","4":"has-post-thumbnail","6":"product_cat-ersatzteile-fuers-bogenfischen","8":"first","9":"instock","10":"taxable","11":"shipping-taxable","12":"purchasable","13":"product-type-simple"},"composite_virtual":false,"composite_layout":"","composite_add_to_cart_form_location":"","composite_editable_in_cart":false,"composite_sold_individually_context":"","composite_shop_price_calc":"","composite_components":[],"composite_scenarios":[],"group_of_quantity":0,"min_quantity":0,"max_quantity":"","exclude_order_quantity_value_rules":"no","exclude_category_quantity_rules":"no","combine_variations":"no","exclude_global_add_ons":[],"addons":[],"_links":{"self":[{"href":"https:\/\/www.huntersfriend.eu\/de\/wp-json\/wp\/v2\/product\/44815","targetHints":{"allow":["GET"]}}],"collection":[{"href":"https:\/\/www.huntersfriend.eu\/de\/wp-json\/wp\/v2\/product"}],"about":[{"href":"https:\/\/www.huntersfriend.eu\/de\/wp-json\/wp\/v2\/types\/product"}],"replies":[{"embeddable":true,"href":"https:\/\/www.huntersfriend.eu\/de\/wp-json\/wp\/v2\/comments?post=44815"}],"wp:featuredmedia":[{"embeddable":true,"href":"https:\/\/www.huntersfriend.eu\/de\/wp-json\/wp\/v2\/media\/211021"}],"wp:attachment":[{"href":"https:\/\/www.huntersfriend.eu\/de\/wp-json\/wp\/v2\/media?parent=44815"}],"wp:term":[{"taxonomy":"product_brand","embeddable":true,"href":"https:\/\/www.huntersfriend.eu\/de\/wp-json\/wp\/v2\/product_brand?post=44815"},{"taxonomy":"product_cat","embeddable":true,"href":"https:\/\/www.huntersfriend.eu\/de\/wp-json\/wp\/v2\/product_cat?post=44815"},{"taxonomy":"product_tag","embeddable":true,"href":"https:\/\/www.huntersfriend.eu\/de\/wp-json\/wp\/v2\/product_tag?post=44815"}],"curies":[{"name":"wp","href":"https:\/\/api.w.org\/{rel}","templated":true}]}}