{"id":44789,"date":"2019-08-20T11:20:25","date_gmt":"2019-08-20T09:20:25","guid":{"rendered":"https:\/\/www.huntersfriend.eu\/product\/sitka-mountain-pants-optifade-subalpine-2\/"},"modified":"2025-11-20T12:56:06","modified_gmt":"2025-11-20T10:56:06","slug":"sitka-mountain-pants-optifade-subalpine-2","status":"publish","type":"product","link":"https:\/\/www.huntersfriend.eu\/de\/produkt\/sitka-mountain-pants-optifade-subalpine-2\/","title":{"rendered":"SITKA Mountain Pants Optifade Subalpine"},"content":{"rendered":"<p>Die Mountain Pant ist zweifellos das Schweizer Messer der Hosen f\u00fcr die Gro\u00dfwildjagd. Ob zum Beobachten von Wapiti in Alberta oder zur Pirsch in West Texas &#8211; diese Hose ist Ihre erste Wahl. Eine sich verj\u00fcngende Konstruktion aus 4-Wege-Stretch-Polyester mit artikuliertem Muster und einem Zwickel im Schritt erm\u00f6glicht maximale Bewegungsfreiheit. Abnehmbare Knieschoner f\u00fcr erh\u00f6hten Schutz und ein DWR-Finish f\u00fcr den Schutz vor leichten Niederschl\u00e4gen erg\u00e4nzen diesen bereits robusten Big Game Over-Achiever.<\/p>\n<p><span class=\"getshortdesc\"><b>Sitka Mountain Pants &#8211; Optifade Subalpine<\/b><\/span><br \/>\nLeicht, warm und dabei sehr strapazierf\u00e4hig. Die Mountain Pants ist darauf spezialisiert, sich in der mittleren und sp\u00e4ten Jahreszeit schnell zu bewegen. F\u00fcr 2016 haben wir es mit einer genaueren Passform und einem neu entwickelten Stoff von Grund auf neu aufgebaut, sodass ihre Pirsch leiser und komfortabler wird als je zuvor.<\/p>\n<p>Sitkas vielseitigste Hose wurde mit einem neuen 4-Wege-Stretch-Textil und einer raffinierten Passform neu gestaltet. Eine flache Taille minimiert das Volumen, um Druckstellen beim Tragen eines Rucksacks zu vermeiden. Eine konturierte Passform an Ges\u00e4\u00df und Beinen erm\u00f6glicht sportliche Bewegungen. Die Beine sind verj\u00fcngt, um Reibung und Ger\u00e4usche zu begrenzen. Zus\u00e4tzlich wurde der schwere Abriebschutz entfernt, um maximale Tarnung zu gew\u00e4hrleisten.<\/p>\n<p>Die Mountain Pants sind hosentr\u00e4gerf\u00e4hig und die stromlinienf\u00f6rmigen G\u00fcrtelschlaufen bieten Platz f\u00fcr einen gro\u00dfen G\u00fcrtel mit maximal 4,5cm Breite. Knickgelenkte Knie mit abnehmbaren Knieschonern bieten zus\u00e4tzlichen Schutz beim Klettern und in der tiefsten Gangart. Zwei Eingrifftaschen mit Rei\u00dfverschluss und eine Ges\u00e4\u00dftasche mit Rei\u00dfverschluss halten kleine Utensilien zug\u00e4nglich und sicher. Zwei Ladetaschen schlie\u00dfen mit leisen Druckkn\u00f6pfen um keine zus\u00e4tzlichen Ger\u00e4usche zu erzeugen.<\/p>\n<p><strong>Ausstattungsmerkmale:<\/strong><\/p>\n<ul>\n<li>4-Wege-Stretchgewebe aus Polyester<\/li>\n<li>Gegliederte Musterung<\/li>\n<li>Neues, weicheres und leichter abnehmbares Kniepolster<\/li>\n<li>Seitentaschen<\/li>\n<li>Technologie &#8211; DWR-Finish<\/li>\n<li>Gewicht: 0,78kg bei Gr\u00f6\u00dfe 34R<\/li>\n<\/ul>\n<p><strong>Gr\u00f6\u00dfen erh\u00e4ltlich:<\/strong> 76-101cm<\/p>\n","protected":false},"excerpt":{"rendered":"<p>Die Mountain Pant ist zweifellos das Schweizer Messer der Hosen f\u00fcr die Gro\u00dfwildjagd. Ob zum Beobachten von Wapiti in Alberta oder zur Pirsch in West Texas &#8211; diese Hose ist Ihre erste Wahl. Eine sich verj\u00fcngende Konstruktion aus 4-Wege-Stretch-Polyester mit artikuliertem Muster und einem Zwickel im Schritt erm\u00f6glicht maximale Bewegungsfreiheit. Abnehmbare Knieschoner f\u00fcr erh\u00f6hten Schutz [&#8230;]\n","protected":false},"featured_media":232219,"comment_status":"open","ping_status":"closed","template":"","meta":[],"product_brand":[],"product_cat":[1145],"product_tag":[],"class_list":{"0":"post-44789","1":"product","2":"type-product","3":"status-publish","4":"has-post-thumbnail","6":"product_cat-sonstiges","8":"first","9":"instock","10":"sale","11":"taxable","12":"shipping-taxable","13":"purchasable","14":"product-type-variable"},"composite_virtual":false,"composite_layout":"","composite_add_to_cart_form_location":"","composite_editable_in_cart":false,"composite_sold_individually_context":"","composite_shop_price_calc":"","composite_components":[],"composite_scenarios":[],"group_of_quantity":0,"min_quantity":0,"max_quantity":"","exclude_order_quantity_value_rules":"no","exclude_category_quantity_rules":"no","combine_variations":"no","exclude_global_add_ons":[],"addons":[],"_links":{"self":[{"href":"https:\/\/www.huntersfriend.eu\/de\/wp-json\/wp\/v2\/product\/44789","targetHints":{"allow":["GET"]}}],"collection":[{"href":"https:\/\/www.huntersfriend.eu\/de\/wp-json\/wp\/v2\/product"}],"about":[{"href":"https:\/\/www.huntersfriend.eu\/de\/wp-json\/wp\/v2\/types\/product"}],"replies":[{"embeddable":true,"href":"https:\/\/www.huntersfriend.eu\/de\/wp-json\/wp\/v2\/comments?post=44789"}],"wp:featuredmedia":[{"embeddable":true,"href":"https:\/\/www.huntersfriend.eu\/de\/wp-json\/wp\/v2\/media\/232219"}],"wp:attachment":[{"href":"https:\/\/www.huntersfriend.eu\/de\/wp-json\/wp\/v2\/media?parent=44789"}],"wp:term":[{"taxonomy":"product_brand","embeddable":true,"href":"https:\/\/www.huntersfriend.eu\/de\/wp-json\/wp\/v2\/product_brand?post=44789"},{"taxonomy":"product_cat","embeddable":true,"href":"https:\/\/www.huntersfriend.eu\/de\/wp-json\/wp\/v2\/product_cat?post=44789"},{"taxonomy":"product_tag","embeddable":true,"href":"https:\/\/www.huntersfriend.eu\/de\/wp-json\/wp\/v2\/product_tag?post=44789"}],"curies":[{"name":"wp","href":"https:\/\/api.w.org\/{rel}","templated":true}]}}