{"id":41164,"date":"2019-07-22T08:20:14","date_gmt":"2019-07-22T06:20:14","guid":{"rendered":"https:\/\/www.huntersfriend.eu\/product\/montana-decoy-rehgeis\/"},"modified":"2026-05-01T20:34:03","modified_gmt":"2026-05-01T18:34:03","slug":"montana-decoy-rehgeis","status":"publish","type":"product","link":"https:\/\/www.huntersfriend.eu\/de\/produkt\/montana-decoy-rehgeis\/","title":{"rendered":"Montana Decoy Rehgei\u00df"},"content":{"rendered":"<p>Die Lockjagd wird viel unterhaltsamer, wenn man beobachten kann, wie Rehb\u00f6cke auf diesen Rehgei\u00df-Locker reagieren. Dieser Locker ist der Traum eines jeden Rehbocks und wird die B\u00f6cke garantiert in Reichweite des Bogens bringen.<\/p>\n<p><strong>Ausstattung des Lockers<\/strong><\/p>\n<p>\u2022 L\u00e4sst sich flach zusammenfalten und \u00f6ffnet sich in Sekunden zu voller Gr\u00f6\u00dfe.<\/p>\n<p>\u2022 Haltung und Gr\u00f6\u00dfe senden die richtigen Signale an die B\u00f6cke.<\/p>\n<p>\u2022 Beendet das Tragen sperriger, schwerf\u00e4lliger Plastikk\u00f6der.<\/p>\n<p>Gewicht ca. 0,70 kg (inklusive Gest\u00e4nge)<\/p>\n<p>Gr\u00f6\u00dfe im zusammengeklappten Zustand: 35 cm x 24 cm<\/p>\n<p>Gr\u00f6\u00dfe im ge\u00f6ffneten Zustand: 76 cm x 12 cm (Lebensgro\u00df)<\/p>\n","protected":false},"excerpt":{"rendered":"<p>Die Lockjagd wird viel unterhaltsamer, wenn man beobachten kann, wie Rehb\u00f6cke auf diesen Rehgei\u00df-Locker reagieren. Dieser Locker ist der Traum eines jeden Rehbocks und wird die B\u00f6cke garantiert in Reichweite des Bogens bringen. Ausstattung des Lockers \u2022 L\u00e4sst sich flach zusammenfalten und \u00f6ffnet sich in Sekunden zu voller Gr\u00f6\u00dfe. \u2022 Haltung und Gr\u00f6\u00dfe senden die [&#8230;]\n","protected":false},"featured_media":210130,"comment_status":"open","ping_status":"closed","template":"","meta":[],"product_brand":[],"product_cat":[1209],"product_tag":[],"class_list":{"0":"post-41164","1":"product","2":"type-product","3":"status-publish","4":"has-post-thumbnail","6":"product_cat-groswild-locktiere","8":"first","9":"instock","10":"sale","11":"featured","12":"taxable","13":"shipping-taxable","14":"purchasable","15":"product-type-simple"},"composite_virtual":false,"composite_layout":"","composite_add_to_cart_form_location":"","composite_editable_in_cart":false,"composite_sold_individually_context":"","composite_shop_price_calc":"","composite_components":[],"composite_scenarios":[],"group_of_quantity":0,"min_quantity":0,"max_quantity":"","exclude_order_quantity_value_rules":"no","exclude_category_quantity_rules":"no","combine_variations":"no","exclude_global_add_ons":[],"addons":[],"_links":{"self":[{"href":"https:\/\/www.huntersfriend.eu\/de\/wp-json\/wp\/v2\/product\/41164","targetHints":{"allow":["GET"]}}],"collection":[{"href":"https:\/\/www.huntersfriend.eu\/de\/wp-json\/wp\/v2\/product"}],"about":[{"href":"https:\/\/www.huntersfriend.eu\/de\/wp-json\/wp\/v2\/types\/product"}],"replies":[{"embeddable":true,"href":"https:\/\/www.huntersfriend.eu\/de\/wp-json\/wp\/v2\/comments?post=41164"}],"wp:featuredmedia":[{"embeddable":true,"href":"https:\/\/www.huntersfriend.eu\/de\/wp-json\/wp\/v2\/media\/210130"}],"wp:attachment":[{"href":"https:\/\/www.huntersfriend.eu\/de\/wp-json\/wp\/v2\/media?parent=41164"}],"wp:term":[{"taxonomy":"product_brand","embeddable":true,"href":"https:\/\/www.huntersfriend.eu\/de\/wp-json\/wp\/v2\/product_brand?post=41164"},{"taxonomy":"product_cat","embeddable":true,"href":"https:\/\/www.huntersfriend.eu\/de\/wp-json\/wp\/v2\/product_cat?post=41164"},{"taxonomy":"product_tag","embeddable":true,"href":"https:\/\/www.huntersfriend.eu\/de\/wp-json\/wp\/v2\/product_tag?post=41164"}],"curies":[{"name":"wp","href":"https:\/\/api.w.org\/{rel}","templated":true}]}}