{"id":40776,"date":"2019-05-20T14:20:31","date_gmt":"2019-07-10T12:34:31","guid":{"rendered":"https:\/\/www.huntersfriend.eu\/product\/truglo-range-rover-visier-mit-rad-zur-feinjustierung\/"},"modified":"2025-08-27T14:13:40","modified_gmt":"2025-08-27T12:13:40","slug":"truglo-range-rover-rad-zur-feinjustierung","status":"publish","type":"product","link":"https:\/\/www.huntersfriend.eu\/de\/produkt\/truglo-range-rover-rad-zur-feinjustierung\/","title":{"rendered":"TruGlo Range Rover Visier mit Rad zur Feinjustierung"},"content":{"rendered":"<p>Die Range Rover-Serie von TRUGLO ist seit langem ein Synonym f\u00fcr erstklassige Single-Pin-Bogenvisiere. Jetzt gibt es noch mehr Gr\u00fcnde, sich dem TruGlo-Team und diesem wunderbar einfachen und effektiven Jagdwerkzeuge anzuschlie\u00dfen. Der innovative NEW ZERO-IN Einstellungsregler bietet eine au\u00dferordentlich reibungslose und bemerkenswert pr\u00e4zise Mikro-Anpassung der H\u00f6heneinstellung, was J\u00e4gern einen zus\u00e4tzlichen Vorteil unter schwierigen Bedingungen verschafft.<\/p>\n<p>\u2022 ZERO-IN\u2122 Einstellungsregler mit \u00fcber 80 vormarkierten Entfernungsskalen (inklusive) f\u00fcr einfache Einrichtung<br \/>\n\u2022 Werkzeuglose Entfernungsarretierung<br \/>\n\u2022 Klares, kreisf\u00f6rmiges Sichtfeld mit Ganzmetallpin<br \/>\n\u2022 Besonders lange, vollst\u00e4ndig gesch\u00fctzte umwickelte Faser<br \/>\n\u2022 \u00c4u\u00dferst reibungslose Bewegung f\u00fcr einfache Einhandbedienung<br \/>\n\u2022 Visiergeh\u00e4use nimmt 1,87 Zoll Objektivlinse auf (separat erh\u00e4ltlich)<br \/>\n\u2022 Lasergravierte Referenzmarkierungen f\u00fcr Seiten- und H\u00f6henverstellungen<br \/>\n\u2022 Einstellbarer Endanschlag zur Anpassung der maximalen Entfernungseinstellung<br \/>\n\u2022 K\u00f6cher kann direkt an der Halterung montiert werden<br \/>\n\u2022 Verf\u00fcgbar in Links- und Rechtsh\u00e4nderausf\u00fchrungen (Kontaktieren Sie uns bez\u00fcglich Linksh\u00e4ndermodellen!)<br \/>\n\u2022 Patentiert <\/p>\n","protected":false},"excerpt":{"rendered":"<p>1 Pin, Rechtshand, Schwarz<\/p>\n","protected":false},"featured_media":211019,"comment_status":"open","ping_status":"closed","template":"","meta":[],"product_brand":[],"product_cat":[1119],"product_tag":[],"class_list":{"0":"post-40776","1":"product","2":"type-product","3":"status-publish","4":"has-post-thumbnail","6":"product_cat-jagd-visiere","8":"first","9":"instock","10":"taxable","11":"shipping-taxable","12":"purchasable","13":"product-type-simple"},"composite_virtual":false,"composite_layout":"","composite_add_to_cart_form_location":"","composite_editable_in_cart":false,"composite_sold_individually_context":"","composite_shop_price_calc":"","composite_components":[],"composite_scenarios":[],"group_of_quantity":0,"min_quantity":0,"max_quantity":"","exclude_order_quantity_value_rules":"no","exclude_category_quantity_rules":"no","combine_variations":"no","exclude_global_add_ons":[],"addons":[],"_links":{"self":[{"href":"https:\/\/www.huntersfriend.eu\/de\/wp-json\/wp\/v2\/product\/40776","targetHints":{"allow":["GET"]}}],"collection":[{"href":"https:\/\/www.huntersfriend.eu\/de\/wp-json\/wp\/v2\/product"}],"about":[{"href":"https:\/\/www.huntersfriend.eu\/de\/wp-json\/wp\/v2\/types\/product"}],"replies":[{"embeddable":true,"href":"https:\/\/www.huntersfriend.eu\/de\/wp-json\/wp\/v2\/comments?post=40776"}],"wp:featuredmedia":[{"embeddable":true,"href":"https:\/\/www.huntersfriend.eu\/de\/wp-json\/wp\/v2\/media\/211019"}],"wp:attachment":[{"href":"https:\/\/www.huntersfriend.eu\/de\/wp-json\/wp\/v2\/media?parent=40776"}],"wp:term":[{"taxonomy":"product_brand","embeddable":true,"href":"https:\/\/www.huntersfriend.eu\/de\/wp-json\/wp\/v2\/product_brand?post=40776"},{"taxonomy":"product_cat","embeddable":true,"href":"https:\/\/www.huntersfriend.eu\/de\/wp-json\/wp\/v2\/product_cat?post=40776"},{"taxonomy":"product_tag","embeddable":true,"href":"https:\/\/www.huntersfriend.eu\/de\/wp-json\/wp\/v2\/product_tag?post=40776"}],"curies":[{"name":"wp","href":"https:\/\/api.w.org\/{rel}","templated":true}]}}