{"id":40724,"date":"2019-05-28T12:53:52","date_gmt":"2019-07-09T12:56:17","guid":{"rendered":"https:\/\/www.huntersfriend.eu\/product\/easton-carbon-axis-5mm-schaft\/"},"modified":"2026-04-28T20:03:24","modified_gmt":"2026-04-28T18:03:24","slug":"easton-carbon-axis-5mm-schafte","status":"publish","type":"product","link":"https:\/\/www.huntersfriend.eu\/de\/produkt\/easton-carbon-axis-5mm-schafte\/","title":{"rendered":"Easton Carbon Axis 5mm Schaft"},"content":{"rendered":"<h3>Kontaktieren Sie uns direkt, wenn Sie diese Sch\u00e4fte individuell anfertigen lassen m\u00f6chten<\/h3>\n<h3>Effizienz auf der Jagd<\/h3>\n<p>Dieser Schaft besteht aus hochfestem Nano-Tube-Carbon-Verbundfaser und einem Durchmesser von nur 5 mm f\u00fcr eine bessere Penetration. Ein angemessener Preis f\u00fcr einen derart hochwertigen Pfeilschaft. Diese mittelschweren Sch\u00e4fte bieten eine gute Kombination aus Geschwindigkeit und Durchschlagskraft um diese kinetische Energie auch auf gr\u00f6\u00dfere Entfernungen zu garantieren. Der Schaft ist mit den herk\u00f6mmlichen Easton X-Nocken und X-Hit-Inserts ausgestattet.<\/p>\n<h3>Legend\u00e4re Qualit\u00e4t<\/h3>\n<p>Easton ist seit den 1940er Jahren f\u00fchrend bei Pfeilen f\u00fcr die Jagd. Ihre Erfahrung und Technologie zeigt sich in allen produzierten Produkten. Easton-Sch\u00e4fte werden von Bogenj\u00e4gern, Armbrustj\u00e4gern, 3D-Sch\u00fctzen, Ziel- und olympischen Bogensch\u00fctzen genutzt. Mehr als von alle anderen Marken zusammen. Die Zahlen l\u00fcgen nicht &#8211; Easton bietet erstklassige Qualit\u00e4t. Easton-Pfeile werden dich nicht entt\u00e4uschen.<\/p>\n<h3>EASTON CARBON AXIS 5MM &#8211; TECHNISCHE DATEN<\/h3>\n<table>\n<tbody>\n<tr>\n<td>260&#8217;s<br \/>\n0,260&#8243; Durchbiegung<br \/>\n11,5 GPI<br \/>\n+\/-0,003&#8243; Geradheit<br \/>\n0,280&#8243; Au\u00dfendurchmesser<\/td>\n<td>300&#8217;s<br \/>\n0,300&#8243; Durchbiegung<br \/>\n10,7 GPI<br \/>\n+\/-0,003&#8243; Geradheit<br \/>\n0,275&#8243; Au\u00dfendurchmesser<\/td>\n<td>340&#8217;s<br \/>\n0,340&#8243; Durchbiegung<br \/>\n9,5 GPI<br \/>\n+\/-0,003&#8243; Geradheit<br \/>\n0,267&#8243; Au\u00dfendurchmesser<\/td>\n<td>400&#8217;s<br \/>\n0,400&#8243; Durchbiegung<br \/>\n9,0 GPI<br \/>\n+\/-0,003&#8243; Geradheit<br \/>\n0,264&#8243; Au\u00dfendurchmesser<\/td>\n<\/tr>\n<\/tbody>\n<\/table>\n<p><span lang=\"EN-US\">Die Spine-Tabelle ist f\u00fcr moderne Compoundb\u00f6gen mit IBO-Geschwindigkeiten zwischen 280 und 330 fps ausgelegt. F\u00fcr schnellere B\u00f6gen bitte in der Tabelle einen Block nach unten und nach rechts. F\u00fcr langsamere B\u00f6gen bitte in der Tabelle einen Block nach oben und nach links. Die Tabelle gilt nicht f\u00fcr traditionelle B\u00f6gen. HINWEIS: Der tats\u00e4chliche Spine-Wert entspricht nicht unbedingt der vom Hersteller angegebenen Namensbezeichnung (Gold Tip 5575, Carbon Force 200, Carbon Express 60\/75 usw.). Spine-Wert Tabelle des Herstellers. <\/span><strong><span lang=\"EN-US\">kann unterschiedlich sein<\/span><\/strong><span lang=\"EN-US\"> (100, 200, 300, 400) und kann den tats\u00e4chlichen Spine der Pfeile wiedergeben oder auch nicht. Als Beispiel, ein &#8222;Carbon Express Maxima 250&#8243; hat einen tats\u00e4chlichen Spine von .404&#8243;, nicht .250&#8220; wie die Bezeichnung nahelegt. In diesem Fall ist das Bewertungssystem beliebig. Gehen Sie sicherheitshalber NICHT davon aus, dass die angegebene &#8222;Spine-Bezeichnung&#8220; des Pfeils mit dem tats\u00e4chlichen Spine des Pfeils \u00fcbereinstimmt. Bitte die tats\u00e4chlichen Pfeilspezifikationsdaten beachten, bevor Sie die Tabelle verwenden und den geeignete Spine ausw\u00e4hlen. <em><strong>Falls Sie dazu Hilfe ben\u00f6tigen, erreichen Sie uns telefonisch unter: +358 45 208 6292 oder per Email-Support.<\/strong><\/em><\/span><\/p>\n","protected":false},"excerpt":{"rendered":"<p>Erh\u00e4ltlich in 260, 300, 340, and 400 Spine inklusive Nocken und Inserts.<\/p>\n","protected":false},"featured_media":212933,"comment_status":"open","ping_status":"closed","template":"","meta":[],"product_brand":[],"product_cat":[1105],"product_tag":[],"class_list":{"0":"post-40724","1":"product","2":"type-product","3":"status-publish","4":"has-post-thumbnail","6":"product_cat-karbon-jagd-schaefte","8":"first","9":"instock","10":"taxable","11":"shipping-taxable","12":"purchasable","13":"product-type-variable"},"composite_virtual":false,"composite_layout":"","composite_add_to_cart_form_location":"","composite_editable_in_cart":false,"composite_sold_individually_context":"","composite_shop_price_calc":"","composite_components":[],"composite_scenarios":[],"group_of_quantity":0,"min_quantity":0,"max_quantity":"","exclude_order_quantity_value_rules":"no","exclude_category_quantity_rules":"no","combine_variations":"no","exclude_global_add_ons":false,"addons":[{"name":"Auf L\u00e4nge geschnitten","type":"multiple_choice","position":0,"required":true,"title_format":"label","default":"","description_enable":false,"description":null,"placeholder_enable":false,"placeholder":null,"display":"select","restrictions_type":"any_text","adjust_price":false,"price":"","price_type":"flat_fee","restrictions":false,"min":"0","max":"0","options":[{"label":"Nicht schneiden","price":"","price_type":"flat_fee","image":0,"visibility":true},{"label":"Bitte schneiden - f\u00fcgen Sie die gew\u00fcnschte L\u00e4nge im Infofeld beim Auschecken hinzu","price":"","price_type":"flat_fee","image":0,"visibility":true}]},{"name":"Inserts","type":"multiple_choice","position":1,"required":true,"title_format":"label","default":"","description_enable":false,"description":null,"placeholder_enable":false,"placeholder":null,"display":"select","restrictions_type":"any_text","adjust_price":false,"price":"","price_type":"flat_fee","restrictions":false,"min":"0","max":"0","options":[{"label":"Eins\u00e4tze installieren (Dies ist dauerhaft!)","price":"","price_type":"flat_fee","image":0,"visibility":true},{"label":"Eins\u00e4tze nicht installieren (lose beilegen)","price":"","price_type":"flat_fee","image":0,"visibility":true}]}],"_links":{"self":[{"href":"https:\/\/www.huntersfriend.eu\/de\/wp-json\/wp\/v2\/product\/40724","targetHints":{"allow":["GET"]}}],"collection":[{"href":"https:\/\/www.huntersfriend.eu\/de\/wp-json\/wp\/v2\/product"}],"about":[{"href":"https:\/\/www.huntersfriend.eu\/de\/wp-json\/wp\/v2\/types\/product"}],"replies":[{"embeddable":true,"href":"https:\/\/www.huntersfriend.eu\/de\/wp-json\/wp\/v2\/comments?post=40724"}],"wp:featuredmedia":[{"embeddable":true,"href":"https:\/\/www.huntersfriend.eu\/de\/wp-json\/wp\/v2\/media\/212933"}],"wp:attachment":[{"href":"https:\/\/www.huntersfriend.eu\/de\/wp-json\/wp\/v2\/media?parent=40724"}],"wp:term":[{"taxonomy":"product_brand","embeddable":true,"href":"https:\/\/www.huntersfriend.eu\/de\/wp-json\/wp\/v2\/product_brand?post=40724"},{"taxonomy":"product_cat","embeddable":true,"href":"https:\/\/www.huntersfriend.eu\/de\/wp-json\/wp\/v2\/product_cat?post=40724"},{"taxonomy":"product_tag","embeddable":true,"href":"https:\/\/www.huntersfriend.eu\/de\/wp-json\/wp\/v2\/product_tag?post=40724"}],"curies":[{"name":"wp","href":"https:\/\/api.w.org\/{rel}","templated":true}]}}