{"id":295863,"date":"2026-04-23T12:19:58","date_gmt":"2026-04-23T10:19:58","guid":{"rendered":"https:\/\/www.huntersfriend.eu\/product\/gold-tip-acculite-mini-nock\/"},"modified":"2026-04-23T12:25:28","modified_gmt":"2026-04-23T10:25:28","slug":"gold-tip-acculite-mini-nock","status":"publish","type":"product","link":"https:\/\/www.huntersfriend.eu\/de\/produkt\/gold-tip-acculite-mini-nock\/","title":{"rendered":"Gold Tip Acculite Mini Nock"},"content":{"rendered":"<p>Die Gold Tip Insert Nock .246 AccuLite bietet hohe Pr\u00e4zision und Langlebigkeit \u2013 ideal f\u00fcr Bogensch\u00fctzen, die eine zuverl\u00e4ssige Leistung suchen.<\/p>\n<ul>\n<li>AccuLite-Design f\u00fcr geringes Gewicht<\/li>\n<li>Langlebig und zuverl\u00e4ssig<\/li>\n<li>Einfache Montage<\/li>\n<li>Kompatibel mit verschiedenen Gold Tip Pfeiltypen<\/li>\n<\/ul>\n","protected":false},"excerpt":{"rendered":"<p>Die Gold Tip Insert Nock .246 AccuLite bietet hohe Pr\u00e4zision und Langlebigkeit \u2013 ideal f\u00fcr Bogensch\u00fctzen, die eine zuverl\u00e4ssige Leistung suchen. AccuLite-Design f\u00fcr geringes Gewicht Langlebig und zuverl\u00e4ssig Einfache Montage Kompatibel mit verschiedenen Gold Tip Pfeiltypen<\/p>\n","protected":false},"featured_media":295852,"comment_status":"open","ping_status":"closed","template":"","meta":[],"product_brand":[],"product_cat":[1098],"product_tag":[],"class_list":{"0":"post-295863","1":"product","2":"type-product","3":"status-publish","4":"has-post-thumbnail","6":"product_cat-nocken-und-inserts","8":"first","9":"instock","10":"taxable","11":"shipping-taxable","12":"purchasable","13":"product-type-variable"},"composite_virtual":false,"composite_layout":"","composite_add_to_cart_form_location":"","composite_editable_in_cart":false,"composite_sold_individually_context":"","composite_shop_price_calc":"","composite_components":[],"composite_scenarios":[],"group_of_quantity":0,"min_quantity":0,"max_quantity":"","exclude_order_quantity_value_rules":"no","exclude_category_quantity_rules":"no","combine_variations":"no","exclude_global_add_ons":[],"addons":[],"_links":{"self":[{"href":"https:\/\/www.huntersfriend.eu\/de\/wp-json\/wp\/v2\/product\/295863","targetHints":{"allow":["GET"]}}],"collection":[{"href":"https:\/\/www.huntersfriend.eu\/de\/wp-json\/wp\/v2\/product"}],"about":[{"href":"https:\/\/www.huntersfriend.eu\/de\/wp-json\/wp\/v2\/types\/product"}],"replies":[{"embeddable":true,"href":"https:\/\/www.huntersfriend.eu\/de\/wp-json\/wp\/v2\/comments?post=295863"}],"wp:featuredmedia":[{"embeddable":true,"href":"https:\/\/www.huntersfriend.eu\/de\/wp-json\/wp\/v2\/media\/295852"}],"wp:attachment":[{"href":"https:\/\/www.huntersfriend.eu\/de\/wp-json\/wp\/v2\/media?parent=295863"}],"wp:term":[{"taxonomy":"product_brand","embeddable":true,"href":"https:\/\/www.huntersfriend.eu\/de\/wp-json\/wp\/v2\/product_brand?post=295863"},{"taxonomy":"product_cat","embeddable":true,"href":"https:\/\/www.huntersfriend.eu\/de\/wp-json\/wp\/v2\/product_cat?post=295863"},{"taxonomy":"product_tag","embeddable":true,"href":"https:\/\/www.huntersfriend.eu\/de\/wp-json\/wp\/v2\/product_tag?post=295863"}],"curies":[{"name":"wp","href":"https:\/\/api.w.org\/{rel}","templated":true}]}}