{"id":295777,"date":"2026-04-16T07:30:35","date_gmt":"2026-04-16T05:30:35","guid":{"rendered":"https:\/\/www.huntersfriend.eu\/product\/mammoth-ranger-25-kuehlbox\/"},"modified":"2026-04-16T11:52:46","modified_gmt":"2026-04-16T09:52:46","slug":"mammoth-ranger-25-kuehlbox","status":"publish","type":"product","link":"https:\/\/www.huntersfriend.eu\/de\/produkt\/mammoth-ranger-25-kuehlbox\/","title":{"rendered":"Mammoth Ranger 25 K\u00fchlbox"},"content":{"rendered":"<div class=\"vc_row wpb_row vc_row-fluid\">\n<div class=\"wpb_column vc_column_container vc_col-sm-12\">\n<div class=\"vc_column-inner\">\n<div class=\"wpb_wrapper\">\n<div class=\"wpb_text_column wpb_content_element\">\n<p>Eine rotationsgeformte 22,1-Liter-K\u00fchlbox mit hervorragender Leistung im kompakten Design \u2013 h\u00e4lt Inhalte 5\u20137 Tage lang kalt, ideal f\u00fcr Tailgating, Camping und Tagesausfl\u00fcge.<\/p>\n<div class=\"wpb_wrapper\">\n<p>Die Mammoth Ranger 25 K\u00fchlbox ist das kleinste Modell der Ranger-Serie, bietet jedoch eine beeindruckende Leistung. Mit einem Fassungsverm\u00f6gen von 22,1 Litern fasst sie bequem bis zu 35 Standard-33-ml-Dosen \u2013 perfekt f\u00fcr den pers\u00f6nlichen Gebrauch oder kleinere Gruppenausfl\u00fcge. Die robuste, doppelwandige, rotationsgeformte Konstruktion, die Dichtung in Gefrierschrankqualit\u00e4t und das Heavy-Flow-Ablaufsystem sorgen daf\u00fcr, dass Ihr Inhalt bis zu 7 Tage lang eiskalt bleibt. Die Ranger 25 ist leicht und kompakt, l\u00e4sst sich einfach transportieren und passt bequem in Ihr Auto, Ihr Golfcart oder Ihren Lkw. Egal, ob Sie zu einem Solo-Campingtrip aufbrechen oder eine zuverl\u00e4ssige K\u00fchlung am Arbeitsplatz ben\u00f6tigen, die Ranger 25 l\u00e4sst Sie nicht im Stich \u2013 und wir sichern Ihre K\u00fchlbox mit der lebenslangen Garantie von Mammoth Cooler ab.    <\/p>\n<\/div>\n<\/div>\n<\/div>\n<\/div>\n<\/div>\n<\/div>\n<div class=\"vc_row wpb_row vc_row-fluid\">\n<div class=\"wpb_column vc_column_container vc_col-sm-8\">\n<div class=\"vc_column-inner\">\n<div class=\"wpb_wrapper\">\n<div class=\"wpb_text_column wpb_content_element\">\n<div class=\"wpb_wrapper\">\n<p><b>Hauptmerkmale &amp; Details<\/b><\/p>\n<ul>\n<li aria-level=\"1\">22,1 Liter Fassungsverm\u00f6gen (bietet Platz f\u00fcr 30\u201335 Standard-33-ml-Dosen)<\/li>\n<li aria-level=\"1\">Doppelwandige, rotationsgeformte Konstruktion mit Dichtung in Gefrierschrankqualit\u00e4t<\/li>\n<li aria-level=\"1\">Heavy-Flow-Ablaufsystem f\u00fcr einfache Reinigung<\/li>\n<li aria-level=\"1\">Rutschfeste Gummif\u00fc\u00dfe f\u00fcr Stabilit\u00e4t auf jedem Untergrund<\/li>\n<li aria-level=\"1\">Au\u00dfen: 38,1 cm x 48,3 cm x 38,1 cm | Innen: 25,4 cm x 34,3 cm x 25,4 cm<\/li>\n<li aria-level=\"1\">Gewicht: 7,8 kg.<\/li>\n<li aria-level=\"1\">Eishaltedauer: 5\u20137+ Tage bei fachgerechter Bef\u00fcllung<\/li>\n<li aria-level=\"1\">Lebenslange Garantie f\u00fcr zuverl\u00e4ssige Leistung<\/li>\n<\/ul>\n<\/div>\n<\/div>\n<\/div>\n<\/div>\n<\/div>\n<\/div>\n","protected":false},"excerpt":{"rendered":"<p>Eine rotationsgeformte 22,1-Liter-K\u00fchlbox mit hervorragender Leistung im kompakten Design \u2013 h\u00e4lt Inhalte 5\u20137 Tage lang kalt, ideal f\u00fcr Tailgating, Camping und Tagesausfl\u00fcge. Die Mammoth Ranger 25 K\u00fchlbox ist das kleinste Modell der Ranger-Serie, bietet jedoch eine beeindruckende Leistung. Mit einem Fassungsverm\u00f6gen von 22,1 Litern fasst sie bequem bis zu 35 Standard-33-ml-Dosen \u2013 perfekt f\u00fcr den [&#8230;]\n","protected":false},"featured_media":295751,"comment_status":"open","ping_status":"closed","template":"","meta":[],"product_brand":[],"product_cat":[2347],"product_tag":[],"class_list":{"0":"post-295777","1":"product","2":"type-product","3":"status-publish","4":"has-post-thumbnail","6":"product_cat-kuhlboxen","7":"product_shipping_class-big-de","9":"first","10":"instock","11":"taxable","12":"shipping-taxable","13":"purchasable","14":"product-type-simple"},"composite_virtual":false,"composite_layout":"","composite_add_to_cart_form_location":"","composite_editable_in_cart":false,"composite_sold_individually_context":"","composite_shop_price_calc":"","composite_components":[],"composite_scenarios":[],"group_of_quantity":0,"min_quantity":0,"max_quantity":"","exclude_order_quantity_value_rules":"no","exclude_category_quantity_rules":"no","combine_variations":"no","exclude_global_add_ons":[],"addons":[],"_links":{"self":[{"href":"https:\/\/www.huntersfriend.eu\/de\/wp-json\/wp\/v2\/product\/295777","targetHints":{"allow":["GET"]}}],"collection":[{"href":"https:\/\/www.huntersfriend.eu\/de\/wp-json\/wp\/v2\/product"}],"about":[{"href":"https:\/\/www.huntersfriend.eu\/de\/wp-json\/wp\/v2\/types\/product"}],"replies":[{"embeddable":true,"href":"https:\/\/www.huntersfriend.eu\/de\/wp-json\/wp\/v2\/comments?post=295777"}],"wp:featuredmedia":[{"embeddable":true,"href":"https:\/\/www.huntersfriend.eu\/de\/wp-json\/wp\/v2\/media\/295751"}],"wp:attachment":[{"href":"https:\/\/www.huntersfriend.eu\/de\/wp-json\/wp\/v2\/media?parent=295777"}],"wp:term":[{"taxonomy":"product_brand","embeddable":true,"href":"https:\/\/www.huntersfriend.eu\/de\/wp-json\/wp\/v2\/product_brand?post=295777"},{"taxonomy":"product_cat","embeddable":true,"href":"https:\/\/www.huntersfriend.eu\/de\/wp-json\/wp\/v2\/product_cat?post=295777"},{"taxonomy":"product_tag","embeddable":true,"href":"https:\/\/www.huntersfriend.eu\/de\/wp-json\/wp\/v2\/product_tag?post=295777"}],"curies":[{"name":"wp","href":"https:\/\/api.w.org\/{rel}","templated":true}]}}