{"id":295775,"date":"2026-04-16T07:30:36","date_gmt":"2026-04-16T05:30:36","guid":{"rendered":"https:\/\/www.huntersfriend.eu\/product\/hornady-vibratory-trickler-pulverdosierer\/"},"modified":"2026-04-16T11:52:35","modified_gmt":"2026-04-16T09:52:35","slug":"hornady-vibratory-trickler-pulverdosierer","status":"publish","type":"product","link":"https:\/\/www.huntersfriend.eu\/de\/produkt\/hornady-vibratory-trickler-pulverdosierer\/","title":{"rendered":"Hornady Vibratory Trickler Pulverdosierer"},"content":{"rendered":"<p>Bringen Sie das Pulverrieseln mit dem neuen Vibratory Trickler auf ein neues Niveau an Pr\u00e4zision und Effizienz.<\/p>\n<p>Der Vibratory Trickler wird mit zwei AAA-Batterien betrieben und verf\u00fcgt \u00fcber variable Einstellungen zum Rieseln aller Pulverarten, sodass f\u00fcr jede Ladung die exakte Menge gew\u00e4hrleistet ist. Dank des modularen Designs k\u00f6nnen Sie ihn mit oder ohne Basis verwenden und die Reinigung geht schnell und einfach. <\/p>\n<p>Sparen Sie Zeit und verbessern Sie Pr\u00e4zision und Effizienz beim Wiederladen mit dem Vibratory Trickler. Hohe, niedrige und variable Einstellungen rieseln alle Pulverarten. Das modulare Design erm\u00f6glicht es dem Anwender, den Trickler-K\u00f6rper nach Bedarf zu positionieren, und macht die Reinigung schnell und einfach.  <\/p>\n<h4 role=\"heading\" aria-level=\"3\" data-uw-rm-heading=\"level\">Merkmale:<\/h4>\n<ul>\n<li>Spart Zeit und verbessert Pr\u00e4zision und Effizienz beim Wiederladen.<\/li>\n<li>Ideal, um Ladungen jedes Mal exakt gleich zu halten.<\/li>\n<li>Hohe, niedrige und variable Einstellungen rieseln alle Pulverarten.<\/li>\n<li>Modulares Design erm\u00f6glicht es dem Anwender, den Trickler-K\u00f6rper nach Bedarf zu positionieren.<\/li>\n<li>Hintergrundbeleuchtete LED-Tasten.<\/li>\n<li>Schnelle und einfache Reinigung.<\/li>\n<li>Betrieben mit zwei AAA-Batterien (nicht enthalten).<\/li>\n<\/ul>\n","protected":false},"excerpt":{"rendered":"<p>Bringen Sie das Pulverrieseln mit dem neuen Vibratory Trickler auf ein neues Niveau an Pr\u00e4zision und Effizienz. Der Vibratory Trickler wird mit zwei AAA-Batterien betrieben und verf\u00fcgt \u00fcber variable Einstellungen zum Rieseln aller Pulverarten, sodass f\u00fcr jede Ladung die exakte Menge gew\u00e4hrleistet ist. Dank des modularen Designs k\u00f6nnen Sie ihn mit oder ohne Basis verwenden [&#8230;]\n","protected":false},"featured_media":295766,"comment_status":"open","ping_status":"closed","template":"","meta":[],"product_brand":[],"product_cat":[2179],"product_tag":[],"class_list":{"0":"post-295775","1":"product","2":"type-product","3":"status-publish","4":"has-post-thumbnail","6":"product_cat-wiederladezubehor","8":"first","9":"instock","10":"taxable","11":"shipping-taxable","12":"purchasable","13":"product-type-simple"},"composite_virtual":false,"composite_layout":"","composite_add_to_cart_form_location":"","composite_editable_in_cart":false,"composite_sold_individually_context":"","composite_shop_price_calc":"","composite_components":[],"composite_scenarios":[],"group_of_quantity":0,"min_quantity":0,"max_quantity":"","exclude_order_quantity_value_rules":"no","exclude_category_quantity_rules":"no","combine_variations":"no","exclude_global_add_ons":[],"addons":[],"_links":{"self":[{"href":"https:\/\/www.huntersfriend.eu\/de\/wp-json\/wp\/v2\/product\/295775","targetHints":{"allow":["GET"]}}],"collection":[{"href":"https:\/\/www.huntersfriend.eu\/de\/wp-json\/wp\/v2\/product"}],"about":[{"href":"https:\/\/www.huntersfriend.eu\/de\/wp-json\/wp\/v2\/types\/product"}],"replies":[{"embeddable":true,"href":"https:\/\/www.huntersfriend.eu\/de\/wp-json\/wp\/v2\/comments?post=295775"}],"wp:featuredmedia":[{"embeddable":true,"href":"https:\/\/www.huntersfriend.eu\/de\/wp-json\/wp\/v2\/media\/295766"}],"wp:attachment":[{"href":"https:\/\/www.huntersfriend.eu\/de\/wp-json\/wp\/v2\/media?parent=295775"}],"wp:term":[{"taxonomy":"product_brand","embeddable":true,"href":"https:\/\/www.huntersfriend.eu\/de\/wp-json\/wp\/v2\/product_brand?post=295775"},{"taxonomy":"product_cat","embeddable":true,"href":"https:\/\/www.huntersfriend.eu\/de\/wp-json\/wp\/v2\/product_cat?post=295775"},{"taxonomy":"product_tag","embeddable":true,"href":"https:\/\/www.huntersfriend.eu\/de\/wp-json\/wp\/v2\/product_tag?post=295775"}],"curies":[{"name":"wp","href":"https:\/\/api.w.org\/{rel}","templated":true}]}}