{"id":295773,"date":"2026-04-16T07:30:35","date_gmt":"2026-04-16T05:30:35","guid":{"rendered":"https:\/\/www.huntersfriend.eu\/product\/mammoth-ranger-45-kuehlbox\/"},"modified":"2026-04-16T11:52:34","modified_gmt":"2026-04-16T09:52:34","slug":"mammoth-ranger-45-kuehlbox","status":"publish","type":"product","link":"https:\/\/www.huntersfriend.eu\/de\/produkt\/mammoth-ranger-45-kuehlbox\/","title":{"rendered":"Mammoth Ranger 45 K\u00fchlbox"},"content":{"rendered":"<div class=\"vc_row wpb_row vc_row-fluid\">\n<div class=\"wpb_column vc_column_container vc_col-sm-12\">\n<div class=\"vc_column-inner\">\n<div class=\"wpb_wrapper\">\n<div class=\"wpb_text_column wpb_content_element\">\n<div class=\"wpb_wrapper\">\n<p>Eine rotationsgeformte 41,2-Liter-K\u00fchlbox f\u00fcr extreme Bedingungen \u2013 bietet 6\u20138 Tage Eishaltekraft, ideal zum Camping, Angeln, Jagen und f\u00fcr Off-Grid-Exkursionen.<\/p>\n<p>Die Mammoth Ranger 45 K\u00fchlbox wurde f\u00fcr Outdoor-Abenteurer entwickelt, die maximale Leistung in anspruchsvollen Umgebungen ben\u00f6tigen. Mit einem Fassungsverm\u00f6gen von 41,2 Litern fasst sie bis zu 48 Standard-33-ml-Dosen und h\u00e4lt Ihre Speisen und Getr\u00e4nke bei richtiger Bef\u00fcllung bis zu 8 Tage lang kalt. Ihre robuste, doppelwandige, rotationsgeformte Konstruktion, die Dichtung in Gefrierschrankqualit\u00e4t und die dicke Schaumisolierung machen sie zu einem soliden Schutz gegen die Hitze. Egal, ob Sie zu einem Wochenend-Campingtrip aufbrechen oder unwegsames Gel\u00e4nde bei einer Jagd- oder Angelexpedition bew\u00e4ltigen, die Ranger 45 bietet zuverl\u00e4ssige Haltbarkeit und Eishaltekraft, auf die Sie z\u00e4hlen k\u00f6nnen. Dank der lebenslangen Garantie von Mammoth ist diese K\u00fchlbox f\u00fcr alles ger\u00fcstet, was die Wildnis Ihnen abverlangt.    <\/p>\n<\/div>\n<\/div>\n<\/div>\n<\/div>\n<\/div>\n<\/div>\n<div class=\"vc_row wpb_row vc_row-fluid\">\n<div class=\"wpb_column vc_column_container vc_col-sm-2\">\n<div class=\"vc_column-inner\">\n<div class=\"wpb_wrapper\"><\/div>\n<\/div>\n<\/div>\n<div class=\"wpb_column vc_column_container vc_col-sm-8\">\n<div class=\"vc_column-inner\">\n<div class=\"wpb_wrapper\">\n<div class=\"wpb_text_column wpb_content_element\">\n<div class=\"wpb_wrapper\">\n<p><b>Hauptmerkmale &amp; Details<\/b><\/p>\n<ul>\n<li aria-level=\"1\">42,1 Liter Fassungsverm\u00f6gen (fasst 45\u201348 Standard-33-ml-Dosen)<\/li>\n<li aria-level=\"1\">Robuste, rotationsgeformte Konstruktion mit Dichtung in Gefrierschrankqualit\u00e4t<\/li>\n<li aria-level=\"1\">Dicke Schaumisolierung f\u00fcr au\u00dfergew\u00f6hnliche Eishaltekraft<\/li>\n<li aria-level=\"1\">Rutschfeste Gummif\u00fc\u00dfe, damit Ihre K\u00fchlbox dort bleibt, wo Sie sie abstellen<\/li>\n<li aria-level=\"1\">Au\u00dfen: 17,25\u201d x 23\u201d x 16,5\u2033 | Innen: 12,5\u201d x 17,5\u201d x 11,5\u2033<\/li>\n<li aria-level=\"1\">Gewicht: 9,9 kg<\/li>\n<li aria-level=\"1\">Eishaltekraft: 6\u20138 Tage bei ordnungsgem\u00e4\u00dfer Bef\u00fcllung<\/li>\n<li aria-level=\"1\">Lebenslange Garantie f\u00fcr absolute Sorgenfreiheit<\/li>\n<\/ul>\n<\/div>\n<\/div>\n<\/div>\n<\/div>\n<\/div>\n<div class=\"wpb_column vc_column_container vc_col-sm-2\"><\/div>\n<\/div>\n","protected":false},"excerpt":{"rendered":"<p>Eine rotationsgeformte 41,2-Liter-K\u00fchlbox f\u00fcr extreme Bedingungen \u2013 bietet 6\u20138 Tage Eishaltekraft, ideal zum Camping, Angeln, Jagen und f\u00fcr Off-Grid-Exkursionen. Die Mammoth Ranger 45 K\u00fchlbox wurde f\u00fcr Outdoor-Abenteurer entwickelt, die maximale Leistung in anspruchsvollen Umgebungen ben\u00f6tigen. Mit einem Fassungsverm\u00f6gen von 41,2 Litern fasst sie bis zu 48 Standard-33-ml-Dosen und h\u00e4lt Ihre Speisen und Getr\u00e4nke bei richtiger [&#8230;]\n","protected":false},"featured_media":295748,"comment_status":"open","ping_status":"closed","template":"","meta":[],"product_brand":[],"product_cat":[2347],"product_tag":[],"class_list":{"0":"post-295773","1":"product","2":"type-product","3":"status-publish","4":"has-post-thumbnail","6":"product_cat-kuhlboxen","7":"product_shipping_class-big-de","9":"first","10":"instock","11":"taxable","12":"shipping-taxable","13":"purchasable","14":"product-type-simple"},"composite_virtual":false,"composite_layout":"","composite_add_to_cart_form_location":"","composite_editable_in_cart":false,"composite_sold_individually_context":"","composite_shop_price_calc":"","composite_components":[],"composite_scenarios":[],"group_of_quantity":0,"min_quantity":0,"max_quantity":"","exclude_order_quantity_value_rules":"no","exclude_category_quantity_rules":"no","combine_variations":"no","exclude_global_add_ons":[],"addons":[],"_links":{"self":[{"href":"https:\/\/www.huntersfriend.eu\/de\/wp-json\/wp\/v2\/product\/295773","targetHints":{"allow":["GET"]}}],"collection":[{"href":"https:\/\/www.huntersfriend.eu\/de\/wp-json\/wp\/v2\/product"}],"about":[{"href":"https:\/\/www.huntersfriend.eu\/de\/wp-json\/wp\/v2\/types\/product"}],"replies":[{"embeddable":true,"href":"https:\/\/www.huntersfriend.eu\/de\/wp-json\/wp\/v2\/comments?post=295773"}],"wp:featuredmedia":[{"embeddable":true,"href":"https:\/\/www.huntersfriend.eu\/de\/wp-json\/wp\/v2\/media\/295748"}],"wp:attachment":[{"href":"https:\/\/www.huntersfriend.eu\/de\/wp-json\/wp\/v2\/media?parent=295773"}],"wp:term":[{"taxonomy":"product_brand","embeddable":true,"href":"https:\/\/www.huntersfriend.eu\/de\/wp-json\/wp\/v2\/product_brand?post=295773"},{"taxonomy":"product_cat","embeddable":true,"href":"https:\/\/www.huntersfriend.eu\/de\/wp-json\/wp\/v2\/product_cat?post=295773"},{"taxonomy":"product_tag","embeddable":true,"href":"https:\/\/www.huntersfriend.eu\/de\/wp-json\/wp\/v2\/product_tag?post=295773"}],"curies":[{"name":"wp","href":"https:\/\/api.w.org\/{rel}","templated":true}]}}