{"id":295729,"date":"2025-06-04T08:30:17","date_gmt":"2025-06-04T06:30:17","guid":{"rendered":"https:\/\/www.huntersfriend.eu\/product\/final-approach-knockout-layout-tarnschirm\/"},"modified":"2026-04-15T11:47:52","modified_gmt":"2026-04-15T09:47:52","slug":"final-approach-knockout-layout-tarnschirm","status":"publish","type":"product","link":"https:\/\/www.huntersfriend.eu\/de\/produkt\/final-approach-knockout-layout-tarnschirm\/","title":{"rendered":"Final Approach Knockout &#8211; Layout-Tarnschirm"},"content":{"rendered":"<h1>Knockout Layout-Tarnschirm<\/h1>\n<p>Wir pr\u00e4sentieren den Final Approach Knockout Layout-Tarnschirm (&#8222;KO&#8220;) \u2013 entwickelt f\u00fcr ambitionierte Wasservogelj\u00e4ger, die unschlagbare Tarnung, blitzschnellen Aufbau und langlebige Robustheit suchen. Der KO-Tarnschirm ist so konzipiert, dass er die Konkurrenz \u00fcbertrifft. Er l\u00e4sst sich in Sekundenschnelle auf- und abbauen und ist damit der schnellste und effizienteste Layout-Tarnschirm auf dem Markt. <\/p>\n<p>Ausgestattet mit einem robusten, stiftlosen Scharnierrahmen und verst\u00e4rkten St\u00fctzstreben bietet der KO-Tarnschirm un\u00fcbertroffene Festigkeit und Stabilit\u00e4t \u2013 damit Sie sicher ein- und aussteigen k\u00f6nnen. Gepolsterte Rucksackgurte sorgen f\u00fcr komfortablen Transport, w\u00e4hrend durchdachte Features Ihnen helfen, verborgen zu bleiben und l\u00e4nger zu jagen. <\/p>\n<p>Ob Sie f\u00fcr eine kurze Morgenjagd oder einen ganzt\u00e4gigen Ansitz im Feld sind \u2013 der FA Knockout-Tarnschirm liefert Geschwindigkeit, St\u00e4rke und Tarnung, wo es am meisten z\u00e4hlt.<\/p>\n<h2>Merkmale<\/h2>\n<ul>\n<li>Stiftloser Scharnierrahmen f\u00fcr ultraschnellen Auf- und Abbau<\/li>\n<li>Robuste St\u00fctzstreben f\u00fcr zus\u00e4tzliche Haltbarkeit und belastbares Ein-\/Aussteigen<\/li>\n<li>Hinteres Netzgewebe verbirgt Ihren Kopf beim Verfolgen von V\u00f6geln<\/li>\n<li>Original Stubble Straps f\u00fcr anpassbare Tarnung<\/li>\n<li>Doppelte Schnellzugriff-\u00d6ffnungen zum Flaggen f\u00fcr nahtlose Bewegung ohne Sichtbarkeit<\/li>\n<li>Reinigungsklappe mit Rei\u00dfverschluss f\u00fcr einfaches Entfernen von Schmutz<\/li>\n<li>600D wasserabweisende Au\u00dfenh\u00fclle f\u00fcr Allwetter-Performance<\/li>\n<li>1200D wasserdichter Boden f\u00fcr zus\u00e4tzlichen Schutz und Komfort<\/li>\n<li>Gepolsterte Kopfst\u00fctze f\u00fcr Komfort bei langen Jagden<\/li>\n<li>Ger\u00e4umiges Cockpit: 107 cm L x 61 cm B<\/li>\n<li>Abmessungen: 102 cm B x 216 cm L x 46 cm H<\/li>\n<li>Gewicht: 9 kg<\/li>\n<\/ul>\n","protected":false},"excerpt":{"rendered":"<p>Knockout Layout-Tarnschirm Wir pr\u00e4sentieren den Final Approach Knockout Layout-Tarnschirm (&#8222;KO&#8220;) \u2013 entwickelt f\u00fcr ambitionierte Wasservogelj\u00e4ger, die unschlagbare Tarnung, blitzschnellen Aufbau und langlebige Robustheit suchen. Der KO-Tarnschirm ist so konzipiert, dass er die Konkurrenz \u00fcbertrifft. Er l\u00e4sst sich in Sekundenschnelle auf- und abbauen und ist damit der schnellste und effizienteste Layout-Tarnschirm auf dem Markt. Ausgestattet mit [&#8230;]\n","protected":false},"featured_media":289666,"comment_status":"open","ping_status":"closed","template":"","meta":[],"product_brand":[],"product_cat":[1169],"product_tag":[],"class_list":{"0":"post-295729","1":"product","2":"type-product","3":"status-publish","4":"has-post-thumbnail","6":"product_cat-schirm","7":"product_shipping_class-big-de","9":"first","10":"instock","11":"taxable","12":"shipping-taxable","13":"purchasable","14":"product-type-simple"},"composite_virtual":false,"composite_layout":"","composite_add_to_cart_form_location":"","composite_editable_in_cart":false,"composite_sold_individually_context":"","composite_shop_price_calc":"","composite_components":[],"composite_scenarios":[],"group_of_quantity":0,"min_quantity":0,"max_quantity":"","exclude_order_quantity_value_rules":"no","exclude_category_quantity_rules":"no","combine_variations":"no","exclude_global_add_ons":[],"addons":[],"_links":{"self":[{"href":"https:\/\/www.huntersfriend.eu\/de\/wp-json\/wp\/v2\/product\/295729","targetHints":{"allow":["GET"]}}],"collection":[{"href":"https:\/\/www.huntersfriend.eu\/de\/wp-json\/wp\/v2\/product"}],"about":[{"href":"https:\/\/www.huntersfriend.eu\/de\/wp-json\/wp\/v2\/types\/product"}],"replies":[{"embeddable":true,"href":"https:\/\/www.huntersfriend.eu\/de\/wp-json\/wp\/v2\/comments?post=295729"}],"wp:featuredmedia":[{"embeddable":true,"href":"https:\/\/www.huntersfriend.eu\/de\/wp-json\/wp\/v2\/media\/289666"}],"wp:attachment":[{"href":"https:\/\/www.huntersfriend.eu\/de\/wp-json\/wp\/v2\/media?parent=295729"}],"wp:term":[{"taxonomy":"product_brand","embeddable":true,"href":"https:\/\/www.huntersfriend.eu\/de\/wp-json\/wp\/v2\/product_brand?post=295729"},{"taxonomy":"product_cat","embeddable":true,"href":"https:\/\/www.huntersfriend.eu\/de\/wp-json\/wp\/v2\/product_cat?post=295729"},{"taxonomy":"product_tag","embeddable":true,"href":"https:\/\/www.huntersfriend.eu\/de\/wp-json\/wp\/v2\/product_tag?post=295729"}],"curies":[{"name":"wp","href":"https:\/\/api.w.org\/{rel}","templated":true}]}}