{"id":295727,"date":"2025-07-30T11:22:30","date_gmt":"2025-07-30T09:22:30","guid":{"rendered":"https:\/\/www.huntersfriend.eu\/product\/final-approach-full-body-honkers\/"},"modified":"2026-04-15T11:47:50","modified_gmt":"2026-04-15T09:47:50","slug":"final-approach-full-body-honkers","status":"publish","type":"product","link":"https:\/\/www.huntersfriend.eu\/de\/produkt\/final-approach-full-body-honkers\/","title":{"rendered":"Final Approach Full Body Honkers"},"content":{"rendered":"<p data-start=\"39\" data-end=\"365\"><strong data-start=\"39\" data-end=\"88\">FA Full Body Honkers \u2013 Kanadagans-Lockvogel-Set<\/strong> beinhaltet eine gro\u00dfe Vielfalt verschiedener Kopfpositionen f\u00fcr Ihre Lockvogelaufstellung. Wir empfehlen dieses Set f\u00fcr Schalenlockv\u00f6gel oder als Erg\u00e4nzung zu einer Aufstellung, die nur aus \u00e4senden G\u00e4nsen besteht, um die Sichtbarkeit zu verbessern. Die relative Gr\u00f6\u00dfe der Lockv\u00f6gel ist in den Produktbildern zu sehen.  <\/p>\n<p data-start=\"367\" data-end=\"442\"><strong data-start=\"367\" data-end=\"410\">Das Set enth\u00e4lt keine Aufbewahrungstasche!<\/strong>  Diese kann separat erworben werden.<\/p>\n<ul data-start=\"444\" data-end=\"572\">\n<li data-section-id=\"10ldhqk\" data-start=\"444\" data-end=\"478\">Hervorragend realistische Optik<\/li>\n<li data-section-id=\"6hetd\" data-start=\"479\" data-end=\"532\">Flexibler Kunststoffk\u00f6rper h\u00e4lt harten Bedingungen stand<\/li>\n<li data-section-id=\"1g3gpi7\" data-start=\"533\" data-end=\"550\">Beflockte K\u00f6pfe<\/li>\n<li data-section-id=\"1kqws2h\" data-start=\"551\" data-end=\"572\">Robuste Metallbeine<\/li>\n<\/ul>\n<p data-start=\"574\" data-end=\"599\"><strong data-start=\"574\" data-end=\"599\">Das Paket beinhaltet:<\/strong><\/p>\n<ul data-start=\"601\" data-end=\"715\">\n<li data-section-id=\"h0z17z\" data-start=\"601\" data-end=\"640\">Einen W\u00e4chter-Gans-Lockvogel<\/li>\n<li data-section-id=\"j836u1\" data-start=\"641\" data-end=\"668\">Einen ruhenden Gans-Lockvogel<\/li>\n<li data-section-id=\"fjwp1u\" data-start=\"669\" data-end=\"698\">Vier \u00e4sende Gans-Lockv\u00f6gel<\/li>\n<li data-section-id=\"1hgm5ba\" data-start=\"699\" data-end=\"715\">Metallst\u00e4nderbeine<\/li>\n<\/ul>\n","protected":false},"excerpt":{"rendered":"<p>FA Full Body Honkers \u2013 Kanadagans-Lockvogel-Set beinhaltet eine gro\u00dfe Vielfalt verschiedener Kopfpositionen f\u00fcr Ihre Lockvogelaufstellung. Wir empfehlen dieses Set f\u00fcr Schalenlockv\u00f6gel oder als Erg\u00e4nzung zu einer Aufstellung, die nur aus \u00e4senden G\u00e4nsen besteht, um die Sichtbarkeit zu verbessern. Die relative Gr\u00f6\u00dfe der Lockv\u00f6gel ist in den Produktbildern zu sehen. Das Set enth\u00e4lt keine Aufbewahrungstasche! Diese [&#8230;]\n","protected":false},"featured_media":295702,"comment_status":"open","ping_status":"closed","template":"","meta":[],"product_brand":[],"product_cat":[1394],"product_tag":[],"class_list":{"0":"post-295727","1":"product","2":"type-product","3":"status-publish","4":"has-post-thumbnail","6":"product_cat-ganse-lockvogel","7":"product_shipping_class-big-de","9":"first","10":"instock","11":"sale","12":"taxable","13":"shipping-taxable","14":"purchasable","15":"product-type-simple"},"composite_virtual":false,"composite_layout":"","composite_add_to_cart_form_location":"","composite_editable_in_cart":false,"composite_sold_individually_context":"","composite_shop_price_calc":"","composite_components":[],"composite_scenarios":[],"group_of_quantity":0,"min_quantity":0,"max_quantity":"","exclude_order_quantity_value_rules":"no","exclude_category_quantity_rules":"no","combine_variations":"no","exclude_global_add_ons":[],"addons":[],"_links":{"self":[{"href":"https:\/\/www.huntersfriend.eu\/de\/wp-json\/wp\/v2\/product\/295727","targetHints":{"allow":["GET"]}}],"collection":[{"href":"https:\/\/www.huntersfriend.eu\/de\/wp-json\/wp\/v2\/product"}],"about":[{"href":"https:\/\/www.huntersfriend.eu\/de\/wp-json\/wp\/v2\/types\/product"}],"replies":[{"embeddable":true,"href":"https:\/\/www.huntersfriend.eu\/de\/wp-json\/wp\/v2\/comments?post=295727"}],"wp:featuredmedia":[{"embeddable":true,"href":"https:\/\/www.huntersfriend.eu\/de\/wp-json\/wp\/v2\/media\/295702"}],"wp:attachment":[{"href":"https:\/\/www.huntersfriend.eu\/de\/wp-json\/wp\/v2\/media?parent=295727"}],"wp:term":[{"taxonomy":"product_brand","embeddable":true,"href":"https:\/\/www.huntersfriend.eu\/de\/wp-json\/wp\/v2\/product_brand?post=295727"},{"taxonomy":"product_cat","embeddable":true,"href":"https:\/\/www.huntersfriend.eu\/de\/wp-json\/wp\/v2\/product_cat?post=295727"},{"taxonomy":"product_tag","embeddable":true,"href":"https:\/\/www.huntersfriend.eu\/de\/wp-json\/wp\/v2\/product_tag?post=295727"}],"curies":[{"name":"wp","href":"https:\/\/api.w.org\/{rel}","templated":true}]}}