{"id":295726,"date":"2025-06-04T08:30:17","date_gmt":"2025-06-04T06:30:17","guid":{"rendered":"https:\/\/www.huntersfriend.eu\/product\/final-approach-mobile-versatile-panel-blind\/"},"modified":"2026-04-15T11:47:50","modified_gmt":"2026-04-15T09:47:50","slug":"final-approach-mobile-versatile-panel-blind","status":"publish","type":"product","link":"https:\/\/www.huntersfriend.eu\/de\/produkt\/final-approach-mobile-versatile-panel-blind\/","title":{"rendered":"Final Approach Mobile Versatile Panel Blind"},"content":{"rendered":"<h1>M.V.P. Panel Blind<\/h1>\n<p>Der Final Approach M.V.P. Panel Blind wurde f\u00fcr maximale Vielseitigkeit bei jeder Wasserwildjagd entwickelt. Ob auf dem Feld, am Ufer oder tief im Sumpf \u2013 dieser Blind passt sich Ihren Bed\u00fcrfnissen an. Nutzen Sie ihn als klassischen Panel Blind oder profitieren Sie vom modularen Design f\u00fcr individuelle Layouts \u2013 ideal f\u00fcr Einzelj\u00e4ger oder Gruppen.  <\/p>\n<p>Entfernen Sie schnell ein Element f\u00fcr ein Setup zu zweit oder zwei Elemente f\u00fcr die Einzeljagd. Die Option der seitlichen Paneele bietet erweiterten Sichtschutz f\u00fcr mehrere J\u00e4ger oder dient als Hundeklappe f\u00fcr Ihren Retriever. <\/p>\n<p>Ausgestattet mit \u00fcberkreuzten Tarnschlaufen k\u00f6nnen Sie nat\u00fcrliche Vegetation in verschiedenen Winkeln f\u00fcr eine verbesserte 3D-Tarnung einarbeiten. Durch Drehen der Paneele ist auch vertikales Verblenden m\u00f6glich, was die Flexibilit\u00e4t erh\u00f6ht. Zwei Blinds lassen sich problemlos f\u00fcr eine volle 360\u00b0-Abdeckung kombinieren.  <\/p>\n<p>Bringen Sie Ihre Tarnung auf das n\u00e4chste Level mit dem vielseitigsten Panel Blind auf dem Markt \u2013 dem<br \/>\nM.V.P. von Final Approach.<\/p>\n","protected":false},"excerpt":{"rendered":"<p>M.V.P. Panel Blind Der Final Approach M.V.P. Panel Blind wurde f\u00fcr maximale Vielseitigkeit bei jeder Wasserwildjagd entwickelt. Ob auf dem Feld, am Ufer oder tief im Sumpf \u2013 dieser Blind passt sich Ihren Bed\u00fcrfnissen an. Nutzen Sie ihn als klassischen Panel Blind oder profitieren Sie vom modularen Design f\u00fcr individuelle Layouts \u2013 ideal f\u00fcr Einzelj\u00e4ger [&#8230;]\n","protected":false},"featured_media":289641,"comment_status":"open","ping_status":"closed","template":"","meta":[],"product_brand":[],"product_cat":[1169],"product_tag":[],"class_list":{"0":"post-295726","1":"product","2":"type-product","3":"status-publish","4":"has-post-thumbnail","6":"product_cat-schirm","7":"product_shipping_class-medium-de","9":"first","10":"instock","11":"taxable","12":"shipping-taxable","13":"purchasable","14":"product-type-simple"},"composite_virtual":false,"composite_layout":"","composite_add_to_cart_form_location":"","composite_editable_in_cart":false,"composite_sold_individually_context":"","composite_shop_price_calc":"","composite_components":[],"composite_scenarios":[],"group_of_quantity":0,"min_quantity":0,"max_quantity":"","exclude_order_quantity_value_rules":"no","exclude_category_quantity_rules":"no","combine_variations":"no","exclude_global_add_ons":[],"addons":[],"_links":{"self":[{"href":"https:\/\/www.huntersfriend.eu\/de\/wp-json\/wp\/v2\/product\/295726","targetHints":{"allow":["GET"]}}],"collection":[{"href":"https:\/\/www.huntersfriend.eu\/de\/wp-json\/wp\/v2\/product"}],"about":[{"href":"https:\/\/www.huntersfriend.eu\/de\/wp-json\/wp\/v2\/types\/product"}],"replies":[{"embeddable":true,"href":"https:\/\/www.huntersfriend.eu\/de\/wp-json\/wp\/v2\/comments?post=295726"}],"wp:featuredmedia":[{"embeddable":true,"href":"https:\/\/www.huntersfriend.eu\/de\/wp-json\/wp\/v2\/media\/289641"}],"wp:attachment":[{"href":"https:\/\/www.huntersfriend.eu\/de\/wp-json\/wp\/v2\/media?parent=295726"}],"wp:term":[{"taxonomy":"product_brand","embeddable":true,"href":"https:\/\/www.huntersfriend.eu\/de\/wp-json\/wp\/v2\/product_brand?post=295726"},{"taxonomy":"product_cat","embeddable":true,"href":"https:\/\/www.huntersfriend.eu\/de\/wp-json\/wp\/v2\/product_cat?post=295726"},{"taxonomy":"product_tag","embeddable":true,"href":"https:\/\/www.huntersfriend.eu\/de\/wp-json\/wp\/v2\/product_tag?post=295726"}],"curies":[{"name":"wp","href":"https:\/\/api.w.org\/{rel}","templated":true}]}}