{"id":295724,"date":"2025-06-04T08:30:17","date_gmt":"2025-06-04T06:30:17","guid":{"rendered":"https:\/\/www.huntersfriend.eu\/product\/final-approach-last-pass-texas-rigs-lockvogel-anker\/"},"modified":"2026-04-15T11:47:49","modified_gmt":"2026-04-15T09:47:49","slug":"final-approach-last-pass-texas-rigs-lockvogel-anker","status":"publish","type":"product","link":"https:\/\/www.huntersfriend.eu\/de\/produkt\/final-approach-last-pass-texas-rigs-lockvogel-anker\/","title":{"rendered":"Final Approach Last Pass Texas Rigs \u2013 Lockvogel-Anker"},"content":{"rendered":"<h1>Last Pass Kabel Texas Rigs 152 cm 113 g<\/h1>\n<p>Verbessern Sie Ihre Wasservogel-Ausr\u00fcstung mit den Final Approach Last Pass Kabel Texas Rigs, entwickelt f\u00fcr anspruchsvolle J\u00e4ger. Jedes Rig misst 152 cm L\u00e4nge und verf\u00fcgt \u00fcber strapazierf\u00e4higes 2 mm schwarzbeschichtetes Kabel, das verwicklungsfrei und \u00e4u\u00dferst geschmeidig f\u00fcr problemlosen Einsatz und R\u00fcckholung ist. Ausgestattet mit 113 g Blei-Eiergewichten f\u00fcr sichere Platzierung und einem \u00fcbergro\u00dfen M12-Karabiner mit Schaumstoffpolsterung f\u00fcr schnelle, organisierte Verbindung. Robust gebaut, sind diese Texas Rigs die perfekte Kombination aus St\u00e4rke, Einfachheit und Zuverl\u00e4ssigkeit im Feld.   <\/p>\n<h2>Merkmale<\/h2>\n<ul>\n<li>152 cm L\u00e4nge \u2013 Ideal f\u00fcr die meisten Jagdumgebungen.<\/li>\n<li>113 g Blei-Eiergewichte \u2013 Halten Ihre Lockv\u00f6gel sicher an Ort und Stelle verankert.<\/li>\n<li>2 mm schwarzbeschichtetes Kabel \u2013 Robuste, korrosionsbest\u00e4ndige Beschichtung gew\u00e4hrleistet langlebige Leistung.<\/li>\n<li>Sehr geschmeidig und verwicklungsfrei \u2013 Glattes, geschmeidiges Kabeldesign reduziert Verwicklungen und macht Auf- und Abbau schneller.<\/li>\n<li>\u00dcbergro\u00dfer M12-Karabiner mit Schaumstoffpolster \u2013 Macht Transport und Rig-Verwaltung einfach und komfortabel.<\/li>\n<\/ul>\n<p><em>Final Approach Last Pass 152 cm 113 g Kabel Texas Rigs, 12er Pack <\/em><\/p>\n","protected":false},"excerpt":{"rendered":"<p>Last Pass Kabel Texas Rigs 152 cm 113 g Verbessern Sie Ihre Wasservogel-Ausr\u00fcstung mit den Final Approach Last Pass Kabel Texas Rigs, entwickelt f\u00fcr anspruchsvolle J\u00e4ger. Jedes Rig misst 152 cm L\u00e4nge und verf\u00fcgt \u00fcber strapazierf\u00e4higes 2 mm schwarzbeschichtetes Kabel, das verwicklungsfrei und \u00e4u\u00dferst geschmeidig f\u00fcr problemlosen Einsatz und R\u00fcckholung ist. Ausgestattet mit 113 g [&#8230;]\n","protected":false},"featured_media":289625,"comment_status":"open","ping_status":"closed","template":"","meta":[],"product_brand":[],"product_cat":[1213],"product_tag":[],"class_list":{"0":"post-295724","1":"product","2":"type-product","3":"status-publish","4":"has-post-thumbnail","6":"product_cat-locktier-zubehoer","8":"first","9":"outofstock","10":"taxable","11":"shipping-taxable","12":"purchasable","13":"product-type-simple"},"composite_virtual":false,"composite_layout":"","composite_add_to_cart_form_location":"","composite_editable_in_cart":false,"composite_sold_individually_context":"","composite_shop_price_calc":"","composite_components":[],"composite_scenarios":[],"group_of_quantity":0,"min_quantity":0,"max_quantity":"","exclude_order_quantity_value_rules":"no","exclude_category_quantity_rules":"no","combine_variations":"no","exclude_global_add_ons":[],"addons":[],"_links":{"self":[{"href":"https:\/\/www.huntersfriend.eu\/de\/wp-json\/wp\/v2\/product\/295724","targetHints":{"allow":["GET"]}}],"collection":[{"href":"https:\/\/www.huntersfriend.eu\/de\/wp-json\/wp\/v2\/product"}],"about":[{"href":"https:\/\/www.huntersfriend.eu\/de\/wp-json\/wp\/v2\/types\/product"}],"replies":[{"embeddable":true,"href":"https:\/\/www.huntersfriend.eu\/de\/wp-json\/wp\/v2\/comments?post=295724"}],"wp:featuredmedia":[{"embeddable":true,"href":"https:\/\/www.huntersfriend.eu\/de\/wp-json\/wp\/v2\/media\/289625"}],"wp:attachment":[{"href":"https:\/\/www.huntersfriend.eu\/de\/wp-json\/wp\/v2\/media?parent=295724"}],"wp:term":[{"taxonomy":"product_brand","embeddable":true,"href":"https:\/\/www.huntersfriend.eu\/de\/wp-json\/wp\/v2\/product_brand?post=295724"},{"taxonomy":"product_cat","embeddable":true,"href":"https:\/\/www.huntersfriend.eu\/de\/wp-json\/wp\/v2\/product_cat?post=295724"},{"taxonomy":"product_tag","embeddable":true,"href":"https:\/\/www.huntersfriend.eu\/de\/wp-json\/wp\/v2\/product_tag?post=295724"}],"curies":[{"name":"wp","href":"https:\/\/api.w.org\/{rel}","templated":true}]}}