{"id":295723,"date":"2025-06-04T08:30:18","date_gmt":"2025-06-04T06:30:18","guid":{"rendered":"https:\/\/www.huntersfriend.eu\/product\/final-approach-schwimm-ansitzsack\/"},"modified":"2026-04-15T11:47:49","modified_gmt":"2026-04-15T09:47:49","slug":"final-approach-schwimm-ansitzsack","status":"publish","type":"product","link":"https:\/\/www.huntersfriend.eu\/de\/produkt\/final-approach-schwimm-ansitzsack\/","title":{"rendered":"Final Approach Schwimm-Ansitzsack"},"content":{"rendered":"<h1>Final Approach Schwimm-Ansitzsack<\/h1>\n<p>Entwickelt f\u00fcr anspruchsvolle J\u00e4ger, die Robustheit, Organisation und Schutz im Gel\u00e4nde fordern, h\u00e4lt der Final Approach Schwimm-Ansitzsack Ihre Ausr\u00fcstung trocken, sicher und leicht zug\u00e4nglich \u2013 egal wohin die Jagd Sie f\u00fchrt.<\/p>\n<p>Gefertigt aus robustem 600D Polyester mit einem wasserdichten, geformten Boden, ist dieser Ansitzsack schwimmf\u00e4hig und somit perfekt f\u00fcr \u00fcberflutete W\u00e4lder, S\u00fcmpfe oder Ansitzh\u00fctten in Wassern\u00e4he. Das ger\u00e4umige Hauptfach (25,4 cm H x 38,1 cm B x 30,5 cm T) verf\u00fcgt \u00fcber eine herausnehmbare Trennwand sowie interne Clips und D-Ringe, um wichtiges Zubeh\u00f6r sicher und organisiert zu halten. <\/p>\n<p>Mit einer vollst\u00e4ndigen Palette intelligenter Aufbewahrungsl\u00f6sungen bleiben Sie f\u00fcr alles bereit:<\/p>\n<ul>\n<li>1 gro\u00dfe Rei\u00dfverschluss-Fronttasche f\u00fcr sperrige Ausr\u00fcstung<\/li>\n<li>1 strukturierte, gesicherte Patronentasche f\u00fcr lose Munition<\/li>\n<li>1 erweiterbare Durchgangstasche f\u00fcr Kleidungsschichten oder Handschuhe<\/li>\n<li>1 obere Rei\u00dfverschlusstasche f\u00fcr schnell zug\u00e4ngliche Gegenst\u00e4nde<\/li>\n<li>1 Rei\u00dfverschluss-Sonnenbrillentasche zum Schutz Ihrer Brille<\/li>\n<li>1 erweiterbare Wasserflaschen-\/Thermosflaschentasche f\u00fcr Fl\u00fcssigkeitszufuhr im Feld<\/li>\n<\/ul>\n<p>Im Inneren helfen durchsichtige Plastikf\u00e4cher, schnell zu finden, was Sie brauchen, w\u00e4hrend eine wasserdichte Handytasche im Inneren Ihre Elektronik sch\u00fctzt. Ein wasserabweisender Doppelrei\u00dfverschluss oben h\u00e4lt das Hauptfach vor Feuchtigkeit gesch\u00fctzt. Ausgestattet mit Rei\u00dfverschlussziehern an jedem externen Rei\u00dfverschluss und einem geformten, gepolsterten Schultergurt, ist diese Tasche f\u00fcr Jagd f\u00fcr Jagd konzipiert.  <\/p>\n<h2>Merkmale<\/h2>\n<ul>\n<li>Robuste 600D Polyester-Konstruktion<\/li>\n<li>Schwimmf\u00e4higes Design mit geformtem, wasserdichtem Boden<\/li>\n<li>Hauptfach: 25,4 cm H x 38,1 cm B x 30,5 cm T mit herausnehmbarer Trennwand<\/li>\n<li>Wasserabweisendes Hauptfach mit Doppelrei\u00dfverschluss<\/li>\n<li>Wasserdichte Handytasche innen<\/li>\n<li>Mehrere interne Clips und D-Ringe<\/li>\n<\/ul>\n","protected":false},"excerpt":{"rendered":"<p>Final Approach Schwimm-Ansitzsack Entwickelt f\u00fcr anspruchsvolle J\u00e4ger, die Robustheit, Organisation und Schutz im Gel\u00e4nde fordern, h\u00e4lt der Final Approach Schwimm-Ansitzsack Ihre Ausr\u00fcstung trocken, sicher und leicht zug\u00e4nglich \u2013 egal wohin die Jagd Sie f\u00fchrt. Gefertigt aus robustem 600D Polyester mit einem wasserdichten, geformten Boden, ist dieser Ansitzsack schwimmf\u00e4hig und somit perfekt f\u00fcr \u00fcberflutete W\u00e4lder, S\u00fcmpfe [&#8230;]\n","protected":false},"featured_media":289663,"comment_status":"open","ping_status":"closed","template":"","meta":[],"product_brand":[],"product_cat":[1774,1391],"product_tag":[],"class_list":{"0":"post-295723","1":"product","2":"type-product","3":"status-publish","4":"has-post-thumbnail","6":"product_cat-jagd-rucksacke","7":"product_cat-material-und-zubehor","9":"first","10":"instock","11":"taxable","12":"shipping-taxable","13":"purchasable","14":"product-type-simple"},"composite_virtual":false,"composite_layout":"","composite_add_to_cart_form_location":"","composite_editable_in_cart":false,"composite_sold_individually_context":"","composite_shop_price_calc":"","composite_components":[],"composite_scenarios":[],"group_of_quantity":0,"min_quantity":0,"max_quantity":"","exclude_order_quantity_value_rules":"no","exclude_category_quantity_rules":"no","combine_variations":"no","exclude_global_add_ons":[],"addons":[],"_links":{"self":[{"href":"https:\/\/www.huntersfriend.eu\/de\/wp-json\/wp\/v2\/product\/295723","targetHints":{"allow":["GET"]}}],"collection":[{"href":"https:\/\/www.huntersfriend.eu\/de\/wp-json\/wp\/v2\/product"}],"about":[{"href":"https:\/\/www.huntersfriend.eu\/de\/wp-json\/wp\/v2\/types\/product"}],"replies":[{"embeddable":true,"href":"https:\/\/www.huntersfriend.eu\/de\/wp-json\/wp\/v2\/comments?post=295723"}],"wp:featuredmedia":[{"embeddable":true,"href":"https:\/\/www.huntersfriend.eu\/de\/wp-json\/wp\/v2\/media\/289663"}],"wp:attachment":[{"href":"https:\/\/www.huntersfriend.eu\/de\/wp-json\/wp\/v2\/media?parent=295723"}],"wp:term":[{"taxonomy":"product_brand","embeddable":true,"href":"https:\/\/www.huntersfriend.eu\/de\/wp-json\/wp\/v2\/product_brand?post=295723"},{"taxonomy":"product_cat","embeddable":true,"href":"https:\/\/www.huntersfriend.eu\/de\/wp-json\/wp\/v2\/product_cat?post=295723"},{"taxonomy":"product_tag","embeddable":true,"href":"https:\/\/www.huntersfriend.eu\/de\/wp-json\/wp\/v2\/product_tag?post=295723"}],"curies":[{"name":"wp","href":"https:\/\/api.w.org\/{rel}","templated":true}]}}